{"id":160187,"date":"2024-06-11T09:35:54","date_gmt":"2024-06-11T07:35:54","guid":{"rendered":"https:\/\/www.secowarwick.com\/gebrauchtoefen-und-gebrauchte-anlagen\/agregat-do-sferoidyzacji\/"},"modified":"2025-04-23T14:12:31","modified_gmt":"2025-04-23T12:12:31","slug":"anlage-zur-sphaeroidisierung","status":"publish","type":"page","link":"https:\/\/www.secowarwick.com\/de\/gebrauchtoefen-und-gebrauchte-anlagen\/anlage-zur-sphaeroidisierung\/","title":{"rendered":"Anlage zur Sph\u00e4roidisierung der Lagerringe Typ A\/SP-1200"},"content":{"rendered":"<p>[et_pb_section fb_built=&#8220;1&#8243; admin_label=&#8220;section&#8220; _builder_version=&#8220;4.16&#8243; custom_padding=&#8220;0px|||&#8220; transparent_background=&#8220;off&#8220; make_fullwidth=&#8220;off&#8220; use_custom_width=&#8220;off&#8220; width_unit=&#8220;on&#8220; global_colors_info=&#8220;{}&#8220;][et_pb_row admin_label=&#8220;row&#8220; _builder_version=&#8220;4.16&#8243; background_size=&#8220;initial&#8220; background_position=&#8220;top_left&#8220; background_repeat=&#8220;repeat&#8220; custom_padding=&#8220;0px|||&#8220; make_fullwidth=&#8220;off&#8220; use_custom_width=&#8220;off&#8220; width_unit=&#8220;on&#8220; global_colors_info=&#8220;{}&#8220;][et_pb_column type=&#8220;4_4&#8243; _builder_version=&#8220;4.16&#8243; custom_padding=&#8220;|||&#8220; global_colors_info=&#8220;{}&#8220; custom_padding__hover=&#8220;|||&#8220;][et_pb_divider show_divider=&#8220;off&#8220; _builder_version=&#8220;4.16&#8243; _module_preset=&#8220;default&#8220; global_colors_info=&#8220;{}&#8220;][\/et_pb_divider][\/et_pb_column][\/et_pb_row][et_pb_row column_structure=&#8220;1_2,1_2&#8243; admin_label=&#8220;row&#8220; _builder_version=&#8220;4.16&#8243; background_size=&#8220;initial&#8220; background_position=&#8220;top_left&#8220; background_repeat=&#8220;repeat&#8220; custom_padding=&#8220;0px|||&#8220; make_fullwidth=&#8220;off&#8220; use_custom_width=&#8220;off&#8220; width_unit=&#8220;on&#8220; global_colors_info=&#8220;{}&#8220;][et_pb_column type=&#8220;1_2&#8243; _builder_version=&#8220;4.16&#8243; custom_padding=&#8220;|||&#8220; global_colors_info=&#8220;{}&#8220; custom_padding__hover=&#8220;|||&#8220;][et_pb_text module_class=&#8220;red-square-list-parent&#8220; _builder_version=&#8220;4.23.1&#8243; background_size=&#8220;initial&#8220; background_position=&#8220;top_left&#8220; background_repeat=&#8220;repeat&#8220; use_border_color=&#8220;off&#8220; global_colors_info=&#8220;{}&#8220;]<\/p>\n<h3>Allgemeine Angaben:<\/h3>\n<p><strong><span style=\"color: #dc291e;\">\/ <\/span><\/strong>Atmosph\u00e4rengl\u00fchofen<br \/><strong><span style=\"color: #dc291e;\">\/ <\/span><\/strong>Hersteller: SECO\/WARWICK<br \/><strong><span style=\"color: #dc291e;\">\/ <\/span><\/strong>Produktionsjahr: 2014<br \/><strong><span style=\"color: #dc291e;\">\/ <\/span><\/strong>Standort: Zentralpolen<br \/><strong><span style=\"color: #dc291e;\">\/ <\/span><\/strong> Ofen in&nbsp;Betrieb &#8211; M\u00f6glichkeit der Vor-Ort-Pr\u00fcfung<\/p>\n<p>Wir bieten die technische Bewertung, Verlagerung und Vorrichtungsmontage am&nbsp;Zielstandort im&nbsp;Gebiet der Europ\u00e4ischen Union an.<\/p>\n<p>[\/et_pb_text][\/et_pb_column][et_pb_column type=&#8220;1_2&#8243; _builder_version=&#8220;4.16&#8243; custom_padding=&#8220;|||&#8220; global_colors_info=&#8220;{}&#8220; custom_padding__hover=&#8220;|||&#8220;][et_pb_text module_class=&#8220;red-square-list-parent&#8220; _builder_version=&#8220;4.23.1&#8243; background_size=&#8220;initial&#8220; background_position=&#8220;top_left&#8220; background_repeat=&#8220;repeat&#8220; use_border_color=&#8220;off&#8220; global_colors_info=&#8220;{}&#8220;]<\/p>\n<h3>Vorgesehene Verwendung:<\/h3>\n<p>Die Anlage A\/SP-1200 ist f\u00fcr das Sph\u00e4roidisierungsgl\u00fchen von Schmiedest\u00fccken aus Lagerstahl \u0141H15 und \u0141H15SG ausgelegt. Die Prozesse werden in&nbsp;einer Schutzatmosph\u00e4re durchgef\u00fchrt. Jedes Ger\u00e4t in&nbsp;der Linie ist elektrisch miteinander verbunden und wird bei der Handhabung auf Transportmitteln automatisch gesteuert, wenn die n\u00e4chste W\u00e4rmebehandlungsstufe durchgef\u00fchrt wird.<\/p>\n<p>[\/et_pb_text][\/et_pb_column][\/et_pb_row][\/et_pb_section][et_pb_section fb_built=&#8220;1&#8243; admin_label=&#8220;section&#8220; _builder_version=&#8220;4.19.2&#8243; background_color=&#8220;#f8f8f8&#8243; custom_margin=&#8220;-20px||||false|false&#8220; custom_padding=&#8220;0px||||false|false&#8220; transparent_background=&#8220;off&#8220; make_fullwidth=&#8220;off&#8220; use_custom_width=&#8220;off&#8220; width_unit=&#8220;on&#8220; global_colors_info=&#8220;{}&#8220;][et_pb_row column_structure=&#8220;1_2,1_2&#8243; admin_label=&#8220;row&#8220; _builder_version=&#8220;4.19.2&#8243; background_size=&#8220;initial&#8220; background_position=&#8220;top_left&#8220; background_repeat=&#8220;repeat&#8220; custom_margin=&#8220;-20px||||false|false&#8220; global_colors_info=&#8220;{}&#8220;][et_pb_column type=&#8220;1_2&#8243; _builder_version=&#8220;4.16&#8243; custom_padding=&#8220;|||&#8220; global_colors_info=&#8220;{}&#8220; custom_padding__hover=&#8220;|||&#8220;][et_pb_gallery gallery_ids=&#8220;160125,160132,160139,160146,160153,160160&#8243; posts_number=&#8220;1&#8243; show_title_and_caption=&#8220;off&#8220; show_pagination=&#8220;off&#8220; zoom_icon_color=&#8220;#e2001a&#8220; module_class=&#8220;seco-products-gallery-new2025&#8243; _builder_version=&#8220;4.23.1&#8243; custom_margin=&#8220;||||false|false&#8220; hover_enabled=&#8220;0&#8243; custom_css_free_form=&#8220;.et_overlay:before {||    content: &#8218;GALERIE ANSEHEN&#8216; !important;||}&#8220; locked=&#8220;off&#8220; global_colors_info=&#8220;{}&#8220; sticky_enabled=&#8220;0&#8243;][\/et_pb_gallery][et_pb_image src=&#8220;https:\/\/www.secowarwick.com\/wp-content\/uploads\/2024\/06\/ASP1200-COVER.jpg&#8220; alt=&#8220;Agregat do\u00a0sferoidyzacji pier\u015bcieni \u0142o\u017cyskowych typu A\/SP-1200&#8243; title_text=&#8220;ITRmini&#8220; align_tablet=&#8220;center&#8220; align_phone=&#8220;&#8220; align_last_edited=&#8220;on|desktop&#8220; _builder_version=&#8220;4.23.1&#8243; global_colors_info=&#8220;{}&#8220;][\/et_pb_image][\/et_pb_column][et_pb_column type=&#8220;1_2&#8243; _builder_version=&#8220;4.16&#8243; custom_padding=&#8220;|||&#8220; global_colors_info=&#8220;{}&#8220; custom_padding__hover=&#8220;|||&#8220;][et_pb_text admin_label=&#8220;apostrof&#8220; module_class=&#8220;przecinek-tlo-nizej&#8220; _builder_version=&#8220;4.23.1&#8243; custom_margin=&#8220;||||false|false&#8220; custom_margin_tablet=&#8220;&#8220; custom_margin_phone=&#8220;&#8220; custom_margin_last_edited=&#8220;on|desktop&#8220; saved_tabs=&#8220;all&#8220; global_colors_info=&#8220;{}&#8220;]<\/p>\n<h2>Vorgesehene Verwendung<\/h2>\n<p>[\/et_pb_text][et_pb_text _builder_version=&#8220;4.23.1&#8243; _module_preset=&#8220;default&#8220; global_colors_info=&#8220;{}&#8220;]<\/p>\n<table width=\"100%\">\n<tbody>\n<tr>\n<td>Nennleistung der Einheit:<\/td>\n<td>1.200 kg\/h mit einer Chargenladung von 615 kg pro Beh\u00e4lter, bei einer Taktung von 30 Min. und 45 Sek.<\/td>\n<\/tr>\n<tr>\n<td>\n<p>Verwendete Lagerringe:<\/p>\n<p>&#8211; mit automatischer Beladung<\/p>\n<p>&#8211; mit manueller Beladung<\/p>\n<\/td>\n<td>\n<p>&#8211; Au\u00dfendurchmesser von 30 mm bis 130 mm;<\/p>\n<p>&#8211; Au\u00dfendurchmesser von mehr als 130 mm<\/p>\n<\/td>\n<\/tr>\n<tr>\n<td>Gesamtabmessungen des Beh\u00e4lters: B&nbsp;x&nbsp;L x&nbsp;H.<\/td>\n<td>1230 x&nbsp;1230 x&nbsp;300 mm<\/td>\n<\/tr>\n<tr>\n<td>Versorgungsspannung<\/td>\n<td>3&#215;400\/230V; 50 Hz<\/td>\n<\/tr>\n<tr>\n<td>Steuerspannung<\/td>\n<td>230V; 50 Hz<\/td>\n<\/tr>\n<tr>\n<td>Max. Betriebstemperatur (Zonen 1 und 2<\/td>\n<td>825\u00b0\u0421<\/td>\n<\/tr>\n<tr>\n<td>Leistung der Heizelemente:\u00a0<\/td>\n<td>\u00a0<\/td>\n<\/tr>\n<tr>\n<td>\n<p style=\"text-align: right;\">\u00a0&#8211; Zone 1<\/p>\n<p style=\"text-align: right;\">&#8211; Zone 2<\/p>\n<p style=\"text-align: right;\">&#8211; Zone 3<\/p>\n<p style=\"text-align: right;\">&#8211; Zone 4<\/p>\n<p style=\"text-align: right;\">&#8211; Zone 5<\/p>\n<p style=\"text-align: right;\">&#8211; Zone 6<\/p>\n<p style=\"text-align: right;\">&#8211; Zone 7<\/p>\n<p style=\"text-align: right;\">&#8211; Zone 8<\/p>\n<p style=\"text-align: right;\">&#8211; Zone 9<\/p>\n<p style=\"text-align: right;\">Gesamtleistung der Heizelemente:<\/p>\n<\/td>\n<td>\n<p>314 kW<\/p>\n<p>141 kW<\/p>\n<p>60 kW<\/p>\n<p>60 kW<\/p>\n<p>60 kW<\/p>\n<p>60 kW<\/p>\n<p>60 kW<\/p>\n<p>60 kW<\/p>\n<p>560 kW<\/p>\n<p>874 kW<\/p>\n<\/td>\n<\/tr>\n<tr>\n<td>Installierte Gesamtkapazit\u00e4t<\/td>\n<td>\u00a01065 kW<\/td>\n<\/tr>\n<tr>\n<td>Erdgasbedarf (Schutzatmosph\u00e4re) [p=20-100mbar]<\/td>\n<td>~4\u00a0 Nm<sup>3<\/sup>\/h<\/td>\n<\/tr>\n<tr>\n<td>\n<p>Stickstoffbedarf<\/p>\n<p>Schutzatmosph\u00e4re [p=20-100 mbar]<\/p>\n<p>Notfall-Stickstoffversorgung (Sp\u00fclung) [p=20-100 mbar]<\/p>\n<\/td>\n<td width=\"246\">\n<p>&nbsp;<\/p>\n<p>~90\u00a0 Nm<sup>3<\/sup>\/h<\/p>\n<p>Mindestreserve450 Nm<sup>3<\/sup><\/p>\n<\/td>\n<\/tr>\n<tr>\n<td>Erdgasbedarf [p=50-80mbar ]<\/td>\n<td>~2,3 Nm<sup>3<\/sup>\/h<\/td>\n<\/tr>\n<tr>\n<td>Wasserbedarf [p=0,3-0,5MPa]<\/td>\n<td>~55 m<sup>3<\/sup>\/h<\/td>\n<\/tr>\n<tr>\n<td>Druckluftbedarf [p=0,5-0,8 MPa]<\/td>\n<td>~13 m<sup>3<\/sup>\/ h<\/td>\n<\/tr>\n<tr>\n<td>Saugleistung<\/td>\n<td>~2200 m<sup>3<\/sup>\/h, Tmax\u00a0 = 120\u2070<\/td>\n<\/tr>\n<\/tbody>\n<\/table>\n<p>[\/et_pb_text][\/et_pb_column][\/et_pb_row][\/et_pb_section]<\/p>\n","protected":false},"excerpt":{"rendered":"<p>Allgemeine Angaben: \/ Atmosph\u00e4rengl\u00fchofen\/ Hersteller: SECO\/WARWICK\/ Produktionsjahr: 2014\/ Standort: Zentralpolen\/ Ofen in&nbsp;Betrieb &#8211; M\u00f6glichkeit der Vor-Ort-Pr\u00fcfung Wir bieten die technische Bewertung, Verlagerung und Vorrichtungsmontage am&nbsp;Zielstandort im&nbsp;Gebiet der Europ\u00e4ischen Union an.Vorgesehene Verwendung: Die Anlage A\/SP-1200 ist f\u00fcr das Sph\u00e4roidisierungsgl\u00fchen von Schmiedest\u00fccken aus Lagerstahl \u0141H15 und \u0141H15SG ausgelegt. Die Prozesse werden in&nbsp;einer Schutzatmosph\u00e4re durchgef\u00fchrt. Jedes Ger\u00e4t in&nbsp;der [&hellip;]<\/p>\n","protected":false},"author":2,"featured_media":0,"parent":138630,"menu_order":0,"comment_status":"closed","ping_status":"closed","template":"","meta":{"_acf_changed":false,"_et_pb_use_builder":"on","_et_pb_old_content":"","_et_gb_content_width":"","footnotes":""},"class_list":["post-160187","page","type-page","status-publish"],"acf":[],"_links":{"self":[{"href":"https:\/\/www.secowarwick.com\/de\/wp-json\/wp\/v2\/pages\/160187","targetHints":{"allow":["GET"]}}],"collection":[{"href":"https:\/\/www.secowarwick.com\/de\/wp-json\/wp\/v2\/pages"}],"about":[{"href":"https:\/\/www.secowarwick.com\/de\/wp-json\/wp\/v2\/types\/page"}],"author":[{"embeddable":true,"href":"https:\/\/www.secowarwick.com\/de\/wp-json\/wp\/v2\/users\/2"}],"replies":[{"embeddable":true,"href":"https:\/\/www.secowarwick.com\/de\/wp-json\/wp\/v2\/comments?post=160187"}],"version-history":[{"count":7,"href":"https:\/\/www.secowarwick.com\/de\/wp-json\/wp\/v2\/pages\/160187\/revisions"}],"predecessor-version":[{"id":176584,"href":"https:\/\/www.secowarwick.com\/de\/wp-json\/wp\/v2\/pages\/160187\/revisions\/176584"}],"up":[{"embeddable":true,"href":"https:\/\/www.secowarwick.com\/de\/wp-json\/wp\/v2\/pages\/138630"}],"wp:attachment":[{"href":"https:\/\/www.secowarwick.com\/de\/wp-json\/wp\/v2\/media?parent=160187"}],"curies":[{"name":"wp","href":"https:\/\/api.w.org\/{rel}","templated":true}]}}