{"id":160692,"date":"2024-05-10T08:49:48","date_gmt":"2024-05-10T06:49:48","guid":{"rendered":"https:\/\/www.secowarwick.com\/centrum-rd-lutowania-cab\/"},"modified":"2024-09-05T10:40:18","modified_gmt":"2024-09-05T08:40:18","slug":"fe-cab-hartloetzentrum","status":"publish","type":"page","link":"https:\/\/www.secowarwick.com\/de\/rd\/fe-cab-hartloetzentrum\/","title":{"rendered":"F&#038;E CAB Hartl\u00f6tzentrum"},"content":{"rendered":"<p>[et_pb_section fb_built=&#8220;1&#8243; admin_label=&#8220;hero section&#8220; module_class=&#8220;rd-2024-secotech-hero-section&#8220; _builder_version=&#8220;4.23.1&#8243; _module_preset=&#8220;default&#8220; background_color=&#8220;#000000&#8243; background_enable_image=&#8220;off&#8220; global_colors_info=&#8220;{}&#8220;][et_pb_row column_structure=&#8220;1_2,1_2&#8243; make_equal=&#8220;on&#8220; module_class=&#8220;rd-2024-secotech-hero-section-wiersz&#8220; _builder_version=&#8220;4.23.1&#8243; _module_preset=&#8220;default&#8220; global_colors_info=&#8220;{}&#8220;][et_pb_column type=&#8220;1_2&#8243; module_class=&#8220;rd-2024-secotech-hero-kolumna-lewa&#8220; _builder_version=&#8220;4.23.1&#8243; _module_preset=&#8220;default&#8220; global_colors_info=&#8220;{}&#8220;][et_pb_text module_class=&#8220;rd-2024-secotech-hero-title&#8220; _builder_version=&#8220;4.23.1&#8243; _module_preset=&#8220;default&#8220; text_font=&#8220;Titillium Web||||||||&#8220; text_text_color=&#8220;#FFFFFF&#8220; header_font=&#8220;TitilliumWeb Black||||||||&#8220; header_text_color=&#8220;#FFFFFF&#8220; global_colors_info=&#8220;{}&#8220;]<\/p>\n<h1>F&#038;E CAB Hartl\u00f6tzentrum<\/h1>\n<p>SECO\/WARWICK betreibt ein voll ausgestattetes CAB Hartl\u00f6tzentrum, um Kunden zu unterst\u00fctzen, indem sie Tests und Prototypen einer Vielzahl von W\u00e4rmetauschern f\u00fcr alle Anwendungen und Branchen, einschlie\u00dflich Automobil-, Energie-, HLK&#038;K (eng. HVAC&#038;R), und Elektronikindustrie, durchf\u00fchren k\u00f6nnen.[\/et_pb_text][\/et_pb_column][et_pb_column type=&#8220;1_2&#8243; module_class=&#8220;rd-2024-secotech-hero-kolumna-prawa&#8220; _builder_version=&#8220;4.23.1&#8243; _module_preset=&#8220;default&#8220; global_colors_info=&#8220;{}&#8220;][et_pb_image src=&#8220;https:\/\/www.secowarwick.com\/wp-content\/uploads\/2024\/06\/rd-cab-1-1.png&#8220; alt=&#8220;F&#038;E CAB Hartl\u00f6tzentrum&#8220; module_class=&#8220;rd-2024-secotech-hero-obraz&#8220; _builder_version=&#8220;4.23.1&#8243; _module_preset=&#8220;default&#8220; global_colors_info=&#8220;{}&#8220;][\/et_pb_image][\/et_pb_column][\/et_pb_row][\/et_pb_section][et_pb_section fb_built=&#8220;1&#8243; custom_padding_last_edited=&#8220;off|desktop&#8220; _builder_version=&#8220;4.23.1&#8243; background_color=&#8220;#000000&#8243; custom_padding=&#8220;0px||0px||false|false&#8220; custom_padding_tablet=&#8220;50px|0|50px|0&#8243; global_colors_info=&#8220;{}&#8220;][et_pb_row custom_padding_last_edited=&#8220;off|desktop&#8220; module_class=&#8220;rd-wiersz rs-secotech-wiersz-uslugi-intro rd-wiersz-zmniejsz&#8220; _builder_version=&#8220;4.23.1&#8243; _module_preset=&#8220;default&#8220; custom_padding=&#8220;||||false|false&#8220; global_colors_info=&#8220;{}&#8220;][et_pb_column type=&#8220;4_4&#8243; _builder_version=&#8220;4.23.1&#8243; _module_preset=&#8220;default&#8220; global_colors_info=&#8220;{}&#8220;][et_pb_code _builder_version=&#8220;4.23.1&#8243; _module_preset=&#8220;default&#8220; global_colors_info=&#8220;{}&#8220;]<script src=\"https:\/\/ajax.googleapis.com\/ajax\/libs\/jquery\/3.7.1\/jquery.min.js\"><\/script><!-- [et_pb_line_break_holder] -->\t\t    <script><!-- [et_pb_line_break_holder] -->\t\tfunction changeBackground(){<!-- [et_pb_line_break_holder] -->    let windowHeight = window.innerHeight \/ 2;<!-- [et_pb_line_break_holder] -->    let zyly = document.getElementsByClassName('zyla');<!-- [et_pb_line_break_holder] -->    for (let item of zyly) {<!-- [et_pb_line_break_holder] -->       let itemPosition = item.getBoundingClientRect();<!-- [et_pb_line_break_holder] -->       let bottom = itemPosition.bottom;<!-- [et_pb_line_break_holder] -->       let top = itemPosition.top;<!-- [et_pb_line_break_holder] -->       let height = itemPosition.height;<!-- [et_pb_line_break_holder] --><!-- [et_pb_line_break_holder] -->       if( top <= windowHeight){<!-- [et_pb_line_break_holder] -->          let percent = '100';<!-- [et_pb_line_break_holder] -->          if(bottom >= windowHeight){<!-- [et_pb_line_break_holder] -->             percent =  (windowHeight - top) \/ height * 100;<!-- [et_pb_line_break_holder] -->          }<!-- [et_pb_line_break_holder] -->          $(item).css('background-image', 'linear-gradient(to bottom, red ' + percent + '%' +', rgba(0,0,0,0) ' + percent + '%'  );<!-- [et_pb_line_break_holder] -->       }else{<!-- [et_pb_line_break_holder] -->          $(item).css('background-image', '');<!-- [et_pb_line_break_holder] -->       }<!-- [et_pb_line_break_holder] -->    }<!-- [et_pb_line_break_holder] -->}<!-- [et_pb_line_break_holder] --><!-- [et_pb_line_break_holder] -->$(window).scroll( function() {<!-- [et_pb_line_break_holder] -->    changeBackground();<!-- [et_pb_line_break_holder] -->})<!-- [et_pb_line_break_holder] --><!-- [et_pb_line_break_holder] -->$( document ).ready(function() {<!-- [et_pb_line_break_holder] -->          changeBackground();<!-- [et_pb_line_break_holder] -->});<!-- [et_pb_line_break_holder] -->\t\t<\/script>[\/et_pb_code][et_pb_image src=&#8220;https:\/\/www.secowarwick.com\/wp-content\/uploads\/2024\/04\/sciezki-pod-sliderem-1.png&#8220; alt=&#8220;R&#038;D SECO\/WARWICK&#8220; module_class=&#8220;zyla&#8220; _builder_version=&#8220;4.23.1&#8243; _module_preset=&#8220;default&#8220; custom_css_main_element=&#8220;background-color:rgba(139,126,126,1);&#8220; global_colors_info=&#8220;{}&#8220;][\/et_pb_image][et_pb_text admin_label=&#8220;US\u0141UGI OBR\u00d3BKI CIEPLNEJ&#8220; module_class=&#8220;rd-2024-secotech-uslugi&#8220; _builder_version=&#8220;4.23.1&#8243; _module_preset=&#8220;default&#8220; text_font=&#8220;TitilliumWeb Black|||on|||||&#8220; text_text_color=&#8220;#FFFFFF&#8220; header_2_font=&#8220;TitilliumWeb Black|||on|||||&#8220; header_2_text_color=&#8220;#dc291e&#8220; global_colors_info=&#8220;{}&#8220;]<\/p>\n<h2 style=\"text-align: center;\">REDUZIEREN SIE IHR INVESTITIONSRISIKO,<br \/>\nINDEM SIE DIE VORTEILE DES SECO\/WARWICK CAB HARTL\u00d6TZENTRUMS NUTZEN.<\/h2>\n<p>[\/et_pb_text][et_pb_code admin_label=&#8220;kod plastra&#8220; module_class=&#8220;rd-strke-v2&#8243; _builder_version=&#8220;4.23.1&#8243; _module_preset=&#8220;default&#8220; animation_style=&#8220;slide&#8220; animation_direction=&#8220;right&#8220; animation_delay=&#8220;500ms&#8220; global_colors_info=&#8220;{}&#8220;][\/et_pb_code][et_pb_image src=&#8220;https:\/\/www.secowarwick.com\/wp-content\/uploads\/2024\/04\/sciezki-nad-brain.png&#8220; alt=&#8220;R&#038;D SECO\/WARWICK&#8220; title_text=&#8220;plik-tla&#8220; module_class=&#8220;zyla nad-cab&#8220; _builder_version=&#8220;4.23.1&#8243; _module_preset=&#8220;default&#8220; custom_css_main_element=&#8220;background-color:rgba(139,126,126,1);&#8220; global_colors_info=&#8220;{}&#8220;][\/et_pb_image][\/et_pb_column][\/et_pb_row][et_pb_row column_structure=&#8220;1_2,1_2&#8243; make_equal=&#8220;on&#8220; module_class=&#8220;rd-wiersz rd-cab-wiersz&#8220; _builder_version=&#8220;4.23.1&#8243; _module_preset=&#8220;default&#8220; custom_padding=&#8220;||0px||false|false&#8220; locked=&#8220;off&#8220; global_colors_info=&#8220;{}&#8220;][et_pb_column type=&#8220;1_2&#8243; module_class=&#8220;kolumna-wysrodkowana&#8220; _builder_version=&#8220;4.23.1&#8243; _module_preset=&#8220;default&#8220; global_colors_info=&#8220;{}&#8220;][et_pb_text module_class=&#8220;rd-2024-secotech-opis-tresc red-hash-list-parent&#8220; _builder_version=&#8220;4.23.1&#8243; _module_preset=&#8220;default&#8220; text_font=&#8220;Titillium Web||||||||&#8220; text_text_color=&#8220;#FFFFFF&#8220; global_colors_info=&#8220;{}&#8220;]<\/p>\n<ul>\n<li>Das Zentrum kann dann komplette Prozessinformationen und Steuerungsrezepte f\u00fcr Ihre Produktionsanforderungen modellieren und dokumentieren.<\/li>\n<li>Das Hartl\u00f6tzentrum kann auch als Schulungszentrum f\u00fcr Mitarbeiter genutzt werden. Die Kunden k\u00f6nnen auch Ofenzeit kaufen, um die Produktion auf Kosten-Plus-Basis zu betreiben.<\/li>\n<\/ul>\n<p>&nbsp;<\/p>\n<p>Das F&amp;E CAB Hartl\u00f6tzentrum ist vollst\u00e4ndig mit einem Active Only\u00ae CAB Hartl\u00f6tsystem, einem manuellen Flussmittel, einem thermischen Entfetten \/ Trocknen \/ Entbinden \/ einem Ofen ausgestattet, um den Kunden die Nutzung einer kompletten Fertigungszelle zu erm\u00f6glichen.<\/p>\n<p>Der CAB-Ofen kann Ladungen von bis zu 1500 mm Breite x 2500 mm L\u00e4nge x 450 mm H\u00f6he verarbeiten.<\/p>\n<p>[\/et_pb_text][\/et_pb_column][et_pb_column type=&#8220;1_2&#8243; module_class=&#8220;rd-secotech-kolumna-kwadraty-prawa&#8220; _builder_version=&#8220;4.23.1&#8243; _module_preset=&#8220;default&#8220; global_colors_info=&#8220;{}&#8220;][et_pb_image src=&#8220;https:\/\/www.secowarwick.com\/wp-content\/uploads\/2024\/06\/rd-cab-2.jpg&#8220; alt=&#8220;F&#038;E CAB Hartl\u00f6tzentrum&#8220; module_class=&#8220;rd-2024-secotech-hero-obraz&#8220; _builder_version=&#8220;4.23.1&#8243; _module_preset=&#8220;default&#8220; global_colors_info=&#8220;{}&#8220;][\/et_pb_image][\/et_pb_column][\/et_pb_row][et_pb_row module_class=&#8220;rd-wiersz rd-zyla-pomiedzy&#8220; _builder_version=&#8220;4.23.1&#8243; _module_preset=&#8220;default&#8220; custom_padding=&#8220;||0px||false|false&#8220; locked=&#8220;off&#8220; global_colors_info=&#8220;{}&#8220;][et_pb_column type=&#8220;4_4&#8243; _builder_version=&#8220;4.23.1&#8243; _module_preset=&#8220;default&#8220; global_colors_info=&#8220;{}&#8220;][et_pb_image src=&#8220;https:\/\/www.secowarwick.com\/wp-content\/uploads\/2024\/04\/sciezki-nad-brain.png&#8220; alt=&#8220;R&#038;D SECO\/WARWICK&#8220; title_text=&#8220;plik-tla&#8220; module_class=&#8220;zyla nad-cab&#8220; _builder_version=&#8220;4.23.1&#8243; _module_preset=&#8220;default&#8220; custom_css_main_element=&#8220;background-color:rgba(139,126,126,1);&#8220; global_colors_info=&#8220;{}&#8220;][\/et_pb_image][\/et_pb_column][\/et_pb_row][et_pb_row column_structure=&#8220;1_2,1_2&#8243; make_equal=&#8220;on&#8220; module_class=&#8220;rd-wiersz rd-secotech-wiersz-kwadraty&#8220; _builder_version=&#8220;4.23.1&#8243; _module_preset=&#8220;default&#8220; custom_padding=&#8220;||0px||false|false&#8220; locked=&#8220;off&#8220; global_colors_info=&#8220;{}&#8220;][et_pb_column type=&#8220;1_2&#8243; module_class=&#8220;rd-secotech-kolumna-kwadraty-lewa&#8220; _builder_version=&#8220;4.23.1&#8243; _module_preset=&#8220;default&#8220; global_colors_info=&#8220;{}&#8220;][et_pb_image src=&#8220;https:\/\/www.secowarwick.com\/wp-content\/uploads\/2024\/06\/rd-cab.png&#8220; alt=&#8220;F&#038;E CAB Hartl\u00f6tzentrum&#8220; module_class=&#8220;rd-2024-secotech-hero-obraz rd-secotech-obraz&#8220; _builder_version=&#8220;4.23.1&#8243; _module_preset=&#8220;default&#8220; global_colors_info=&#8220;{}&#8220;][\/et_pb_image][\/et_pb_column][et_pb_column type=&#8220;1_2&#8243; module_class=&#8220;rd-secotech-kolumna-kwadraty-prawa kolumna-wysrodkowana&#8220; _builder_version=&#8220;4.23.1&#8243; _module_preset=&#8220;default&#8220; global_colors_info=&#8220;{}&#8220;][et_pb_text module_class=&#8220;rd-2024-secotech-opis-tresc red-hash-list-parent&#8220; _builder_version=&#8220;4.23.1&#8243; _module_preset=&#8220;default&#8220; text_font=&#8220;Titillium Web||||||||&#8220; text_text_color=&#8220;#FFFFFF&#8220; global_colors_info=&#8220;{}&#8220;]<\/p>\n<p>Der <a href=\"https:\/\/www.secowarwick.com\/de\/produkte\/hartloeten-unter-kontrollierter-atmosphaere\/halbkontinuierliche-cab-anlagen\/\">Active Only\u00ae CAB-Ofen<\/a> bietet diese einzigartigen Prozessvorteile f\u00fcr alle Kernarten:<\/p>\n<ul>\n<li>Die halbkontinuierliche Prozesskonfiguration erm\u00f6glicht es uns, auch sehr gro\u00dfe Teile wie z. B. Batteriek\u00fchler zu erw\u00e4rmen und zu k\u00fchlen.<\/li>\n<li>Die Konvektionsheizung verk\u00fcrzt die Zykluszeit.<\/li>\n<li>Eine gleichm\u00e4\u00dfige Temperatur im gesamten Hartl\u00f6tbereich verbessert die Hartl\u00f6tqualit\u00e4t.<\/li>\n<\/ul>\n<p>Ein sch\u00e4rferes Temperaturprofil erm\u00f6glicht eine genaue Prozesssteuerung.<\/p>\n<p>[\/et_pb_text][\/et_pb_column][\/et_pb_row][et_pb_row module_class=&#8220;rd-wiersz rd-secotech-wiersz-kwadraty rd-zyla-pomiedzy-dwa&#8220; _builder_version=&#8220;4.23.1&#8243; _module_preset=&#8220;default&#8220; custom_padding=&#8220;||0px||false|false&#8220; locked=&#8220;off&#8220; global_colors_info=&#8220;{}&#8220;][et_pb_column type=&#8220;4_4&#8243; module_class=&#8220;rd-secotech-kolumna-kwadraty-lewa&#8220; _builder_version=&#8220;4.23.1&#8243; _module_preset=&#8220;default&#8220; global_colors_info=&#8220;{}&#8220;][et_pb_image src=&#8220;https:\/\/www.secowarwick.com\/wp-content\/uploads\/2024\/04\/sciezki-nad-brain.png&#8220; alt=&#8220;R&#038;D SECO\/WARWICK&#8220; title_text=&#8220;plik-tla&#8220; module_class=&#8220;zyla nad-cab&#8220; _builder_version=&#8220;4.23.1&#8243; _module_preset=&#8220;default&#8220; custom_css_main_element=&#8220;background-color:rgba(139,126,126,1);&#8220; global_colors_info=&#8220;{}&#8220;][\/et_pb_image][\/et_pb_column][\/et_pb_row][et_pb_row column_structure=&#8220;1_2,1_2&#8243; module_class=&#8220;rd-wiersz rd-secotech-wiersz-kwadraty&#8220; _builder_version=&#8220;4.23.1&#8243; _module_preset=&#8220;default&#8220; custom_padding=&#8220;||0px||false|false&#8220; locked=&#8220;off&#8220; global_colors_info=&#8220;{}&#8220;][et_pb_column type=&#8220;1_2&#8243; module_class=&#8220;rd-secotech-kolumna-kwadraty-lewa&#8220; _builder_version=&#8220;4.23.1&#8243; _module_preset=&#8220;default&#8220; global_colors_info=&#8220;{}&#8220;][et_pb_image src=&#8220;https:\/\/www.secowarwick.com\/wp-content\/uploads\/2024\/06\/rd-cab-3.jpg&#8220; alt=&#8220;F&#038;E CAB Hartl\u00f6tzentrum&#8220; module_class=&#8220;rd-2024-secotech-hero-obraz rd-secotech-obraz&#8220; _builder_version=&#8220;4.23.1&#8243; _module_preset=&#8220;default&#8220; global_colors_info=&#8220;{}&#8220;][\/et_pb_image][\/et_pb_column][et_pb_column type=&#8220;1_2&#8243; module_class=&#8220;rd-secotech-kolumna-kwadraty-prawa&#8220; _builder_version=&#8220;4.23.1&#8243; _module_preset=&#8220;default&#8220; global_colors_info=&#8220;{}&#8220;][et_pb_image src=&#8220;https:\/\/www.secowarwick.com\/wp-content\/uploads\/2024\/06\/rd-cab-4.jpg&#8220; alt=&#8220;F&#038;E CAB Hartl\u00f6tzentrum&#8220; module_class=&#8220;rd-2024-secotech-hero-obraz rd-secotech-obraz&#8220; _builder_version=&#8220;4.23.1&#8243; _module_preset=&#8220;default&#8220; global_colors_info=&#8220;{}&#8220;][\/et_pb_image][\/et_pb_column][\/et_pb_row][et_pb_row module_class=&#8220;secoservice-faq-wiersz rd-faq-wiersz rd-secolab-zapytaj-wiersz rd-cab-zapytaj&#8220; _builder_version=&#8220;4.23.1&#8243; _module_preset=&#8220;default&#8220; global_colors_info=&#8220;{}&#8220;][et_pb_column type=&#8220;4_4&#8243; module_class=&#8220;various_ss_premium_column&#8220; _builder_version=&#8220;4.23.1&#8243; _module_preset=&#8220;default&#8220; global_colors_info=&#8220;{}&#8220;][et_pb_image src=&#8220;https:\/\/www.secowarwick.com\/wp-content\/uploads\/2024\/04\/sciezki-pod-uczelnie.png&#8220; alt=&#8220;R&#038;D SECO\/WARWICK&#8220; admin_label=&#8220;zyla potrojna&#8220; module_class=&#8220;zyla&#8220; _builder_version=&#8220;4.23.1&#8243; _module_preset=&#8220;default&#8220; custom_css_main_element=&#8220;background-color:rgba(139,126,126,1);&#8220; global_colors_info=&#8220;{}&#8220;][\/et_pb_image][et_pb_text admin_label=&#8220;zapytaj o oferte&#8220; module_class=&#8220;rd-odkryj-button rd-secotech-rfq-button&#8220; _builder_version=&#8220;4.23.1&#8243; _module_preset=&#8220;default&#8220; text_orientation=&#8220;center&#8220; global_colors_info=&#8220;{}&#8220;]<a class=\"paoc-popup-click\" tabindex=\"0\" href=\"https:\/\/www.secowarwick.com\/de\/fordern-sie-hier-ihr-angebot-an\/\"><span class=\"various_poll_link\">FRAGE NACH MEHR<\/span><\/a>[\/et_pb_text][\/et_pb_column][\/et_pb_row][et_pb_row module_class=&#8220;secoservice-faq-wiersz rd-faq-wiersz&#8220; _builder_version=&#8220;4.23.1&#8243; _module_preset=&#8220;default&#8220; locked=&#8220;off&#8220; global_colors_info=&#8220;{}&#8220;][et_pb_column type=&#8220;4_4&#8243; module_class=&#8220;various_ss_premium_column&#8220; _builder_version=&#8220;4.23.1&#8243; _module_preset=&#8220;default&#8220; global_colors_info=&#8220;{}&#8220;][dipl_faq_page_schema closed_toggle_icon=&#8220;&#x4c;||divi||400&#8243; closed_icon_color=&#8220;#FFFFFF&#8220; closed_use_icon_font_size=&#8220;on&#8220; closed_icon_font_size=&#8220;24px&#8220; open_toggle_icon=&#8220;&#x4c;||divi||400&#8243; open_icon_color=&#8220;#000000&#8243; open_use_icon_font_size=&#8220;on&#8220; open_icon_font_size=&#8220;24px&#8220; closed_toggle_bg_color=&#8220;rgba(244,244,244,0)&#8220; open_toggle_bg_color=&#8220;rgba(255,255,255,0)&#8220; module_class=&#8220;rd-faq&#8220; _builder_version=&#8220;4.23.1&#8243; _module_preset=&#8220;default&#8220; faq_heading_font=&#8220;TitilliumWeb Black|900|||||||&#8220; faq_heading_text_color=&#8220;#FFFFFF&#8220; faq_question_closed_font=&#8220;TitilliumWeb Black||||||||&#8220; faq_question_closed_text_color=&#8220;#FFFFFF&#8220; faq_question_closed_font_size=&#8220;26px&#8220; faq_answer_text_font=&#8220;Titillium Web||||||||&#8220; faq_answer_text_text_color=&#8220;#c9c9c9&#8243; faq_answer_text_font_size=&#8220;20px&#8220; animation_direction=&#8220;bottom&#8220; hover_enabled=&#8220;0&#8243; faq_question_closed_font_size_tablet=&#8220;26px&#8220; faq_question_closed_font_size_phone=&#8220;20px&#8220; faq_question_closed_font_size_last_edited=&#8220;on|phone&#8220; faq_answer_text_font_size_tablet=&#8220;24px&#8220; faq_answer_text_font_size_phone=&#8220;16px&#8220; faq_answer_text_font_size_last_edited=&#8220;on|phone&#8220; border_width_all=&#8220;0px&#8220; border_width_right=&#8220;0px&#8220; border_width_left=&#8220;0px&#8220; global_colors_info=&#8220;{}&#8220; sticky_enabled=&#8220;0&#8243;][dipl_faq_page_schema_item faq_question=&#8220;Wird es m\u00f6glich sein, Prozessparameter in Echtzeit zu verfolgen?&#8220; _builder_version=&#8220;4.23.1&#8243; _module_preset=&#8220;default&#8220; question_heading_level=&#8220;h2&#8243; question_heading_font=&#8220;|800|||||||&#8220; hover_enabled=&#8220;0&#8243; global_colors_info=&#8220;{}&#8220; sticky_enabled=&#8220;0&#8243;]<\/p>\n<p>Ja, unsere CAB F&amp;E ist mit einem Chargen-Temperaturaufzeichnungsger\u00e4t mit Telemetriefunktion ausgestattet, das eine Temperatur\u00fcberwachung und -kontrolle in Echtzeit erm\u00f6glicht.<\/p>\n<p>[\/dipl_faq_page_schema_item][dipl_faq_page_schema_item faq_question=&#8220;Wie sollten die Chargen f\u00fcr die L\u00f6ttests vorbereitet werden?&#8220; _builder_version=&#8220;4.23.1&#8243; _module_preset=&#8220;default&#8220; question_heading_level=&#8220;h2&#8243; question_heading_font=&#8220;|800|||||||&#8220; hover_enabled=&#8220;0&#8243; global_colors_info=&#8220;{}&#8220; sticky_enabled=&#8220;0&#8243;]<\/p>\n<p>Um die verf\u00fcgbare Zeit optimal zu verwenden, sollten die Chargen von \u00d6l gereinigt, beflockt und mit Instrumenten best\u00fcckt werden. Wir k\u00f6nnen diese Vorg\u00e4nge auch gemeinsam vor den Tests durchf\u00fchren, was jedoch die Zeit f\u00fcr die L\u00f6tversuche selbst einschr\u00e4nkt.<\/p>\n<p>[\/dipl_faq_page_schema_item][dipl_faq_page_schema_item faq_question=&#8220;Wie lange dauert ein Prozess?&#8220; _builder_version=&#8220;4.23.1&#8243; _module_preset=&#8220;default&#8220; question_heading_level=&#8220;h2&#8243; question_heading_font=&#8220;|800|||||||&#8220; hover_enabled=&#8220;0&#8243; global_colors_info=&#8220;{}&#8220; sticky_enabled=&#8220;0&#8243;]<\/p>\n<p>Im Durchschnitt sollten Sie mit etwa 2 Stunden pro Versuch rechnen. Das L\u00f6ten selbst dauert 10 bis 30 Minuten. Zu ber\u00fccksichtigen sind jedoch: die ben\u00f6tigte Gesamtdurchlaufzeit durch den F&amp;E-Ofen, der Zeitaufwand f\u00fcr die Chargenvorbereitung, und der Zeitaufwand f\u00fcr die Analyse des Testergebnisses und die eventuelle Parameteranpassung\u00a0 f\u00fcr den n\u00e4chsten Test.<\/p>\n<p>[\/dipl_faq_page_schema_item][\/dipl_faq_page_schema][\/et_pb_column][\/et_pb_row][\/et_pb_section]<\/p>\n","protected":false},"excerpt":{"rendered":"<p>F&#038;E CAB Hartl\u00f6tzentrum SECO\/WARWICK betreibt ein voll ausgestattetes CAB Hartl\u00f6tzentrum, um Kunden zu unterst\u00fctzen, indem sie Tests und Prototypen einer Vielzahl von W\u00e4rmetauschern f\u00fcr alle Anwendungen und Branchen, einschlie\u00dflich Automobil-, Energie-, HLK&#038;K (eng. HVAC&#038;R), und Elektronikindustrie, durchf\u00fchren k\u00f6nnen.REDUZIEREN SIE IHR INVESTITIONSRISIKO, INDEM SIE DIE VORTEILE DES SECO\/WARWICK CAB HARTL\u00d6TZENTRUMS NUTZEN. Das Zentrum kann dann komplette [&hellip;]<\/p>\n","protected":false},"author":2,"featured_media":157796,"parent":160699,"menu_order":0,"comment_status":"closed","ping_status":"closed","template":"","meta":{"_acf_changed":false,"_et_pb_use_builder":"on","_et_pb_old_content":"","_et_gb_content_width":"","footnotes":""},"class_list":["post-160692","page","type-page","status-publish","has-post-thumbnail"],"acf":[],"_links":{"self":[{"href":"https:\/\/www.secowarwick.com\/de\/wp-json\/wp\/v2\/pages\/160692","targetHints":{"allow":["GET"]}}],"collection":[{"href":"https:\/\/www.secowarwick.com\/de\/wp-json\/wp\/v2\/pages"}],"about":[{"href":"https:\/\/www.secowarwick.com\/de\/wp-json\/wp\/v2\/types\/page"}],"author":[{"embeddable":true,"href":"https:\/\/www.secowarwick.com\/de\/wp-json\/wp\/v2\/users\/2"}],"replies":[{"embeddable":true,"href":"https:\/\/www.secowarwick.com\/de\/wp-json\/wp\/v2\/comments?post=160692"}],"version-history":[{"count":6,"href":"https:\/\/www.secowarwick.com\/de\/wp-json\/wp\/v2\/pages\/160692\/revisions"}],"predecessor-version":[{"id":163826,"href":"https:\/\/www.secowarwick.com\/de\/wp-json\/wp\/v2\/pages\/160692\/revisions\/163826"}],"up":[{"embeddable":true,"href":"https:\/\/www.secowarwick.com\/de\/wp-json\/wp\/v2\/pages\/160699"}],"wp:featuredmedia":[{"embeddable":true,"href":"https:\/\/www.secowarwick.com\/de\/wp-json\/wp\/v2\/media\/157796"}],"wp:attachment":[{"href":"https:\/\/www.secowarwick.com\/de\/wp-json\/wp\/v2\/media?parent=160692"}],"curies":[{"name":"wp","href":"https:\/\/api.w.org\/{rel}","templated":true}]}}