{"id":160729,"date":"2024-05-10T09:52:39","date_gmt":"2024-05-10T07:52:39","guid":{"rendered":"https:\/\/www.secowarwick.com\/rd\/seco-melt\/"},"modified":"2024-09-05T11:01:33","modified_gmt":"2024-09-05T09:01:33","slug":"seco-schmelzen-vakuumgiessen","status":"publish","type":"page","link":"https:\/\/www.secowarwick.com\/de\/rd\/seco-schmelzen-vakuumgiessen\/","title":{"rendered":"SECO\/SCHMELZEN &#8211; F&#038;E-Vakuum-Induktionsschmelzzentrum"},"content":{"rendered":"<p>[et_pb_section fb_built=&#8220;1&#8243; admin_label=&#8220;hero section&#8220; module_class=&#8220;rd-2024-secotech-hero-section&#8220; _builder_version=&#8220;4.23.1&#8243; _module_preset=&#8220;default&#8220; background_color=&#8220;#000000&#8243; background_enable_image=&#8220;off&#8220; global_colors_info=&#8220;{}&#8220;][et_pb_row column_structure=&#8220;1_2,1_2&#8243; make_equal=&#8220;on&#8220; module_class=&#8220;rd-2024-secotech-hero-section-wiersz&#8220; _builder_version=&#8220;4.23.1&#8243; _module_preset=&#8220;default&#8220; global_colors_info=&#8220;{}&#8220;][et_pb_column type=&#8220;1_2&#8243; module_class=&#8220;rd-2024-secotech-hero-kolumna-lewa&#8220; _builder_version=&#8220;4.23.1&#8243; _module_preset=&#8220;default&#8220; global_colors_info=&#8220;{}&#8220;][et_pb_text module_class=&#8220;rd-2024-secotech-hero-title&#8220; _builder_version=&#8220;4.23.1&#8243; _module_preset=&#8220;default&#8220; text_font=&#8220;Titillium Web||||||||&#8220; text_text_color=&#8220;#FFFFFF&#8220; header_font=&#8220;TitilliumWeb Black||||||||&#8220; header_text_color=&#8220;#FFFFFF&#8220; global_colors_info=&#8220;{}&#8220;]<\/p>\n<h1>SECO\/SCHMELZEN \u2013 VAKUUMGIESSEN<\/h1>\n<p>SECO\/MELT, hier f\u00fchren wir fortschrittliche Gussverfahren in EQ-, DS- und SC-Technologie f\u00fcr externe Einrichtungen, Institutionen, Universit\u00e4ten und Gewerbekunden durch. Diese Prozesse werden in Form von Tests, Versuchen und kommerziellen Verfahren durchgef\u00fchrt. Alle Aktivit\u00e4ten werden mit SECO\/WARWICK-Vorrichtung durchgef\u00fchrt.<\/p>\n<p>[\/et_pb_text][\/et_pb_column][et_pb_column type=&#8220;1_2&#8243; module_class=&#8220;rd-2024-secotech-hero-kolumna-prawa&#8220; _builder_version=&#8220;4.23.1&#8243; _module_preset=&#8220;default&#8220; global_colors_info=&#8220;{}&#8220;][et_pb_image src=&#8220;https:\/\/www.secowarwick.com\/wp-content\/uploads\/2024\/06\/seolmelt-header.png&#8220; alt=&#8220;SECO\/SCHMELZEN &#8211; F&#038;E-Vakuum-Induktionsschmelzzentrum&#8220; module_class=&#8220;rd-2024-secotech-hero-obraz&#8220; _builder_version=&#8220;4.23.1&#8243; _module_preset=&#8220;default&#8220; global_colors_info=&#8220;{}&#8220;][\/et_pb_image][\/et_pb_column][\/et_pb_row][\/et_pb_section][et_pb_section fb_built=&#8220;1&#8243; custom_padding_last_edited=&#8220;off|desktop&#8220; _builder_version=&#8220;4.23.1&#8243; background_color=&#8220;#000000&#8243; custom_padding=&#8220;0px||0px||false|false&#8220; custom_padding_tablet=&#8220;50px|0|50px|0&#8243; global_colors_info=&#8220;{}&#8220;][et_pb_row custom_padding_last_edited=&#8220;off|desktop&#8220; module_class=&#8220;rd-wiersz rs-secotech-wiersz-uslugi-intro&#8220; _builder_version=&#8220;4.23.1&#8243; _module_preset=&#8220;default&#8220; custom_padding=&#8220;||||false|false&#8220; global_colors_info=&#8220;{}&#8220;][et_pb_column type=&#8220;4_4&#8243; _builder_version=&#8220;4.23.1&#8243; _module_preset=&#8220;default&#8220; global_colors_info=&#8220;{}&#8220;][et_pb_code _builder_version=&#8220;4.23.1&#8243; _module_preset=&#8220;default&#8220; global_colors_info=&#8220;{}&#8220;]<script src=\"https:\/\/ajax.googleapis.com\/ajax\/libs\/jquery\/3.7.1\/jquery.min.js\"><\/script><!-- [et_pb_line_break_holder] -->\t\t    <script><!-- [et_pb_line_break_holder] -->\t\tfunction changeBackground(){<!-- [et_pb_line_break_holder] -->    let windowHeight = window.innerHeight \/ 2;<!-- [et_pb_line_break_holder] -->    let zyly = document.getElementsByClassName('zyla');<!-- [et_pb_line_break_holder] -->    for (let item of zyly) {<!-- [et_pb_line_break_holder] -->       let itemPosition = item.getBoundingClientRect();<!-- [et_pb_line_break_holder] -->       let bottom = itemPosition.bottom;<!-- [et_pb_line_break_holder] -->       let top = itemPosition.top;<!-- [et_pb_line_break_holder] -->       let height = itemPosition.height;<!-- [et_pb_line_break_holder] --><!-- [et_pb_line_break_holder] -->       if( top <= windowHeight){<!-- [et_pb_line_break_holder] -->          let percent = '100';<!-- [et_pb_line_break_holder] -->          if(bottom >= windowHeight){<!-- [et_pb_line_break_holder] -->             percent =  (windowHeight - top) \/ height * 100;<!-- [et_pb_line_break_holder] -->          }<!-- [et_pb_line_break_holder] -->          $(item).css('background-image', 'linear-gradient(to bottom, red ' + percent + '%' +', rgba(0,0,0,0) ' + percent + '%'  );<!-- [et_pb_line_break_holder] -->       }else{<!-- [et_pb_line_break_holder] -->          $(item).css('background-image', '');<!-- [et_pb_line_break_holder] -->       }<!-- [et_pb_line_break_holder] -->    }<!-- [et_pb_line_break_holder] -->}<!-- [et_pb_line_break_holder] --><!-- [et_pb_line_break_holder] -->$(window).scroll( function() {<!-- [et_pb_line_break_holder] -->    changeBackground();<!-- [et_pb_line_break_holder] -->})<!-- [et_pb_line_break_holder] --><!-- [et_pb_line_break_holder] -->$( document ).ready(function() {<!-- [et_pb_line_break_holder] -->          changeBackground();<!-- [et_pb_line_break_holder] -->});<!-- [et_pb_line_break_holder] -->\t\t<\/script>[\/et_pb_code][et_pb_image src=&#8220;https:\/\/www.secowarwick.com\/wp-content\/uploads\/2024\/04\/sciezki-pod-sliderem-1.png&#8220; alt=&#8220;R&#038;D SECO\/WARWICK&#8220; module_class=&#8220;zyla&#8220; _builder_version=&#8220;4.23.1&#8243; _module_preset=&#8220;default&#8220; custom_css_main_element=&#8220;background-color:rgba(139,126,126,1);&#8220; global_colors_info=&#8220;{}&#8220;][\/et_pb_image][et_pb_text admin_label=&#8220;Centrum R&#038;D&#8220; module_class=&#8220;rd-2024-secotech-uslugi&#8220; _builder_version=&#8220;4.23.1&#8243; _module_preset=&#8220;default&#8220; text_font=&#8220;TitilliumWeb Black|||on|||||&#8220; text_text_color=&#8220;#FFFFFF&#8220; header_2_font=&#8220;TitilliumWeb Black||||||||&#8220; header_2_text_color=&#8220;#dc291e&#8220; global_colors_info=&#8220;{}&#8220;]<\/p>\n<h2 style=\"text-align: center;\">F&amp;E-VAKUUM <br \/>INDUKTIONSSCHMELZZENTRUM<\/h2>\n<p>[\/et_pb_text][et_pb_image src=&#8220;https:\/\/www.secowarwick.com\/wp-content\/uploads\/2024\/04\/sciezki-nad-brain.png&#8220; alt=&#8220;R&#038;D SECO\/WARWICK&#8220; title_text=&#8220;plik-tla&#8220; module_class=&#8220;zyla nad-cab&#8220; _builder_version=&#8220;4.23.1&#8243; _module_preset=&#8220;default&#8220; custom_css_main_element=&#8220;background-color:rgba(139,126,126,1);&#8220; global_colors_info=&#8220;{}&#8220;][\/et_pb_image][et_pb_code admin_label=&#8220;kod plastra&#8220; module_class=&#8220;rd-strke-v2&#8243; _builder_version=&#8220;4.23.1&#8243; _module_preset=&#8220;default&#8220; animation_style=&#8220;slide&#8220; animation_direction=&#8220;right&#8220; animation_delay=&#8220;500ms&#8220; locked=&#8220;off&#8220; global_colors_info=&#8220;{}&#8220;][\/et_pb_code][\/et_pb_column][\/et_pb_row][et_pb_row column_structure=&#8220;1_2,1_2&#8243; module_class=&#8220;rd-wiersz&#8220; _builder_version=&#8220;4.23.1&#8243; _module_preset=&#8220;default&#8220; custom_padding=&#8220;||0px||false|false&#8220; locked=&#8220;off&#8220; global_colors_info=&#8220;{}&#8220;][et_pb_column type=&#8220;1_2&#8243; _builder_version=&#8220;4.23.1&#8243; _module_preset=&#8220;default&#8220; global_colors_info=&#8220;{}&#8220;][et_pb_text admin_label=&#8220;Nasze centrum R&#038;D&#8220; module_class=&#8220;rd-2024-secotech-opis-tresc red-square-list-parent&#8220; _builder_version=&#8220;4.23.1&#8243; _module_preset=&#8220;default&#8220; text_font=&#8220;Titillium Web||||||||&#8220; text_text_color=&#8220;#FFFFFF&#8220; custom_margin=&#8220;70px||||false|false&#8220; custom_margin_tablet=&#8220;0px||||false|false&#8220; custom_margin_phone=&#8220;0px||||false|false&#8220; custom_margin_last_edited=&#8220;on|desktop&#8220; global_colors_info=&#8220;{}&#8220;]<\/p>\n<p>Unser F&amp;E-Zentrum ist mit einem Induktionschmelzofen f\u00fcr die Vakuummetallurgie ausgestattet. Die Tiegelkapazit\u00e4t betr\u00e4gt 20 kg. Die Vorrichtung \/ der Ofen erm\u00f6glicht die Herstellung von Equiax (EQ)-Gussk\u00f6rpern sowie mit der gerichteten Erstarrung (DS) und dem Einkristall-Herstellungsverfahren (SC) nach Bridgman. Wir helfen Unternehmen, die erst mit der Vakuummetallurgie beginnen, und solchen, die eine Best\u00e4tigung der Anwendbarkeit der gew\u00e4hlten Technologie f\u00fcr bestimmte Werkst\u00fccke ben\u00f6tigen.<\/p>\n<p>Unsere eigene Vorrichtung, unsere langj\u00e4hrige Erfahrung und unser hochqualifiziertes Personal sind Vorz\u00fcge, die es uns zweifellos erm\u00f6glichen, an der Entwicklung und Erprobung einer bestimmten Technologie noch vor dem Ofenkauf teilzunehmen. Der Kunde hat auch die M\u00f6glichkeit, sich mit dem Ger\u00e4t vertraut zu machen und an dem Prozess teilzunehmen.<\/p>\n<p><em>Auf Wunsch k\u00f6nnen wir Prozesse auf <\/em><em>Pr\u00fcfform<\/em><em>en durchf\u00fchren und die Bewertung <\/em><em>der erhaltenen Gussst\u00fccke<\/em><em> in Bezug auf die gew\u00fcnschte Struktur wird von unseren SECO\/LAB Spezialisten durchgef\u00fchrt!<\/em><\/p>\n<p>[\/et_pb_text][\/et_pb_column][et_pb_column type=&#8220;1_2&#8243; module_class=&#8220;rd-secotech-kolumna-kwadraty-prawa&#8220; _builder_version=&#8220;4.23.1&#8243; _module_preset=&#8220;default&#8220; global_colors_info=&#8220;{}&#8220;][et_pb_image src=&#8220;https:\/\/www.secowarwick.com\/wp-content\/uploads\/2024\/06\/seolmelt-.png&#8220; alt=&#8220;SECO\/SCHMELZEN &#8211; F&#038;E-Vakuum-Induktionsschmelzzentrum&#8220; module_class=&#8220;rd-2024-secotech-hero-obraz&#8220; _builder_version=&#8220;4.23.1&#8243; _module_preset=&#8220;default&#8220; global_colors_info=&#8220;{}&#8220;][\/et_pb_image][\/et_pb_column][\/et_pb_row][et_pb_row module_class=&#8220;secoservice-faq-wiersz rd-faq-wiersz rd-secolab-zapytaj-wiersz&#8220; _builder_version=&#8220;4.23.1&#8243; _module_preset=&#8220;default&#8220; global_colors_info=&#8220;{}&#8220;][et_pb_column type=&#8220;4_4&#8243; module_class=&#8220;various_ss_premium_column&#8220; _builder_version=&#8220;4.23.1&#8243; _module_preset=&#8220;default&#8220; global_colors_info=&#8220;{}&#8220;][et_pb_image src=&#8220;https:\/\/www.secowarwick.com\/wp-content\/uploads\/2024\/04\/sciezki-pod-uczelnie.png&#8220; alt=&#8220;R&#038;D SECO\/WARWICK&#8220; admin_label=&#8220;zyla potrojna&#8220; module_class=&#8220;zyla&#8220; _builder_version=&#8220;4.23.1&#8243; _module_preset=&#8220;default&#8220; custom_css_main_element=&#8220;background-color:rgba(139,126,126,1);&#8220; global_colors_info=&#8220;{}&#8220;][\/et_pb_image][et_pb_text admin_label=&#8220;zapytaj o oferte&#8220; module_class=&#8220;rd-odkryj-button rd-secotech-rfq-button&#8220; _builder_version=&#8220;4.23.1&#8243; _module_preset=&#8220;default&#8220; text_orientation=&#8220;center&#8220; global_colors_info=&#8220;{}&#8220;]<a class=\"paoc-popup-click\" tabindex=\"0\" href=\"https:\/\/www.secowarwick.com\/de\/fordern-sie-hier-ihr-angebot-an\/\"><span class=\"various_poll_link\">FRAGE NACH MEHR<\/span><\/a>[\/et_pb_text][\/et_pb_column][\/et_pb_row][et_pb_row module_class=&#8220;secoservice-faq-wiersz rd-faq-wiersz&#8220; _builder_version=&#8220;4.23.1&#8243; _module_preset=&#8220;default&#8220; locked=&#8220;off&#8220; global_colors_info=&#8220;{}&#8220;][et_pb_column type=&#8220;4_4&#8243; module_class=&#8220;various_ss_premium_column&#8220; _builder_version=&#8220;4.23.1&#8243; _module_preset=&#8220;default&#8220; global_colors_info=&#8220;{}&#8220;][dipl_faq_page_schema closed_toggle_icon=&#8220;&#x4c;||divi||400&#8243; closed_icon_color=&#8220;#FFFFFF&#8220; closed_use_icon_font_size=&#8220;on&#8220; closed_icon_font_size=&#8220;24px&#8220; open_toggle_icon=&#8220;&#x4c;||divi||400&#8243; open_icon_color=&#8220;#000000&#8243; open_use_icon_font_size=&#8220;on&#8220; open_icon_font_size=&#8220;24px&#8220; closed_toggle_bg_color=&#8220;rgba(244,244,244,0)&#8220; open_toggle_bg_color=&#8220;rgba(255,255,255,0)&#8220; module_class=&#8220;rd-faq&#8220; _builder_version=&#8220;4.23.1&#8243; _module_preset=&#8220;default&#8220; faq_heading_font=&#8220;TitilliumWeb Black|900|||||||&#8220; faq_heading_text_color=&#8220;#FFFFFF&#8220; faq_question_closed_font=&#8220;TitilliumWeb Black||||||||&#8220; faq_question_closed_text_color=&#8220;#FFFFFF&#8220; faq_question_closed_font_size=&#8220;26px&#8220; faq_answer_text_font=&#8220;Titillium Web||||||||&#8220; faq_answer_text_text_color=&#8220;#c9c9c9&#8243; faq_answer_text_font_size=&#8220;20px&#8220; animation_direction=&#8220;bottom&#8220; hover_enabled=&#8220;0&#8243; faq_question_closed_font_size_tablet=&#8220;26px&#8220; faq_question_closed_font_size_phone=&#8220;20px&#8220; faq_question_closed_font_size_last_edited=&#8220;on|phone&#8220; faq_answer_text_font_size_tablet=&#8220;24px&#8220; faq_answer_text_font_size_phone=&#8220;16px&#8220; faq_answer_text_font_size_last_edited=&#8220;on|phone&#8220; border_width_all=&#8220;0px&#8220; border_width_right=&#8220;0px&#8220; border_width_left=&#8220;0px&#8220; global_colors_info=&#8220;{}&#8220; sticky_enabled=&#8220;0&#8243;][dipl_faq_page_schema_item faq_question=&#8220;Welche Beschr\u00e4nkungen gibt es f\u00fcr Untersuchungsmaterial?&#8220; _builder_version=&#8220;4.23.1&#8243; _module_preset=&#8220;default&#8220; question_heading_level=&#8220;h2&#8243; question_heading_font=&#8220;|800|||||||&#8220; hover_enabled=&#8220;0&#8243; global_colors_info=&#8220;{}&#8220; sticky_enabled=&#8220;0&#8243;]<\/p>\n<p>In unserem Ofen ist es m\u00f6glich, Materialien mit einem Schmelzpunkt von bis zu 1800 \u00b0C zu schmelzen. Es handelt sich um einen Tiegelofen (mit der so genannten hei\u00dfen Tiegel), der f\u00fcr nicht-reaktive Stoffe wie Nickellegierungen, Kobalt oder Edelmetalle bestimmt ist. Unter bestimmten Voraussetzungen ist auch das Schmelzen von anderen Metallen, einschlie\u00dflich reaktiver Metalle wie Titan, zul\u00e4ssig. Jede Anfrage wird individuell betrachtet und hinsichtlich der Sicherheit und der Durchf\u00fchrbarkeit der Versuche sowie im Hinblick auf die Erzielung bestm\u00f6glicher Ergebnisse analysiert.<\/p>\n<p>[\/dipl_faq_page_schema_item][dipl_faq_page_schema_item faq_question=&#8220;Wie sollte sich der Mandant auf die Tests vorbereiten?&#8220; _builder_version=&#8220;4.23.1&#8243; _module_preset=&#8220;default&#8220; question_heading_level=&#8220;h2&#8243; question_heading_font=&#8220;|800|||||||&#8220; hover_enabled=&#8220;0&#8243; global_colors_info=&#8220;{}&#8220; sticky_enabled=&#8220;0&#8243;]<\/p>\n<p>Wir f\u00fchren auf unserem Ofen Tests mit vom Kunden geliefertem Stoff und Formen durch, aber es bleibt zu vereinbaren, wer die Schmelztiegel bereitstellt. Die an SECO\/WARWICK gelieferten Materialien m\u00fcssen das Sicherheitsdatenblatt (SDB) und alle anderen relevanten Pr\u00fcf- oder Zertifizierungsdokumente enthalten, die f\u00fcr die ordnungsgem\u00e4\u00dfe Materialhandhabung und dessen R\u00fccksendung an den K\u00e4ufer nach der Pr\u00fcfung erforderlich sind.<\/p>\n<p>[\/dipl_faq_page_schema_item][dipl_faq_page_schema_item faq_question=&#8220;Welche Sicherheitsma\u00dfnahmen werden w\u00e4hrend des Tests getroffen?&#8220; _builder_version=&#8220;4.23.1&#8243; _module_preset=&#8220;default&#8220; question_heading_level=&#8220;h2&#8243; question_heading_font=&#8220;|800|||||||&#8220; hover_enabled=&#8220;0&#8243; global_colors_info=&#8220;{}&#8220; sticky_enabled=&#8220;0&#8243;]<\/p>\n<p>Bei der Testdurchf\u00fchrung hat die Sicherheit f\u00fcr uns Priorit\u00e4t. Unsere Vorrichtung wird regelm\u00e4\u00dfig und zyklisch technisch \u00fcberpr\u00fcft, was ihre Zuverl\u00e4ssigkeit und Sicherheit w\u00e4hrend des Betriebs garantiert. \u00a0Dar\u00fcber hinaus werden alle Tests von qualifiziertem und erfahrenem Personal durchgef\u00fchrt, das sowohl mit den Besonderheiten unserer Vorrichtungen als auch mit den Sicherheitsanforderungen der Vakuummetallurgie bestens vertraut ist. So k\u00f6nnen wir sicherstellen, dass die Prozesse nach den h\u00f6chsten Sicherheitsstandards durchgef\u00fchrt werden, was das Risiko minimiert und unseren Kunden Sicherheit gibt.<\/p>\n<p>[\/dipl_faq_page_schema_item][\/dipl_faq_page_schema][\/et_pb_column][\/et_pb_row][\/et_pb_section]<\/p>\n","protected":false},"excerpt":{"rendered":"<p>SECO\/SCHMELZEN \u2013 VAKUUMGIESSEN SECO\/MELT, hier f\u00fchren wir fortschrittliche Gussverfahren in EQ-, DS- und SC-Technologie f\u00fcr externe Einrichtungen, Institutionen, Universit\u00e4ten und Gewerbekunden durch. Diese Prozesse werden in Form von Tests, Versuchen und kommerziellen Verfahren durchgef\u00fchrt. Alle Aktivit\u00e4ten werden mit SECO\/WARWICK-Vorrichtung durchgef\u00fchrt.F&amp;E-VAKUUM INDUKTIONSSCHMELZZENTRUMUnser F&amp;E-Zentrum ist mit einem Induktionschmelzofen f\u00fcr die Vakuummetallurgie ausgestattet. Die Tiegelkapazit\u00e4t betr\u00e4gt 20 kg. [&hellip;]<\/p>\n","protected":false},"author":2,"featured_media":157904,"parent":160699,"menu_order":0,"comment_status":"closed","ping_status":"closed","template":"","meta":{"_acf_changed":false,"_et_pb_use_builder":"on","_et_pb_old_content":"","_et_gb_content_width":"","footnotes":""},"class_list":["post-160729","page","type-page","status-publish","has-post-thumbnail"],"acf":[],"_links":{"self":[{"href":"https:\/\/www.secowarwick.com\/de\/wp-json\/wp\/v2\/pages\/160729","targetHints":{"allow":["GET"]}}],"collection":[{"href":"https:\/\/www.secowarwick.com\/de\/wp-json\/wp\/v2\/pages"}],"about":[{"href":"https:\/\/www.secowarwick.com\/de\/wp-json\/wp\/v2\/types\/page"}],"author":[{"embeddable":true,"href":"https:\/\/www.secowarwick.com\/de\/wp-json\/wp\/v2\/users\/2"}],"replies":[{"embeddable":true,"href":"https:\/\/www.secowarwick.com\/de\/wp-json\/wp\/v2\/comments?post=160729"}],"version-history":[{"count":7,"href":"https:\/\/www.secowarwick.com\/de\/wp-json\/wp\/v2\/pages\/160729\/revisions"}],"predecessor-version":[{"id":163836,"href":"https:\/\/www.secowarwick.com\/de\/wp-json\/wp\/v2\/pages\/160729\/revisions\/163836"}],"up":[{"embeddable":true,"href":"https:\/\/www.secowarwick.com\/de\/wp-json\/wp\/v2\/pages\/160699"}],"wp:featuredmedia":[{"embeddable":true,"href":"https:\/\/www.secowarwick.com\/de\/wp-json\/wp\/v2\/media\/157904"}],"wp:attachment":[{"href":"https:\/\/www.secowarwick.com\/de\/wp-json\/wp\/v2\/media?parent=160729"}],"curies":[{"name":"wp","href":"https:\/\/api.w.org\/{rel}","templated":true}]}}