{"id":160834,"date":"2024-03-05T14:35:07","date_gmt":"2024-03-05T13:35:07","guid":{"rendered":"https:\/\/www.secowarwick.com\/gebrauchtoefen-und-gebrauchte-anlagen\/vertical-vacuum-furnace-vvpt\/"},"modified":"2024-06-17T13:36:09","modified_gmt":"2024-06-17T11:36:09","slug":"vertikaler-vakuumofen","status":"publish","type":"page","link":"https:\/\/www.secowarwick.com\/de\/gebrauchtoefen-und-gebrauchte-anlagen\/vertikaler-vakuumofen\/","title":{"rendered":"VERTIKALER VAKUUMOFEN"},"content":{"rendered":"<p>[et_pb_section fb_built=&#8220;1&#8243; admin_label=&#8220;section&#8220; _builder_version=&#8220;4.16&#8243; custom_padding=&#8220;0px|||&#8220; transparent_background=&#8220;off&#8220; make_fullwidth=&#8220;off&#8220; use_custom_width=&#8220;off&#8220; width_unit=&#8220;on&#8220; global_colors_info=&#8220;{}&#8220;][et_pb_row _builder_version=&#8220;4.16&#8243; _module_preset=&#8220;default&#8220; global_colors_info=&#8220;{}&#8220;][et_pb_column type=&#8220;4_4&#8243; _builder_version=&#8220;4.16&#8243; _module_preset=&#8220;default&#8220; global_colors_info=&#8220;{}&#8220;][et_pb_breadcrumbs _builder_version=&#8220;4.10.3&#8243; _module_preset=&#8220;default&#8220; global_colors_info=&#8220;{}&#8220;][\/et_pb_breadcrumbs][\/et_pb_column][\/et_pb_row][et_pb_row admin_label=&#8220;row&#8220; _builder_version=&#8220;4.16&#8243; background_size=&#8220;initial&#8220; background_position=&#8220;top_left&#8220; background_repeat=&#8220;repeat&#8220; custom_padding=&#8220;0px|||&#8220; make_fullwidth=&#8220;off&#8220; use_custom_width=&#8220;off&#8220; width_unit=&#8220;on&#8220; global_colors_info=&#8220;{}&#8220;][et_pb_column type=&#8220;4_4&#8243; _builder_version=&#8220;4.16&#8243; custom_padding=&#8220;|||&#8220; global_colors_info=&#8220;{}&#8220; custom_padding__hover=&#8220;|||&#8220;][et_pb_divider show_divider=&#8220;off&#8220; _builder_version=&#8220;4.23.1&#8243; _module_preset=&#8220;default&#8220; hover_enabled=&#8220;0&#8243; global_colors_info=&#8220;{}&#8220; sticky_enabled=&#8220;0&#8243;][\/et_pb_divider][et_pb_text module_class=&#8220;red-square-list-parent&#8220; _builder_version=&#8220;4.23.1&#8243; background_size=&#8220;initial&#8220; background_position=&#8220;top_left&#8220; background_repeat=&#8220;repeat&#8220; hover_enabled=&#8220;0&#8243; use_border_color=&#8220;off&#8220; global_colors_info=&#8220;{}&#8220; sticky_enabled=&#8220;0&#8243;]<\/p>\n<h1>VERTIKALER VAKUUMOFEN<\/h1>\n<h2>K\u00dcHLUNGSDRUCK 12 BAR TYP 12,0 VVPT-EH-32\/48N<\/h2>\n<p>&nbsp;<\/p>\n<p>Der Vakuumofen Typ 12.0 VVPT-EH-32\/48N ist f\u00fcr die W\u00e4rmebehandlung unter Vakuum von reparierten Gasturbinenbrennkammern, Getriebekomponenten, Geh\u00e4usen, D\u00fcsen und anderen Teilen aus Hochtemperaturlegierungen entsprechend den Kundenanforderungen ausgelegt:<\/p>\n<p><strong><span style=\"color: #dc291e;\">\/<\/span><\/strong> Abschreckung,<br \/><strong><span style=\"color: #dc291e;\">\/<\/span><\/strong> Tempern,<br \/><strong><span style=\"color: #dc291e;\">\/ <\/span><\/strong>Gl\u00fchen,<br \/><strong><span style=\"color: #dc291e;\">\/<\/span><\/strong> Vakuumhartl\u00f6ten,<br \/><strong><span style=\"color: #dc291e;\">\/<\/span><\/strong> Niederdruckaufkohlung (LPC).<\/p>\n<h2>Allgemeine Angaben:<\/h2>\n<p><strong><span style=\"color: #dc291e;\">\/<\/span><\/strong> Hersteller: SECO\/WARWICK,<br \/><strong><span style=\"color: #dc291e;\">\/<\/span><\/strong> Produktionsjahr: 2004,<br \/><strong><span style=\"color: #dc291e;\">\/<\/span><\/strong> Standort: S\u00fcditalien,<br \/><strong><span style=\"color: #dc291e;\">\/<\/span><\/strong> Ofen in Betrieb &#8211; M\u00f6glichkeit der Vor-Ort-Pr\u00fcfung,<br \/><strong><span style=\"color: #dc291e;\">\/<\/span><\/strong> Wir bieten die technische Bewertung, Verlagerung und Vorrichtungsmontage am Zielstandort im Gebiet der Europ\u00e4ischen Union an.<\/p>\n<p>[\/et_pb_text][\/et_pb_column][\/et_pb_row][\/et_pb_section][et_pb_section fb_built=&#8220;1&#8243; admin_label=&#8220;section&#8220; _builder_version=&#8220;4.19.2&#8243; background_color=&#8220;#f8f8f8&#8243; custom_margin=&#8220;-20px||||false|false&#8220; custom_padding=&#8220;0px||||false|false&#8220; transparent_background=&#8220;off&#8220; make_fullwidth=&#8220;off&#8220; use_custom_width=&#8220;off&#8220; width_unit=&#8220;on&#8220; global_colors_info=&#8220;{}&#8220;][et_pb_row column_structure=&#8220;1_2,1_2&#8243; admin_label=&#8220;row&#8220; _builder_version=&#8220;4.19.2&#8243; background_size=&#8220;initial&#8220; background_position=&#8220;top_left&#8220; background_repeat=&#8220;repeat&#8220; custom_margin=&#8220;-20px||||false|false&#8220; global_colors_info=&#8220;{}&#8220;][et_pb_column type=&#8220;1_2&#8243; _builder_version=&#8220;4.16&#8243; custom_padding=&#8220;|||&#8220; global_colors_info=&#8220;{}&#8220; custom_padding__hover=&#8220;|||&#8220;][et_pb_text _builder_version=&#8220;4.19.2&#8243; _module_preset=&#8220;default&#8220; text_font_size=&#8220;16px&#8220; global_colors_info=&#8220;{}&#8220;]<\/p>\n<p>&nbsp;<\/p>\n<p>&nbsp;<\/p>\n<p>[\/et_pb_text][et_pb_image src=&#8220;https:\/\/www.secowarwick.com\/wp-content\/uploads\/2024\/03\/Vertical-Vacuum-Furnace-VVPT-EH.jpg&#8220; alt=&#8220;Vertical Vacuum Furnace COOLING PRESSURE 12 BAR&#8220; title_text=&#8220;Vertical Vacuum Furnace VVPT-EH&#8220; align_tablet=&#8220;center&#8220; align_phone=&#8220;&#8220; align_last_edited=&#8220;on|desktop&#8220; _builder_version=&#8220;4.23.1&#8243; global_colors_info=&#8220;{}&#8220;][\/et_pb_image][et_pb_image src=&#8220;https:\/\/www.secowarwick.com\/wp-content\/uploads\/2024\/03\/vvpt.jpg&#8220; alt=&#8220;Vertical Vacuum Furnace COOLING PRESSURE 12 BAR&#8220; title_text=&#8220;vvpt&#8220; align_tablet=&#8220;center&#8220; align_phone=&#8220;&#8220; align_last_edited=&#8220;on|desktop&#8220; _builder_version=&#8220;4.23.1&#8243; global_colors_info=&#8220;{}&#8220;][\/et_pb_image][et_pb_image src=&#8220;https:\/\/www.secowarwick.com\/wp-content\/uploads\/2024\/03\/vvpt-eh.jpg&#8220; alt=&#8220;Vertical Vacuum Furnace COOLING PRESSURE 12 BAR&#8220; title_text=&#8220;vvpt-eh&#8220; align_tablet=&#8220;center&#8220; align_phone=&#8220;&#8220; align_last_edited=&#8220;on|desktop&#8220; _builder_version=&#8220;4.23.1&#8243; global_colors_info=&#8220;{}&#8220;][\/et_pb_image][\/et_pb_column][et_pb_column type=&#8220;1_2&#8243; _builder_version=&#8220;4.16&#8243; custom_padding=&#8220;|||&#8220; global_colors_info=&#8220;{}&#8220; custom_padding__hover=&#8220;|||&#8220;][et_pb_text admin_label=&#8220;apostrof&#8220; module_class=&#8220;przecinek-tlo-nizej&#8220; _builder_version=&#8220;4.19.2&#8243; custom_margin=&#8220;||||false|false&#8220; custom_margin_tablet=&#8220;&#8220; custom_margin_phone=&#8220;&#8220; custom_margin_last_edited=&#8220;on|desktop&#8220; saved_tabs=&#8220;all&#8220; global_colors_info=&#8220;{}&#8220;]<\/p>\n<h2>Technical data<\/h2>\n<p>[\/et_pb_text][et_pb_text _builder_version=&#8220;4.23.1&#8243; _module_preset=&#8220;default&#8220; hover_enabled=&#8220;0&#8243; global_colors_info=&#8220;{}&#8220; sticky_enabled=&#8220;0&#8243;]<\/p>\n<table style=\"width: 100%;\" width=\"100%\">\n<tbody>\n<tr>\n<td colspan=\"2\" width=\"570\">\n<p><strong>Grunddaten<\/strong><\/p>\n<\/td>\n<\/tr>\n<tr>\n<td width=\"391\">\n<p>Nutzabmessungen (\u00c6 x H)<\/p>\n<\/td>\n<td width=\"180\">\n<p>800 x 1200 mm\u00a0<\/p>\n<\/td>\n<\/tr>\n<tr>\n<td width=\"391\">\n<p>Maximale Herdbelastung<\/p>\n<\/td>\n<td width=\"180\">\n<p>800kg\u00a0<\/p>\n<\/td>\n<\/tr>\n<tr>\n<td width=\"391\">\n<p><strong>Temperatur<\/strong><\/p>\n<\/td>\n<td width=\"180\">\n<p>&nbsp;<\/p>\n<\/td>\n<\/tr>\n<tr>\n<td width=\"391\">\n<p>Maximale Temperatur<\/p>\n<\/td>\n<td width=\"180\">\n<p>1350\u00b0C\u00a0<\/p>\n<\/td>\n<\/tr>\n<tr>\n<td width=\"391\">\n<p>* Betriebstemperatur \u2013 Vakuumheizung<\/p>\n<\/td>\n<td width=\"180\">\n<p>600 \u2013 1320\u00b0C\u00a0<\/p>\n<\/td>\n<\/tr>\n<tr>\n<td width=\"391\">\n<p>* Betriebstemperatur \u2013 Konvektionserw\u00e4rmung<\/p>\n<\/td>\n<td width=\"180\">\n<p>150 \u2013 750\u00b0C\u00a0<\/p>\n<\/td>\n<\/tr>\n<tr>\n<td width=\"391\">\n<p>Temperaturgleichm\u00e4\u00dfigkeit (leerer Ofen nach dem Ausgleich)\u00a0<\/p>\n<\/td>\n<td width=\"180\">\n<p>\u00b1 5\u00b0C<\/p>\n<\/td>\n<\/tr>\n<tr>\n<td width=\"391\">\n<p><strong>K\u00fchlung<\/strong><\/p>\n<\/td>\n<td width=\"180\">\n<p>&nbsp;<\/p>\n<\/td>\n<\/tr>\n<tr>\n<td width=\"391\">\n<p>Maximaler K\u00fchlgasdruck<\/p>\n<\/td>\n<td width=\"180\">\n<p>12 bar abs.<\/p>\n<\/td>\n<\/tr>\n<tr>\n<td width=\"391\">\n<p>Maximaler Gasdruck bei Konvektionserw\u00e4rmung<\/p>\n<\/td>\n<td width=\"180\">\n<p>Max.. 4 bar abs.<\/p>\n<\/td>\n<\/tr>\n<tr>\n<td width=\"391\">\n<p><strong>Vakuum<\/strong><\/p>\n<\/td>\n<td width=\"180\">\n<p>&nbsp;<\/p>\n<\/td>\n<\/tr>\n<tr>\n<td width=\"391\">\n<p>Endvakuum (sauberer, kalter und leerer Ofen)<\/p>\n<\/td>\n<td width=\"180\">\n<p>&lt; 5 x 10-2 Torr<\/p>\n<\/td>\n<\/tr>\n<tr>\n<td width=\"391\">\n<p>Maximale Infiltrationsrate (sauberer, kalter und leerer Ofen)<\/p>\n<\/td>\n<td width=\"180\">\n<p>1 x 10-3 mbar x l\/s<\/p>\n<\/td>\n<\/tr>\n<tr>\n<td width=\"391\">\n<p>Gesamtgewicht<\/p>\n<\/td>\n<td width=\"180\">\n<p>ca. 12000 kg\u00a0<\/p>\n<\/td>\n<\/tr>\n<tr>\n<td width=\"391\">\n<p><strong>Vakuumkammer<\/strong><\/p>\n<\/td>\n<td width=\"180\">\n<p>&nbsp;<\/p>\n<\/td>\n<\/tr>\n<tr>\n<td width=\"391\">\n<p>Werkstoff<\/p>\n<\/td>\n<td width=\"180\">\n<p>kohlenstoffarmer Stahl<\/p>\n<\/td>\n<\/tr>\n<tr>\n<td width=\"391\">\n<p>Kapazit\u00e4t<\/p>\n<\/td>\n<td width=\"180\">\n<p>6,5m<sup>3<\/sup>\u00a0<\/p>\n<\/td>\n<\/tr>\n<tr>\n<td width=\"391\">\n<p>Schlie\u00dfen der Abdeckung<\/p>\n<\/td>\n<td width=\"180\">\n<p>dritter gesteuerte Befestigungsflansch<\/p>\n<\/td>\n<\/tr>\n<tr>\n<td width=\"391\">\n<p><strong>Heizzone<\/strong><\/p>\n<\/td>\n<td width=\"180\">\n<p>&nbsp;<\/p>\n<\/td>\n<\/tr>\n<tr>\n<td width=\"391\">\n<p>Werkstoffe:<\/p>\n<\/td>\n<td width=\"180\">\n<p>&nbsp;<\/p>\n<\/td>\n<\/tr>\n<tr>\n<td width=\"391\">\n<p>* Struktur<\/p>\n<\/td>\n<td width=\"180\">\n<p>kohlenstoffarmer Stahl<\/p>\n<\/td>\n<\/tr>\n<tr>\n<td width=\"391\">\n<p>* W\u00e4rmed\u00e4mmung<\/p>\n<\/td>\n<td width=\"180\">\n<p>Graphit-Hartfilzplatten und Graphitschaum<\/p>\n<\/td>\n<\/tr>\n<tr>\n<td width=\"391\">\n<p>* Heizelemente<\/p>\n<\/td>\n<td width=\"180\">\n<p>Graphit<\/p>\n<\/td>\n<\/tr>\n<tr>\n<td width=\"391\">\n<p>Heizleistung<\/p>\n<\/td>\n<td width=\"180\">\n<p>180kW (3 x 60\u00a0 kW)<\/p>\n<\/td>\n<\/tr>\n<tr>\n<td width=\"391\">\n<p>Heizzonen<\/p>\n<\/td>\n<td width=\"180\">\n<p>drei: je eine auf jeder Seite des Ofens\u00a0\u00a0\u00a0\u00a0\u00a0\u00a0\u00a0<\/p>\n<\/td>\n<\/tr>\n<tr>\n<td width=\"391\">\n<p>Anordnung der Heizelemente<\/p>\n<\/td>\n<td width=\"180\">\n<p>um die Charge<\/p>\n<\/td>\n<\/tr>\n<tr>\n<td width=\"391\">\n<p>Art der Heizelemente<\/p>\n<\/td>\n<td width=\"180\">\n<p>Niederspannungsb\u00e4nder und Heizungsrohre<\/p>\n<\/td>\n<\/tr>\n<tr>\n<td width=\"391\">\n<p>Konvektionsheizgebl\u00e4se<\/p>\n<\/td>\n<td width=\"180\">\n<p>2 kW; 1500 U\/min<\/p>\n<\/td>\n<\/tr>\n<tr>\n<td width=\"391\">\n<p>Gask\u00fchlsystem<\/p>\n<\/td>\n<td width=\"180\">\n<p>&nbsp;<\/p>\n<\/td>\n<\/tr>\n<tr>\n<td width=\"391\">\n<p>Gaszufuhr<\/p>\n<\/td>\n<td width=\"180\">\n<p>D\u00fcsensystem &#8211; rund um die Charge und vom Boden des Ofens aus<\/p>\n<\/td>\n<\/tr>\n<tr>\n<td width=\"391\">\n<p>Hei\u00dfgasauslass<\/p>\n<\/td>\n<td width=\"180\">\n<p>obere Luke<\/p>\n<\/td>\n<\/tr>\n<tr>\n<td width=\"391\">\n<p>Gasgebl\u00e4se:<\/p>\n<\/td>\n<td width=\"180\">\n<p>&nbsp;<\/p>\n<\/td>\n<\/tr>\n<tr>\n<td width=\"391\">\n<p>* Motor<\/p>\n<\/td>\n<td width=\"180\">\n<p>3000\/1500 U\/min; 110\/37 kW\u00a0 S2=200 kW<\/p>\n<\/td>\n<\/tr>\n<tr>\n<td width=\"391\">\n<p>Pumpensystem<\/p>\n<\/td>\n<td width=\"180\">\n<p>&nbsp;<\/p>\n<\/td>\n<\/tr>\n<tr>\n<td width=\"391\">\n<p>Drehkolbenpumpe<\/p>\n<\/td>\n<td width=\"180\">\n<p>600 m3\/h (340 cfm) * Typ<\/p>\n<\/td>\n<\/tr>\n<tr>\n<td width=\"391\">\n<p>* Motorleistung<\/p>\n<\/td>\n<td width=\"180\">\n<p>5,5 kW<\/p>\n<\/td>\n<\/tr>\n<tr>\n<td width=\"391\">\n<p>&nbsp;<\/p>\n<\/td>\n<td width=\"180\">\n<p>&nbsp;<\/p>\n<\/td>\n<\/tr>\n<tr>\n<td width=\"391\">\n<p>Rootspumpe<\/p>\n<\/td>\n<td width=\"180\">\n<p>2000 m<sup>3<\/sup>\/h<\/p>\n<\/td>\n<\/tr>\n<tr>\n<td width=\"391\">\n<p>* Typ<\/p>\n<\/td>\n<td width=\"180\">\n<p>WCV1200 KAESR\u00a0<\/p>\n<\/td>\n<\/tr>\n<tr>\n<td width=\"391\">\n<p>* Motorleistung<\/p>\n<\/td>\n<td width=\"180\">\n<p>4 kW<\/p>\n<\/td>\n<\/tr>\n<tr>\n<td width=\"391\">\n<p>Vakuumventil<\/p>\n<\/td>\n<td width=\"180\">\n<p>KWW DN100<\/p>\n<\/td>\n<\/tr>\n<tr>\n<td width=\"391\">\u00a0<\/td>\n<td width=\"180\">\n<p>&nbsp;<\/p>\n<\/td>\n<\/tr>\n<tr>\n<td width=\"391\">\n<p><strong>Instrumentierung<\/strong><\/p>\n<\/td>\n<td width=\"180\">\n<p>&nbsp;<\/p>\n<\/td>\n<\/tr>\n<tr>\n<td width=\"391\">\n<p>Steuerung der Heizelementleistung<\/p>\n<\/td>\n<td width=\"180\">\n<p>kontinuierlich<\/p>\n<\/td>\n<\/tr>\n<tr>\n<td width=\"391\">\n<p>Thermoelemente<\/p>\n<\/td>\n<td width=\"180\">\n<p>Typ S (1 Kontrollthermoelement + 1 Sicherheitsthermoelement)<\/p>\n<\/td>\n<\/tr>\n<tr>\n<td width=\"391\">\n<p>&nbsp;<\/p>\n<\/td>\n<td width=\"180\">\n<p>Typ K (2 isothermische K\u00fchlung)<\/p>\n<\/td>\n<\/tr>\n<tr>\n<td width=\"391\">\n<p>Speicherprogrammierbare Steuerung (SPS)<\/p>\n<\/td>\n<td width=\"180\">\n<p>Siemens S7-315<\/p>\n<\/td>\n<\/tr>\n<tr>\n<td width=\"391\">\n<p>Bedienfeld<\/p>\n<\/td>\n<td width=\"180\">\n<p>Siemens 477D<\/p>\n<\/td>\n<\/tr>\n<tr>\n<td width=\"391\">\n<p>Temperaturregler\/ Temperaturprogrammierer<\/p>\n<\/td>\n<td width=\"180\">\n<p>in der SPS<\/p>\n<\/td>\n<\/tr>\n<tr>\n<td width=\"391\">\n<p>&nbsp;<\/p>\n<\/td>\n<td width=\"180\">\n<p>&nbsp;<\/p>\n<\/td>\n<\/tr>\n<tr>\n<td width=\"391\">\n<p>\u00dcberhitzungsregler<\/p>\n<\/td>\n<td width=\"180\">\n<p>UDC 100L Honeywell<\/p>\n<\/td>\n<\/tr>\n<tr>\n<td width=\"391\">\n<p>Vakuumkopf<\/p>\n<\/td>\n<td width=\"180\">\n<p>TTR 216S Leybold-Vacuum<\/p>\n<\/td>\n<\/tr>\n<tr>\n<td width=\"391\">\n<p>* Messbereich<\/p>\n<\/td>\n<td width=\"180\">\n<p>1 x 10-3 \u2013 1 x 103 mbar<\/p>\n<\/td>\n<\/tr>\n<tr>\n<td width=\"391\">\n<p>Partialdruck-Einstellbereich<\/p>\n<\/td>\n<td width=\"180\">\n<p>10-2 bis 1 mbar<\/p>\n<\/td>\n<\/tr>\n<\/tbody>\n<\/table>\n<p>[\/et_pb_text][\/et_pb_column][\/et_pb_row][\/et_pb_section]<\/p>\n","protected":false},"excerpt":{"rendered":"<p>[et_pb_breadcrumbs _builder_version=&#8220;4.10.3&#8243; _module_preset=&#8220;default&#8220; global_colors_info=&#8220;{}&#8220;][\/et_pb_breadcrumbs]VERTIKALER VAKUUMOFEN K\u00dcHLUNGSDRUCK 12 BAR TYP 12,0 VVPT-EH-32\/48N &nbsp; Der Vakuumofen Typ 12.0 VVPT-EH-32\/48N ist f\u00fcr die W\u00e4rmebehandlung unter Vakuum von reparierten Gasturbinenbrennkammern, Getriebekomponenten, Geh\u00e4usen, D\u00fcsen und anderen Teilen aus Hochtemperaturlegierungen entsprechend den Kundenanforderungen ausgelegt: \/ Abschreckung,\/ Tempern,\/ Gl\u00fchen,\/ Vakuumhartl\u00f6ten,\/ Niederdruckaufkohlung (LPC). Allgemeine Angaben: \/ Hersteller: SECO\/WARWICK,\/ Produktionsjahr: 2004,\/ Standort: S\u00fcditalien,\/ Ofen [&hellip;]<\/p>\n","protected":false},"author":2,"featured_media":0,"parent":138630,"menu_order":0,"comment_status":"closed","ping_status":"closed","template":"","meta":{"_acf_changed":false,"_et_pb_use_builder":"on","_et_pb_old_content":"","_et_gb_content_width":"","footnotes":""},"class_list":["post-160834","page","type-page","status-publish"],"acf":[],"_links":{"self":[{"href":"https:\/\/www.secowarwick.com\/de\/wp-json\/wp\/v2\/pages\/160834","targetHints":{"allow":["GET"]}}],"collection":[{"href":"https:\/\/www.secowarwick.com\/de\/wp-json\/wp\/v2\/pages"}],"about":[{"href":"https:\/\/www.secowarwick.com\/de\/wp-json\/wp\/v2\/types\/page"}],"author":[{"embeddable":true,"href":"https:\/\/www.secowarwick.com\/de\/wp-json\/wp\/v2\/users\/2"}],"replies":[{"embeddable":true,"href":"https:\/\/www.secowarwick.com\/de\/wp-json\/wp\/v2\/comments?post=160834"}],"version-history":[{"count":3,"href":"https:\/\/www.secowarwick.com\/de\/wp-json\/wp\/v2\/pages\/160834\/revisions"}],"predecessor-version":[{"id":160880,"href":"https:\/\/www.secowarwick.com\/de\/wp-json\/wp\/v2\/pages\/160834\/revisions\/160880"}],"up":[{"embeddable":true,"href":"https:\/\/www.secowarwick.com\/de\/wp-json\/wp\/v2\/pages\/138630"}],"wp:attachment":[{"href":"https:\/\/www.secowarwick.com\/de\/wp-json\/wp\/v2\/media?parent=160834"}],"curies":[{"name":"wp","href":"https:\/\/api.w.org\/{rel}","templated":true}]}}