{"id":160854,"date":"2024-03-18T13:19:38","date_gmt":"2024-03-18T12:19:38","guid":{"rendered":"https:\/\/www.secowarwick.com\/gebrauchtoefen-und-gebrauchte-anlagen\/horizontal-tempering-furnace\/"},"modified":"2024-07-02T10:41:26","modified_gmt":"2024-07-02T08:41:26","slug":"horizontaler-temperierofen","status":"publish","type":"page","link":"https:\/\/www.secowarwick.com\/de\/gebrauchtoefen-und-gebrauchte-anlagen\/horizontaler-temperierofen\/","title":{"rendered":"Horizontaler temperierofen"},"content":{"rendered":"<p>[et_pb_section fb_built=&#8220;1&#8243; admin_label=&#8220;section&#8220; _builder_version=&#8220;4.16&#8243; custom_padding=&#8220;0px|||&#8220; transparent_background=&#8220;off&#8220; make_fullwidth=&#8220;off&#8220; use_custom_width=&#8220;off&#8220; width_unit=&#8220;on&#8220; global_colors_info=&#8220;{}&#8220;][et_pb_row _builder_version=&#8220;4.16&#8243; _module_preset=&#8220;default&#8220; global_colors_info=&#8220;{}&#8220;][et_pb_column type=&#8220;4_4&#8243; _builder_version=&#8220;4.16&#8243; _module_preset=&#8220;default&#8220; global_colors_info=&#8220;{}&#8220;][et_pb_breadcrumbs _builder_version=&#8220;4.10.3&#8243; _module_preset=&#8220;default&#8220; global_colors_info=&#8220;{}&#8220;][\/et_pb_breadcrumbs][\/et_pb_column][\/et_pb_row][et_pb_row admin_label=&#8220;row&#8220; _builder_version=&#8220;4.16&#8243; background_size=&#8220;initial&#8220; background_position=&#8220;top_left&#8220; background_repeat=&#8220;repeat&#8220; custom_padding=&#8220;0px|||&#8220; make_fullwidth=&#8220;off&#8220; use_custom_width=&#8220;off&#8220; width_unit=&#8220;on&#8220; global_colors_info=&#8220;{}&#8220;][et_pb_column type=&#8220;4_4&#8243; _builder_version=&#8220;4.16&#8243; custom_padding=&#8220;|||&#8220; global_colors_info=&#8220;{}&#8220; custom_padding__hover=&#8220;|||&#8220;][et_pb_divider show_divider=&#8220;off&#8220; _builder_version=&#8220;4.16&#8243; _module_preset=&#8220;default&#8220; global_colors_info=&#8220;{}&#8220;][\/et_pb_divider][et_pb_text module_class=&#8220;red-square-list-parent&#8220; _builder_version=&#8220;4.23.1&#8243; background_size=&#8220;initial&#8220; background_position=&#8220;top_left&#8220; background_repeat=&#8220;repeat&#8220; use_border_color=&#8220;off&#8220; global_colors_info=&#8220;{}&#8220;]<\/p>\n<h1>HORIZONTALER TEMPERIEROFEN<\/h1>\n<h2>TYP \u00a0VTR-5050\/48F<\/h2>\n<p>&nbsp;<\/p>\n<p>Horizontaler Retortenofen zum Vakuumtempern. Das Pumpensystem, die Stromversorgung und die K\u00fchlsysteme sind so konzipiert, dass sie f\u00fcr eine Vielzahl von industriellen W\u00e4rmebehandlungsanwendungen geeignet sind, darunter: Temperierung, Entgasen, Gl\u00fchen und \u00dcbers\u00e4ttigung. Das Hei\u00dfgasumw\u00e4lzgebl\u00e4se sorgt f\u00fcr einen schnellen und gleichm\u00e4\u00dfigen Temperaturanstieg und verbessert den Temperierprozess innerhalb eines automatisch ablaufenden Zyklus. Die K\u00fchlgasr\u00fcckf\u00fchrung umfasst ein externes Gebl\u00e4se, das sowohl die Gleichm\u00e4\u00dfigkeit als auch die Geschwindigkeit der Chargenk\u00fchlung w\u00e4hrend des Abschreckens verbessert.<\/p>\n<p>&nbsp;<\/p>\n<h2>Allgemeine Angaben:<\/h2>\n<p><strong><span style=\"color: #dc291e;\">\/<\/span><\/strong> Hersteller: SECO\/WARWICK,<br \/><strong><span style=\"color: #dc291e;\">\/<\/span><\/strong> Produktionsjahr: 2005,<br \/><strong><span style=\"color: #dc291e;\">\/<\/span><\/strong> Standort: S\u00fcditalien,<br \/><strong><span style=\"color: #dc291e;\">\/<\/span><\/strong> Ofen in Betrieb &#8211; M\u00f6glichkeit der Vor-Ort-Pr\u00fcfung,<br \/><strong><span style=\"color: #dc291e;\">\/<\/span><\/strong> Wir bieten die technische Bewertung, Verlagerung und Vorrichtungsmontage am Zielstandort im Gebiet der Europ\u00e4ischen Union an.<\/p>\n<p>[\/et_pb_text][\/et_pb_column][\/et_pb_row][\/et_pb_section][et_pb_section fb_built=&#8220;1&#8243; admin_label=&#8220;section&#8220; _builder_version=&#8220;4.19.2&#8243; background_color=&#8220;#f8f8f8&#8243; custom_margin=&#8220;-20px||||false|false&#8220; custom_padding=&#8220;0px||||false|false&#8220; transparent_background=&#8220;off&#8220; make_fullwidth=&#8220;off&#8220; use_custom_width=&#8220;off&#8220; width_unit=&#8220;on&#8220; global_colors_info=&#8220;{}&#8220;][et_pb_row column_structure=&#8220;1_2,1_2&#8243; admin_label=&#8220;row&#8220; _builder_version=&#8220;4.19.2&#8243; background_size=&#8220;initial&#8220; background_position=&#8220;top_left&#8220; background_repeat=&#8220;repeat&#8220; custom_margin=&#8220;-20px||||false|false&#8220; global_colors_info=&#8220;{}&#8220;][et_pb_column type=&#8220;1_2&#8243; _builder_version=&#8220;4.16&#8243; custom_padding=&#8220;|||&#8220; global_colors_info=&#8220;{}&#8220; custom_padding__hover=&#8220;|||&#8220;][et_pb_text _builder_version=&#8220;4.19.2&#8243; _module_preset=&#8220;default&#8220; text_font_size=&#8220;16px&#8220; global_colors_info=&#8220;{}&#8220;]<\/p>\n<p>&nbsp;<\/p>\n<p>&nbsp;<\/p>\n<p>[\/et_pb_text][et_pb_image src=&#8220;https:\/\/www.secowarwick.com\/wp-content\/uploads\/2024\/03\/Horizontal-tempering-furnace.jpg&#8220; alt=&#8220;Second hand horizontal tempering furnace&#8220; title_text=&#8220;Horizontal tempering furnace&#8220; align_tablet=&#8220;center&#8220; align_phone=&#8220;&#8220; align_last_edited=&#8220;on|desktop&#8220; _builder_version=&#8220;4.23.1&#8243; global_colors_info=&#8220;{}&#8220;][\/et_pb_image][et_pb_image src=&#8220;https:\/\/www.secowarwick.com\/wp-content\/uploads\/2024\/03\/tempering-furnace.jpg&#8220; alt=&#8220;Second hand horizontal tempering furnace&#8220; title_text=&#8220;tempering furnace&#8220; align_tablet=&#8220;center&#8220; align_phone=&#8220;&#8220; align_last_edited=&#8220;on|desktop&#8220; _builder_version=&#8220;4.23.1&#8243; global_colors_info=&#8220;{}&#8220;][\/et_pb_image][\/et_pb_column][et_pb_column type=&#8220;1_2&#8243; _builder_version=&#8220;4.16&#8243; custom_padding=&#8220;|||&#8220; global_colors_info=&#8220;{}&#8220; custom_padding__hover=&#8220;|||&#8220;][et_pb_text admin_label=&#8220;apostrof&#8220; module_class=&#8220;przecinek-tlo-nizej&#8220; _builder_version=&#8220;4.23.1&#8243; custom_margin=&#8220;||||false|false&#8220; custom_margin_tablet=&#8220;&#8220; custom_margin_phone=&#8220;&#8220; custom_margin_last_edited=&#8220;on|desktop&#8220; saved_tabs=&#8220;all&#8220; global_colors_info=&#8220;{}&#8220;]<\/p>\n<h2>Technische Daten<\/h2>\n<p>[\/et_pb_text][et_pb_text _builder_version=&#8220;4.23.1&#8243; _module_preset=&#8220;default&#8220; hover_enabled=&#8220;0&#8243; global_colors_info=&#8220;{}&#8220; sticky_enabled=&#8220;0&#8243;]<\/p>\n<table style=\"width: 100%;\" width=\"100%\">\n<tbody>\n<tr>\n<td colspan=\"2\" width=\"570\"><strong>Grunddaten<\/strong><\/td>\n<\/tr>\n<tr>\n<td width=\"391\">Nutzabmessungen (B x H x L)<\/td>\n<td width=\"180\">900 x 800 x 1200 mm<\/td>\n<\/tr>\n<tr>\n<td width=\"391\">Maximale Herdbelastung<\/td>\n<td width=\"180\">1200kg<\/td>\n<\/tr>\n<tr>\n<td width=\"391\"><strong>Temperatur<\/strong><\/td>\n<td width=\"180\">\u00a0<\/td>\n<\/tr>\n<tr>\n<td width=\"391\">Maximale Temperatur<\/td>\n<td width=\"180\">750\u00b0C<\/td>\n<\/tr>\n<tr>\n<td width=\"391\">Temperaturgleichm\u00e4\u00dfigkeit (leerer Ofen nach dem Ausgleich)<\/td>\n<td width=\"180\">\u00b1 5\u00b0C<\/td>\n<\/tr>\n<tr>\n<td width=\"391\">Maximaler Betriebsdruck<\/td>\n<td width=\"180\">1o50 mbar<\/td>\n<\/tr>\n<tr>\n<td width=\"391\">Vakuumsp\u00fclung<\/td>\n<td width=\"180\">Bereich 10-2 mbar<\/td>\n<\/tr>\n<tr>\n<td width=\"391\">Maximale Infiltrationsrate (sauberer, kalter und leerer Ofen)<\/td>\n<td width=\"180\">1 x 10-3 mbar x l\/s<\/td>\n<\/tr>\n<tr>\n<td width=\"391\">Gesamtgewicht<\/td>\n<td width=\"180\">ca. 7000 kg<\/td>\n<\/tr>\n<tr>\n<td width=\"391\"><strong>Vakuumkammer<\/strong><\/td>\n<td width=\"180\">\u00a0<\/td>\n<\/tr>\n<tr>\n<td width=\"391\">Werkstoffe:<\/td>\n<td width=\"180\">\u00a0<\/td>\n<\/tr>\n<tr>\n<td width=\"391\">* Struktur<\/td>\n<td width=\"180\">kohlenstoffarmer Stahl<\/td>\n<\/tr>\n<tr>\n<td width=\"391\">* W\u00e4rmed\u00e4mmung<\/td>\n<td width=\"180\">Keramikfaser-Isoliermatten<\/td>\n<\/tr>\n<tr>\n<td width=\"391\">* Heizelemente<\/td>\n<td width=\"180\">Kanthal A1<\/td>\n<\/tr>\n<tr>\n<td width=\"391\">Heizleistung<\/td>\n<td width=\"180\">160 kW<\/td>\n<\/tr>\n<tr>\n<td width=\"391\">Heizzonen<\/td>\n<td width=\"180\">eine<\/td>\n<\/tr>\n<tr>\n<td width=\"391\">Anordnung der Heizelemente<\/td>\n<td width=\"180\">um die Charge<\/td>\n<\/tr>\n<tr>\n<td width=\"391\">Art der Heizelemente<\/td>\n<td width=\"180\">Heizspulen<\/td>\n<\/tr>\n<tr>\n<td width=\"391\">T\u00fcrschlie\u00dfung<\/td>\n<td width=\"180\">Dritter, von einem Linearantrieb gesteuerte Befestigungsflansch<\/td>\n<\/tr>\n<tr>\n<td width=\"391\"><strong>Retorte<\/strong><\/td>\n<td width=\"180\">\u00a0<\/td>\n<\/tr>\n<tr>\n<td width=\"391\">Werkstoff<\/td>\n<td width=\"180\">1,4864<\/td>\n<\/tr>\n<tr>\n<td width=\"391\">Retortenkapazit\u00e4t<\/td>\n<td width=\"180\">4,0m<sup>3<\/sup><\/td>\n<\/tr>\n<tr>\n<td width=\"391\"><strong>Pumpensystem<\/strong><\/td>\n<td width=\"180\">\u00a0<\/td>\n<\/tr>\n<tr>\n<td width=\"391\">Drehkolbenpumpe<\/td>\n<td width=\"180\">290 m3\/h<\/td>\n<\/tr>\n<tr>\n<td width=\"391\">* Motorleistung<\/td>\n<td width=\"180\">5,5 kW<\/td>\n<\/tr>\n<tr>\n<td width=\"391\">* Typ<\/td>\n<td width=\"180\">SV 300 Leybold<\/td>\n<\/tr>\n<tr>\n<td width=\"391\">Rootspumpe<\/td>\n<td width=\"180\">310 m<sup>3<\/sup>\/h<\/td>\n<\/tr>\n<tr>\n<td width=\"391\">* Typ<\/td>\n<td width=\"180\">VWC KAESR<\/td>\n<\/tr>\n<tr>\n<td width=\"391\">* Motorleistung<\/td>\n<td width=\"180\">1,5 kW<\/td>\n<\/tr>\n<tr>\n<td width=\"391\">\u00a0<\/td>\n<td width=\"180\">\u00a0<\/td>\n<\/tr>\n<tr>\n<td width=\"391\">Turbok\u00fchlsystem<\/td>\n<td width=\"180\">Typ DP-1<\/td>\n<\/tr>\n<tr>\n<td width=\"391\">Gebl\u00e4semotorleistung<\/td>\n<td width=\"180\">15 kW<\/td>\n<\/tr>\n<tr>\n<td width=\"391\"><strong>Instrumentierung<\/strong><\/td>\n<td width=\"180\">\u00a0<\/td>\n<\/tr>\n<tr>\n<td width=\"391\">Thermoelemente<\/td>\n<td width=\"180\">Typ K<\/td>\n<\/tr>\n<tr>\n<td width=\"391\">Druckmessumformer<\/td>\n<td width=\"180\">Endress &amp; Hauser<\/td>\n<\/tr>\n<tr>\n<td width=\"391\">Temperaturregler\/ Temperaturprogrammierer<\/td>\n<td width=\"180\">eingebaute SPS<\/td>\n<\/tr>\n<tr>\n<td width=\"391\">\u00dcberhitzungsregler<\/td>\n<td width=\"180\">UDC 100L Honeywell<\/td>\n<\/tr>\n<tr>\n<td width=\"391\">Vakuumkopf<\/td>\n<td width=\"180\">TTR \u2013 211S Leybold-Vacuum<\/td>\n<\/tr>\n<tr>\n<td width=\"391\">* Messbereich<\/td>\n<td width=\"180\">1 x 10<sup>-3<\/sup>\u00a0 do 10<sup>3<\/sup>\u00a0mbar<\/td>\n<\/tr>\n<tr>\n<td width=\"391\">Speicherprogrammierbare Steuerung (SPS) \/ Betreiberschnittstelle<\/td>\n<td width=\"180\">IPC B&amp;R, PPC900<\/td>\n<\/tr>\n<\/tbody>\n<\/table>\n<p>[\/et_pb_text][\/et_pb_column][\/et_pb_row][\/et_pb_section]<\/p>\n","protected":false},"excerpt":{"rendered":"<p>[et_pb_breadcrumbs _builder_version=&#8220;4.10.3&#8243; _module_preset=&#8220;default&#8220; global_colors_info=&#8220;{}&#8220;][\/et_pb_breadcrumbs]HORIZONTALER TEMPERIEROFEN TYP \u00a0VTR-5050\/48F &nbsp; Horizontaler Retortenofen zum Vakuumtempern. Das Pumpensystem, die Stromversorgung und die K\u00fchlsysteme sind so konzipiert, dass sie f\u00fcr eine Vielzahl von industriellen W\u00e4rmebehandlungsanwendungen geeignet sind, darunter: Temperierung, Entgasen, Gl\u00fchen und \u00dcbers\u00e4ttigung. Das Hei\u00dfgasumw\u00e4lzgebl\u00e4se sorgt f\u00fcr einen schnellen und gleichm\u00e4\u00dfigen Temperaturanstieg und verbessert den Temperierprozess innerhalb eines automatisch ablaufenden [&hellip;]<\/p>\n","protected":false},"author":2,"featured_media":160866,"parent":138630,"menu_order":0,"comment_status":"closed","ping_status":"closed","template":"","meta":{"_acf_changed":false,"_et_pb_use_builder":"on","_et_pb_old_content":"","_et_gb_content_width":"","footnotes":""},"class_list":["post-160854","page","type-page","status-publish","has-post-thumbnail"],"acf":[],"_links":{"self":[{"href":"https:\/\/www.secowarwick.com\/de\/wp-json\/wp\/v2\/pages\/160854","targetHints":{"allow":["GET"]}}],"collection":[{"href":"https:\/\/www.secowarwick.com\/de\/wp-json\/wp\/v2\/pages"}],"about":[{"href":"https:\/\/www.secowarwick.com\/de\/wp-json\/wp\/v2\/types\/page"}],"author":[{"embeddable":true,"href":"https:\/\/www.secowarwick.com\/de\/wp-json\/wp\/v2\/users\/2"}],"replies":[{"embeddable":true,"href":"https:\/\/www.secowarwick.com\/de\/wp-json\/wp\/v2\/comments?post=160854"}],"version-history":[{"count":4,"href":"https:\/\/www.secowarwick.com\/de\/wp-json\/wp\/v2\/pages\/160854\/revisions"}],"predecessor-version":[{"id":161410,"href":"https:\/\/www.secowarwick.com\/de\/wp-json\/wp\/v2\/pages\/160854\/revisions\/161410"}],"up":[{"embeddable":true,"href":"https:\/\/www.secowarwick.com\/de\/wp-json\/wp\/v2\/pages\/138630"}],"wp:featuredmedia":[{"embeddable":true,"href":"https:\/\/www.secowarwick.com\/de\/wp-json\/wp\/v2\/media\/160866"}],"wp:attachment":[{"href":"https:\/\/www.secowarwick.com\/de\/wp-json\/wp\/v2\/media?parent=160854"}],"curies":[{"name":"wp","href":"https:\/\/api.w.org\/{rel}","templated":true}]}}