{"id":162088,"date":"2024-07-23T09:55:43","date_gmt":"2024-07-23T07:55:43","guid":{"rendered":"https:\/\/www.secowarwick.com\/gebrauchtoefen-und-gebrauchte-anlagen\/cooling-tower\/"},"modified":"2025-04-23T14:17:30","modified_gmt":"2025-04-23T12:17:30","slug":"geblaesekuehler","status":"publish","type":"page","link":"https:\/\/www.secowarwick.com\/de\/gebrauchtoefen-und-gebrauchte-anlagen\/geblaesekuehler\/","title":{"rendered":"Gebl\u00e4sek\u00fchler"},"content":{"rendered":"<p>[et_pb_section fb_built=&#8220;1&#8243; admin_label=&#8220;section&#8220; _builder_version=&#8220;4.16&#8243; custom_padding=&#8220;0px|||&#8220; transparent_background=&#8220;off&#8220; make_fullwidth=&#8220;off&#8220; use_custom_width=&#8220;off&#8220; width_unit=&#8220;on&#8220; global_colors_info=&#8220;{}&#8220;][et_pb_row admin_label=&#8220;row&#8220; _builder_version=&#8220;4.16&#8243; background_size=&#8220;initial&#8220; background_position=&#8220;top_left&#8220; background_repeat=&#8220;repeat&#8220; custom_padding=&#8220;0px|||&#8220; make_fullwidth=&#8220;off&#8220; use_custom_width=&#8220;off&#8220; width_unit=&#8220;on&#8220; global_colors_info=&#8220;{}&#8220;][et_pb_column type=&#8220;4_4&#8243; _builder_version=&#8220;4.16&#8243; custom_padding=&#8220;|||&#8220; global_colors_info=&#8220;{}&#8220; custom_padding__hover=&#8220;|||&#8220;][et_pb_divider show_divider=&#8220;off&#8220; _builder_version=&#8220;4.16&#8243; _module_preset=&#8220;default&#8220; global_colors_info=&#8220;{}&#8220;][\/et_pb_divider][\/et_pb_column][\/et_pb_row][et_pb_row column_structure=&#8220;1_2,1_2&#8243; admin_label=&#8220;row&#8220; _builder_version=&#8220;4.16&#8243; background_size=&#8220;initial&#8220; background_position=&#8220;top_left&#8220; background_repeat=&#8220;repeat&#8220; custom_padding=&#8220;0px|||&#8220; make_fullwidth=&#8220;off&#8220; use_custom_width=&#8220;off&#8220; width_unit=&#8220;on&#8220; global_colors_info=&#8220;{}&#8220;][et_pb_column type=&#8220;1_2&#8243; _builder_version=&#8220;4.16&#8243; custom_padding=&#8220;|||&#8220; global_colors_info=&#8220;{}&#8220; custom_padding__hover=&#8220;|||&#8220;][et_pb_text module_class=&#8220;red-square-list-parent&#8220; _builder_version=&#8220;4.23.1&#8243; background_size=&#8220;initial&#8220; background_position=&#8220;top_left&#8220; background_repeat=&#8220;repeat&#8220; use_border_color=&#8220;off&#8220; global_colors_info=&#8220;{}&#8220;]<\/p>\n<h3>Allgemeine Informationen:<\/h3>\n<p><strong><span style=\"color: #dc291e;\">\/\u00a0<\/span><\/strong>Gebl\u00e4sek\u00fchler mit Doppelpumpensystem, Notpumpe und Wassertank<br \/><strong><span style=\"color: #dc291e;\">\/\u00a0<\/span><\/strong>Hersteller: ALFA Leval Italy<br \/><strong><span style=\"color: #dc291e;\">\/\u00a0<\/span><\/strong>Produktionsjahr: 2013<br \/><strong><span style=\"color: #dc291e;\">\/\u00a0<\/span><\/strong>Standort &#8211; Tschechische Republik<br \/><strong><span style=\"color: #dc291e;\">\/\u00a0<\/span><\/strong>Verwendungszweck &#8211; das Ger\u00e4t wurde f\u00fcr die K\u00fchlung des Vakuumofens vorgesehen<br \/><strong><span style=\"color: #dc291e;\">\/\u00a0 <\/span><\/strong>Ger\u00e4t abgeschaltet &#8211; keine Pr\u00fcfung vor Ort m\u00f6glich. <a name=\"_Toc408911585\"><\/a>Der Gebl\u00e4sek\u00fchler war mit etwa 1.000 Arbeitsstunden lang in&nbsp;Betrieb, um den Vakuumofen zu k\u00fchlen.<\/p>\n<p>Wir bieten die technische Bewertung, Verlagerung und Installation der Vorrichtung am&nbsp;Zielstandort im&nbsp;Gebiet der Europ\u00e4ischen Union an.<\/p>\n<p>&nbsp;<\/p>\n<p>[\/et_pb_text][et_pb_text admin_label=&#8220;apostrof&#8220; module_class=&#8220;przecinek-tlo-nizej&#8220; _builder_version=&#8220;4.23.1&#8243; custom_margin=&#8220;||||false|false&#8220; custom_margin_tablet=&#8220;&#8220; custom_margin_phone=&#8220;&#8220; custom_margin_last_edited=&#8220;on|desktop&#8220; saved_tabs=&#8220;all&#8220; global_colors_info=&#8220;{}&#8220;]<\/p>\n<h2>Technische Daten:<\/h2>\n<p>Auf Anfrage verf\u00fcgbar<\/p>\n<p>[\/et_pb_text][\/et_pb_column][et_pb_column type=&#8220;1_2&#8243; _builder_version=&#8220;4.16&#8243; custom_padding=&#8220;|||&#8220; global_colors_info=&#8220;{}&#8220; custom_padding__hover=&#8220;|||&#8220;][et_pb_image src=&#8220;https:\/\/www.secowarwick.com\/wp-content\/uploads\/2024\/07\/Cooling-tower.jpg&#8220; alt=&#8220;Cooling tower SECO\/WARWICK&#8220; title_text=&#8220;ITRmini&#8220; align_tablet=&#8220;center&#8220; align_phone=&#8220;&#8220; align_last_edited=&#8220;on|desktop&#8220; _builder_version=&#8220;4.23.1&#8243; global_colors_info=&#8220;{}&#8220;][\/et_pb_image][et_pb_gallery gallery_ids=&#8220;162058,162065,162072,162079&#8243; posts_number=&#8220;1&#8243; show_title_and_caption=&#8220;off&#8220; show_pagination=&#8220;off&#8220; zoom_icon_color=&#8220;#e2001a&#8220; module_class=&#8220;seco-products-gallery-new2025&#8243; _builder_version=&#8220;4.23.1&#8243; custom_margin=&#8220;||||false|false&#8220; hover_enabled=&#8220;0&#8243; custom_css_free_form=&#8220;.et_overlay:before {||    content: &#8218;GALERIE ANSEHEN&#8216; !important;||}&#8220; locked=&#8220;off&#8220; global_colors_info=&#8220;{}&#8220; sticky_enabled=&#8220;0&#8243;][\/et_pb_gallery][\/et_pb_column][\/et_pb_row][\/et_pb_section]<\/p>\n","protected":false},"excerpt":{"rendered":"<p>Allgemeine Informationen: \/\u00a0Gebl\u00e4sek\u00fchler mit Doppelpumpensystem, Notpumpe und Wassertank\/\u00a0Hersteller: ALFA Leval Italy\/\u00a0Produktionsjahr: 2013\/\u00a0Standort &#8211; Tschechische Republik\/\u00a0Verwendungszweck &#8211; das Ger\u00e4t wurde f\u00fcr die K\u00fchlung des Vakuumofens vorgesehen\/\u00a0 Ger\u00e4t abgeschaltet &#8211; keine Pr\u00fcfung vor Ort m\u00f6glich. Der Gebl\u00e4sek\u00fchler war mit etwa 1.000 Arbeitsstunden lang in&nbsp;Betrieb, um den Vakuumofen zu k\u00fchlen. Wir bieten die technische Bewertung, Verlagerung und Installation [&hellip;]<\/p>\n","protected":false},"author":2,"featured_media":162050,"parent":138630,"menu_order":0,"comment_status":"closed","ping_status":"closed","template":"","meta":{"_acf_changed":false,"_et_pb_use_builder":"on","_et_pb_old_content":"","_et_gb_content_width":"","footnotes":""},"class_list":["post-162088","page","type-page","status-publish","has-post-thumbnail"],"acf":[],"_links":{"self":[{"href":"https:\/\/www.secowarwick.com\/de\/wp-json\/wp\/v2\/pages\/162088","targetHints":{"allow":["GET"]}}],"collection":[{"href":"https:\/\/www.secowarwick.com\/de\/wp-json\/wp\/v2\/pages"}],"about":[{"href":"https:\/\/www.secowarwick.com\/de\/wp-json\/wp\/v2\/types\/page"}],"author":[{"embeddable":true,"href":"https:\/\/www.secowarwick.com\/de\/wp-json\/wp\/v2\/users\/2"}],"replies":[{"embeddable":true,"href":"https:\/\/www.secowarwick.com\/de\/wp-json\/wp\/v2\/comments?post=162088"}],"version-history":[{"count":6,"href":"https:\/\/www.secowarwick.com\/de\/wp-json\/wp\/v2\/pages\/162088\/revisions"}],"predecessor-version":[{"id":176590,"href":"https:\/\/www.secowarwick.com\/de\/wp-json\/wp\/v2\/pages\/162088\/revisions\/176590"}],"up":[{"embeddable":true,"href":"https:\/\/www.secowarwick.com\/de\/wp-json\/wp\/v2\/pages\/138630"}],"wp:featuredmedia":[{"embeddable":true,"href":"https:\/\/www.secowarwick.com\/de\/wp-json\/wp\/v2\/media\/162050"}],"wp:attachment":[{"href":"https:\/\/www.secowarwick.com\/de\/wp-json\/wp\/v2\/media?parent=162088"}],"curies":[{"name":"wp","href":"https:\/\/api.w.org\/{rel}","templated":true}]}}