{"id":162139,"date":"2024-07-23T10:22:04","date_gmt":"2024-07-23T08:22:04","guid":{"rendered":"https:\/\/www.secowarwick.com\/gebrauchtoefen-und-gebrauchte-anlagen\/vacuum-hardening-furnace-type-kopp\/"},"modified":"2025-04-23T14:17:40","modified_gmt":"2025-04-23T12:17:40","slug":"vakuum-abschreckofen-typ-kopp","status":"publish","type":"page","link":"https:\/\/www.secowarwick.com\/de\/gebrauchtoefen-und-gebrauchte-anlagen\/vakuum-abschreckofen-typ-kopp\/","title":{"rendered":"VAKUUM-ABSCHRECKOFEN TYP KOPP"},"content":{"rendered":"<p>[et_pb_section fb_built=&#8220;1&#8243; admin_label=&#8220;section&#8220; _builder_version=&#8220;4.16&#8243; custom_padding=&#8220;0px|||&#8220; transparent_background=&#8220;off&#8220; make_fullwidth=&#8220;off&#8220; use_custom_width=&#8220;off&#8220; width_unit=&#8220;on&#8220; global_colors_info=&#8220;{}&#8220;][et_pb_row admin_label=&#8220;row&#8220; _builder_version=&#8220;4.16&#8243; background_size=&#8220;initial&#8220; background_position=&#8220;top_left&#8220; background_repeat=&#8220;repeat&#8220; custom_padding=&#8220;0px|||&#8220; make_fullwidth=&#8220;off&#8220; use_custom_width=&#8220;off&#8220; width_unit=&#8220;on&#8220; global_colors_info=&#8220;{}&#8220;][et_pb_column type=&#8220;4_4&#8243; _builder_version=&#8220;4.16&#8243; custom_padding=&#8220;|||&#8220; global_colors_info=&#8220;{}&#8220; custom_padding__hover=&#8220;|||&#8220;][et_pb_divider show_divider=&#8220;off&#8220; _builder_version=&#8220;4.16&#8243; _module_preset=&#8220;default&#8220; global_colors_info=&#8220;{}&#8220;][\/et_pb_divider][\/et_pb_column][\/et_pb_row][et_pb_row admin_label=&#8220;row&#8220; _builder_version=&#8220;4.16&#8243; background_size=&#8220;initial&#8220; background_position=&#8220;top_left&#8220; background_repeat=&#8220;repeat&#8220; custom_padding=&#8220;0px|||&#8220; make_fullwidth=&#8220;off&#8220; use_custom_width=&#8220;off&#8220; width_unit=&#8220;on&#8220; global_colors_info=&#8220;{}&#8220;][et_pb_column type=&#8220;4_4&#8243; _builder_version=&#8220;4.16&#8243; custom_padding=&#8220;|||&#8220; global_colors_info=&#8220;{}&#8220; custom_padding__hover=&#8220;|||&#8220;][et_pb_text module_class=&#8220;red-square-list-parent&#8220; _builder_version=&#8220;4.23.1&#8243; background_size=&#8220;initial&#8220; background_position=&#8220;top_left&#8220; background_repeat=&#8220;repeat&#8220; use_border_color=&#8220;off&#8220; global_colors_info=&#8220;{}&#8220;]<\/p>\n<h3>Allgemeine Angaben:<\/h3>\n<p><strong><span style=\"color: #dc291e;\">\/\u00a0<\/span><\/strong>Verwendungszweck: Vakuum-Abschreckofen<br \/><strong><span style=\"color: #dc291e;\">\/\u00a0<\/span><\/strong>Hersteller: KOPP<br \/><strong><span style=\"color: #dc291e;\">\/\u00a0<\/span><\/strong>Produktionsjahr: 1991<br \/><strong><span style=\"color: #dc291e;\">\/\u00a0<\/span><\/strong>Standort &#8211; Tschechische Republik<br \/><strong><span style=\"color: #dc291e;\">\/\u00a0<\/span><\/strong>Ofen in&nbsp;Betrieb \u2013 Pr\u00fcfung m\u00f6glich<\/p>\n<p>Zustand: Ofen in&nbsp;betriebsbereitem Zustand; st\u00e4ndig in&nbsp;Betrieb; kontinuierliche Wartung durch die hauseigene Wartungsabteilung. Im&nbsp;Jahr 2023 wurde die Graphitisolierung in&nbsp;der Heizkammer ersetzt.<\/p>\n<p>Wir bieten die technische Bewertung, Verlagerung und Installation der Vorrichtung am&nbsp;Zielstandort im&nbsp;Gebiet der Europ\u00e4ischen Union an.<\/p>\n<p>[\/et_pb_text][\/et_pb_column][\/et_pb_row][\/et_pb_section][et_pb_section fb_built=&#8220;1&#8243; admin_label=&#8220;section&#8220; _builder_version=&#8220;4.19.2&#8243; background_color=&#8220;#f8f8f8&#8243; custom_margin=&#8220;-20px||||false|false&#8220; custom_padding=&#8220;0px||||false|false&#8220; transparent_background=&#8220;off&#8220; make_fullwidth=&#8220;off&#8220; use_custom_width=&#8220;off&#8220; width_unit=&#8220;on&#8220; global_colors_info=&#8220;{}&#8220;][et_pb_row column_structure=&#8220;1_2,1_2&#8243; admin_label=&#8220;row&#8220; _builder_version=&#8220;4.19.2&#8243; background_size=&#8220;initial&#8220; background_position=&#8220;top_left&#8220; background_repeat=&#8220;repeat&#8220; custom_margin=&#8220;-20px||||false|false&#8220; global_colors_info=&#8220;{}&#8220;][et_pb_column type=&#8220;1_2&#8243; _builder_version=&#8220;4.16&#8243; custom_padding=&#8220;|||&#8220; global_colors_info=&#8220;{}&#8220; custom_padding__hover=&#8220;|||&#8220;][et_pb_gallery gallery_ids=&#8220;162119,162126,162133&#8243; posts_number=&#8220;1&#8243; show_title_and_caption=&#8220;off&#8220; show_pagination=&#8220;off&#8220; zoom_icon_color=&#8220;#e2001a&#8220; module_class=&#8220;seco-products-gallery-new2025&#8243; _builder_version=&#8220;4.23.1&#8243; custom_margin=&#8220;||||false|false&#8220; hover_enabled=&#8220;0&#8243; custom_css_free_form=&#8220;.et_overlay:before {||    content: &#8218;GALERIE ANSEHEN&#8216; !important;||}&#8220; locked=&#8220;off&#8220; global_colors_info=&#8220;{}&#8220; sticky_enabled=&#8220;0&#8243;][\/et_pb_gallery][et_pb_image src=&#8220;https:\/\/www.secowarwick.com\/wp-content\/uploads\/2024\/07\/Vacuum-hardening-furnace-TYPE-KOPP.jpg&#8220; alt=&#8220;Vacuum hardening furnace TYPE KOPP&#8220; align_tablet=&#8220;center&#8220; align_phone=&#8220;&#8220; align_last_edited=&#8220;on|desktop&#8220; _builder_version=&#8220;4.23.1&#8243; global_colors_info=&#8220;{}&#8220;][\/et_pb_image][\/et_pb_column][et_pb_column type=&#8220;1_2&#8243; _builder_version=&#8220;4.16&#8243; custom_padding=&#8220;|||&#8220; global_colors_info=&#8220;{}&#8220; custom_padding__hover=&#8220;|||&#8220;][et_pb_text admin_label=&#8220;apostrof&#8220; module_class=&#8220;przecinek-tlo-nizej&#8220; _builder_version=&#8220;4.23.1&#8243; custom_margin=&#8220;||||false|false&#8220; custom_margin_tablet=&#8220;&#8220; custom_margin_phone=&#8220;&#8220; custom_margin_last_edited=&#8220;on|desktop&#8220; saved_tabs=&#8220;all&#8220; global_colors_info=&#8220;{}&#8220;]<\/p>\n<h2>Technische Angaben:<\/h2>\n<p>[\/et_pb_text][et_pb_text _builder_version=&#8220;4.23.1&#8243; _module_preset=&#8220;default&#8220; global_colors_info=&#8220;{}&#8220;]<\/p>\n<table width=\"100%\">\n<tbody>\n<tr>\n<td>Ofenbezeichnung<\/td>\n<td>VG 300 PUK<\/td>\n<\/tr>\n<tr>\n<td>Kammerabmessungen<\/td>\n<td>600x600x900 mm (horizontal)<\/td>\n<\/tr>\n<tr>\n<td>Max. Chargengewicht<\/td>\n<td>600 kg<\/td>\n<\/tr>\n<tr>\n<td>Betriebstemperatur<\/td>\n<td>400 \u2013 1350\u00b0 C<\/td>\n<\/tr>\n<tr>\n<td><span style=\"font-family: inherit; font-size: inherit;\">Max. Betriebsvakuum<\/span><\/td>\n<td><span style=\"font-family: inherit; font-size: inherit;\">1 x&nbsp;10-2<\/span><\/td>\n<\/tr>\n<tr>\n<td>Max. \u00dcberdruck<\/td>\n<td>6 bar Abs<\/td>\n<\/tr>\n<tr>\n<td>Betriebsgas<\/td>\n<td>Stickstoff<\/td>\n<\/tr>\n<tr>\n<td>Temperaturgleichm\u00e4\u00dfigkeit<\/td>\n<td>K, \u00b15\u00b0C<\/td>\n<\/tr>\n<tr>\n<td>Heizzonen<\/td>\n<td>1<\/td>\n<\/tr>\n<tr>\n<td>Geh\u00e4usek\u00fchlung<\/td>\n<td>4 \u2013 6 bar.<\/td>\n<\/tr>\n<tr>\n<td><span style=\"font-family: inherit; font-size: inherit;\">K\u00fchlwasserverbrauch\u00a0<\/span><\/td>\n<td>max. 24\u00b0C 580 l\/min<\/td>\n<\/tr>\n<tr>\n<td>Notk\u00fchlwasser<\/td>\n<td>70 l\/min<\/td>\n<\/tr>\n<tr>\n<td>Vakuumpumpen\u00a0<\/td>\n<td>3 Typen von Alcatel<\/td>\n<\/tr>\n<tr>\n<td>Nennspannung der Netzkomponenten<\/td>\n<td>3&#215;380\/220 V&nbsp;\/ 50 Hz<\/td>\n<\/tr>\n<tr>\n<td>Max. Sicherung<\/td>\n<td>3&#215;500 A<\/td>\n<\/tr>\n<tr>\n<td><span style=\"font-family: inherit; font-size: inherit;\">Eingangsleistung<\/span><\/td>\n<td><span style=\"font-family: inherit; font-size: inherit;\">250 kVA<\/span><\/td>\n<\/tr>\n<tr>\n<td>Informationssystem<\/td>\n<td>DEMIG<\/td>\n<\/tr>\n<tr>\n<td>\n<p><span style=\"font-family: inherit; font-size: inherit;\">Ofengewicht<\/span><\/p>\n<\/td>\n<td>ca. 1130 kg<\/td>\n<\/tr>\n<\/tbody>\n<\/table>\n<p>[\/et_pb_text][\/et_pb_column][\/et_pb_row][\/et_pb_section]<\/p>\n","protected":false},"excerpt":{"rendered":"<p>Allgemeine Angaben: \/\u00a0Verwendungszweck: Vakuum-Abschreckofen\/\u00a0Hersteller: KOPP\/\u00a0Produktionsjahr: 1991\/\u00a0Standort &#8211; Tschechische Republik\/\u00a0Ofen in&nbsp;Betrieb \u2013 Pr\u00fcfung m\u00f6glich Zustand: Ofen in&nbsp;betriebsbereitem Zustand; st\u00e4ndig in&nbsp;Betrieb; kontinuierliche Wartung durch die hauseigene Wartungsabteilung. Im&nbsp;Jahr 2023 wurde die Graphitisolierung in&nbsp;der Heizkammer ersetzt. Wir bieten die technische Bewertung, Verlagerung und Installation der Vorrichtung am&nbsp;Zielstandort im&nbsp;Gebiet der Europ\u00e4ischen Union an.Technische Angaben: Ofenbezeichnung VG 300 PUK Kammerabmessungen [&hellip;]<\/p>\n","protected":false},"author":2,"featured_media":162109,"parent":138630,"menu_order":0,"comment_status":"closed","ping_status":"closed","template":"","meta":{"_acf_changed":false,"_et_pb_use_builder":"on","_et_pb_old_content":"","_et_gb_content_width":"","footnotes":""},"class_list":["post-162139","page","type-page","status-publish","has-post-thumbnail"],"acf":[],"_links":{"self":[{"href":"https:\/\/www.secowarwick.com\/de\/wp-json\/wp\/v2\/pages\/162139","targetHints":{"allow":["GET"]}}],"collection":[{"href":"https:\/\/www.secowarwick.com\/de\/wp-json\/wp\/v2\/pages"}],"about":[{"href":"https:\/\/www.secowarwick.com\/de\/wp-json\/wp\/v2\/types\/page"}],"author":[{"embeddable":true,"href":"https:\/\/www.secowarwick.com\/de\/wp-json\/wp\/v2\/users\/2"}],"replies":[{"embeddable":true,"href":"https:\/\/www.secowarwick.com\/de\/wp-json\/wp\/v2\/comments?post=162139"}],"version-history":[{"count":7,"href":"https:\/\/www.secowarwick.com\/de\/wp-json\/wp\/v2\/pages\/162139\/revisions"}],"predecessor-version":[{"id":176591,"href":"https:\/\/www.secowarwick.com\/de\/wp-json\/wp\/v2\/pages\/162139\/revisions\/176591"}],"up":[{"embeddable":true,"href":"https:\/\/www.secowarwick.com\/de\/wp-json\/wp\/v2\/pages\/138630"}],"wp:featuredmedia":[{"embeddable":true,"href":"https:\/\/www.secowarwick.com\/de\/wp-json\/wp\/v2\/media\/162109"}],"wp:attachment":[{"href":"https:\/\/www.secowarwick.com\/de\/wp-json\/wp\/v2\/media?parent=162139"}],"curies":[{"name":"wp","href":"https:\/\/api.w.org\/{rel}","templated":true}]}}