{"id":163189,"date":"2024-08-28T11:51:27","date_gmt":"2024-08-28T09:51:27","guid":{"rendered":"https:\/\/www.secowarwick.com\/gebrauchtoefen-und-gebrauchte-anlagen\/piec-do-wypalania-ceramiki-typ-res-lt-900\/"},"modified":"2025-04-23T14:23:15","modified_gmt":"2025-04-23T12:23:15","slug":"keramikbrennofen-typ-res-lt-900","status":"publish","type":"page","link":"https:\/\/www.secowarwick.com\/de\/gebrauchtoefen-und-gebrauchte-anlagen\/keramikbrennofen-typ-res-lt-900\/","title":{"rendered":"KERAMIKBRENNOFEN Typ: RES LT 900"},"content":{"rendered":"<p>[et_pb_section fb_built=&#8220;1&#8243; admin_label=&#8220;section&#8220; _builder_version=&#8220;4.16&#8243; custom_padding=&#8220;0px|||&#8220; transparent_background=&#8220;off&#8220; make_fullwidth=&#8220;off&#8220; use_custom_width=&#8220;off&#8220; width_unit=&#8220;on&#8220; global_colors_info=&#8220;{}&#8220;][et_pb_row admin_label=&#8220;row&#8220; _builder_version=&#8220;4.16&#8243; background_size=&#8220;initial&#8220; background_position=&#8220;top_left&#8220; background_repeat=&#8220;repeat&#8220; custom_padding=&#8220;0px|||&#8220; make_fullwidth=&#8220;off&#8220; use_custom_width=&#8220;off&#8220; width_unit=&#8220;on&#8220; global_colors_info=&#8220;{}&#8220;][et_pb_column type=&#8220;4_4&#8243; _builder_version=&#8220;4.16&#8243; custom_padding=&#8220;|||&#8220; global_colors_info=&#8220;{}&#8220; custom_padding__hover=&#8220;|||&#8220;][et_pb_divider show_divider=&#8220;off&#8220; _builder_version=&#8220;4.16&#8243; _module_preset=&#8220;default&#8220; global_colors_info=&#8220;{}&#8220;][\/et_pb_divider][\/et_pb_column][\/et_pb_row][et_pb_row column_structure=&#8220;1_2,1_2&#8243; admin_label=&#8220;row&#8220; _builder_version=&#8220;4.16&#8243; background_size=&#8220;initial&#8220; background_position=&#8220;top_left&#8220; background_repeat=&#8220;repeat&#8220; custom_padding=&#8220;0px|||&#8220; make_fullwidth=&#8220;off&#8220; use_custom_width=&#8220;off&#8220; width_unit=&#8220;on&#8220; global_colors_info=&#8220;{}&#8220;][et_pb_column type=&#8220;1_2&#8243; _builder_version=&#8220;4.16&#8243; custom_padding=&#8220;|||&#8220; global_colors_info=&#8220;{}&#8220; custom_padding__hover=&#8220;|||&#8220;][et_pb_text module_class=&#8220;red-square-list-parent&#8220; _builder_version=&#8220;4.23.1&#8243; background_size=&#8220;initial&#8220; background_position=&#8220;top_left&#8220; background_repeat=&#8220;repeat&#8220; use_border_color=&#8220;off&#8220; global_colors_info=&#8220;{}&#8220;]<\/p>\n<h3>Allgemeine Informationen:<\/h3>\n<p><strong><span style=\"color: #dc291e;\">\/ <\/span><\/strong>Gasrollenofen zum Keramikbrennen (andere Anwendungen m\u00f6glich)<br \/><strong><span style=\"color: #dc291e;\">\/ <\/span><\/strong>Hersteller: RES<br \/><strong><span style=\"color: #dc291e;\">\/\u00a0<\/span><\/strong>Produktionsjahr: 2016<br \/><strong><span style=\"color: #dc291e;\">\/\u00a0<\/span><\/strong>Standort: Vereinigtes K\u00f6nigreich<br \/><strong><span style=\"color: #dc291e;\">\/\u00a0<\/span><\/strong>Ofen au\u00dfer Betrieb mit der M\u00f6glichkeit der Pr\u00fcfung<br \/><strong><span style=\"color: #dc291e;\">\/\u00a0<\/span><\/strong>Zustand: Sehr gut. Die Vorrichtung war nur 6 Monate lang in&nbsp;Betrieb und wurde aufgrund einer \u00c4nderung des Gesch\u00e4ftskonzepts au\u00dfer Betrieb genommen.<\/p>\n<p>Wir bieten die technische Bewertung, Verlagerung und Installation der Vorrichtung am&nbsp;Zielstandort im&nbsp;Gebiet der Europ\u00e4ischen Union an.<\/p>\n<p>[\/et_pb_text][\/et_pb_column][et_pb_column type=&#8220;1_2&#8243; _builder_version=&#8220;4.16&#8243; custom_padding=&#8220;|||&#8220; global_colors_info=&#8220;{}&#8220; custom_padding__hover=&#8220;|||&#8220;][et_pb_image src=&#8220;https:\/\/www.secowarwick.com\/wp-content\/uploads\/2024\/08\/PIEC-DO-WYPALANIA-CERAMIKI-RES-LT-900.jpg&#8220; alt=&#8220;PIEC DO\u00a0WYPALANIA CERAMIKI Typ: RES LT 900&#8243; align_tablet=&#8220;center&#8220; align_phone=&#8220;&#8220; align_last_edited=&#8220;on|desktop&#8220; _builder_version=&#8220;4.23.1&#8243; global_colors_info=&#8220;{}&#8220;][\/et_pb_image][et_pb_gallery gallery_ids=&#8220;163169,163176,163183&#8243; posts_number=&#8220;1&#8243; show_title_and_caption=&#8220;off&#8220; show_pagination=&#8220;off&#8220; zoom_icon_color=&#8220;#e2001a&#8220; module_class=&#8220;seco-products-gallery-new2025&#8243; _builder_version=&#8220;4.23.1&#8243; custom_margin=&#8220;||||false|false&#8220; hover_enabled=&#8220;0&#8243; custom_css_free_form=&#8220;.et_overlay:before {||    content: &#8218;GALERIE ANSEHEN&#8216; !important;||}&#8220; custom_css_overlay=&#8220;content: %22GALERIA%22 !important;&#8220; locked=&#8220;off&#8220; global_colors_info=&#8220;{}&#8220; sticky_enabled=&#8220;0&#8243;][\/et_pb_gallery][\/et_pb_column][\/et_pb_row][\/et_pb_section][et_pb_section fb_built=&#8220;1&#8243; admin_label=&#8220;section&#8220; _builder_version=&#8220;4.19.2&#8243; background_color=&#8220;#f8f8f8&#8243; custom_margin=&#8220;-20px||||false|false&#8220; custom_padding=&#8220;0px||||false|false&#8220; transparent_background=&#8220;off&#8220; make_fullwidth=&#8220;off&#8220; use_custom_width=&#8220;off&#8220; width_unit=&#8220;on&#8220; global_colors_info=&#8220;{}&#8220;][et_pb_row admin_label=&#8220;row&#8220; _builder_version=&#8220;4.19.2&#8243; background_size=&#8220;initial&#8220; background_position=&#8220;top_left&#8220; background_repeat=&#8220;repeat&#8220; custom_margin=&#8220;-20px||||false|false&#8220; global_colors_info=&#8220;{}&#8220;][et_pb_column type=&#8220;4_4&#8243; _builder_version=&#8220;4.16&#8243; custom_padding=&#8220;|||&#8220; global_colors_info=&#8220;{}&#8220; custom_padding__hover=&#8220;|||&#8220;][et_pb_text admin_label=&#8220;apostrof&#8220; module_class=&#8220;przecinek-tlo-nizej&#8220; _builder_version=&#8220;4.23.1&#8243; custom_margin=&#8220;||||false|false&#8220; custom_margin_tablet=&#8220;&#8220; custom_margin_phone=&#8220;&#8220; custom_margin_last_edited=&#8220;on|desktop&#8220; saved_tabs=&#8220;all&#8220; global_colors_info=&#8220;{}&#8220;]<\/p>\n<h2>Technische Daten:<\/h2>\n<p>&nbsp;<\/p>\n<p>[\/et_pb_text][et_pb_text _builder_version=&#8220;4.23.1&#8243; _module_preset=&#8220;default&#8220; global_colors_info=&#8220;{}&#8220;]<\/p>\n<table>\n<tbody>\n<tr>\n<td>\u00a0<\/td>\n<td>Einheit<\/td>\n<td>Parameter<\/td>\n<td>Bemerkung<\/td>\n<\/tr>\n<tr>\n<td>Ofenl\u00e4nge<\/td>\n<td>m<\/td>\n<td>20.735<\/td>\n<td>\u00a0<\/td>\n<\/tr>\n<tr>\n<td>Ofenmodule<\/td>\n<td>\/<\/td>\n<td>11<\/td>\n<td>L\u00e4nge der einzelnen Module: 1885mm<\/td>\n<\/tr>\n<tr>\n<td>innere Ofenbreite<\/td>\n<td>mm<\/td>\n<td>1800<\/td>\n<td>Nutzbreite 1600mm<\/td>\n<\/tr>\n<tr>\n<td>Verbrennungszyklus<\/td>\n<td>Minuten<\/td>\n<td>120-160<\/td>\n<td>Wechselrichtersteuerung, einstellbar<\/td>\n<\/tr>\n<tr>\n<td>Max. Nutztemperatur<\/td>\n<td>\u00b0C<\/td>\n<td>1000<\/td>\n<td>\u00a0<\/td>\n<\/tr>\n<tr>\n<td>Max. Betriebstemperatur<\/td>\n<td>\u00b0C<\/td>\n<td>950<\/td>\n<td>\u00a0<\/td>\n<\/tr>\n<tr>\n<td>Brennstoff<\/td>\n<td>\u00a0<\/td>\n<td>Erdgas<\/td>\n<td>8300KCAL\/M3<\/td>\n<\/tr>\n<tr>\n<td>Anzahl der Brenner<\/td>\n<td>Stk.<\/td>\n<td>32<\/td>\n<td>\u00a0<\/td>\n<\/tr>\n<tr>\n<td>Temperaturkontrollpunkt<\/td>\n<td>Punkt<\/td>\n<td>14<\/td>\n<td>enth\u00e4lt 6 automatische Kontrollpunkte<\/td>\n<\/tr>\n<tr>\n<td>Ofendruck<\/td>\n<td>\/<\/td>\n<td>Automatisch gesteuert<\/td>\n<td>Verbrennungsluftdruck automatisch gesteuert<\/td>\n<\/tr>\n<tr>\n<td>Temperaturabweichung<\/td>\n<td>\u00b0C<\/td>\n<td>\u00b13<\/td>\n<td>\u00a0<\/td>\n<\/tr>\n<tr>\n<td>Brennerklasse<\/td>\n<td>%<\/td>\n<td>\u226596%<\/td>\n<td>einschlie\u00dflich 90 % erstklassiger<br \/>Produkte<\/td>\n<\/tr>\n<tr>\n<td>Verbrennungsart<\/td>\n<td>\/<\/td>\n<td>Oxidation<\/td>\n<td>saubere Verbrennung<\/td>\n<\/tr>\n<tr>\n<td>Antriebstyp<\/td>\n<td>\/<\/td>\n<td>45\u00b0 Kegelradgetriebe f\u00fcr den Antrieb der unteren Ofenzone<\/td>\n<td>Drehzahlregelung mit einem Frequenzumrichter<\/td>\n<\/tr>\n<tr>\n<td>Steuerungsart<\/td>\n<td>\/<\/td>\n<td>PID-Auto-TEMP.-Regelung<\/td>\n<td>\u00a0speicherprogrammierbare Steuerung (SPS)<\/td>\n<\/tr>\n<tr>\n<td>Chargengr\u00f6\u00dfe<\/td>\n<td>mm<\/td>\n<td>315*415mm<\/td>\n<td>\u00a0<\/td>\n<\/tr>\n<tr>\n<td>Dachkonstruktion des Ofens<\/td>\n<td>\u00a0<\/td>\n<td>Oberteil<\/td>\n<td>Cordierit-Platten verwendet<\/td>\n<\/tr>\n<tr>\n<td>Abstand zur Rollenmitte<\/td>\n<td>mm<\/td>\n<td>65<\/td>\n<td>\u00a0<\/td>\n<\/tr>\n<tr>\n<td>Rollendurchmesser<\/td>\n<td>mm<\/td>\n<td>\u03a645<\/td>\n<td>\u00a0<\/td>\n<\/tr>\n<tr>\n<td>Rollenanzahl<\/td>\n<td>Stk.<\/td>\n<td>319<\/td>\n<td>Keramikrolle<\/td>\n<\/tr>\n<tr>\n<td>Max. Ofen\u00fcberdruck<\/td>\n<td>Pa<\/td>\n<td>5<\/td>\n<td>\u00a0<\/td>\n<\/tr>\n<tr>\n<td>Geh\u00e4useau\u00dfentemperatur<\/td>\n<td>\u00b0C<\/td>\n<td>\u226465\u00b0C<\/td>\n<td>Angenommene Raumtemperatur 20\u00b0C<\/td>\n<\/tr>\n<\/tbody>\n<\/table>\n<p>[\/et_pb_text][\/et_pb_column][\/et_pb_row][\/et_pb_section]<\/p>\n","protected":false},"excerpt":{"rendered":"<p>Allgemeine Informationen: \/ Gasrollenofen zum Keramikbrennen (andere Anwendungen m\u00f6glich)\/ Hersteller: RES\/\u00a0Produktionsjahr: 2016\/\u00a0Standort: Vereinigtes K\u00f6nigreich\/\u00a0Ofen au\u00dfer Betrieb mit der M\u00f6glichkeit der Pr\u00fcfung\/\u00a0Zustand: Sehr gut. Die Vorrichtung war nur 6 Monate lang in&nbsp;Betrieb und wurde aufgrund einer \u00c4nderung des Gesch\u00e4ftskonzepts au\u00dfer Betrieb genommen. Wir bieten die technische Bewertung, Verlagerung und Installation der Vorrichtung am&nbsp;Zielstandort im&nbsp;Gebiet der Europ\u00e4ischen [&hellip;]<\/p>\n","protected":false},"author":2,"featured_media":0,"parent":138630,"menu_order":0,"comment_status":"closed","ping_status":"closed","template":"","meta":{"_acf_changed":false,"_et_pb_use_builder":"on","_et_pb_old_content":"","_et_gb_content_width":"","footnotes":""},"class_list":["post-163189","page","type-page","status-publish"],"acf":[],"_links":{"self":[{"href":"https:\/\/www.secowarwick.com\/de\/wp-json\/wp\/v2\/pages\/163189","targetHints":{"allow":["GET"]}}],"collection":[{"href":"https:\/\/www.secowarwick.com\/de\/wp-json\/wp\/v2\/pages"}],"about":[{"href":"https:\/\/www.secowarwick.com\/de\/wp-json\/wp\/v2\/types\/page"}],"author":[{"embeddable":true,"href":"https:\/\/www.secowarwick.com\/de\/wp-json\/wp\/v2\/users\/2"}],"replies":[{"embeddable":true,"href":"https:\/\/www.secowarwick.com\/de\/wp-json\/wp\/v2\/comments?post=163189"}],"version-history":[{"count":6,"href":"https:\/\/www.secowarwick.com\/de\/wp-json\/wp\/v2\/pages\/163189\/revisions"}],"predecessor-version":[{"id":176597,"href":"https:\/\/www.secowarwick.com\/de\/wp-json\/wp\/v2\/pages\/163189\/revisions\/176597"}],"up":[{"embeddable":true,"href":"https:\/\/www.secowarwick.com\/de\/wp-json\/wp\/v2\/pages\/138630"}],"wp:attachment":[{"href":"https:\/\/www.secowarwick.com\/de\/wp-json\/wp\/v2\/media?parent=163189"}],"curies":[{"name":"wp","href":"https:\/\/api.w.org\/{rel}","templated":true}]}}