{"id":164418,"date":"2024-09-20T07:32:10","date_gmt":"2024-09-20T05:32:10","guid":{"rendered":"https:\/\/www.secowarwick.com\/gebrauchtoefen-und-gebrauchte-anlagen\/electric-furnace-with-a-rotary-hearth\/"},"modified":"2025-04-23T14:21:09","modified_gmt":"2025-04-23T12:21:09","slug":"elektrischer-ofen","status":"publish","type":"page","link":"https:\/\/www.secowarwick.com\/de\/gebrauchtoefen-und-gebrauchte-anlagen\/elektrischer-ofen\/","title":{"rendered":"Elektrischer ofen TYP RHE-230\/1000A  mit der drehwelle und einem wasserbad"},"content":{"rendered":"<p>[et_pb_section fb_built=&#8220;1&#8243; admin_label=&#8220;section&#8220; _builder_version=&#8220;4.16&#8243; custom_padding=&#8220;0px|||&#8220; transparent_background=&#8220;off&#8220; make_fullwidth=&#8220;off&#8220; use_custom_width=&#8220;off&#8220; width_unit=&#8220;on&#8220; global_colors_info=&#8220;{}&#8220;][et_pb_row admin_label=&#8220;row&#8220; _builder_version=&#8220;4.16&#8243; background_size=&#8220;initial&#8220; background_position=&#8220;top_left&#8220; background_repeat=&#8220;repeat&#8220; custom_padding=&#8220;0px|||&#8220; make_fullwidth=&#8220;off&#8220; use_custom_width=&#8220;off&#8220; width_unit=&#8220;on&#8220; global_colors_info=&#8220;{}&#8220;][et_pb_column type=&#8220;4_4&#8243; _builder_version=&#8220;4.16&#8243; custom_padding=&#8220;|||&#8220; global_colors_info=&#8220;{}&#8220; custom_padding__hover=&#8220;|||&#8220;][et_pb_divider show_divider=&#8220;off&#8220; _builder_version=&#8220;4.16&#8243; _module_preset=&#8220;default&#8220; global_colors_info=&#8220;{}&#8220;][\/et_pb_divider][\/et_pb_column][\/et_pb_row][et_pb_row admin_label=&#8220;row&#8220; _builder_version=&#8220;4.16&#8243; background_size=&#8220;initial&#8220; background_position=&#8220;top_left&#8220; background_repeat=&#8220;repeat&#8220; custom_padding=&#8220;0px|||&#8220; make_fullwidth=&#8220;off&#8220; use_custom_width=&#8220;off&#8220; width_unit=&#8220;on&#8220; global_colors_info=&#8220;{}&#8220;][et_pb_column type=&#8220;4_4&#8243; _builder_version=&#8220;4.16&#8243; custom_padding=&#8220;|||&#8220; global_colors_info=&#8220;{}&#8220; custom_padding__hover=&#8220;|||&#8220;][et_pb_text module_class=&#8220;red-square-list-parent&#8220; _builder_version=&#8220;4.23.1&#8243; background_size=&#8220;initial&#8220; background_position=&#8220;top_left&#8220; background_repeat=&#8220;repeat&#8220; use_border_color=&#8220;off&#8220; global_colors_info=&#8220;{}&#8220;]<\/p>\n<h3>Allgemeine Angaben:<\/h3>\n<p><strong><span style=\"color: #dc291e;\">\/<\/span><\/strong>\u00a0Elektrischer Ofen Typ Rhe-230\/1000a\u00a0 mit der Drehwelle und einem Wasserbad<br \/>zur Durchf\u00fchrung von W\u00e4rmebehandlungsprozessen an Stahlwerkst\u00fccken bei Temperaturen bis zu 1000\u00b0C ohne Schutzgas.<br \/><strong><span style=\"color: #dc291e;\">\/<\/span><\/strong>\u00a0Hersteller: SECO\/WARWICK<br \/><strong><span style=\"color: #dc291e;\">\/<\/span><\/strong>\u00a0Produktionsjahr: 2014<br \/><strong><span style=\"color: #dc291e;\">\/<\/span><\/strong>\u00a0Standort: S\u00fcdpolen<br \/><strong><span style=\"color: #dc291e;\">\/<\/span><\/strong>\u00a0Nach der ersten Inbetriebnahme und Pr\u00fcfung wurde der Ofen aufgrund einer \u00c4nderung des Gesch\u00e4ftsprofils des Eigent\u00fcmers nie&nbsp;benutzt.<br \/><strong><span style=\"color: #dc291e;\">\/<\/span><\/strong>\u00a0M\u00f6glichkeit, den Ofen nach vorheriger Absprache vor Ort anzuschlie\u00dfen und zu testen.<\/p>\n<p>Wir bieten die technische Bewertung, Verlagerung und Installation der Vorrichtung am&nbsp;Zielstandort im&nbsp;Gebiet der Europ\u00e4ischen Union an.<\/p>\n<p>[\/et_pb_text][\/et_pb_column][\/et_pb_row][\/et_pb_section][et_pb_section fb_built=&#8220;1&#8243; admin_label=&#8220;section&#8220; _builder_version=&#8220;4.19.2&#8243; background_color=&#8220;#f8f8f8&#8243; custom_margin=&#8220;-20px||||false|false&#8220; custom_padding=&#8220;0px||||false|false&#8220; transparent_background=&#8220;off&#8220; make_fullwidth=&#8220;off&#8220; use_custom_width=&#8220;off&#8220; width_unit=&#8220;on&#8220; global_colors_info=&#8220;{}&#8220;][et_pb_row column_structure=&#8220;1_2,1_2&#8243; admin_label=&#8220;row&#8220; _builder_version=&#8220;4.19.2&#8243; background_size=&#8220;initial&#8220; background_position=&#8220;top_left&#8220; background_repeat=&#8220;repeat&#8220; custom_margin=&#8220;-20px||||false|false&#8220; global_colors_info=&#8220;{}&#8220;][et_pb_column type=&#8220;1_2&#8243; _builder_version=&#8220;4.16&#8243; custom_padding=&#8220;|||&#8220; global_colors_info=&#8220;{}&#8220; custom_padding__hover=&#8220;|||&#8220;][et_pb_gallery gallery_ids=&#8220;164383,164390,164397,164404,164411,164375&#8243; posts_number=&#8220;1&#8243; show_title_and_caption=&#8220;off&#8220; show_pagination=&#8220;off&#8220; zoom_icon_color=&#8220;#e2001a&#8220; module_class=&#8220;seco-products-gallery-new2025&#8243; _builder_version=&#8220;4.23.1&#8243; custom_margin=&#8220;||||false|false&#8220; hover_enabled=&#8220;0&#8243; custom_css_overlay_icon=&#8220;content: &#8218;GALERIE ANSEHEN&#8216; !important;&#8220; locked=&#8220;off&#8220; global_colors_info=&#8220;{}&#8220; sticky_enabled=&#8220;0&#8243;][\/et_pb_gallery][et_pb_image src=&#8220;https:\/\/www.secowarwick.com\/wp-content\/uploads\/2024\/09\/Piec-obrotowy-RHE_cover.jpg&#8220; alt=&#8220;Elektrischer ofen TYP RHE-230\/1000A  mit der drehwelle und einem wasserbad&#8220; align_tablet=&#8220;center&#8220; align_phone=&#8220;&#8220; align_last_edited=&#8220;on|desktop&#8220; _builder_version=&#8220;4.23.1&#8243; global_colors_info=&#8220;{}&#8220;][\/et_pb_image][\/et_pb_column][et_pb_column type=&#8220;1_2&#8243; _builder_version=&#8220;4.16&#8243; custom_padding=&#8220;|||&#8220; global_colors_info=&#8220;{}&#8220; custom_padding__hover=&#8220;|||&#8220;][et_pb_text admin_label=&#8220;apostrof&#8220; module_class=&#8220;przecinek-tlo-nizej&#8220; _builder_version=&#8220;4.23.1&#8243; custom_margin=&#8220;||||false|false&#8220; custom_margin_tablet=&#8220;&#8220; custom_margin_phone=&#8220;&#8220; custom_margin_last_edited=&#8220;on|desktop&#8220; saved_tabs=&#8220;all&#8220; global_colors_info=&#8220;{}&#8220;]<\/p>\n<h2>Technische Daten:<\/h2>\n<p>[\/et_pb_text][et_pb_text _builder_version=&#8220;4.23.1&#8243; _module_preset=&#8220;default&#8220; global_colors_info=&#8220;{}&#8220;]<\/p>\n<p>&nbsp;<\/p>\n<table width=\"100%\">\n<tbody>\n<tr>\n<td>Nenntemperatur<\/td>\n<td>1000\u00b0C<\/td>\n<\/tr>\n<tr>\n<td>Gewicht der Ofencharge<\/td>\n<td>400 kg Nettogewicht<\/td>\n<\/tr>\n<tr>\n<td>Abmessungen des Batchfensters<\/td>\n<td>H-700,W-450<\/td>\n<\/tr>\n<tr>\n<td>Niveau des Ofenbetriebs<\/td>\n<td>1020 mm<\/td>\n<\/tr>\n<tr>\n<td>Volllaststrom<\/td>\n<td>1050 A<\/td>\n<\/tr>\n<tr>\n<td>Leistung der Heizelemente<\/td>\n<td>166 kW<\/td>\n<\/tr>\n<tr>\n<td>Nennspannung<\/td>\n<td>3&#215;400\/230 V<\/td>\n<\/tr>\n<tr>\n<td>Stromfrequenz<\/td>\n<td>50 Hz<\/td>\n<\/tr>\n<tr>\n<td>K\u00fchlwasserverbrauch (0,2\u00f70,5 MPa)<\/td>\n<td>3 m3\/h<\/td>\n<\/tr>\n<tr>\n<td>Leistung des Wellenantriebsmotors<\/td>\n<td>0.25 kW<\/td>\n<\/tr>\n<tr>\n<td><strong>Abmessungen des Lade- oder Entladefensters:<\/strong><\/td>\n<td>\u00a0<\/td>\n<\/tr>\n<tr>\n<td>&#8211; Breite<\/td>\n<td>700 mm<\/td>\n<\/tr>\n<tr>\n<td>&#8211; H\u00f6he<\/td>\n<td>450 mm<\/td>\n<\/tr>\n<tr>\n<td>T\u00fcrantrieb<\/td>\n<td>pneumatisch<\/td>\n<\/tr>\n<tr>\n<td>Au\u00dfenwandtemperatur<\/td>\n<td>\u2264 80\u00b0C<\/td>\n<\/tr>\n<tr>\n<td>Digitaler Temperaturregler<\/td>\n<td>safety<\/td>\n<\/tr>\n<tr>\n<td>SPS-Steuerung<\/td>\n<td>S-7 Siemens<\/td>\n<\/tr>\n<tr>\n<td>Bedienfeld<\/td>\n<td>Pro-Face 10,4\u2019\u2019<\/td>\n<\/tr>\n<tr>\n<td><strong>Gesamtabmessungen des Ofens:<\/strong><\/td>\n<td>\u00a0<\/td>\n<\/tr>\n<tr>\n<td>&#8211; Breite<\/td>\n<td>~ 3700 mm<\/td>\n<\/tr>\n<tr>\n<td>&#8211; L\u00e4nge<\/td>\n<td>~ 4200 mm<\/td>\n<\/tr>\n<tr>\n<td>&#8211; H\u00f6he (mit Abdeckung)<\/td>\n<td>~ 3260 mm<\/td>\n<\/tr>\n<tr>\n<td>Ofengewicht (ohne Charge)<\/td>\n<td>~ 9000 kg<\/td>\n<\/tr>\n<\/tbody>\n<\/table>\n<p>[\/et_pb_text][\/et_pb_column][\/et_pb_row][\/et_pb_section]<\/p>\n","protected":false},"excerpt":{"rendered":"<p>Allgemeine Angaben: \/\u00a0Elektrischer Ofen Typ Rhe-230\/1000a\u00a0 mit der Drehwelle und einem Wasserbadzur Durchf\u00fchrung von W\u00e4rmebehandlungsprozessen an Stahlwerkst\u00fccken bei Temperaturen bis zu 1000\u00b0C ohne Schutzgas.\/\u00a0Hersteller: SECO\/WARWICK\/\u00a0Produktionsjahr: 2014\/\u00a0Standort: S\u00fcdpolen\/\u00a0Nach der ersten Inbetriebnahme und Pr\u00fcfung wurde der Ofen aufgrund einer \u00c4nderung des Gesch\u00e4ftsprofils des Eigent\u00fcmers nie&nbsp;benutzt.\/\u00a0M\u00f6glichkeit, den Ofen nach vorheriger Absprache vor Ort anzuschlie\u00dfen und zu testen. Wir [&hellip;]<\/p>\n","protected":false},"author":2,"featured_media":164375,"parent":138630,"menu_order":0,"comment_status":"closed","ping_status":"closed","template":"","meta":{"_acf_changed":false,"_et_pb_use_builder":"on","_et_pb_old_content":"","_et_gb_content_width":"","footnotes":""},"class_list":["post-164418","page","type-page","status-publish","has-post-thumbnail"],"acf":[],"_links":{"self":[{"href":"https:\/\/www.secowarwick.com\/de\/wp-json\/wp\/v2\/pages\/164418","targetHints":{"allow":["GET"]}}],"collection":[{"href":"https:\/\/www.secowarwick.com\/de\/wp-json\/wp\/v2\/pages"}],"about":[{"href":"https:\/\/www.secowarwick.com\/de\/wp-json\/wp\/v2\/types\/page"}],"author":[{"embeddable":true,"href":"https:\/\/www.secowarwick.com\/de\/wp-json\/wp\/v2\/users\/2"}],"replies":[{"embeddable":true,"href":"https:\/\/www.secowarwick.com\/de\/wp-json\/wp\/v2\/comments?post=164418"}],"version-history":[{"count":6,"href":"https:\/\/www.secowarwick.com\/de\/wp-json\/wp\/v2\/pages\/164418\/revisions"}],"predecessor-version":[{"id":176594,"href":"https:\/\/www.secowarwick.com\/de\/wp-json\/wp\/v2\/pages\/164418\/revisions\/176594"}],"up":[{"embeddable":true,"href":"https:\/\/www.secowarwick.com\/de\/wp-json\/wp\/v2\/pages\/138630"}],"wp:featuredmedia":[{"embeddable":true,"href":"https:\/\/www.secowarwick.com\/de\/wp-json\/wp\/v2\/media\/164375"}],"wp:attachment":[{"href":"https:\/\/www.secowarwick.com\/de\/wp-json\/wp\/v2\/media?parent=164418"}],"curies":[{"name":"wp","href":"https:\/\/api.w.org\/{rel}","templated":true}]}}