{"id":164525,"date":"2024-09-21T09:48:09","date_gmt":"2024-09-21T07:48:09","guid":{"rendered":"https:\/\/www.secowarwick.com\/gebrauchtoefen-und-gebrauchte-anlagen\/industrial-roller-washing-machine\/"},"modified":"2025-04-23T14:22:58","modified_gmt":"2025-04-23T12:22:58","slug":"industrielle-walzenwaschvorrichtung","status":"publish","type":"page","link":"https:\/\/www.secowarwick.com\/de\/gebrauchtoefen-und-gebrauchte-anlagen\/industrielle-walzenwaschvorrichtung\/","title":{"rendered":"Industrielle walzenwaschvorrichtung"},"content":{"rendered":"<p>[et_pb_section fb_built=&#8220;1&#8243; admin_label=&#8220;section&#8220; _builder_version=&#8220;4.16&#8243; custom_padding=&#8220;0px|||&#8220; transparent_background=&#8220;off&#8220; make_fullwidth=&#8220;off&#8220; use_custom_width=&#8220;off&#8220; width_unit=&#8220;on&#8220; global_colors_info=&#8220;{}&#8220;][et_pb_row admin_label=&#8220;row&#8220; _builder_version=&#8220;4.16&#8243; background_size=&#8220;initial&#8220; background_position=&#8220;top_left&#8220; background_repeat=&#8220;repeat&#8220; custom_padding=&#8220;0px|||&#8220; make_fullwidth=&#8220;off&#8220; use_custom_width=&#8220;off&#8220; width_unit=&#8220;on&#8220; global_colors_info=&#8220;{}&#8220;][et_pb_column type=&#8220;4_4&#8243; _builder_version=&#8220;4.16&#8243; custom_padding=&#8220;|||&#8220; global_colors_info=&#8220;{}&#8220; custom_padding__hover=&#8220;|||&#8220;][et_pb_divider show_divider=&#8220;off&#8220; _builder_version=&#8220;4.16&#8243; _module_preset=&#8220;default&#8220; global_colors_info=&#8220;{}&#8220;][\/et_pb_divider][\/et_pb_column][\/et_pb_row][et_pb_row admin_label=&#8220;row&#8220; _builder_version=&#8220;4.16&#8243; background_size=&#8220;initial&#8220; background_position=&#8220;top_left&#8220; background_repeat=&#8220;repeat&#8220; custom_padding=&#8220;0px|||&#8220; make_fullwidth=&#8220;off&#8220; use_custom_width=&#8220;off&#8220; width_unit=&#8220;on&#8220; global_colors_info=&#8220;{}&#8220;][et_pb_column type=&#8220;4_4&#8243; _builder_version=&#8220;4.16&#8243; custom_padding=&#8220;|||&#8220; global_colors_info=&#8220;{}&#8220; custom_padding__hover=&#8220;|||&#8220;][et_pb_text module_class=&#8220;red-square-list-parent&#8220; _builder_version=&#8220;4.23.1&#8243; background_size=&#8220;initial&#8220; background_position=&#8220;top_left&#8220; background_repeat=&#8220;repeat&#8220; use_border_color=&#8220;off&#8220; global_colors_info=&#8220;{}&#8220;]<\/p>\n<h3>Allgemeine Angaben:<\/h3>\n<p><strong><span style=\"color: #dc291e;\">\/<\/span><\/strong> Industrielle Walzenwaschvorrichtung mit der Funktion Waschen, Sp\u00fclen und Trocknen<br \/><strong><span style=\"color: #dc291e;\">\/<\/span><\/strong>\u00a0Hersteller: ILVET s.r.l.<br \/><strong><span style=\"color: #dc291e;\">\/<\/span><\/strong>\u00a0Herstellungsjahr 2013<br \/><strong><span style=\"color: #dc291e;\">\/<\/span><\/strong>\u00a0Standort \u2013 Polen \u2013 SECO\/WARWICK-Lager<br \/><strong><span style=\"color: #dc291e;\">\/<\/span><\/strong>\u00a0Vorrichtung au\u00dfer Betrieb: anschlie\u00dfbar und pr\u00fcfbar<br \/><strong><span style=\"color: #dc291e;\">\/<\/span><\/strong>\u00a0Zustand: Sehr gut. Das Ger\u00e4t hat nie&nbsp;funktioniert &#8211; Vertragsk\u00fcndigung durch den Kunden.\u00a0 Waschanlage f\u00fcr kontinuierlichen Betrieb \u00a0\u2013 anpassungsf\u00e4hige Lagerringe f\u00fcr andere Produktionsverfahren<a name=\"_Toc408911585\"><\/a>.<\/p>\n<p>Wir bieten die technische Bewertung, Verlagerung und Installation der Vorrichtung am&nbsp;Zielstandort im&nbsp;Gebiet der Europ\u00e4ischen Union, als auch eine Anpassung an die spezifischen Kundenvorrichtungen\/Prozesse an.<\/p>\n<p>[\/et_pb_text][\/et_pb_column][\/et_pb_row][\/et_pb_section][et_pb_section fb_built=&#8220;1&#8243; admin_label=&#8220;section&#8220; _builder_version=&#8220;4.19.2&#8243; background_color=&#8220;#f8f8f8&#8243; custom_margin=&#8220;-20px||||false|false&#8220; custom_padding=&#8220;0px||||false|false&#8220; transparent_background=&#8220;off&#8220; make_fullwidth=&#8220;off&#8220; use_custom_width=&#8220;off&#8220; width_unit=&#8220;on&#8220; global_colors_info=&#8220;{}&#8220;][et_pb_row column_structure=&#8220;1_2,1_2&#8243; admin_label=&#8220;row&#8220; _builder_version=&#8220;4.19.2&#8243; background_size=&#8220;initial&#8220; background_position=&#8220;top_left&#8220; background_repeat=&#8220;repeat&#8220; custom_margin=&#8220;-20px||||false|false&#8220; global_colors_info=&#8220;{}&#8220;][et_pb_column type=&#8220;1_2&#8243; _builder_version=&#8220;4.16&#8243; custom_padding=&#8220;|||&#8220; global_colors_info=&#8220;{}&#8220; custom_padding__hover=&#8220;|||&#8220;][et_pb_gallery gallery_ids=&#8220;164484,164491,164498,164505,164512,164519&#8243; posts_number=&#8220;1&#8243; show_title_and_caption=&#8220;off&#8220; show_pagination=&#8220;off&#8220; zoom_icon_color=&#8220;#e2001a&#8220; module_class=&#8220;seco-products-gallery-new2025&#8243; _builder_version=&#8220;4.23.1&#8243; custom_margin=&#8220;||||false|false&#8220; hover_enabled=&#8220;0&#8243; locked=&#8220;off&#8220; global_colors_info=&#8220;{}&#8220; custom_css_free_form=&#8220;.et_overlay:before {||    content: &#8218;GALERIE ANSEHEN&#8216; !important;||}&#8220; sticky_enabled=&#8220;0&#8243;][\/et_pb_gallery][et_pb_image src=&#8220;https:\/\/www.secowarwick.com\/wp-content\/uploads\/2024\/09\/myjka-ILVET_cover.jpg&#8220; alt=&#8220;Industrial roller washing machine&#8220; align_tablet=&#8220;center&#8220; align_phone=&#8220;&#8220; align_last_edited=&#8220;on|desktop&#8220; _builder_version=&#8220;4.23.1&#8243; global_colors_info=&#8220;{}&#8220;][\/et_pb_image][\/et_pb_column][et_pb_column type=&#8220;1_2&#8243; _builder_version=&#8220;4.16&#8243; custom_padding=&#8220;|||&#8220; global_colors_info=&#8220;{}&#8220; custom_padding__hover=&#8220;|||&#8220;][et_pb_text admin_label=&#8220;apostrof&#8220; module_class=&#8220;przecinek-tlo-nizej&#8220; _builder_version=&#8220;4.23.1&#8243; custom_margin=&#8220;||||false|false&#8220; custom_margin_tablet=&#8220;&#8220; custom_margin_phone=&#8220;&#8220; custom_margin_last_edited=&#8220;on|desktop&#8220; saved_tabs=&#8220;all&#8220; global_colors_info=&#8220;{}&#8220;]<\/p>\n<h2>Technische Daten:<\/h2>\n<p>[\/et_pb_text][et_pb_text _builder_version=&#8220;4.23.1&#8243; _module_preset=&#8220;default&#8220; global_colors_info=&#8220;{}&#8220;]<\/p>\n<p>&nbsp;<\/p>\n<table>\n<tbody>\n<tr>\n<td>BAUMATERIAL<\/td>\n<td>\n<p>Rostfreier Stahl AISI 304 &#8211; f\u00fcr Teile, die den<\/p>\n<p>Kontakt mit Behandlungsphasen haben; Kohlenstoffstahl f\u00fcr andere<\/p>\n<\/td>\n<\/tr>\n<tr>\n<td>BEHANDLUNGSELEMENTE<\/td>\n<td>Fe-Bestandteile (Ringe)<\/td>\n<\/tr>\n<tr>\n<td>ELEMENTABMESSUNGEN<\/td>\n<td>Min. 180 mm, H= 10 mm, max. 400 mm H= 170 mm max.<\/td>\n<\/tr>\n<tr>\n<td>LEISTUNG PRO STUNDE<\/td>\n<td>750 KG<\/td>\n<\/tr>\n<tr>\n<td>VERSCHMUTZUNG<\/td>\n<td>\u00d6l<\/td>\n<\/tr>\n<tr>\n<td>VOLUMENMASSE<\/td>\n<td>Siehe ABBILDUNG C-1327L2<\/td>\n<\/tr>\n<tr>\n<td>\u00dcBERGANGSBOHRUNG<\/td>\n<td>\n<p>1100 mm x&nbsp;H&nbsp;300<\/p>\n<p><strong>\u00a0<\/strong><\/p>\n<\/td>\n<\/tr>\n<tr>\n<td>NENNGESCHWINDIGKEIT DES ZYLINDERS<\/td>\n<td>\n<p>Schrittweiser Vorschub, variable L\u00e4nge,<\/p>\n<p>Vorschubgeschwindigkeit 8 m\/1&#8242;<\/p>\n<\/td>\n<\/tr>\n<tr>\n<td>ERFORDERLICHE WASSERMENGE<\/td>\n<td>\n<p>ca. 3800 Liter<\/p>\n<p>&nbsp;<\/p>\n<\/td>\n<\/tr>\n<tr>\n<td>ELEKTRIZIT\u00c4T<\/td>\n<td>400\/V 3PH + N&nbsp;&#8211; Frequenz 50Hz<\/td>\n<\/tr>\n<tr>\n<td>HILFSSTROMKREISE<\/td>\n<td>\n<p>24V DC<\/p>\n<p>&nbsp;<\/p>\n<\/td>\n<\/tr>\n<tr>\n<td>INSTALLIERTE W\u00c4RMELEISTUNG<\/td>\n<td>\n<p>153 kW<\/p>\n<p>&nbsp;<\/p>\n<\/td>\n<\/tr>\n<tr>\n<td>INSTALLIERTE ELEKTRISCHE LEISTUNG<\/td>\n<td>\n<p>7,1 KW<\/p>\n<p>&nbsp;<\/p>\n<\/td>\n<\/tr>\n<tr>\n<td>GEWICHT<\/td>\n<td>\n<p>4200 KG<\/p>\n<p>&nbsp;<\/p>\n<\/td>\n<\/tr>\n<tr>\n<td>BELADUNG<\/td>\n<td>zu Kundencharge, mit F\u00f6rderband<\/td>\n<\/tr>\n<tr>\n<td>ENTLADUNG<\/td>\n<td>zu Kundencharge, mit F\u00f6rderband<\/td>\n<\/tr>\n<\/tbody>\n<\/table>\n<p><strong>\u00a0<\/strong><\/p>\n<p><strong>ARBEITSZYKLUS<\/strong><\/p>\n<table>\n<tbody>\n<tr>\n<td><strong>PHASE<\/strong><\/td>\n<td><strong>BESCHREIBUNG<\/strong><\/td>\n<td><strong>ZEIT<\/strong><\/td>\n<td><strong>TEMP <sup>o<\/sup>C<\/strong><\/td>\n<\/tr>\n<tr>\n<td>BELADUNG<\/td>\n<td>Durchf\u00fchrung durch den Kunden; die Bewegung in&nbsp;den Behandlungsbereichen erfolgt durch motorgetriebene Rollen<\/td>\n<td>\u00a0<\/td>\n<td>\u00a0<\/td>\n<\/tr>\n<tr>\n<td>SPRITZWASCHEN<\/td>\n<td>Recycling mit der Pumpe<\/td>\n<td>12\u2019<\/td>\n<td>80<\/td>\n<\/tr>\n<tr>\n<td>ABTROPFEN<\/td>\n<td>mit Gebl\u00e4se w\u00e4hrend des \u00dcbergangs<\/td>\n<td>\u00a0<\/td>\n<td>Raumtemperatur<\/td>\n<\/tr>\n<tr>\n<td>SPRITZSP\u00dcLEN<\/td>\n<td>Recycling mit der Pumpe<\/td>\n<td>12\u2019<\/td>\n<td>\n<p>60<\/p>\n<p>&nbsp;<\/p>\n<\/td>\n<\/tr>\n<tr>\n<td>ABTROPFEN<\/td>\n<td>mit Gebl\u00e4se w\u00e4hrend des \u00dcbergangs<\/td>\n<td>\u00a0<\/td>\n<td>Raumtemperatur<\/td>\n<\/tr>\n<tr>\n<td>TROCKNUNG<\/td>\n<td>mit recycelter Luft, elektrisch beheizt<\/td>\n<td>12\u2019<\/td>\n<td>130<\/td>\n<\/tr>\n<tr>\n<td colspan=\"4\" width=\"604\">Alle Behandlungszeiten, Temperaturen und Vorschubgeschwindigkeiten sind einstellbar<\/td>\n<\/tr>\n<\/tbody>\n<\/table>\n<p>[\/et_pb_text][\/et_pb_column][\/et_pb_row][\/et_pb_section]<\/p>\n","protected":false},"excerpt":{"rendered":"<p>Allgemeine Angaben: \/ Industrielle Walzenwaschvorrichtung mit der Funktion Waschen, Sp\u00fclen und Trocknen\/\u00a0Hersteller: ILVET s.r.l.\/\u00a0Herstellungsjahr 2013\/\u00a0Standort \u2013 Polen \u2013 SECO\/WARWICK-Lager\/\u00a0Vorrichtung au\u00dfer Betrieb: anschlie\u00dfbar und pr\u00fcfbar\/\u00a0Zustand: Sehr gut. Das Ger\u00e4t hat nie&nbsp;funktioniert &#8211; Vertragsk\u00fcndigung durch den Kunden.\u00a0 Waschanlage f\u00fcr kontinuierlichen Betrieb \u00a0\u2013 anpassungsf\u00e4hige Lagerringe f\u00fcr andere Produktionsverfahren. Wir bieten die technische Bewertung, Verlagerung und Installation der Vorrichtung [&hellip;]<\/p>\n","protected":false},"author":2,"featured_media":164476,"parent":138630,"menu_order":0,"comment_status":"closed","ping_status":"closed","template":"","meta":{"_acf_changed":false,"_et_pb_use_builder":"on","_et_pb_old_content":"","_et_gb_content_width":"","footnotes":""},"class_list":["post-164525","page","type-page","status-publish","has-post-thumbnail"],"acf":[],"_links":{"self":[{"href":"https:\/\/www.secowarwick.com\/de\/wp-json\/wp\/v2\/pages\/164525","targetHints":{"allow":["GET"]}}],"collection":[{"href":"https:\/\/www.secowarwick.com\/de\/wp-json\/wp\/v2\/pages"}],"about":[{"href":"https:\/\/www.secowarwick.com\/de\/wp-json\/wp\/v2\/types\/page"}],"author":[{"embeddable":true,"href":"https:\/\/www.secowarwick.com\/de\/wp-json\/wp\/v2\/users\/2"}],"replies":[{"embeddable":true,"href":"https:\/\/www.secowarwick.com\/de\/wp-json\/wp\/v2\/comments?post=164525"}],"version-history":[{"count":9,"href":"https:\/\/www.secowarwick.com\/de\/wp-json\/wp\/v2\/pages\/164525\/revisions"}],"predecessor-version":[{"id":176596,"href":"https:\/\/www.secowarwick.com\/de\/wp-json\/wp\/v2\/pages\/164525\/revisions\/176596"}],"up":[{"embeddable":true,"href":"https:\/\/www.secowarwick.com\/de\/wp-json\/wp\/v2\/pages\/138630"}],"wp:featuredmedia":[{"embeddable":true,"href":"https:\/\/www.secowarwick.com\/de\/wp-json\/wp\/v2\/media\/164476"}],"wp:attachment":[{"href":"https:\/\/www.secowarwick.com\/de\/wp-json\/wp\/v2\/media?parent=164525"}],"curies":[{"name":"wp","href":"https:\/\/api.w.org\/{rel}","templated":true}]}}