{"id":166306,"date":"2024-11-14T14:33:23","date_gmt":"2024-11-14T13:33:23","guid":{"rendered":"https:\/\/www.secowarwick.com\/unternehmen\/auszeichnungen-und-ehrungen\/furnace-plus-platform-awarded\/"},"modified":"2024-11-14T19:20:27","modified_gmt":"2024-11-14T18:20:27","slug":"furnace-plus-plattform-ausgezeichnet","status":"publish","type":"page","link":"https:\/\/www.secowarwick.com\/de\/unternehmen\/auszeichnungen-und-ehrungen\/furnace-plus-plattform-ausgezeichnet\/","title":{"rendered":"FURNACE\/PLUS-Plattform ausgezeichnet!"},"content":{"rendered":"<h3>Unser Flaggschiffprodukt \u2013 das <strong>FURNACE\/PLUS<\/strong>-Portal \u2013 wurde mit dem prestigetr\u00e4chtigen <strong>BEST OF INDUSTRY 2024 &#8211; MM Poland Award<\/strong> in der Kategorie <strong>Automatisierung<\/strong> ausgezeichnet!<\/h3>\n<p><img decoding=\"async\" class=\"aligncenter wp-image-166275 size-full\" src=\"https:\/\/www.secowarwick.com\/wp-content\/uploads\/2024\/11\/nagroda-Furnace-plus-web.jpg\" alt=\"FURNACE\/PLUS-Plattform ausgezeichnet!\" width=\"1674\" height=\"1260\" srcset=\"https:\/\/www.secowarwick.com\/wp-content\/uploads\/2024\/11\/nagroda-Furnace-plus-web.jpg 1674w, https:\/\/www.secowarwick.com\/wp-content\/uploads\/2024\/11\/nagroda-Furnace-plus-web-1280x963.jpg 1280w, https:\/\/www.secowarwick.com\/wp-content\/uploads\/2024\/11\/nagroda-Furnace-plus-web-980x738.jpg 980w, https:\/\/www.secowarwick.com\/wp-content\/uploads\/2024\/11\/nagroda-Furnace-plus-web-480x361.jpg 480w\" sizes=\"(min-width: 0px) and (max-width: 480px) 480px, (min-width: 481px) and (max-width: 980px) 980px, (min-width: 981px) and (max-width: 1280px) 1280px, (min-width: 1281px) 1674px, 100vw\" \/><\/p>\n<p>Ziel des Wettbewerbs war es, interessante Produkte aus der Industriebranche zu pr\u00e4sentieren, die sich durch Innovation, Modernit\u00e4t, Wettbewerbsf\u00e4higkeit sowie hohe Qualit\u00e4t und \u00c4sthetik auszeichnen.<\/p>\n<p><strong>FURNACE\/PLUS<\/strong>\u00a0\u2013eine Sammlung von Werkzeugen zur Verwaltung von Industrieanlagen erf\u00fcllte diese Kriterien perfekt, und ihre Qualit\u00e4ten wurden von den W\u00e4hlern und der Wettbewerbsjury anerkannt.<\/p>\n<p>&nbsp;<\/p>\n","protected":false},"excerpt":{"rendered":"<p>Unser Flaggschiffprodukt \u2013 das FURNACE\/PLUS-Portal \u2013 wurde mit dem prestigetr\u00e4chtigen BEST OF INDUSTRY 2024 &#8211; MM Poland Award in der Kategorie Automatisierung ausgezeichnet! Ziel des Wettbewerbs war es, interessante Produkte aus der Industriebranche zu pr\u00e4sentieren, die sich durch Innovation, Modernit\u00e4t, Wettbewerbsf\u00e4higkeit sowie hohe Qualit\u00e4t und \u00c4sthetik auszeichnen. FURNACE\/PLUS\u00a0\u2013eine Sammlung von Werkzeugen zur Verwaltung von Industrieanlagen [&hellip;]<\/p>\n","protected":false},"author":2,"featured_media":166277,"parent":6718,"menu_order":0,"comment_status":"closed","ping_status":"closed","template":"","meta":{"_acf_changed":false,"_et_pb_use_builder":"off","_et_pb_old_content":"","_et_gb_content_width":"","footnotes":""},"class_list":["post-166306","page","type-page","status-publish","has-post-thumbnail"],"acf":[],"_links":{"self":[{"href":"https:\/\/www.secowarwick.com\/de\/wp-json\/wp\/v2\/pages\/166306","targetHints":{"allow":["GET"]}}],"collection":[{"href":"https:\/\/www.secowarwick.com\/de\/wp-json\/wp\/v2\/pages"}],"about":[{"href":"https:\/\/www.secowarwick.com\/de\/wp-json\/wp\/v2\/types\/page"}],"author":[{"embeddable":true,"href":"https:\/\/www.secowarwick.com\/de\/wp-json\/wp\/v2\/users\/2"}],"replies":[{"embeddable":true,"href":"https:\/\/www.secowarwick.com\/de\/wp-json\/wp\/v2\/comments?post=166306"}],"version-history":[{"count":2,"href":"https:\/\/www.secowarwick.com\/de\/wp-json\/wp\/v2\/pages\/166306\/revisions"}],"predecessor-version":[{"id":166313,"href":"https:\/\/www.secowarwick.com\/de\/wp-json\/wp\/v2\/pages\/166306\/revisions\/166313"}],"up":[{"embeddable":true,"href":"https:\/\/www.secowarwick.com\/de\/wp-json\/wp\/v2\/pages\/6718"}],"wp:featuredmedia":[{"embeddable":true,"href":"https:\/\/www.secowarwick.com\/de\/wp-json\/wp\/v2\/media\/166277"}],"wp:attachment":[{"href":"https:\/\/www.secowarwick.com\/de\/wp-json\/wp\/v2\/media?parent=166306"}],"curies":[{"name":"wp","href":"https:\/\/api.w.org\/{rel}","templated":true}]}}