{"id":166327,"date":"2024-11-14T19:29:37","date_gmt":"2024-11-14T18:29:37","guid":{"rendered":"https:\/\/www.secowarwick.com\/unternehmen\/auszeichnungen-und-ehrungen\/seco-warwick-awarded-at-the-grand-finale\/"},"modified":"2024-11-14T19:37:13","modified_gmt":"2024-11-14T18:37:13","slug":"auszeichnung-fuer-seco-warwick-bei-der-12-ausgabe-des-wettbewerbs","status":"publish","type":"page","link":"https:\/\/www.secowarwick.com\/de\/unternehmen\/auszeichnungen-und-ehrungen\/auszeichnung-fuer-seco-warwick-bei-der-12-ausgabe-des-wettbewerbs\/","title":{"rendered":"Auszeichnung f\u00fcr SECO\/WARWICK bei der 12. Ausgabe des Wettbewerbs \u201eKeine Zukunft ohne Unternehmertum\u201d!"},"content":{"rendered":"<h3>Am 21. Oktober 2024 hatten wir die Ehre, an einer einzigartigen Veranstaltung teilzunehmen &#8211; der 12. Ausgabe von \u201eKeine Zukunft ohne Unternehmertum\u201c, die in der Zentrale von Dziennik Gazeta Prawna in Warschau stattfand.<\/h3>\n<p><img decoding=\"async\" class=\"aligncenter wp-image-166318 size-full\" src=\"https:\/\/www.secowarwick.com\/wp-content\/uploads\/2024\/11\/SECOWARWICK-Awarded-at-the-Grand-Finale.jpg\" alt=\"Auszeichnung f\u00fcr SECO\/WARWICK bei der 12. Ausgabe des Wettbewerbs \u201eKeine Zukunft ohne Unternehmertum\u201d!\" width=\"1674\" height=\"1260\" srcset=\"https:\/\/www.secowarwick.com\/wp-content\/uploads\/2024\/11\/SECOWARWICK-Awarded-at-the-Grand-Finale.jpg 1674w, https:\/\/www.secowarwick.com\/wp-content\/uploads\/2024\/11\/SECOWARWICK-Awarded-at-the-Grand-Finale-1280x963.jpg 1280w, https:\/\/www.secowarwick.com\/wp-content\/uploads\/2024\/11\/SECOWARWICK-Awarded-at-the-Grand-Finale-980x738.jpg 980w, https:\/\/www.secowarwick.com\/wp-content\/uploads\/2024\/11\/SECOWARWICK-Awarded-at-the-Grand-Finale-480x361.jpg 480w\" sizes=\"(min-width: 0px) and (max-width: 480px) 480px, (min-width: 481px) and (max-width: 980px) 980px, (min-width: 981px) and (max-width: 1280px) 1280px, (min-width: 1281px) 1674px, 100vw\" \/><\/p>\n<p>Die SECO\/WARWICK-Gruppe war unter den drei diesj\u00e4hrigen Preistr\u00e4gern, die f\u00fcr ihren Beitrag zum Unternehmertum und zur Zukunft der polnischen Wirtschaft ausgezeichnet wurden. Die Auszeichnung wurde im Namen von SECO\/WARWICK von Katarzyna Sawka, der Vizepr\u00e4sidentin f\u00fcr Marketing der SECO\/WARWICK-Gruppe, entgegengenommen.<\/p>\n<p>Wir bedanken uns bei der Redaktion von Infor Biznes Sp. z o.o f\u00fcr diese prestigetr\u00e4chtige Auszeichnung und die Anerkennung unserer Rolle bei der Zukunftsgestaltung des polnischen Unternehmertums.<\/p>\n<p>&nbsp;<\/p>\n","protected":false},"excerpt":{"rendered":"<p>Am 21. Oktober 2024 hatten wir die Ehre, an einer einzigartigen Veranstaltung teilzunehmen &#8211; der 12. Ausgabe von \u201eKeine Zukunft ohne Unternehmertum\u201c, die in der Zentrale von Dziennik Gazeta Prawna in Warschau stattfand. Die SECO\/WARWICK-Gruppe war unter den drei diesj\u00e4hrigen Preistr\u00e4gern, die f\u00fcr ihren Beitrag zum Unternehmertum und zur Zukunft der polnischen Wirtschaft ausgezeichnet wurden. [&hellip;]<\/p>\n","protected":false},"author":2,"featured_media":166320,"parent":6718,"menu_order":0,"comment_status":"closed","ping_status":"closed","template":"","meta":{"_acf_changed":false,"_et_pb_use_builder":"","_et_pb_old_content":"","_et_gb_content_width":"","footnotes":""},"class_list":["post-166327","page","type-page","status-publish","has-post-thumbnail"],"acf":[],"_links":{"self":[{"href":"https:\/\/www.secowarwick.com\/de\/wp-json\/wp\/v2\/pages\/166327","targetHints":{"allow":["GET"]}}],"collection":[{"href":"https:\/\/www.secowarwick.com\/de\/wp-json\/wp\/v2\/pages"}],"about":[{"href":"https:\/\/www.secowarwick.com\/de\/wp-json\/wp\/v2\/types\/page"}],"author":[{"embeddable":true,"href":"https:\/\/www.secowarwick.com\/de\/wp-json\/wp\/v2\/users\/2"}],"replies":[{"embeddable":true,"href":"https:\/\/www.secowarwick.com\/de\/wp-json\/wp\/v2\/comments?post=166327"}],"version-history":[{"count":2,"href":"https:\/\/www.secowarwick.com\/de\/wp-json\/wp\/v2\/pages\/166327\/revisions"}],"predecessor-version":[{"id":166332,"href":"https:\/\/www.secowarwick.com\/de\/wp-json\/wp\/v2\/pages\/166327\/revisions\/166332"}],"up":[{"embeddable":true,"href":"https:\/\/www.secowarwick.com\/de\/wp-json\/wp\/v2\/pages\/6718"}],"wp:featuredmedia":[{"embeddable":true,"href":"https:\/\/www.secowarwick.com\/de\/wp-json\/wp\/v2\/media\/166320"}],"wp:attachment":[{"href":"https:\/\/www.secowarwick.com\/de\/wp-json\/wp\/v2\/media?parent=166327"}],"curies":[{"name":"wp","href":"https:\/\/api.w.org\/{rel}","templated":true}]}}