{"id":167634,"date":"2024-12-18T08:24:13","date_gmt":"2024-12-18T07:24:13","guid":{"rendered":"https:\/\/www.secowarwick.com\/service\/automatisierung\/integration-of-control-systems\/"},"modified":"2025-06-11T12:05:25","modified_gmt":"2025-06-11T10:05:25","slug":"integration-von-kontrollsystemen","status":"publish","type":"page","link":"https:\/\/www.secowarwick.com\/de\/service\/automatisierung\/integration-von-kontrollsystemen\/","title":{"rendered":"Integration von kontrollsystemen mit externen ger\u00e4ten (von anderen herstellern)"},"content":{"rendered":"<p>[et_pb_section fb_built=&#8220;1&#8243; fullwidth=&#8220;on&#8220; _builder_version=&#8220;4.23.1&#8243; global_colors_info=&#8220;{}&#8220;][et_pb_fullwidth_slider show_arrows=&#8220;off&#8220; show_pagination=&#8220;off&#8220; module_class=&#8220;slider-uslugowy-odzysk&#8220; _builder_version=&#8220;4.23.1&#8243; body_line_height=&#8220;1.9em&#8220; background_position=&#8220;top_left&#8220; custom_padding=&#8220;|||&#8220; global_colors_info=&#8220;{}&#8220; button_text_size__hover_enabled=&#8220;off&#8220; button_one_text_size__hover_enabled=&#8220;off&#8220; button_two_text_size__hover_enabled=&#8220;off&#8220; button_text_color__hover_enabled=&#8220;off&#8220; button_one_text_color__hover_enabled=&#8220;off&#8220; button_two_text_color__hover_enabled=&#8220;off&#8220; button_border_width__hover_enabled=&#8220;off&#8220; button_one_border_width__hover_enabled=&#8220;off&#8220; button_two_border_width__hover_enabled=&#8220;off&#8220; button_border_color__hover_enabled=&#8220;off&#8220; button_one_border_color__hover_enabled=&#8220;off&#8220; button_two_border_color__hover_enabled=&#8220;off&#8220; button_border_radius__hover_enabled=&#8220;off&#8220; button_one_border_radius__hover_enabled=&#8220;off&#8220; button_two_border_radius__hover_enabled=&#8220;off&#8220; button_letter_spacing__hover_enabled=&#8220;off&#8220; button_one_letter_spacing__hover_enabled=&#8220;off&#8220; button_two_letter_spacing__hover_enabled=&#8220;off&#8220; button_bg_color__hover_enabled=&#8220;off&#8220; button_one_bg_color__hover_enabled=&#8220;off&#8220; button_two_bg_color__hover_enabled=&#8220;off&#8220;][et_pb_slide use_bg_overlay=&#8220;off&#8220; use_text_overlay=&#8220;off&#8220; _builder_version=&#8220;4.23.1&#8243; header_font=&#8220;||||&#8220; body_font=&#8220;||||&#8220; body_font_size=&#8220;48&#8243; body_line_height=&#8220;1em&#8220; background_color=&#8220;#ffffff&#8220; background_image=&#8220;https:\/\/www.secowarwick.com\/wp-content\/uploads\/2024\/06\/automatyka-slider-tlo-2.jpg&#8220; background_enable_image=&#8220;on&#8220; background_position=&#8220;bottom_right&#8220; button_on_hover=&#8220;on&#8220; body_font_size_tablet=&#8220;40&#8243; body_font_size_phone=&#8220;30&#8243; body_font_size_last_edited=&#8220;on|phone&#8220; body_line_height_tablet=&#8220;1em&#8220; body_line_height_phone=&#8220;1em&#8220; global_colors_info=&#8220;{}&#8220; button_text_size__hover_enabled=&#8220;off&#8220; button_one_text_size__hover_enabled=&#8220;off&#8220; button_two_text_size__hover_enabled=&#8220;off&#8220; button_text_color__hover_enabled=&#8220;off&#8220; button_one_text_color__hover_enabled=&#8220;off&#8220; button_two_text_color__hover_enabled=&#8220;off&#8220; button_border_width__hover_enabled=&#8220;off&#8220; button_one_border_width__hover_enabled=&#8220;off&#8220; button_two_border_width__hover_enabled=&#8220;off&#8220; button_border_color__hover_enabled=&#8220;off&#8220; button_one_border_color__hover_enabled=&#8220;off&#8220; button_two_border_color__hover_enabled=&#8220;off&#8220; button_border_radius__hover_enabled=&#8220;off&#8220; button_one_border_radius__hover_enabled=&#8220;off&#8220; button_two_border_radius__hover_enabled=&#8220;off&#8220; button_letter_spacing__hover_enabled=&#8220;off&#8220; button_one_letter_spacing__hover_enabled=&#8220;off&#8220; button_two_letter_spacing__hover_enabled=&#8220;off&#8220; button_bg_color__hover_enabled=&#8220;off&#8220; button_one_bg_color__hover_enabled=&#8220;off&#8220; button_two_bg_color__hover_enabled=&#8220;off&#8220; sticky_transition=&#8220;on&#8220;]<\/p>\n<p style=\"text-align: left;\"><strong><span style=\"color: #dc291e;\">\/ <span style=\"color: #ffffff;\">INTEGRATION VON KONTROLLSYSTEMEN <\/span><\/span><\/strong><\/p>\n<p>[\/et_pb_slide][\/et_pb_fullwidth_slider][\/et_pb_section][et_pb_section fb_built=&#8220;1&#8243; admin_label=&#8220;section&#8220; _builder_version=&#8220;4.23.1&#8243; background_color=&#8220;#ffffff&#8220; custom_margin=&#8220;0px|||&#8220; custom_padding=&#8220;0px||25px||false|false&#8220; transparent_background=&#8220;off&#8220; global_colors_info=&#8220;{}&#8220;][et_pb_row column_structure=&#8220;2_3,1_3&#8243; use_custom_gutter=&#8220;on&#8220; gutter_width=&#8220;2&#8243; admin_label=&#8220;row&#8220; _builder_version=&#8220;4.23.1&#8243; background_size=&#8220;initial&#8220; background_position=&#8220;top_left&#8220; background_repeat=&#8220;repeat&#8220; global_colors_info=&#8220;{}&#8220;][et_pb_column type=&#8220;2_3&#8243; _builder_version=&#8220;4.23.1&#8243; custom_padding=&#8220;|30px|||false|false&#8220; custom_padding_tablet=&#8220;|0px|||false|false&#8220; custom_padding_phone=&#8220;|0px|||false|false&#8220; custom_padding_last_edited=&#8220;on|desktop&#8220; global_colors_info=&#8220;{}&#8220; custom_padding__hover=&#8220;|||&#8220;][et_pb_breadcrumbs _builder_version=&#8220;4.23.1&#8243; global_colors_info=&#8220;{}&#8220;][\/et_pb_breadcrumbs][et_pb_text module_class=&#8220;ed-square-list-parent&#8220; _builder_version=&#8220;4.23.1&#8243; background_size=&#8220;initial&#8220; background_position=&#8220;top_left&#8220; background_repeat=&#8220;repeat&#8220; use_border_color=&#8220;off&#8220; border_color=&#8220;#ffffff&#8220; border_style=&#8220;solid&#8220; global_colors_info=&#8220;{}&#8220;]<\/p>\n<h1>INTEGRATION VON KONTROLLSYSTEMEN MIT EXTERNEN GER\u00c4TEN (VON ANDEREN HERSTELLERN)<\/h1>\n<p>[\/et_pb_text][\/et_pb_column][et_pb_column type=&#8220;1_3&#8243; _builder_version=&#8220;4.16&#8243; custom_padding=&#8220;|||&#8220; global_colors_info=&#8220;{}&#8220; custom_padding__hover=&#8220;|||&#8220;][\/et_pb_column][\/et_pb_row][et_pb_row column_structure=&#8220;3_4,1_4&#8243; use_custom_gutter=&#8220;on&#8220; gutter_width=&#8220;2&#8243; admin_label=&#8220;row&#8220; _builder_version=&#8220;4.23.1&#8243; background_size=&#8220;initial&#8220; background_position=&#8220;top_left&#8220; background_repeat=&#8220;repeat&#8220; custom_padding=&#8220;0px||||false|false&#8220; global_colors_info=&#8220;{}&#8220;][et_pb_column type=&#8220;3_4&#8243; _builder_version=&#8220;4.23.1&#8243; custom_padding=&#8220;|30px|||false|false&#8220; custom_padding_tablet=&#8220;|0px|||false|false&#8220; custom_padding_phone=&#8220;|0px|||false|false&#8220; custom_padding_last_edited=&#8220;on|desktop&#8220; global_colors_info=&#8220;{}&#8220; custom_padding__hover=&#8220;|||&#8220;][et_pb_text module_class=&#8220;ed-square-list-parent&#8220; _builder_version=&#8220;4.23.1&#8243; background_size=&#8220;initial&#8220; background_position=&#8220;top_left&#8220; background_repeat=&#8220;repeat&#8220; text_orientation=&#8220;justified&#8220; use_border_color=&#8220;off&#8220; border_color=&#8220;#ffffff&#8220; border_style=&#8220;solid&#8220; global_colors_info=&#8220;{}&#8220;]<\/p>\n<p><img decoding=\"async\" class=\"alignleft wp-image-167562\" src=\"https:\/\/www.secowarwick.com\/wp-content\/uploads\/2024\/12\/integration_icon.png\" alt=\"INTEGRATION OF CONTROL SYSTEM\" width=\"80\" height=\"79\" srcset=\"https:\/\/www.secowarwick.com\/wp-content\/uploads\/2024\/12\/integration_icon.png 325w, https:\/\/www.secowarwick.com\/wp-content\/uploads\/2024\/12\/integration_icon-300x297.png 300w, https:\/\/www.secowarwick.com\/wp-content\/uploads\/2024\/12\/integration_icon-150x150.png 150w\" sizes=\"(max-width: 80px) 100vw, 80px\" \/>Die Integration von Steuerungssystemen mit Fremdger\u00e4ten ist ein Prozess, bei dem verschiedene Automatisierungs- und Steuerungssysteme (z. B.&nbsp;SPS-, SCADA-, DCS-Systeme) gleichzeitig mit Ger\u00e4ten, Sensoren oder Maschinen verschiedener Anbieter kombiniert und synchronisiert werden.<br \/>Das Hauptziel der Integration besteht darin, eine gemeinsame Kommunikation und eine effektive Zusammenarbeit zwischen diesen Systemen zu erreichen, die eine bessere Verwaltung und Kontrolle von Produktionsprozessen und anderen Vorg\u00e4ngen erm\u00f6glicht.<\/p>\n<p>[\/et_pb_text][et_pb_text module_class=&#8220;przecinek-tlo-nizej&#8220; _builder_version=&#8220;4.23.1&#8243; text_text_color=&#8220;#000000&#8243; header_2_font_size=&#8220;22px&#8220; background_size=&#8220;initial&#8220; background_position=&#8220;top_left&#8220; background_repeat=&#8220;repeat&#8220; use_border_color=&#8220;off&#8220; locked=&#8220;off&#8220; global_colors_info=&#8220;{}&#8220;]<\/p>\n<h2><strong>3 Werte der Integration von Steuerungssystemen:<\/strong><\/h2>\n<p>[\/et_pb_text][et_pb_text _builder_version=&#8220;4.23.1&#8243; text_text_color=&#8220;#000000&#8243; header_2_font_size=&#8220;22px&#8220; background_size=&#8220;initial&#8220; background_position=&#8220;top_left&#8220; background_repeat=&#8220;repeat&#8220; hover_enabled=&#8220;0&#8243; use_border_color=&#8220;off&#8220; locked=&#8220;off&#8220; global_colors_info=&#8220;{}&#8220; text_orientation=&#8220;justified&#8220; sticky_enabled=&#8220;0&#8243;]<\/p>\n<ol>\n<li><strong>Flexibilit\u00e4t<\/strong>: Die M\u00f6glichkeit, die besten Ger\u00e4te und Komponenten von verschiedenen Anbietern auszuw\u00e4hlen, wodurch die L\u00f6sung auf die spezifischen Unternehmensbed\u00fcrfnisse zugeschnitten werden kann.<\/li>\n<li><strong>Kostenoptimierung<\/strong>: Es\u00a0ist nicht notwendig, sich auf einen einzigen Anbieter zu beschr\u00e4nken, was oft mit h\u00f6heren Kosten verbunden ist. Es\u00a0k\u00f6nnen wettbewerbsf\u00e4higere Anbieter und Angebote gew\u00e4hlt werden.<\/li>\n<li><strong>Skalierbarkeit<\/strong>: Es\u00a0k\u00f6nnen problemlos neue Ger\u00e4te und Systeme hinzugef\u00fcgt werden, ohne die gesamte Infrastruktur austauschen zu m\u00fcssen.<\/li>\n<\/ol>\n<p>[\/et_pb_text][\/et_pb_column][et_pb_column type=&#8220;1_4&#8243; _builder_version=&#8220;4.16&#8243; custom_padding=&#8220;|||&#8220; global_colors_info=&#8220;{}&#8220; custom_padding__hover=&#8220;|||&#8220;][et_pb_text admin_label=&#8220;btn_de_premiumlibrary&#8220; module_class=&#8220;premium-library-button&#8220; _builder_version=&#8220;4.23.1&#8243; _module_preset=&#8220;default&#8220; text_orientation=&#8220;center&#8220; global_module=&#8220;157246&#8243; locked=&#8220;off&#8220; global_colors_info=&#8220;{}&#8220;]<\/p>\n<a href='https:\/\/www.secowarwick.com\/de\/premiuminhalte\/' class='small-button smallred'><span>PREMIUMINHALTE<\/span><\/a>\n<p>[\/et_pb_text][et_pb_text admin_label=&#8220;R&#038;D de&#8220; module_class=&#8220;product_widget_wrap_rd&#8220; _builder_version=&#8220;4.23.1&#8243; _module_preset=&#8220;default&#8220; text_orientation=&#8220;center&#8220; global_module=&#8220;167836&#8243; saved_tabs=&#8220;all&#8220; locked=&#8220;off&#8220; global_colors_info=&#8220;{}&#8220;]<\/p>\n<p><a href=\"https:\/\/www.secowarwick.com\/de\/rd\/\"><span class=\"product_wigtet_name\">R&amp;D<\/span><\/a><\/p>\n<p>[\/et_pb_text][et_pb_text admin_label=&#8220;Producte de&#8220; module_class=&#8220;product_widget_wrap_products &#8220; _builder_version=&#8220;4.23.1&#8243; _module_preset=&#8220;default&#8220; global_module=&#8220;179193&#8243; saved_tabs=&#8220;all&#8220; locked=&#8220;off&#8220; global_colors_info=&#8220;{}&#8220;]<\/p>\n<p><a href=\"https:\/\/www.secowarwick.com\/de\/produkte\/\" target=\"_blank\" rel=\"noopener\"><span class=\"product_wigtet_name\">PRODUKTE<\/span><\/a><\/p>\n<p>[\/et_pb_text][et_pb_text admin_label=&#8220;SERVICE de&#8220; module_class=&#8220;product_widget_wrap_service&#8220; _builder_version=&#8220;4.23.1&#8243; _module_preset=&#8220;default&#8220; global_module=&#8220;167860&#8243; saved_tabs=&#8220;all&#8220; locked=&#8220;off&#8220; global_colors_info=&#8220;{}&#8220;]<\/p>\n<p><a href=\"https:\/\/www.secowarwick.com\/de\/professionelle-service-dienstleistungen\/\"><span class=\"product_wigtet_name\">SERVICE<\/span><\/a><\/p>\n<p>[\/et_pb_text][et_pb_text admin_label=&#8220;SUPLEMENTALS de&#8220; module_class=&#8220;product_widget_wrap_supleme&#8220; _builder_version=&#8220;4.23.1&#8243; _module_preset=&#8220;default&#8220; global_module=&#8220;167915&#8243; saved_tabs=&#8220;all&#8220; locked=&#8220;off&#8220; global_colors_info=&#8220;{}&#8220;]<\/p>\n<p><span class=\"product_wigtet_name\">ZUSATZSTOFFE:<\/span><\/p>\n<p>[\/et_pb_text][et_pb_text admin_label=&#8220;dnabook-de&#8220; module_class=&#8220;suplementals_product_dna suplementals_wrap&#8220; _builder_version=&#8220;4.23.1&#8243; _module_preset=&#8220;default&#8220; global_module=&#8220;167874&#8243; saved_tabs=&#8220;all&#8220; locked=&#8220;off&#8220; global_colors_info=&#8220;{}&#8220;]<\/p>\n<p><a href=\"https:\/\/www.secowarwick.com\/wp-content\/uploads\/2024\/02\/2024_SECO_WARWICK_Catalog_DNA_EN_SECOLOGY.pdf\" target=\"_blank\" rel=\"noopener\">DNA\/BOOK<\/a><\/p>\n<p>[\/et_pb_text][et_pb_text admin_label=&#8220;ECO\/BOOK-de&#8220; module_class=&#8220;suplementals_product_eco suplementals_wrap&#8220; _builder_version=&#8220;4.23.1&#8243; _module_preset=&#8220;default&#8220; global_module=&#8220;167797&#8243; locked=&#8220;off&#8220; global_colors_info=&#8220;{}&#8220;]<\/p>\n<p><a href=\"https:\/\/www.secowarwick.com\/wp-content\/uploads\/2023\/06\/ECOBOOK.pdf\" target=\"_blank\" rel=\"noopener\">ECO\/BOOK<\/a><\/p>\n<p>[\/et_pb_text][\/et_pb_column][\/et_pb_row][\/et_pb_section][et_pb_section fb_built=&#8220;1&#8243; _builder_version=&#8220;4.23.1&#8243; _module_preset=&#8220;default&#8220; background_color=&#8220;#f8f8f8&#8243; custom_padding=&#8220;25px||25px||false|false&#8220; global_colors_info=&#8220;{}&#8220;][et_pb_row make_equal=&#8220;on&#8220; admin_label=&#8220;row&#8220; _builder_version=&#8220;4.23.1&#8243; background_size=&#8220;initial&#8220; background_position=&#8220;top_left&#8220; background_repeat=&#8220;repeat&#8220; global_colors_info=&#8220;{}&#8220;][et_pb_column type=&#8220;4_4&#8243; _builder_version=&#8220;4.16&#8243; custom_padding=&#8220;|||&#8220; global_colors_info=&#8220;{}&#8220; custom_padding__hover=&#8220;|||&#8220;][et_pb_text module_class=&#8220;przecinek-tlo-nizej&#8220; _builder_version=&#8220;4.23.1&#8243; text_text_color=&#8220;#000000&#8243; header_2_font_size=&#8220;22px&#8220; background_size=&#8220;initial&#8220; background_position=&#8220;top_left&#8220; background_repeat=&#8220;repeat&#8220; use_border_color=&#8220;off&#8220; locked=&#8220;off&#8220; global_colors_info=&#8220;{}&#8220;]<\/p>\n<h2><strong>Vorteile der Integration von Steuersystemen:<\/strong><\/h2>\n<p>[\/et_pb_text][et_pb_text _builder_version=&#8220;4.23.1&#8243; text_text_color=&#8220;#000000&#8243; header_2_font_size=&#8220;22px&#8220; background_size=&#8220;initial&#8220; background_position=&#8220;top_left&#8220; background_repeat=&#8220;repeat&#8220; text_orientation=&#8220;justified&#8220; use_border_color=&#8220;off&#8220; locked=&#8220;off&#8220; global_colors_info=&#8220;{}&#8220;]<\/p>\n<p><img decoding=\"async\" class=\"alignright wp-image-159339 size-full\" src=\"https:\/\/www.secowarwick.com\/wp-content\/uploads\/2024\/05\/korzysci.png\" alt=\"Vorteile \" width=\"150\" height=\"150\" \/><strong><span style=\"color: #dc291e;\">\/<\/span><\/strong><strong>\u00a0Erh\u00f6hte Produktivit\u00e4t<\/strong>: Durch eine bessere Kommunikation zwischen verschiedenen Systemen und Ger\u00e4ten k\u00f6nnen Prozesse automatisiert werden, was zu einer h\u00f6heren Produktionseffizienz f\u00fchrt.<br \/><strong><span style=\"color: #dc291e;\">\/<\/span>\u00a0Bessere Kontrolle und \u00dcberwachung<\/strong>: Integrierte Systeme erm\u00f6glichen die Erfassung von Echtzeitdaten aus einer Vielzahl von Quellen, was einen besseren Einblick in\u00a0die Leistung der Prozesse erm\u00f6glicht.<br \/><strong><span style=\"color: #dc291e;\">\/<\/span>\u00a0H\u00f6here Datenqualit\u00e4t<\/strong>: erm\u00f6glicht die Sammlung, Analyse und Berichterstattung von Daten, was die Entscheidungsfindung verbessert.<br \/><strong><span style=\"color: #dc291e;\">\/<\/span>\u00a0Erh\u00f6hte<\/strong> <strong>Betriebssicherheit<\/strong>: Besser integrierte Systeme k\u00f6nnen eine einheitlichere \u00dcberwachung und ein einheitlicheres Sicherheitsmanagement erm\u00f6glichen.<br \/><strong><span style=\"color: #dc291e;\">\/<\/span>\u00a0Erleichterung der Wartung und des technischen Supports<\/strong>: Bei technischen Problemen k\u00f6nnen Fehler in\u00a0Systemen leichter identifiziert und lokalisiert werden.<br \/><strong><span style=\"color: #dc291e;\">\/<\/span>\u00a0Innovation<\/strong>: Die Integration neuer Technologien, wie z. B.\u00a0IoT, erm\u00f6glicht die Umsetzung von Innovationen, die zu einem erheblichen Wettbewerbsvorteil f\u00fchren k\u00f6nnen.<\/p>\n<p>Die Integration von Kontrollsystemen mit Ger\u00e4ten von Drittanbietern schafft ein effizienteres, flexibleres und optimiertes Arbeitsumfeld, was zu einer besseren Unternehmensleistung f\u00fchrt.<\/p>\n<p>[\/et_pb_text][\/et_pb_column][\/et_pb_row][\/et_pb_section]<\/p>\n","protected":false},"excerpt":{"rendered":"<p>\/ INTEGRATION VON KONTROLLSYSTEMEN [et_pb_breadcrumbs _builder_version=&#8220;4.23.1&#8243; global_colors_info=&#8220;{}&#8220;][\/et_pb_breadcrumbs]INTEGRATION VON KONTROLLSYSTEMEN MIT EXTERNEN GER\u00c4TEN (VON ANDEREN HERSTELLERN)Die Integration von Steuerungssystemen mit Fremdger\u00e4ten ist ein Prozess, bei dem verschiedene Automatisierungs- und Steuerungssysteme (z. B.&nbsp;SPS-, SCADA-, DCS-Systeme) gleichzeitig mit Ger\u00e4ten, Sensoren oder Maschinen verschiedener Anbieter kombiniert und synchronisiert werden.Das Hauptziel der Integration besteht darin, eine gemeinsame Kommunikation und eine [&hellip;]<\/p>\n","protected":false},"author":2,"featured_media":167345,"parent":125079,"menu_order":0,"comment_status":"closed","ping_status":"closed","template":"","meta":{"_acf_changed":false,"_et_pb_use_builder":"on","_et_pb_old_content":"","_et_gb_content_width":"","footnotes":""},"class_list":["post-167634","page","type-page","status-publish","has-post-thumbnail"],"acf":[],"_links":{"self":[{"href":"https:\/\/www.secowarwick.com\/de\/wp-json\/wp\/v2\/pages\/167634","targetHints":{"allow":["GET"]}}],"collection":[{"href":"https:\/\/www.secowarwick.com\/de\/wp-json\/wp\/v2\/pages"}],"about":[{"href":"https:\/\/www.secowarwick.com\/de\/wp-json\/wp\/v2\/types\/page"}],"author":[{"embeddable":true,"href":"https:\/\/www.secowarwick.com\/de\/wp-json\/wp\/v2\/users\/2"}],"replies":[{"embeddable":true,"href":"https:\/\/www.secowarwick.com\/de\/wp-json\/wp\/v2\/comments?post=167634"}],"version-history":[{"count":7,"href":"https:\/\/www.secowarwick.com\/de\/wp-json\/wp\/v2\/pages\/167634\/revisions"}],"predecessor-version":[{"id":179341,"href":"https:\/\/www.secowarwick.com\/de\/wp-json\/wp\/v2\/pages\/167634\/revisions\/179341"}],"up":[{"embeddable":true,"href":"https:\/\/www.secowarwick.com\/de\/wp-json\/wp\/v2\/pages\/125079"}],"wp:featuredmedia":[{"embeddable":true,"href":"https:\/\/www.secowarwick.com\/de\/wp-json\/wp\/v2\/media\/167345"}],"wp:attachment":[{"href":"https:\/\/www.secowarwick.com\/de\/wp-json\/wp\/v2\/media?parent=167634"}],"curies":[{"name":"wp","href":"https:\/\/api.w.org\/{rel}","templated":true}]}}