{"id":167643,"date":"2024-12-18T08:38:53","date_gmt":"2024-12-18T07:38:53","guid":{"rendered":"https:\/\/www.secowarwick.com\/service\/automatisierung\/control-systems-replacement\/"},"modified":"2025-06-11T12:14:23","modified_gmt":"2025-06-11T10:14:23","slug":"austausch-von-steuerungssystemen","status":"publish","type":"page","link":"https:\/\/www.secowarwick.com\/de\/service\/automatisierung\/austausch-von-steuerungssystemen\/","title":{"rendered":"Austausch von steuerungssystemen in ger\u00e4ten anderer hersteller"},"content":{"rendered":"<p>[et_pb_section fb_built=&#8220;1&#8243; fullwidth=&#8220;on&#8220; _builder_version=&#8220;4.23.1&#8243; global_colors_info=&#8220;{}&#8220;][et_pb_fullwidth_slider show_arrows=&#8220;off&#8220; show_pagination=&#8220;off&#8220; module_class=&#8220;slider-uslugowy-odzysk&#8220; _builder_version=&#8220;4.23.1&#8243; body_line_height=&#8220;1.9em&#8220; background_position=&#8220;top_left&#8220; custom_padding=&#8220;|||&#8220; global_colors_info=&#8220;{}&#8220; button_text_size__hover_enabled=&#8220;off&#8220; button_one_text_size__hover_enabled=&#8220;off&#8220; button_two_text_size__hover_enabled=&#8220;off&#8220; button_text_color__hover_enabled=&#8220;off&#8220; button_one_text_color__hover_enabled=&#8220;off&#8220; button_two_text_color__hover_enabled=&#8220;off&#8220; button_border_width__hover_enabled=&#8220;off&#8220; button_one_border_width__hover_enabled=&#8220;off&#8220; button_two_border_width__hover_enabled=&#8220;off&#8220; button_border_color__hover_enabled=&#8220;off&#8220; button_one_border_color__hover_enabled=&#8220;off&#8220; button_two_border_color__hover_enabled=&#8220;off&#8220; button_border_radius__hover_enabled=&#8220;off&#8220; button_one_border_radius__hover_enabled=&#8220;off&#8220; button_two_border_radius__hover_enabled=&#8220;off&#8220; button_letter_spacing__hover_enabled=&#8220;off&#8220; button_one_letter_spacing__hover_enabled=&#8220;off&#8220; button_two_letter_spacing__hover_enabled=&#8220;off&#8220; button_bg_color__hover_enabled=&#8220;off&#8220; button_one_bg_color__hover_enabled=&#8220;off&#8220; button_two_bg_color__hover_enabled=&#8220;off&#8220;][et_pb_slide use_bg_overlay=&#8220;off&#8220; use_text_overlay=&#8220;off&#8220; _builder_version=&#8220;4.23.1&#8243; header_font=&#8220;||||&#8220; body_font=&#8220;||||&#8220; body_font_size=&#8220;48&#8243; body_line_height=&#8220;1em&#8220; background_color=&#8220;#ffffff&#8220; background_image=&#8220;https:\/\/www.secowarwick.com\/wp-content\/uploads\/2024\/06\/automatyka-slider-tlo-2.jpg&#8220; background_enable_image=&#8220;on&#8220; background_position=&#8220;bottom_right&#8220; button_on_hover=&#8220;on&#8220; body_font_size_tablet=&#8220;40&#8243; body_font_size_phone=&#8220;30&#8243; body_font_size_last_edited=&#8220;on|phone&#8220; body_line_height_tablet=&#8220;1em&#8220; body_line_height_phone=&#8220;1em&#8220; global_colors_info=&#8220;{}&#8220; button_text_size__hover_enabled=&#8220;off&#8220; button_one_text_size__hover_enabled=&#8220;off&#8220; button_two_text_size__hover_enabled=&#8220;off&#8220; button_text_color__hover_enabled=&#8220;off&#8220; button_one_text_color__hover_enabled=&#8220;off&#8220; button_two_text_color__hover_enabled=&#8220;off&#8220; button_border_width__hover_enabled=&#8220;off&#8220; button_one_border_width__hover_enabled=&#8220;off&#8220; button_two_border_width__hover_enabled=&#8220;off&#8220; button_border_color__hover_enabled=&#8220;off&#8220; button_one_border_color__hover_enabled=&#8220;off&#8220; button_two_border_color__hover_enabled=&#8220;off&#8220; button_border_radius__hover_enabled=&#8220;off&#8220; button_one_border_radius__hover_enabled=&#8220;off&#8220; button_two_border_radius__hover_enabled=&#8220;off&#8220; button_letter_spacing__hover_enabled=&#8220;off&#8220; button_one_letter_spacing__hover_enabled=&#8220;off&#8220; button_two_letter_spacing__hover_enabled=&#8220;off&#8220; button_bg_color__hover_enabled=&#8220;off&#8220; button_one_bg_color__hover_enabled=&#8220;off&#8220; button_two_bg_color__hover_enabled=&#8220;off&#8220; sticky_transition=&#8220;on&#8220;]<\/p>\n<p style=\"text-align: left;\"><strong><span style=\"color: #dc291e;\">\/ <span style=\"color: #ffffff;\">AUSTAUSCH VON STEUERUNGSSYSTEMEN<\/span><\/span><\/strong><\/p>\n<p>[\/et_pb_slide][\/et_pb_fullwidth_slider][\/et_pb_section][et_pb_section fb_built=&#8220;1&#8243; admin_label=&#8220;section&#8220; _builder_version=&#8220;4.23.1&#8243; background_color=&#8220;#ffffff&#8220; custom_margin=&#8220;0px|||&#8220; custom_padding=&#8220;0px||25px||false|false&#8220; transparent_background=&#8220;off&#8220; global_colors_info=&#8220;{}&#8220;][et_pb_row column_structure=&#8220;2_3,1_3&#8243; use_custom_gutter=&#8220;on&#8220; gutter_width=&#8220;2&#8243; admin_label=&#8220;row&#8220; _builder_version=&#8220;4.23.1&#8243; background_size=&#8220;initial&#8220; background_position=&#8220;top_left&#8220; background_repeat=&#8220;repeat&#8220; global_colors_info=&#8220;{}&#8220;][et_pb_column type=&#8220;2_3&#8243; _builder_version=&#8220;4.23.1&#8243; custom_padding=&#8220;|30px|||false|false&#8220; custom_padding_tablet=&#8220;|0px|||false|false&#8220; custom_padding_phone=&#8220;|0px|||false|false&#8220; custom_padding_last_edited=&#8220;on|desktop&#8220; global_colors_info=&#8220;{}&#8220; custom_padding__hover=&#8220;|||&#8220;][et_pb_breadcrumbs _builder_version=&#8220;3.0.47&#8243; global_colors_info=&#8220;{}&#8220;][\/et_pb_breadcrumbs][et_pb_text module_class=&#8220;ed-square-list-parent&#8220; _builder_version=&#8220;4.23.1&#8243; background_size=&#8220;initial&#8220; background_position=&#8220;top_left&#8220; background_repeat=&#8220;repeat&#8220; use_border_color=&#8220;off&#8220; border_color=&#8220;#ffffff&#8220; border_style=&#8220;solid&#8220; global_colors_info=&#8220;{}&#8220;]<\/p>\n<h1>AUSTAUSCH VON STEUERUNGSSYSTEMEN IN&nbsp;GER\u00c4TEN ANDERER HERSTELLER<\/h1>\n<p>[\/et_pb_text][\/et_pb_column][et_pb_column type=&#8220;1_3&#8243; _builder_version=&#8220;4.16&#8243; custom_padding=&#8220;|||&#8220; global_colors_info=&#8220;{}&#8220; custom_padding__hover=&#8220;|||&#8220;][\/et_pb_column][\/et_pb_row][et_pb_row column_structure=&#8220;3_4,1_4&#8243; use_custom_gutter=&#8220;on&#8220; gutter_width=&#8220;2&#8243; admin_label=&#8220;row&#8220; _builder_version=&#8220;4.23.1&#8243; background_size=&#8220;initial&#8220; background_position=&#8220;top_left&#8220; background_repeat=&#8220;repeat&#8220; custom_padding=&#8220;0px||||false|false&#8220; global_colors_info=&#8220;{}&#8220;][et_pb_column type=&#8220;3_4&#8243; _builder_version=&#8220;4.23.1&#8243; custom_padding=&#8220;|30px|||false|false&#8220; custom_padding_tablet=&#8220;|0px|||false|false&#8220; custom_padding_phone=&#8220;|0px|||false|false&#8220; custom_padding_last_edited=&#8220;on|desktop&#8220; global_colors_info=&#8220;{}&#8220; custom_padding__hover=&#8220;|||&#8220;][et_pb_text module_class=&#8220;ed-square-list-parent&#8220; _builder_version=&#8220;4.23.1&#8243; background_size=&#8220;initial&#8220; background_position=&#8220;top_left&#8220; background_repeat=&#8220;repeat&#8220; text_orientation=&#8220;justified&#8220; use_border_color=&#8220;off&#8220; border_color=&#8220;#ffffff&#8220; border_style=&#8220;solid&#8220; global_colors_info=&#8220;{}&#8220;]<\/p>\n<p><img decoding=\"async\" class=\"alignleft wp-image-167573\" src=\"https:\/\/www.secowarwick.com\/wp-content\/uploads\/2024\/12\/replacement_icon.png\" alt=\"CONTROL SYSTEMS REPLACEMENT \" width=\"90\" height=\"74\" srcset=\"https:\/\/www.secowarwick.com\/wp-content\/uploads\/2024\/12\/replacement_icon.png 393w, https:\/\/www.secowarwick.com\/wp-content\/uploads\/2024\/12\/replacement_icon-300x246.png 300w, https:\/\/www.secowarwick.com\/wp-content\/uploads\/2024\/12\/replacement_icon-150x123.png 150w\" sizes=\"(max-width: 90px) 100vw, 90px\" \/>Der Austausch von Fremdsteuerungen bezieht sich auf den Prozess der Ersetzung oder Modernisierung\u00a0 von Steuerungssystemen in&nbsp;Maschinen und Vorrichtungen, die von einem Hersteller hergestellt wurden, durch moderne von SECO\/WARWICK hergestellte Steuerungssysteme.<br \/>Das Prozessziel ist die Effizienzverbesserung, die Anpassung an aktuelle Normen, Vorschriften und Funktionen sowie ein besseres Management von Ger\u00e4ten, die veraltet sind oder den heutigen technologischen Anforderungen nicht mehr gerecht werden.<\/p>\n<p>[\/et_pb_text][et_pb_text module_class=&#8220;przecinek-tlo-nizej&#8220; _builder_version=&#8220;4.23.1&#8243; text_text_color=&#8220;#000000&#8243; header_2_font_size=&#8220;22px&#8220; background_size=&#8220;initial&#8220; background_position=&#8220;top_left&#8220; background_repeat=&#8220;repeat&#8220; hover_enabled=&#8220;0&#8243; use_border_color=&#8220;off&#8220; locked=&#8220;off&#8220; global_colors_info=&#8220;{}&#8220; sticky_enabled=&#8220;0&#8243;]<\/p>\n<h2><strong>3 Ersatzwerte f\u00fcr das Steuerungssystem::<\/strong><\/h2>\n<p>[\/et_pb_text][et_pb_text _builder_version=&#8220;4.23.1&#8243; text_text_color=&#8220;#000000&#8243; header_2_font_size=&#8220;22px&#8220; background_size=&#8220;initial&#8220; background_position=&#8220;top_left&#8220; background_repeat=&#8220;repeat&#8220; hover_enabled=&#8220;0&#8243; use_border_color=&#8220;off&#8220; locked=&#8220;off&#8220; global_colors_info=&#8220;{}&#8220; text_orientation=&#8220;justified&#8220; sticky_enabled=&#8220;0&#8243;]<\/p>\n<ol>\n<li><strong>Effizienzerh\u00f6hung<\/strong>: Die neuen Steuerungssysteme bieten eine verbesserte betriebliche Effizienz, die zu einer effektiveren Verwaltung der Produktionsprozesse f\u00fchrt.<\/li>\n<li><strong>Integration:<\/strong> Moderne Steuerungen lassen sich besser mit anderen Systemen im\u00a0Werk integrieren, was einen reibungsloseren Datenaustausch erm\u00f6glicht und die Automatisierung unterst\u00fctzt.<\/li>\n<li><strong>Technischer Support<\/strong>: Mit der Zeit verlieren \u00e4ltere Steuerungssysteme an technischer Unterst\u00fctzung. Durch den Wechsel zu modernen L\u00f6sungen erh\u00e4lt man Zugang zu Updates, technischem Support und Ressourcen.<\/li>\n<\/ol>\n<p>[\/et_pb_text][\/et_pb_column][et_pb_column type=&#8220;1_4&#8243; _builder_version=&#8220;4.16&#8243; custom_padding=&#8220;|||&#8220; global_colors_info=&#8220;{}&#8220; custom_padding__hover=&#8220;|||&#8220;][et_pb_text admin_label=&#8220;btn_de_premiumlibrary&#8220; module_class=&#8220;premium-library-button&#8220; _builder_version=&#8220;4.23.1&#8243; _module_preset=&#8220;default&#8220; text_orientation=&#8220;center&#8220; global_module=&#8220;157246&#8243; locked=&#8220;off&#8220; global_colors_info=&#8220;{}&#8220;]<\/p>\n<a href='https:\/\/www.secowarwick.com\/de\/premiuminhalte\/' class='small-button smallred'><span>PREMIUMINHALTE<\/span><\/a>\n<p>[\/et_pb_text][et_pb_text admin_label=&#8220;R&#038;D de&#8220; module_class=&#8220;product_widget_wrap_rd&#8220; _builder_version=&#8220;4.23.1&#8243; _module_preset=&#8220;default&#8220; text_orientation=&#8220;center&#8220; global_module=&#8220;167836&#8243; saved_tabs=&#8220;all&#8220; locked=&#8220;off&#8220; global_colors_info=&#8220;{}&#8220;]<\/p>\n<p><a href=\"https:\/\/www.secowarwick.com\/de\/rd\/\"><span class=\"product_wigtet_name\">R&amp;D<\/span><\/a><\/p>\n<p>[\/et_pb_text][et_pb_text admin_label=&#8220;Producte de&#8220; module_class=&#8220;product_widget_wrap_products &#8220; _builder_version=&#8220;4.23.1&#8243; _module_preset=&#8220;default&#8220; global_module=&#8220;179193&#8243; saved_tabs=&#8220;all&#8220; locked=&#8220;off&#8220; global_colors_info=&#8220;{}&#8220;]<\/p>\n<p><a href=\"https:\/\/www.secowarwick.com\/de\/produkte\/\" target=\"_blank\" rel=\"noopener\"><span class=\"product_wigtet_name\">PRODUKTE<\/span><\/a><\/p>\n<p>[\/et_pb_text][et_pb_text admin_label=&#8220;SERVICE de&#8220; module_class=&#8220;product_widget_wrap_service&#8220; _builder_version=&#8220;4.23.1&#8243; _module_preset=&#8220;default&#8220; global_module=&#8220;167860&#8243; saved_tabs=&#8220;all&#8220; locked=&#8220;off&#8220; global_colors_info=&#8220;{}&#8220;]<\/p>\n<p><a href=\"https:\/\/www.secowarwick.com\/de\/professionelle-service-dienstleistungen\/\"><span class=\"product_wigtet_name\">SERVICE<\/span><\/a><\/p>\n<p>[\/et_pb_text][et_pb_text admin_label=&#8220;SUPLEMENTALS de&#8220; module_class=&#8220;product_widget_wrap_supleme&#8220; _builder_version=&#8220;4.23.1&#8243; _module_preset=&#8220;default&#8220; global_module=&#8220;167915&#8243; saved_tabs=&#8220;all&#8220; locked=&#8220;off&#8220; global_colors_info=&#8220;{}&#8220;]<\/p>\n<p><span class=\"product_wigtet_name\">ZUSATZSTOFFE:<\/span><\/p>\n<p>[\/et_pb_text][et_pb_text admin_label=&#8220;dnabook-de&#8220; module_class=&#8220;suplementals_product_dna suplementals_wrap&#8220; _builder_version=&#8220;4.23.1&#8243; _module_preset=&#8220;default&#8220; global_module=&#8220;167874&#8243; saved_tabs=&#8220;all&#8220; locked=&#8220;off&#8220; global_colors_info=&#8220;{}&#8220;]<\/p>\n<p><a href=\"https:\/\/www.secowarwick.com\/wp-content\/uploads\/2024\/02\/2024_SECO_WARWICK_Catalog_DNA_EN_SECOLOGY.pdf\" target=\"_blank\" rel=\"noopener\">DNA\/BOOK<\/a><\/p>\n<p>[\/et_pb_text][et_pb_text admin_label=&#8220;ECO\/BOOK-de&#8220; module_class=&#8220;suplementals_product_eco suplementals_wrap&#8220; _builder_version=&#8220;4.23.1&#8243; _module_preset=&#8220;default&#8220; global_module=&#8220;167797&#8243; locked=&#8220;off&#8220; global_colors_info=&#8220;{}&#8220;]<\/p>\n<p><a href=\"https:\/\/www.secowarwick.com\/wp-content\/uploads\/2023\/06\/ECOBOOK.pdf\" target=\"_blank\" rel=\"noopener\">ECO\/BOOK<\/a><\/p>\n<p>[\/et_pb_text][\/et_pb_column][\/et_pb_row][\/et_pb_section][et_pb_section fb_built=&#8220;1&#8243; _builder_version=&#8220;4.23.1&#8243; _module_preset=&#8220;default&#8220; background_color=&#8220;#f8f8f8&#8243; custom_padding=&#8220;25px||25px||false|false&#8220; global_colors_info=&#8220;{}&#8220;][et_pb_row make_equal=&#8220;on&#8220; admin_label=&#8220;row&#8220; _builder_version=&#8220;4.23.1&#8243; background_size=&#8220;initial&#8220; background_position=&#8220;top_left&#8220; background_repeat=&#8220;repeat&#8220; global_colors_info=&#8220;{}&#8220;][et_pb_column type=&#8220;4_4&#8243; _builder_version=&#8220;4.16&#8243; custom_padding=&#8220;|||&#8220; global_colors_info=&#8220;{}&#8220; custom_padding__hover=&#8220;|||&#8220;][et_pb_text module_class=&#8220;przecinek-tlo-nizej&#8220; _builder_version=&#8220;4.23.1&#8243; text_text_color=&#8220;#000000&#8243; header_2_font_size=&#8220;22px&#8220; background_size=&#8220;initial&#8220; background_position=&#8220;top_left&#8220; background_repeat=&#8220;repeat&#8220; use_border_color=&#8220;off&#8220; locked=&#8220;off&#8220; global_colors_info=&#8220;{}&#8220;]<\/p>\n<h2><strong>Vorteile des Austauschs von Steuersystemen:<\/strong><\/h2>\n<p>[\/et_pb_text][et_pb_text _builder_version=&#8220;4.23.1&#8243; text_text_color=&#8220;#000000&#8243; header_2_font_size=&#8220;22px&#8220; background_size=&#8220;initial&#8220; background_position=&#8220;top_left&#8220; background_repeat=&#8220;repeat&#8220; use_border_color=&#8220;off&#8220; locked=&#8220;off&#8220; global_colors_info=&#8220;{}&#8220;]<\/p>\n<p><strong><span style=\"color: #dc291e;\"><img decoding=\"async\" class=\"alignright wp-image-159339 size-full\" src=\"https:\/\/www.secowarwick.com\/wp-content\/uploads\/2024\/05\/korzysci.png\" alt=\"Vorteile \" width=\"150\" height=\"150\" \/><\/span><\/strong><strong><span style=\"color: #dc291e;\">\/<\/span> H\u00f6here Effizienz:<\/strong> Neue Systeme k\u00f6nnen Stillstandzeiten reduzieren, den Durchsatz erh\u00f6hen und Produktionszyklen verk\u00fcrzen.<br \/><strong><span style=\"color: #dc291e;\">\/ <\/span>Befreiung von veralteter Technologie:<\/strong> Der Austausch veralteter Steuerungen erm\u00f6glicht den Einsatz moderner Technologien, die neue Funktionen einf\u00fchren k\u00f6nnen.<br \/><strong><span style=\"color: #dc291e;\">\/ <\/span>Verbesserte Sicherheit:<\/strong> Neue Systeme verf\u00fcgen oft \u00fcber bessere Sicherheitsfunktionen, die das Risiko von Unf\u00e4llen und Ausf\u00e4llen verringern.<br \/><strong><span style=\"color: #dc291e;\">\/ <\/span>Skalierbarkeit und Flexibilit\u00e4t:<\/strong> Erm\u00f6glicht eine leichtere Systemanpassung an sich \u00e4ndernde Marktanforderungen und eine Erh\u00f6hung der Produktionskapazit\u00e4t.<br \/><strong><span style=\"color: #dc291e;\">\/ <\/span>Betriebliche Einsparungen:<\/strong> Ein effizienteres Prozessmanagement kann zu niedrigeren Betriebskosten f\u00fchren, indem die Energie-, Rohstoff- oder Arbeitszeitverschwendung minimiert wird.<\/p>\n<p>Die Entscheidung, die Steuerungssystemen anderer Hersteller zu ersetzen, kann daher eine Reihe von greifbaren Vorteilen mit sich bringen, die die Wettbewerbsf\u00e4higkeit eines Unternehmens auf lange Sicht erheblich beeinflussen k\u00f6nnen.<\/p>\n<p><strong><span style=\"color: #dc291e;\">\u00a0<\/span><\/strong><\/p>\n<p>[\/et_pb_text][\/et_pb_column][\/et_pb_row][\/et_pb_section]<\/p>\n","protected":false},"excerpt":{"rendered":"<p>\/ AUSTAUSCH VON STEUERUNGSSYSTEMEN[et_pb_breadcrumbs _builder_version=&#8220;3.0.47&#8243; global_colors_info=&#8220;{}&#8220;][\/et_pb_breadcrumbs]AUSTAUSCH VON STEUERUNGSSYSTEMEN IN&nbsp;GER\u00c4TEN ANDERER HERSTELLERDer Austausch von Fremdsteuerungen bezieht sich auf den Prozess der Ersetzung oder Modernisierung\u00a0 von Steuerungssystemen in&nbsp;Maschinen und Vorrichtungen, die von einem Hersteller hergestellt wurden, durch moderne von SECO\/WARWICK hergestellte Steuerungssysteme.Das Prozessziel ist die Effizienzverbesserung, die Anpassung an aktuelle Normen, Vorschriften und Funktionen sowie ein besseres [&hellip;]<\/p>\n","protected":false},"author":2,"featured_media":167356,"parent":125079,"menu_order":0,"comment_status":"closed","ping_status":"closed","template":"","meta":{"_acf_changed":false,"_et_pb_use_builder":"on","_et_pb_old_content":"","_et_gb_content_width":"","footnotes":""},"class_list":["post-167643","page","type-page","status-publish","has-post-thumbnail"],"acf":[],"_links":{"self":[{"href":"https:\/\/www.secowarwick.com\/de\/wp-json\/wp\/v2\/pages\/167643","targetHints":{"allow":["GET"]}}],"collection":[{"href":"https:\/\/www.secowarwick.com\/de\/wp-json\/wp\/v2\/pages"}],"about":[{"href":"https:\/\/www.secowarwick.com\/de\/wp-json\/wp\/v2\/types\/page"}],"author":[{"embeddable":true,"href":"https:\/\/www.secowarwick.com\/de\/wp-json\/wp\/v2\/users\/2"}],"replies":[{"embeddable":true,"href":"https:\/\/www.secowarwick.com\/de\/wp-json\/wp\/v2\/comments?post=167643"}],"version-history":[{"count":8,"href":"https:\/\/www.secowarwick.com\/de\/wp-json\/wp\/v2\/pages\/167643\/revisions"}],"predecessor-version":[{"id":179344,"href":"https:\/\/www.secowarwick.com\/de\/wp-json\/wp\/v2\/pages\/167643\/revisions\/179344"}],"up":[{"embeddable":true,"href":"https:\/\/www.secowarwick.com\/de\/wp-json\/wp\/v2\/pages\/125079"}],"wp:featuredmedia":[{"embeddable":true,"href":"https:\/\/www.secowarwick.com\/de\/wp-json\/wp\/v2\/media\/167356"}],"wp:attachment":[{"href":"https:\/\/www.secowarwick.com\/de\/wp-json\/wp\/v2\/media?parent=167643"}],"curies":[{"name":"wp","href":"https:\/\/api.w.org\/{rel}","templated":true}]}}