{"id":176292,"date":"2025-04-22T11:45:19","date_gmt":"2025-04-22T09:45:19","guid":{"rendered":"https:\/\/www.secowarwick.com\/piec-prozniowy-typ-2-0-vpt-4050-48hv\/"},"modified":"2025-04-23T14:04:19","modified_gmt":"2025-04-23T12:04:19","slug":"vakuumofen-typ-2-0-vpt-4050-48hv","status":"publish","type":"page","link":"https:\/\/www.secowarwick.com\/de\/vakuumofen-typ-2-0-vpt-4050-48hv\/","title":{"rendered":"Vakuumofen TYP 2.0-VPT-4050\/48HV"},"content":{"rendered":"<p>[et_pb_section fb_built=&#8220;1&#8243; admin_label=&#8220;section&#8220; _builder_version=&#8220;4.16&#8243; custom_padding=&#8220;0px|||&#8220; transparent_background=&#8220;off&#8220; make_fullwidth=&#8220;off&#8220; use_custom_width=&#8220;off&#8220; width_unit=&#8220;on&#8220; global_colors_info=&#8220;{}&#8220;][et_pb_row _builder_version=&#8220;4.16&#8243; _module_preset=&#8220;default&#8220; global_colors_info=&#8220;{}&#8220;][et_pb_column type=&#8220;4_4&#8243; _builder_version=&#8220;4.16&#8243; _module_preset=&#8220;default&#8220; global_colors_info=&#8220;{}&#8220;][et_pb_breadcrumbs _builder_version=&#8220;4.10.3&#8243; _module_preset=&#8220;default&#8220; global_colors_info=&#8220;{}&#8220;][\/et_pb_breadcrumbs][\/et_pb_column][\/et_pb_row][et_pb_row admin_label=&#8220;row&#8220; _builder_version=&#8220;4.16&#8243; background_size=&#8220;initial&#8220; background_position=&#8220;top_left&#8220; background_repeat=&#8220;repeat&#8220; custom_padding=&#8220;0px|||&#8220; make_fullwidth=&#8220;off&#8220; use_custom_width=&#8220;off&#8220; width_unit=&#8220;on&#8220; global_colors_info=&#8220;{}&#8220;][et_pb_column type=&#8220;4_4&#8243; _builder_version=&#8220;4.16&#8243; custom_padding=&#8220;|||&#8220; global_colors_info=&#8220;{}&#8220; custom_padding__hover=&#8220;|||&#8220;][et_pb_divider show_divider=&#8220;off&#8220; _builder_version=&#8220;4.16&#8243; _module_preset=&#8220;default&#8220; global_colors_info=&#8220;{}&#8220;][\/et_pb_divider][et_pb_text module_class=&#8220;red-square-list-parent&#8220; _builder_version=&#8220;4.23.1&#8243; background_size=&#8220;initial&#8220; background_position=&#8220;top_left&#8220; background_repeat=&#8220;repeat&#8220; use_border_color=&#8220;off&#8220; global_colors_info=&#8220;{}&#8220;]<\/p>\n<h1>VAKUUMOFEN TYP 2.0-VPT-4050\/48HV<\/h1>\n<p>&nbsp;<\/p>\n<h3>Allgemeine Informationen:<\/h3>\n<p><strong><span style=\"color: #dc291e;\">\/<\/span><\/strong> K\u00fchlung: Argon-\/Stickstoff-Gask\u00fchlung unter 1 bar (2 bar abs) Druck<br \/><strong><span style=\"color: #dc291e;\">\/<\/span><\/strong> Hersteller: SECO\/WARWICK<br \/><strong><span style=\"color: #dc291e;\">\/<\/span><\/strong> Produktionsjahr 2003<br \/><strong><span style=\"color: #dc291e;\">\/<\/span><\/strong> Standort \u2013 S\u00fcdostpolen<br \/><strong><span style=\"color: #dc291e;\">\/<\/span><\/strong> Zustand: Betriebsf\u00e4higer Ofen \u2013 Pr\u00fcfung vor Ort m\u00f6glich, Ofenautomatisierung durch Siemens S7 Standard ersetzt<br \/><strong><span style=\"color: #dc291e;\">\/<\/span><\/strong> Angebotene Serviceleistungen: Technische Bewertung, Verlagerung und Installation der Vorrichtung innerhalb der EU<\/p>\n<h3>Verwendungszweck:<\/h3>\n<p><strong><span style=\"color: #dc291e;\">\/<\/span><\/strong> Der Vakuumofen ist f\u00fcr die W\u00e4rmebehandlung im&nbsp;Vakuum bis zu 5&#215;10-5 mbar vorgesehen, z.B. Hartl\u00f6ten<\/p>\n<p>[\/et_pb_text][\/et_pb_column][\/et_pb_row][\/et_pb_section][et_pb_section fb_built=&#8220;1&#8243; admin_label=&#8220;section&#8220; _builder_version=&#8220;4.19.2&#8243; background_color=&#8220;#f8f8f8&#8243; custom_margin=&#8220;-20px||||false|false&#8220; custom_padding=&#8220;0px||||false|false&#8220; transparent_background=&#8220;off&#8220; make_fullwidth=&#8220;off&#8220; use_custom_width=&#8220;off&#8220; width_unit=&#8220;on&#8220; global_colors_info=&#8220;{}&#8220;][et_pb_row column_structure=&#8220;1_2,1_2&#8243; admin_label=&#8220;row&#8220; _builder_version=&#8220;4.19.2&#8243; background_size=&#8220;initial&#8220; background_position=&#8220;top_left&#8220; background_repeat=&#8220;repeat&#8220; custom_margin=&#8220;-20px||||false|false&#8220; global_colors_info=&#8220;{}&#8220;][et_pb_column type=&#8220;1_2&#8243; _builder_version=&#8220;4.16&#8243; custom_padding=&#8220;|||&#8220; global_colors_info=&#8220;{}&#8220; custom_padding__hover=&#8220;|||&#8220;][et_pb_gallery gallery_ids=&#8220;176257,176264,176271,176250&#8243; posts_number=&#8220;1&#8243; show_title_and_caption=&#8220;off&#8220; show_pagination=&#8220;off&#8220; zoom_icon_color=&#8220;#FFFFFF&#8220; module_class=&#8220;seco-products-gallery-new2025&#8243; _builder_version=&#8220;4.23.1&#8243; title_text_color=&#8220;#FFFFFF&#8220; pagination_text_color=&#8220;#FFFFFF&#8220; background_layout=&#8220;dark&#8220; custom_margin=&#8220;||||false|false&#8220; hover_enabled=&#8220;0&#8243; custom_css_before=&#8220; color: #fff !important;&#8220; custom_css_free_form=&#8220;.et_overlay:before {||    content: &#8218;GALERIE ANSEHEN&#8216; !important;||}&#8220; locked=&#8220;off&#8220; global_colors_info=&#8220;{}&#8220; custom_css_before_last_edited=&#8220;off|desktop&#8220; sticky_enabled=&#8220;0&#8243;][\/et_pb_gallery][et_pb_image src=&#8220;https:\/\/www.secowarwick.com\/wp-content\/uploads\/2025\/04\/PIEC-PROZNIOWY-2.0VP-405072M.jpg&#8220; alt=&#8220;PIEC PR\u00d3\u017bNIOWY<br \/>\nTYP 2.0-VPT-4050\/48HV &#8220; title_text=&#8220;RETORT ELECTRIC PIT FURNACE (3)&#8220; align_tablet=&#8220;center&#8220; align_phone=&#8220;&#8220; align_last_edited=&#8220;on|desktop&#8220; _builder_version=&#8220;4.23.1&#8243; global_colors_info=&#8220;{}&#8220;][\/et_pb_image][\/et_pb_column][et_pb_column type=&#8220;1_2&#8243; _builder_version=&#8220;4.16&#8243; custom_padding=&#8220;|||&#8220; global_colors_info=&#8220;{}&#8220; custom_padding__hover=&#8220;|||&#8220;][et_pb_text admin_label=&#8220;apostrof&#8220; module_class=&#8220;przecinek-tlo-nizej&#8220; _builder_version=&#8220;4.23.1&#8243; custom_margin=&#8220;||||false|false&#8220; custom_margin_tablet=&#8220;&#8220; custom_margin_phone=&#8220;&#8220; custom_margin_last_edited=&#8220;on|desktop&#8220; saved_tabs=&#8220;all&#8220; global_colors_info=&#8220;{}&#8220;]<\/p>\n<h2>Technische Angaben<\/h2>\n<p>[\/et_pb_text][et_pb_text _builder_version=&#8220;4.23.1&#8243; _module_preset=&#8220;default&#8220; global_colors_info=&#8220;{}&#8220;]<\/p>\n<table style=\"border-collapse: collapse; width: 100%; \">\n<tbody>\n<tr>\n<td>Maximale Betriebstemperatur<\/td>\n<td>1320\u00b0C<\/td>\n<\/tr>\n<tr>\n<td>Maximale Sicherheitstemperatur<\/td>\n<td>1350\u00b0C<\/td>\n<\/tr>\n<tr>\n<td>Temperaturgleichm\u00e4\u00dfigkeit<\/td>\n<td>+\/- 5\u00b0C \u00fcber 600\u00b0C im\u00a0nutzbaren Ofenraum<\/td>\n<\/tr>\n<tr>\n<td><strong>Ofen<\/strong><\/td>\n<td><\/td>\n<\/tr>\n<tr>\n<td>Gewicht<\/td>\n<td>12000kg<\/td>\n<\/tr>\n<tr>\n<td>Maximales Bruttogewicht\u00a0 einer Ladung<\/td>\n<td>800kg<\/td>\n<\/tr>\n<tr>\n<td><strong>Geh\u00e4use<\/strong><\/td>\n<td><\/td>\n<\/tr>\n<tr>\n<td>Material<\/td>\n<td>Kohlenstoffstahl<\/td>\n<\/tr>\n<tr>\n<td>Volumen<\/td>\n<td>9m<sup>3<\/sup><\/td>\n<\/tr>\n<tr>\n<td>Maximaler Betriebsdruck<\/td>\n<td>1bar (2bar abs)<\/td>\n<\/tr>\n<tr>\n<td><strong>Heizkammer<\/strong><\/td>\n<td><\/td>\n<\/tr>\n<tr>\n<td>Geh\u00e4usematerial<\/td>\n<td>Kohlenstoffstahl<\/td>\n<\/tr>\n<tr>\n<td>D\u00e4mmstoff<\/td>\n<td>Graphit<\/td>\n<\/tr>\n<tr>\n<td>Nutzbare Heizzonendimensionen (BxHxL)<\/td>\n<td>900x800x1200mm<\/td>\n<\/tr>\n<tr>\n<td><strong>Heizsystem<\/strong><\/td>\n<td><\/td>\n<\/tr>\n<tr>\n<td>Leistung der Heizelemente<\/td>\n<td>300 kW<\/td>\n<\/tr>\n<tr>\n<td>Anzahl der Heizzonen<\/td>\n<td>3<\/td>\n<\/tr>\n<tr>\n<td>Anordnung der Heizelemente<\/td>\n<td>Um die Charge herum<\/td>\n<\/tr>\n<tr>\n<td><strong>Pumpensystem<\/strong><\/td>\n<td><\/td>\n<\/tr>\n<tr>\n<td>Mechanische Pumpe<\/td>\n<td>Sogevac 2xSV300 &#8211; Leybold Vacuum<\/td>\n<\/tr>\n<tr>\n<td>&#8211; durchsatzleistung:<\/td>\n<td>2x280m<sup>3<\/sup>\/h<\/td>\n<\/tr>\n<tr>\n<td>&#8211; motorleistung:<\/td>\n<td>2&#215;5.5kW<\/td>\n<\/tr>\n<tr>\n<td><strong>Roots-Pumpe<\/strong><\/td>\n<td>RA\u00a03001 &#8211; Leybold Vacuum<\/td>\n<\/tr>\n<tr>\n<td>&#8211; durchsatzleistung:<\/td>\n<td>3050m<sup>3<\/sup>\/h<\/td>\n<\/tr>\n<tr>\n<td>&#8211; motorleistung:<\/td>\n<td>11kW<\/td>\n<\/tr>\n<tr>\n<td><strong>Diffusionspumpe<\/strong><\/td>\n<td>HS32 &#8211; Varian<\/td>\n<\/tr>\n<tr>\n<td>&#8211; durchsatzleistung:<\/td>\n<td>32000 l\/s<\/td>\n<\/tr>\n<tr>\n<td>&#8211; motorleistung:<\/td>\n<td>24kW<\/td>\n<\/tr>\n<tr>\n<td><strong>Haltepumpe<\/strong><\/td>\n<td>Trivac D8B \u2013 Leybold Vacuum<\/td>\n<\/tr>\n<tr>\n<td>&#8211; durchsatzleistung:<\/td>\n<td>8.5m<sup>3<\/sup>\/h<\/td>\n<\/tr>\n<tr>\n<td>&#8211; motorleistung:<\/td>\n<td>0.37kW<\/td>\n<\/tr>\n<tr>\n<td><strong>K\u00fchlsystem<\/strong><\/td>\n<td><\/td>\n<\/tr>\n<tr>\n<td>&#8211; gasart<\/td>\n<td>Argon, (Stickstoff)<\/td>\n<\/tr>\n<tr>\n<td>&#8211; gaseinlass<\/td>\n<td>D\u00fcsensystem um die Charge herum, vor der Kammer<\/td>\n<\/tr>\n<tr>\n<td>&#8211; gasauslass<\/td>\n<td>Auslassbogen des hinteren Teils der Heizkammer<\/td>\n<\/tr>\n<tr>\n<td><strong>Gebl\u00e4se<\/strong><\/td>\n<td><\/td>\n<\/tr>\n<tr>\n<td>&#8211; drehzahl:<\/td>\n<td>3000 rpm<\/td>\n<\/tr>\n<tr>\n<td>&#8211; motorleistung:<\/td>\n<td>55 kW<\/td>\n<\/tr>\n<\/tbody>\n<\/table>\n<p>[\/et_pb_text][\/et_pb_column][\/et_pb_row][\/et_pb_section]<\/p>\n","protected":false},"excerpt":{"rendered":"<p>[et_pb_breadcrumbs _builder_version=&#8220;4.10.3&#8243; _module_preset=&#8220;default&#8220; global_colors_info=&#8220;{}&#8220;][\/et_pb_breadcrumbs]VAKUUMOFEN TYP 2.0-VPT-4050\/48HV &nbsp; Allgemeine Informationen: \/ K\u00fchlung: Argon-\/Stickstoff-Gask\u00fchlung unter 1 bar (2 bar abs) Druck\/ Hersteller: SECO\/WARWICK\/ Produktionsjahr 2003\/ Standort \u2013 S\u00fcdostpolen\/ Zustand: Betriebsf\u00e4higer Ofen \u2013 Pr\u00fcfung vor Ort m\u00f6glich, Ofenautomatisierung durch Siemens S7 Standard ersetzt\/ Angebotene Serviceleistungen: Technische Bewertung, Verlagerung und Installation der Vorrichtung innerhalb der EU Verwendungszweck: \/ Der [&hellip;]<\/p>\n","protected":false},"author":2,"featured_media":176278,"parent":0,"menu_order":0,"comment_status":"closed","ping_status":"closed","template":"","meta":{"_acf_changed":false,"_et_pb_use_builder":"on","_et_pb_old_content":"","_et_gb_content_width":"","footnotes":""},"class_list":["post-176292","page","type-page","status-publish","has-post-thumbnail"],"acf":[],"_links":{"self":[{"href":"https:\/\/www.secowarwick.com\/de\/wp-json\/wp\/v2\/pages\/176292","targetHints":{"allow":["GET"]}}],"collection":[{"href":"https:\/\/www.secowarwick.com\/de\/wp-json\/wp\/v2\/pages"}],"about":[{"href":"https:\/\/www.secowarwick.com\/de\/wp-json\/wp\/v2\/types\/page"}],"author":[{"embeddable":true,"href":"https:\/\/www.secowarwick.com\/de\/wp-json\/wp\/v2\/users\/2"}],"replies":[{"embeddable":true,"href":"https:\/\/www.secowarwick.com\/de\/wp-json\/wp\/v2\/comments?post=176292"}],"version-history":[{"count":8,"href":"https:\/\/www.secowarwick.com\/de\/wp-json\/wp\/v2\/pages\/176292\/revisions"}],"predecessor-version":[{"id":176574,"href":"https:\/\/www.secowarwick.com\/de\/wp-json\/wp\/v2\/pages\/176292\/revisions\/176574"}],"wp:featuredmedia":[{"embeddable":true,"href":"https:\/\/www.secowarwick.com\/de\/wp-json\/wp\/v2\/media\/176278"}],"wp:attachment":[{"href":"https:\/\/www.secowarwick.com\/de\/wp-json\/wp\/v2\/media?parent=176292"}],"curies":[{"name":"wp","href":"https:\/\/api.w.org\/{rel}","templated":true}]}}