{"id":177546,"date":"2025-05-20T13:19:27","date_gmt":"2025-05-20T11:19:27","guid":{"rendered":"https:\/\/www.secowarwick.com\/gebrauchtoefen-und-gebrauchte-anlagen\/electric-chamber-furnace\/"},"modified":"2025-05-20T13:47:25","modified_gmt":"2025-05-20T11:47:25","slug":"elektrokammerofen","status":"publish","type":"page","link":"https:\/\/www.secowarwick.com\/de\/gebrauchtoefen-und-gebrauchte-anlagen\/elektrokammerofen\/","title":{"rendered":"Elektrokammerofen"},"content":{"rendered":"<p>[et_pb_section fb_built=&#8220;1&#8243; admin_label=&#8220;section&#8220; _builder_version=&#8220;4.16&#8243; custom_padding=&#8220;0px|||&#8220; transparent_background=&#8220;off&#8220; make_fullwidth=&#8220;off&#8220; use_custom_width=&#8220;off&#8220; width_unit=&#8220;on&#8220; global_colors_info=&#8220;{}&#8220;][et_pb_row _builder_version=&#8220;4.16&#8243; _module_preset=&#8220;default&#8220; global_colors_info=&#8220;{}&#8220;][et_pb_column type=&#8220;4_4&#8243; _builder_version=&#8220;4.16&#8243; _module_preset=&#8220;default&#8220; global_colors_info=&#8220;{}&#8220;][et_pb_breadcrumbs _builder_version=&#8220;4.10.3&#8243; _module_preset=&#8220;default&#8220; global_colors_info=&#8220;{}&#8220;][\/et_pb_breadcrumbs][\/et_pb_column][\/et_pb_row][et_pb_row admin_label=&#8220;row&#8220; _builder_version=&#8220;4.16&#8243; background_size=&#8220;initial&#8220; background_position=&#8220;top_left&#8220; background_repeat=&#8220;repeat&#8220; custom_padding=&#8220;0px|||&#8220; make_fullwidth=&#8220;off&#8220; use_custom_width=&#8220;off&#8220; width_unit=&#8220;on&#8220; global_colors_info=&#8220;{}&#8220;][et_pb_column type=&#8220;4_4&#8243; _builder_version=&#8220;4.16&#8243; custom_padding=&#8220;|||&#8220; global_colors_info=&#8220;{}&#8220; custom_padding__hover=&#8220;|||&#8220;][et_pb_text module_class=&#8220;red-square-list-parent&#8220; _builder_version=&#8220;4.23.1&#8243; background_size=&#8220;initial&#8220; background_position=&#8220;top_left&#8220; background_repeat=&#8220;repeat&#8220; use_border_color=&#8220;off&#8220; global_colors_info=&#8220;{}&#8220;]<\/p>\n<h1>Elektrokammerofen<\/h1>\n<p>&nbsp;<\/p>\n<h3><strong>General Information:<\/strong><\/h3>\n<p><strong><span style=\"color: #dc291e;\">\/<\/span><\/strong>\u00a0Elektrokammerofen mit Ausziehherd und Thermoumlauf<br \/><strong><span style=\"color: #dc291e;\">\/<\/span><\/strong>\u00a0Hersteller: Kepka Group<br \/><strong><span style=\"color: #dc291e;\">\/<\/span><\/strong>\u00a0Produktionsjahr: 2019<br \/><strong><span style=\"color: #dc291e;\">\/<\/span><\/strong>\u00a0Standort: Zentralpolen<br \/><strong><span style=\"color: #dc291e;\">\/<\/span><\/strong>\u00a0Ofen in&nbsp;Betrieb &#8211; M\u00f6glichkeit der Pr\u00fcfung vor Ort<br \/><strong><span style=\"color: #dc291e;\">\/<\/span><\/strong>\u00a0Wir bieten die technische Bewertung, die Verlagerung und die Installation der Vorrichtung am&nbsp;Zielstandort in&nbsp;der Europ\u00e4ischen Union an.<\/p>\n<h3><strong>Verwendungszweck:<\/strong><\/h3>\n<p><strong><span style=\"color: #dc291e;\">\/<\/span><\/strong>\u00a0Der Kammerofen mit Thermoumlauf ist ein elektrischer Widerstandsofen f\u00fcr die W\u00e4rmebehandlung von Metallen bei einer H\u00f6chsttemperatur von bis zu 700\u00b0C in&nbsp;oxidierender Atmosph\u00e4re.<\/p>\n<p>[\/et_pb_text][\/et_pb_column][\/et_pb_row][\/et_pb_section][et_pb_section fb_built=&#8220;1&#8243; admin_label=&#8220;section&#8220; _builder_version=&#8220;4.19.2&#8243; background_color=&#8220;#f8f8f8&#8243; custom_margin=&#8220;-20px||||false|false&#8220; custom_padding=&#8220;0px||||false|false&#8220; transparent_background=&#8220;off&#8220; make_fullwidth=&#8220;off&#8220; use_custom_width=&#8220;off&#8220; width_unit=&#8220;on&#8220; global_colors_info=&#8220;{}&#8220;][et_pb_row column_structure=&#8220;1_2,1_2&#8243; admin_label=&#8220;row&#8220; _builder_version=&#8220;4.19.2&#8243; background_size=&#8220;initial&#8220; background_position=&#8220;top_left&#8220; background_repeat=&#8220;repeat&#8220; custom_margin=&#8220;-20px||||false|false&#8220; global_colors_info=&#8220;{}&#8220;][et_pb_column type=&#8220;1_2&#8243; _builder_version=&#8220;4.16&#8243; custom_padding=&#8220;|||&#8220; global_colors_info=&#8220;{}&#8220; custom_padding__hover=&#8220;|||&#8220;][et_pb_gallery gallery_ids=&#8220;177511,177518,177525,177532,177539&#8243; posts_number=&#8220;1&#8243; show_title_and_caption=&#8220;off&#8220; show_pagination=&#8220;off&#8220; zoom_icon_color=&#8220;#FFFFFF&#8220; module_class=&#8220;seco-products-gallery-new2025&#8243; _builder_version=&#8220;4.23.1&#8243; title_text_color=&#8220;#FFFFFF&#8220; pagination_text_color=&#8220;#FFFFFF&#8220; background_layout=&#8220;dark&#8220; custom_margin=&#8220;||||false|false&#8220; hover_enabled=&#8220;0&#8243; custom_css_before=&#8220; color: #fff !important;&#8220; locked=&#8220;off&#8220; global_colors_info=&#8220;{}&#8220; custom_css_before_last_edited=&#8220;off|desktop&#8220; custom_css_free_form=&#8220;.et_overlay:before {||    content: &#8218;GALERIE ANSEHEN&#8216; !important;||}&#8220; sticky_enabled=&#8220;0&#8243;][\/et_pb_gallery][et_pb_image src=&#8220;https:\/\/www.secowarwick.com\/wp-content\/uploads\/2025\/05\/Electric-Chamber-Furnace.jpg&#8220; alt=&#8220;Elektrokammerofen&#8220; title_text=&#8220;Elektrokammerofen&#8220; align_tablet=&#8220;center&#8220; align_phone=&#8220;&#8220; align_last_edited=&#8220;on|desktop&#8220; _builder_version=&#8220;4.23.1&#8243; hover_enabled=&#8220;0&#8243; global_colors_info=&#8220;{}&#8220; sticky_enabled=&#8220;0&#8243;][\/et_pb_image][\/et_pb_column][et_pb_column type=&#8220;1_2&#8243; _builder_version=&#8220;4.16&#8243; custom_padding=&#8220;|||&#8220; global_colors_info=&#8220;{}&#8220; custom_padding__hover=&#8220;|||&#8220;][et_pb_text admin_label=&#8220;apostrof&#8220; module_class=&#8220;przecinek-tlo-nizej&#8220; _builder_version=&#8220;4.23.1&#8243; custom_margin=&#8220;||||false|false&#8220; custom_margin_tablet=&#8220;&#8220; custom_margin_phone=&#8220;&#8220; custom_margin_last_edited=&#8220;on|desktop&#8220; saved_tabs=&#8220;all&#8220; global_colors_info=&#8220;{}&#8220;]<\/p>\n<h2>Technical Data<\/h2>\n<p>[\/et_pb_text][et_pb_text _builder_version=&#8220;4.23.1&#8243; _module_preset=&#8220;default&#8220; hover_enabled=&#8220;0&#8243; global_colors_info=&#8220;{}&#8220; sticky_enabled=&#8220;0&#8243;]<\/p>\n<table style=\"border-collapse: collapse; width: 100%;\">\n<tbody>\n<tr>\n<td>Nennspannung<\/td>\n<td>230\/400 AC\u00a0[V]<\/td>\n<\/tr>\n<tr>\n<td>Nennleistung<\/td>\n<td>60 [kW]<\/td>\n<\/tr>\n<tr>\n<td>Heizkammervolumen<\/td>\n<td>780 [dm3]<\/td>\n<\/tr>\n<tr>\n<td>Nenntemperatur<\/td>\n<td>700\u00b0C<\/td>\n<\/tr>\n<tr>\n<td>Zul\u00e4ssige Herdbelastung<\/td>\n<td>800 [kg]<\/td>\n<\/tr>\n<tr>\n<td>Abweichung von der Nenntemperatur<\/td>\n<td>\u00b110\u00b0C<\/td>\n<\/tr>\n<tr>\n<td><strong>Abmessungen der Heizkammer:<\/strong><\/td>\n<td>\u00a0<\/td>\n<\/tr>\n<tr>\n<td>&#8211; Breite<\/td>\n<td>800 [mm]<\/td>\n<\/tr>\n<tr>\n<td>&#8211; Tiefe\/L\u00e4nge<\/td>\n<td>1300 [mm]<\/td>\n<\/tr>\n<tr>\n<td width=\"255\">&#8211; H\u00f6he<\/td>\n<td>750 [mm]<\/td>\n<\/tr>\n<tr>\n<td>Anzahl der Heizzonen<\/td>\n<td>2 (SSR)<\/td>\n<\/tr>\n<tr>\n<td>Thermoelemente<\/td>\n<td>2 x\u00a0Guenther \u2013 Type K\u00a0280mm<\/td>\n<\/tr>\n<tr>\n<td>SPS-PANEL (PLC)<\/td>\n<td>Siemens \u2013 KTP 400 COMFORT<\/td>\n<\/tr>\n<\/tbody>\n<\/table>\n<p>[\/et_pb_text][\/et_pb_column][\/et_pb_row][\/et_pb_section]<\/p>\n","protected":false},"excerpt":{"rendered":"<p>[et_pb_breadcrumbs _builder_version=&#8220;4.10.3&#8243; _module_preset=&#8220;default&#8220; global_colors_info=&#8220;{}&#8220;][\/et_pb_breadcrumbs]Elektrokammerofen &nbsp; General Information: \/\u00a0Elektrokammerofen mit Ausziehherd und Thermoumlauf\/\u00a0Hersteller: Kepka Group\/\u00a0Produktionsjahr: 2019\/\u00a0Standort: Zentralpolen\/\u00a0Ofen in&nbsp;Betrieb &#8211; M\u00f6glichkeit der Pr\u00fcfung vor Ort\/\u00a0Wir bieten die technische Bewertung, die Verlagerung und die Installation der Vorrichtung am&nbsp;Zielstandort in&nbsp;der Europ\u00e4ischen Union an. Verwendungszweck: \/\u00a0Der Kammerofen mit Thermoumlauf ist ein elektrischer Widerstandsofen f\u00fcr die W\u00e4rmebehandlung von Metallen bei einer [&hellip;]<\/p>\n","protected":false},"author":2,"featured_media":177503,"parent":138630,"menu_order":0,"comment_status":"closed","ping_status":"closed","template":"","meta":{"_acf_changed":false,"_et_pb_use_builder":"on","_et_pb_old_content":"","_et_gb_content_width":"","footnotes":""},"class_list":["post-177546","page","type-page","status-publish","has-post-thumbnail"],"acf":[],"_links":{"self":[{"href":"https:\/\/www.secowarwick.com\/de\/wp-json\/wp\/v2\/pages\/177546","targetHints":{"allow":["GET"]}}],"collection":[{"href":"https:\/\/www.secowarwick.com\/de\/wp-json\/wp\/v2\/pages"}],"about":[{"href":"https:\/\/www.secowarwick.com\/de\/wp-json\/wp\/v2\/types\/page"}],"author":[{"embeddable":true,"href":"https:\/\/www.secowarwick.com\/de\/wp-json\/wp\/v2\/users\/2"}],"replies":[{"embeddable":true,"href":"https:\/\/www.secowarwick.com\/de\/wp-json\/wp\/v2\/comments?post=177546"}],"version-history":[{"count":4,"href":"https:\/\/www.secowarwick.com\/de\/wp-json\/wp\/v2\/pages\/177546\/revisions"}],"predecessor-version":[{"id":177563,"href":"https:\/\/www.secowarwick.com\/de\/wp-json\/wp\/v2\/pages\/177546\/revisions\/177563"}],"up":[{"embeddable":true,"href":"https:\/\/www.secowarwick.com\/de\/wp-json\/wp\/v2\/pages\/138630"}],"wp:featuredmedia":[{"embeddable":true,"href":"https:\/\/www.secowarwick.com\/de\/wp-json\/wp\/v2\/media\/177503"}],"wp:attachment":[{"href":"https:\/\/www.secowarwick.com\/de\/wp-json\/wp\/v2\/media?parent=177546"}],"curies":[{"name":"wp","href":"https:\/\/api.w.org\/{rel}","templated":true}]}}