{"id":178608,"date":"2025-06-06T07:58:41","date_gmt":"2025-06-06T05:58:41","guid":{"rendered":"https:\/\/www.secowarwick.com\/unternehmen\/auszeichnungen-und-ehrungen\/angel-of-dual-education\/"},"modified":"2025-06-06T08:13:07","modified_gmt":"2025-06-06T06:13:07","slug":"angel-of-dual-education","status":"publish","type":"page","link":"https:\/\/www.secowarwick.com\/de\/unternehmen\/auszeichnungen-und-ehrungen\/angel-of-dual-education\/","title":{"rendered":"Am 27. Mai 2025 erhielten wir die Auszeichnung \u201eEngel der dualen Ausbildung\u201c f\u00fcr herausragende Leistungen im Bereich der dualen Ausbildung."},"content":{"rendered":"<h3>Die Auszeichnung der Vereinigung f\u00fcr duale Bildung best\u00e4tigt unsere starke Position im Bereich der F\u00f6rderung der beruflichen Bildung.<\/h3>\n<p><img decoding=\"async\" class=\"aligncenter wp-image-178596 size-full\" src=\"https:\/\/www.secowarwick.com\/wp-content\/uploads\/2025\/06\/Angel-of-Dual-Education.jpg\" alt=\"Am 27. Mai 2025 erhielten wir die Auszeichnung \u201eEngel der dualen Ausbildung\u201c f\u00fcr herausragende Leistungen im Bereich der dualen Ausbildung.\" width=\"1044\" height=\"591\" srcset=\"https:\/\/www.secowarwick.com\/wp-content\/uploads\/2025\/06\/Angel-of-Dual-Education.jpg 1044w, https:\/\/www.secowarwick.com\/wp-content\/uploads\/2025\/06\/Angel-of-Dual-Education-980x555.jpg 980w, https:\/\/www.secowarwick.com\/wp-content\/uploads\/2025\/06\/Angel-of-Dual-Education-480x272.jpg 480w\" sizes=\"(min-width: 0px) and (max-width: 480px) 480px, (min-width: 481px) and (max-width: 980px) 980px, (min-width: 981px) 1044px, 100vw\" \/><\/p>\n<p>Diese Auszeichnung ist eine Anerkennung f\u00fcr SECO\/WARWICK, das sich seit Jahren f\u00fcr die F\u00f6rderung junger Menschen engagiert und Bildungsprogramme, Praktika und Unterst\u00fctzung f\u00fcr Sch\u00fcler und Studenten anbietet. Dadurch haben junge Menschen die M\u00f6glichkeit, praktische F\u00e4higkeiten und Berufserfahrung zu erwerben, was zu einer besseren Vorbereitung auf ihre zuk\u00fcnftige berufliche Laufbahn beitr\u00e4gt.<\/p>\n<p>&nbsp;<\/p>\n","protected":false},"excerpt":{"rendered":"<p>Die Auszeichnung der Vereinigung f\u00fcr duale Bildung best\u00e4tigt unsere starke Position im Bereich der F\u00f6rderung der beruflichen Bildung. Diese Auszeichnung ist eine Anerkennung f\u00fcr SECO\/WARWICK, das sich seit Jahren f\u00fcr die F\u00f6rderung junger Menschen engagiert und Bildungsprogramme, Praktika und Unterst\u00fctzung f\u00fcr Sch\u00fcler und Studenten anbietet. Dadurch haben junge Menschen die M\u00f6glichkeit, praktische F\u00e4higkeiten und Berufserfahrung [&hellip;]<\/p>\n","protected":false},"author":2,"featured_media":178598,"parent":6718,"menu_order":0,"comment_status":"closed","ping_status":"closed","template":"","meta":{"_acf_changed":false,"_et_pb_use_builder":"off","_et_pb_old_content":"","_et_gb_content_width":"","footnotes":""},"class_list":["post-178608","page","type-page","status-publish","has-post-thumbnail"],"acf":[],"_links":{"self":[{"href":"https:\/\/www.secowarwick.com\/de\/wp-json\/wp\/v2\/pages\/178608","targetHints":{"allow":["GET"]}}],"collection":[{"href":"https:\/\/www.secowarwick.com\/de\/wp-json\/wp\/v2\/pages"}],"about":[{"href":"https:\/\/www.secowarwick.com\/de\/wp-json\/wp\/v2\/types\/page"}],"author":[{"embeddable":true,"href":"https:\/\/www.secowarwick.com\/de\/wp-json\/wp\/v2\/users\/2"}],"replies":[{"embeddable":true,"href":"https:\/\/www.secowarwick.com\/de\/wp-json\/wp\/v2\/comments?post=178608"}],"version-history":[{"count":2,"href":"https:\/\/www.secowarwick.com\/de\/wp-json\/wp\/v2\/pages\/178608\/revisions"}],"predecessor-version":[{"id":178614,"href":"https:\/\/www.secowarwick.com\/de\/wp-json\/wp\/v2\/pages\/178608\/revisions\/178614"}],"up":[{"embeddable":true,"href":"https:\/\/www.secowarwick.com\/de\/wp-json\/wp\/v2\/pages\/6718"}],"wp:featuredmedia":[{"embeddable":true,"href":"https:\/\/www.secowarwick.com\/de\/wp-json\/wp\/v2\/media\/178598"}],"wp:attachment":[{"href":"https:\/\/www.secowarwick.com\/de\/wp-json\/wp\/v2\/media?parent=178608"}],"curies":[{"name":"wp","href":"https:\/\/api.w.org\/{rel}","templated":true}]}}