{"id":181290,"date":"2025-07-10T13:15:24","date_gmt":"2025-07-10T11:15:24","guid":{"rendered":"https:\/\/www.secowarwick.com\/?page_id=181290"},"modified":"2025-07-11T08:52:24","modified_gmt":"2025-07-11T06:52:24","slug":"vakuumofen-mit-gasabschreckung-bei-einem-druck","status":"publish","type":"page","link":"https:\/\/www.secowarwick.com\/de\/gebrauchtoefen-und-gebrauchte-anlagen\/vakuumofen-mit-gasabschreckung-bei-einem-druck\/","title":{"rendered":"Vakuumofen mit gasabschreckung bei einem druck 15 BAR und Option zur LPN-Vakuumnitrierung TYP 15.0 VPT-4035\/36LPN"},"content":{"rendered":"<p>[et_pb_section fb_built=&#8220;1&#8243; admin_label=&#8220;section&#8220; _builder_version=&#8220;4.16&#8243; custom_padding=&#8220;0px|||&#8220; transparent_background=&#8220;off&#8220; make_fullwidth=&#8220;off&#8220; use_custom_width=&#8220;off&#8220; width_unit=&#8220;on&#8220; global_colors_info=&#8220;{}&#8220;][et_pb_row _builder_version=&#8220;4.16&#8243; _module_preset=&#8220;default&#8220; global_colors_info=&#8220;{}&#8220;][et_pb_column type=&#8220;4_4&#8243; _builder_version=&#8220;4.16&#8243; _module_preset=&#8220;default&#8220; global_colors_info=&#8220;{}&#8220;][et_pb_breadcrumbs _builder_version=&#8220;4.10.3&#8243; _module_preset=&#8220;default&#8220; global_colors_info=&#8220;{}&#8220;][\/et_pb_breadcrumbs][\/et_pb_column][\/et_pb_row][et_pb_row admin_label=&#8220;row&#8220; _builder_version=&#8220;4.16&#8243; background_size=&#8220;initial&#8220; background_position=&#8220;top_left&#8220; background_repeat=&#8220;repeat&#8220; custom_padding=&#8220;0px|||&#8220; make_fullwidth=&#8220;off&#8220; use_custom_width=&#8220;off&#8220; width_unit=&#8220;on&#8220; global_colors_info=&#8220;{}&#8220;][et_pb_column type=&#8220;4_4&#8243; _builder_version=&#8220;4.16&#8243; custom_padding=&#8220;|||&#8220; global_colors_info=&#8220;{}&#8220; custom_padding__hover=&#8220;|||&#8220;][et_pb_divider show_divider=&#8220;off&#8220; _builder_version=&#8220;4.16&#8243; _module_preset=&#8220;default&#8220; global_colors_info=&#8220;{}&#8220;][\/et_pb_divider][et_pb_text module_class=&#8220;red-square-list-parent&#8220; _builder_version=&#8220;4.23.1&#8243; background_size=&#8220;initial&#8220; background_position=&#8220;top_left&#8220; background_repeat=&#8220;repeat&#8220; use_border_color=&#8220;off&#8220; global_colors_info=&#8220;{}&#8220;]<\/p>\n<h1>Vakuumofen mit gasabschreckung bei einem druck 15 BAR\u00a0 und Option zur LPN-Vakuumnitrierung TYP 15.0 VPT-4035\/36LPN<\/h1>\n<p>&nbsp;<\/p>\n<h3><strong>Allgemeine Angaben:<\/strong><\/h3>\n<p><strong><span style=\"color: #dc291e;\">\/<\/span><\/strong>\u00a0Vakuumofen mit Gasabschreckung bei einem Druck 15 bar und Option zur Vakuumnitrierung<br \/><strong><span style=\"color: #dc291e;\">\/<\/span><\/strong>\u00a0Hersteller: SECO\/WARWICK<br \/><strong><span style=\"color: #dc291e;\">\/<\/span><\/strong>\u00a0Produktionsjahr: 2015<br \/><strong><span style=\"color: #dc291e;\">\/<\/span><\/strong>\u00a0Standort \u2013 Nordpolen<br \/><strong><span style=\"color: #dc291e;\">\/<\/span><\/strong>\u00a0Der Ofenzustand wurde im&nbsp;Juni 2025 vom Hersteller \u00fcberpr\u00fcft \u2013 Bericht verf\u00fcgbar<br \/><strong><span style=\"color: #dc291e;\">\/<\/span><\/strong>\u00a0Zusammen mit dem Ofen ein komplettes K\u00fchlsystem mit Ventilatork\u00fchler, Stickstoff-Puffertank und Ladewagen!<br \/><strong><span style=\"color: #dc291e;\">\/<\/span><\/strong>\u00a0Der Ofen wurde au\u00dfer zur Vorw\u00e4rmung nicht benutzt!<br \/><strong><span style=\"color: #dc291e;\">\/<\/span><\/strong>\u00a0Wir bieten die Verlagerung und Installation der Vorrichtung am&nbsp;Zielstandort.<\/p>\n<p>[\/et_pb_text][\/et_pb_column][\/et_pb_row][\/et_pb_section][et_pb_section fb_built=&#8220;1&#8243; admin_label=&#8220;section&#8220; _builder_version=&#8220;4.19.2&#8243; background_color=&#8220;#f8f8f8&#8243; custom_margin=&#8220;-20px||||false|false&#8220; custom_padding=&#8220;0px||||false|false&#8220; transparent_background=&#8220;off&#8220; make_fullwidth=&#8220;off&#8220; use_custom_width=&#8220;off&#8220; width_unit=&#8220;on&#8220; global_colors_info=&#8220;{}&#8220;][et_pb_row column_structure=&#8220;1_2,1_2&#8243; admin_label=&#8220;row&#8220; _builder_version=&#8220;4.19.2&#8243; background_size=&#8220;initial&#8220; background_position=&#8220;top_left&#8220; background_repeat=&#8220;repeat&#8220; custom_margin=&#8220;-20px||||false|false&#8220; global_colors_info=&#8220;{}&#8220;][et_pb_column type=&#8220;1_2&#8243; _builder_version=&#8220;4.16&#8243; custom_padding=&#8220;|||&#8220; global_colors_info=&#8220;{}&#8220; custom_padding__hover=&#8220;|||&#8220;][et_pb_gallery gallery_ids=&#8220;181169,181176,181183&#8243; posts_number=&#8220;1&#8243; show_title_and_caption=&#8220;off&#8220; show_pagination=&#8220;off&#8220; zoom_icon_color=&#8220;#FFFFFF&#8220; module_class=&#8220;seco-products-gallery-new2025&#8243; _builder_version=&#8220;4.23.1&#8243; title_text_color=&#8220;#FFFFFF&#8220; pagination_text_color=&#8220;#FFFFFF&#8220; background_layout=&#8220;dark&#8220; custom_margin=&#8220;||||false|false&#8220; hover_enabled=&#8220;0&#8243; custom_css_before=&#8220; color: #fff !important;&#8220; custom_css_free_form=&#8220;.et_overlay:before {||    content: &#8218;GALERIE&#8216; !important;||}&#8220; locked=&#8220;off&#8220; global_colors_info=&#8220;{}&#8220; custom_css_before_last_edited=&#8220;off|desktop&#8220; sticky_enabled=&#8220;0&#8243;][\/et_pb_gallery][et_pb_image src=&#8220;https:\/\/www.secowarwick.com\/wp-content\/uploads\/2025\/07\/piec-15VP.jpg&#8220; alt=&#8220;Vakuumofen mit gasabschreckung bei einem druck 15 BAR und Option zur LPN-Vakuumnitrierung TYP 15.0 VPT-4035\/36LPN&#8220; align_tablet=&#8220;center&#8220; align_phone=&#8220;&#8220; align_last_edited=&#8220;on|desktop&#8220; _builder_version=&#8220;4.23.1&#8243; global_colors_info=&#8220;{}&#8220;][\/et_pb_image][\/et_pb_column][et_pb_column type=&#8220;1_2&#8243; _builder_version=&#8220;4.16&#8243; custom_padding=&#8220;|||&#8220; global_colors_info=&#8220;{}&#8220; custom_padding__hover=&#8220;|||&#8220;][et_pb_text admin_label=&#8220;apostrof&#8220; module_class=&#8220;przecinek-tlo-nizej&#8220; _builder_version=&#8220;4.23.1&#8243; custom_margin=&#8220;||||false|false&#8220; custom_margin_tablet=&#8220;&#8220; custom_margin_phone=&#8220;&#8220; custom_margin_last_edited=&#8220;on|desktop&#8220; saved_tabs=&#8220;all&#8220; global_colors_info=&#8220;{}&#8220;]<\/p>\n<h2>Technische Daten<\/h2>\n<p>[\/et_pb_text][et_pb_text _builder_version=&#8220;4.23.1&#8243; _module_preset=&#8220;default&#8220; global_colors_info=&#8220;{}&#8220;]<\/p>\n<p>&nbsp;<\/p>\n<table style=\"border-collapse: collapse; width: 100%;\">\n<tbody>\n<tr>\n<td>Arbeitsbereich \u2013 Nutzabmessung (B\u00a0x\u00a0H\u00a0x\u00a0T)<\/td>\n<td>600 x\u00a0600 x\u00a0900 mm<\/td>\n<\/tr>\n<tr>\n<td>Maximales Bruttogewicht der Ladung<\/td>\n<td>800 kg<\/td>\n<\/tr>\n<tr>\n<td><strong>Temperatur<\/strong><\/td>\n<td>\u00a0<\/td>\n<\/tr>\n<tr>\n<td>Nenntemperatur<\/td>\n<td>1300\u00b0C<\/td>\n<\/tr>\n<tr>\n<td>Temperaturgleichm\u00e4\u00dfigkeit:<\/td>\n<td>\u00a0<\/td>\n<\/tr>\n<tr>\n<td>\u00a0<\/td>\n<td>&#8211; von 150\u00b0C bis 750\u00b0C in\u00a0Konvektionsgas \u00b1 5\u00b0C<\/td>\n<\/tr>\n<tr>\n<td>\u00a0<\/td>\n<td>&#8211; von 600\u00b0C bis 1150\u00b0C im\u00a0Vakuum \u00b1 5\u00b0C<\/td>\n<\/tr>\n<tr>\n<td><strong>Vacuum<\/strong><\/td>\n<td>\u00a0<\/td>\n<\/tr>\n<tr>\n<td>Arbeitsvakuum<\/td>\n<td>5&#215;10-2 mbar<\/td>\n<\/tr>\n<tr>\n<td>Maximales Vakuum (sauberer, trockener, abgepumpter, kalter und leerer Ofen)<\/td>\n<td>1&#215;10-2 mbar<\/td>\n<\/tr>\n<tr>\n<td>Leckgeschwindigkeit (sauberer, trockener, abgepumpter, kalter und leerer Ofen)<\/td>\n<td>&lt;3&#215;10-3 mbar_l\/s<\/td>\n<\/tr>\n<tr>\n<td>Bereich der Partialdruckregelung<\/td>\n<td>10-1 \u00f7 10 mbar<\/td>\n<\/tr>\n<tr>\n<td><strong>Heizzone<\/strong><\/td>\n<td>\u00a0<\/td>\n<\/tr>\n<tr>\n<td colspan=\"2\">Konstruktionsmaterial: Kohlenstoffstahl<\/td>\n<\/tr>\n<tr>\n<td colspan=\"2\">W\u00e4rmed\u00e4mmung: 40 mm dicke CFC-Graphitplatten aus hartem Filz, verst\u00e4rkt mit 10 mm dickem weichem Graphit<\/td>\n<\/tr>\n<tr>\n<td><strong>Heizsystem<\/strong><\/td>\n<td>\u00a0<\/td>\n<\/tr>\n<tr>\n<td colspan=\"2\">Heizelemente: Niederspannungs-Graphitstreifen<\/td>\n<\/tr>\n<tr>\n<td colspan=\"2\">Verteilung der Heizelemente um die Ladung herum<\/td>\n<\/tr>\n<tr>\n<td>Heizleistung<\/td>\n<td>150 kW<\/td>\n<\/tr>\n<tr>\n<td>Anzahl der Heizregelzonen<\/td>\n<td>1<\/td>\n<\/tr>\n<tr>\n<td colspan=\"2\">Heizleistungsregelung: Frequenzumrichterantrieb<\/td>\n<\/tr>\n<tr>\n<td><strong>Konvektionsheizung<\/strong><\/td>\n<td>\u00a0<\/td>\n<\/tr>\n<tr>\n<td>Konvektionsgas (Gas\/Druck)<\/td>\n<td>Stickstoff \/ 1\u00f73 bar abs.<\/td>\n<\/tr>\n<tr>\n<td>Konvektionsventilator<\/td>\n<td>2,2 kW<\/td>\n<\/tr>\n<tr>\n<td colspan=\"2\">Motorsteuerungsmodus: Frequenzumrichterantrieb<\/td>\n<\/tr>\n<tr>\n<td><strong>Vakuumpumpsystem<\/strong><\/td>\n<td>\u00a0<\/td>\n<\/tr>\n<tr>\n<td>Vakuumpumpe SV300 Oerlikon Leybold<\/td>\n<td>Pumpennennleistung 280 m<sup>3<\/sup>\/h<\/td>\n<\/tr>\n<tr>\n<td>Root\u2019s pump WH700 Oerlikon Leybold<\/td>\n<td>Pumpennennleistung \u00a01500 m<sup>3<\/sup>\/h<\/td>\n<\/tr>\n<tr>\n<td><strong>Ofenk\u00f6rper<\/strong><\/td>\n<td>\u00a0<\/td>\n<\/tr>\n<tr>\n<td>Material<\/td>\n<td>Kohlenstoffstahl<\/td>\n<\/tr>\n<tr>\n<td>Volumen<\/td>\n<td>5,5 m<sup>3<\/sup><\/td>\n<\/tr>\n<tr>\n<td colspan=\"2\">T\u00fcrverriegelungsmechanismus: Dritter Klemmring, bet\u00e4tigt durch einen elektrischen Linearantrieb<\/td>\n<\/tr>\n<tr>\n<td><strong>Gas-K\u00fchlsystem<\/strong><\/td>\n<td>\u00a0<\/td>\n<\/tr>\n<tr>\n<td>Abschreckgas: Stickstoff<\/td>\n<td>\u00a0<\/td>\n<\/tr>\n<tr>\n<td>Maximaler Abschreckdruck<\/td>\n<td>15 bar abs.<\/td>\n<\/tr>\n<tr>\n<td>L\u00fcftermotor 2SKPW250-2A<\/td>\n<td>\u00a0<\/td>\n<\/tr>\n<tr>\n<td>\u00a0<\/td>\n<td>Motorleistung S2=180 kW; S1=110 kW<\/td>\n<\/tr>\n<tr>\n<td>\u00a0<\/td>\n<td>Steuerungsmodus: Frequenzumrichterantrieb<\/td>\n<\/tr>\n<tr>\n<td colspan=\"2\">Einlassd\u00fcsen f\u00fcr K\u00fchlgas rund um die Ladung und die Vordert\u00fcren<\/td>\n<\/tr>\n<tr>\n<td colspan=\"2\">Hei\u00dfgasauslass\u00f6ffnung in\u00a0der R\u00fcckwand<\/td>\n<\/tr>\n<tr>\n<td><strong>Instrumentierung<\/strong><\/td>\n<td>\u00a0<\/td>\n<\/tr>\n<tr>\n<td>Kontroll- und \u00dcberlauftemperatursensoren<\/td>\n<td>1 Satz, doppelt, Typ S<\/td>\n<\/tr>\n<tr>\n<td>Temperatursensoren f\u00fcr die Ladung<\/td>\n<td>2 Sets, Typ N<\/td>\n<\/tr>\n<tr>\n<td>Vakuumwandler<\/td>\n<td>TTR-91S \/ Oerlikon Leybold<\/td>\n<\/tr>\n<tr>\n<td>Hochvakuum-Transmitter (OPTIONAL)<\/td>\n<td>PTR-90 \/ Oerlikon Leybold<\/td>\n<\/tr>\n<tr>\n<td>\n<p><strong>Steuerungssystem<\/strong><\/p>\n<\/td>\n<td>\u00a0<\/td>\n<\/tr>\n<tr>\n<td colspan=\"2\">PLC S7-1500 \/ Siemens<\/td>\n<\/tr>\n<tr>\n<td>Bedienerschnittstelle<\/td>\n<td>Siemens TP1500<\/td>\n<\/tr>\n<tr>\n<td colspan=\"2\">15\u201d Touchscreen\u00a0<\/td>\n<\/tr>\n<tr>\n<td>\u00dcbertemperaturregler<\/td>\n<td>3216i Eurotherm<\/td>\n<\/tr>\n<tr>\n<td colspan=\"2\">\n<p>Eurotherm Frequenzumrichter Danfoss<\/p>\n<\/td>\n<\/tr>\n<\/tbody>\n<\/table>\n<p>[\/et_pb_text][\/et_pb_column][\/et_pb_row][\/et_pb_section]<\/p>\n","protected":false},"excerpt":{"rendered":"<p>[et_pb_breadcrumbs _builder_version=&#8220;4.10.3&#8243; _module_preset=&#8220;default&#8220; global_colors_info=&#8220;{}&#8220;][\/et_pb_breadcrumbs]Vakuumofen mit gasabschreckung bei einem druck 15 BAR\u00a0 und Option zur LPN-Vakuumnitrierung TYP 15.0 VPT-4035\/36LPN &nbsp; Allgemeine Angaben: \/\u00a0Vakuumofen mit Gasabschreckung bei einem Druck 15 bar und Option zur Vakuumnitrierung\/\u00a0Hersteller: SECO\/WARWICK\/\u00a0Produktionsjahr: 2015\/\u00a0Standort \u2013 Nordpolen\/\u00a0Der Ofenzustand wurde im&nbsp;Juni 2025 vom Hersteller \u00fcberpr\u00fcft \u2013 Bericht verf\u00fcgbar\/\u00a0Zusammen mit dem Ofen ein komplettes K\u00fchlsystem mit Ventilatork\u00fchler, [&hellip;]<\/p>\n","protected":false},"author":2,"featured_media":181161,"parent":138630,"menu_order":0,"comment_status":"closed","ping_status":"closed","template":"","meta":{"_acf_changed":false,"_et_pb_use_builder":"on","_et_pb_old_content":"","_et_gb_content_width":"","footnotes":""},"class_list":["post-181290","page","type-page","status-publish","has-post-thumbnail"],"acf":[],"_links":{"self":[{"href":"https:\/\/www.secowarwick.com\/de\/wp-json\/wp\/v2\/pages\/181290","targetHints":{"allow":["GET"]}}],"collection":[{"href":"https:\/\/www.secowarwick.com\/de\/wp-json\/wp\/v2\/pages"}],"about":[{"href":"https:\/\/www.secowarwick.com\/de\/wp-json\/wp\/v2\/types\/page"}],"author":[{"embeddable":true,"href":"https:\/\/www.secowarwick.com\/de\/wp-json\/wp\/v2\/users\/2"}],"replies":[{"embeddable":true,"href":"https:\/\/www.secowarwick.com\/de\/wp-json\/wp\/v2\/comments?post=181290"}],"version-history":[{"count":8,"href":"https:\/\/www.secowarwick.com\/de\/wp-json\/wp\/v2\/pages\/181290\/revisions"}],"predecessor-version":[{"id":181418,"href":"https:\/\/www.secowarwick.com\/de\/wp-json\/wp\/v2\/pages\/181290\/revisions\/181418"}],"up":[{"embeddable":true,"href":"https:\/\/www.secowarwick.com\/de\/wp-json\/wp\/v2\/pages\/138630"}],"wp:featuredmedia":[{"embeddable":true,"href":"https:\/\/www.secowarwick.com\/de\/wp-json\/wp\/v2\/media\/181161"}],"wp:attachment":[{"href":"https:\/\/www.secowarwick.com\/de\/wp-json\/wp\/v2\/media?parent=181290"}],"curies":[{"name":"wp","href":"https:\/\/api.w.org\/{rel}","templated":true}]}}