{"id":182853,"date":"2025-06-03T09:36:47","date_gmt":"2025-06-03T07:36:47","guid":{"rendered":"https:\/\/www.secowarwick.com\/professionelle-service-dienstleistungen\/produkcja-chlodu\/"},"modified":"2025-10-10T08:19:38","modified_gmt":"2025-10-10T06:19:38","slug":"kalteerzeugung","status":"publish","type":"page","link":"https:\/\/www.secowarwick.com\/de\/professionelle-service-dienstleistungen\/kalteerzeugung\/","title":{"rendered":"K\u00e4lteerzeugung"},"content":{"rendered":"<p>[et_pb_section fb_built=&#8220;1&#8243; module_class=&#8220;skos-slider-bottom innowacje-top serwis-naglowek-2025&#8243; _builder_version=&#8220;4.23.1&#8243; background_enable_image=&#8220;off&#8220; custom_padding=&#8220;0px||0px|&#8220; locked=&#8220;off&#8220; global_colors_info=&#8220;{}&#8220;][et_pb_row _builder_version=&#8220;4.23.1&#8243; custom_padding=&#8220;0px||0px|&#8220; global_colors_info=&#8220;{}&#8220;][et_pb_column type=&#8220;4_4&#8243; _builder_version=&#8220;4.16&#8243; custom_padding=&#8220;|||&#8220; global_colors_info=&#8220;{}&#8220; custom_padding__hover=&#8220;|||&#8220;][et_pb_text module_class=&#8220;naglowek-innowacje&#8220; _builder_version=&#8220;4.23.1&#8243; header_2_text_color=&#8220;#ffffff&#8220; header_2_font_size=&#8220;35px&#8220; custom_margin=&#8220;||||false|false&#8220; custom_padding_tablet=&#8220;||100px|&#8220; custom_padding_last_edited=&#8220;off|desktop&#8220; global_colors_info=&#8220;{}&#8220;]<\/p>\n<h2><span style=\"color: #000000;\"><span style=\"color: #dc291e;\">\/<\/span>K\u00c4LTEERZEUGUNG<\/span><\/h2>\n<p>[\/et_pb_text][\/et_pb_column][\/et_pb_row][\/et_pb_section][et_pb_section fb_built=&#8220;1&#8243; admin_label=&#8220;section&#8220; _builder_version=&#8220;4.16&#8243; background_color=&#8220;#ffffff&#8220; custom_margin=&#8220;0px|||&#8220; custom_padding=&#8220;0px|||&#8220; transparent_background=&#8220;off&#8220; global_colors_info=&#8220;{}&#8220;][et_pb_row column_structure=&#8220;2_3,1_3&#8243; use_custom_gutter=&#8220;on&#8220; gutter_width=&#8220;2&#8243; admin_label=&#8220;row&#8220; _builder_version=&#8220;4.23.1&#8243; background_size=&#8220;initial&#8220; background_position=&#8220;top_left&#8220; background_repeat=&#8220;repeat&#8220; global_colors_info=&#8220;{}&#8220;][et_pb_column type=&#8220;2_3&#8243; _builder_version=&#8220;4.23.1&#8243; custom_padding=&#8220;|30px|||false|false&#8220; custom_padding_tablet=&#8220;|0px|||false|false&#8220; custom_padding_phone=&#8220;|0px|||false|false&#8220; custom_padding_last_edited=&#8220;on|desktop&#8220; global_colors_info=&#8220;{}&#8220; custom_padding__hover=&#8220;|||&#8220;][et_pb_breadcrumbs _builder_version=&#8220;4.23.1&#8243; global_colors_info=&#8220;{}&#8220;][\/et_pb_breadcrumbs][et_pb_text module_class=&#8220;ed-square-list-parent&#8220; _builder_version=&#8220;4.23.1&#8243; background_size=&#8220;initial&#8220; background_position=&#8220;top_left&#8220; background_repeat=&#8220;repeat&#8220; text_orientation=&#8220;justified&#8220; use_border_color=&#8220;off&#8220; border_color=&#8220;#ffffff&#8220; border_style=&#8220;solid&#8220; global_colors_info=&#8220;{}&#8220;]<\/p>\n<h1>K\u00c4LTEERZEUGUNG<\/h1>\n<p>[\/et_pb_text][\/et_pb_column][et_pb_column type=&#8220;1_3&#8243; _builder_version=&#8220;4.16&#8243; custom_padding=&#8220;|||&#8220; global_colors_info=&#8220;{}&#8220; custom_padding__hover=&#8220;|||&#8220;][\/et_pb_column][\/et_pb_row][et_pb_row column_structure=&#8220;3_4,1_4&#8243; use_custom_gutter=&#8220;on&#8220; admin_label=&#8220;row&#8220; _builder_version=&#8220;4.23.1&#8243; background_size=&#8220;initial&#8220; background_position=&#8220;top_left&#8220; background_repeat=&#8220;repeat&#8220; custom_padding=&#8220;0px||||false|false&#8220; global_colors_info=&#8220;{}&#8220;][et_pb_column type=&#8220;3_4&#8243; _builder_version=&#8220;4.23.1&#8243; custom_padding=&#8220;|30px|||false|false&#8220; custom_padding_tablet=&#8220;|0px|||false|false&#8220; custom_padding_phone=&#8220;|0px|||false|false&#8220; custom_padding_last_edited=&#8220;on|desktop&#8220; global_colors_info=&#8220;{}&#8220; custom_padding__hover=&#8220;|||&#8220;][et_pb_text _builder_version=&#8220;4.23.1&#8243; _module_preset=&#8220;default&#8220; text_orientation=&#8220;justified&#8220; global_colors_info=&#8220;{}&#8220;]<\/p>\n<h2>R\u00dcCKGEWINNUNG AUS LNG-ANLAGEN<\/h2>\n<p>Kunden suchen nach L\u00f6sungen, mit denen sie Medien wie Erdgas, Prozessgase (Sauerstoff, Argon, Stickstoff) oder K\u00e4lte, die f\u00fcr die Aufrechterhaltung der richtigen Temperatur im&nbsp;technologischen Prozess erforderlich sind, einsparen k\u00f6nnen.<\/p>\n<p>Dieser Prozess besteht in&nbsp;der R\u00fcckgewinnung von K\u00e4lte aus der Phasenumwandlung von verfl\u00fcssigten Gasen. Durch den Einsatz eines speziellen W\u00e4rmetauschers ist es&nbsp;m\u00f6glich, K\u00e4lteenergie aus dem Regasifizierungsprozess von verfl\u00fcssigten Gasen (LNG, Stickstoff, Sauerstoff, Argon usw.) zu gewinnen und diese vom Verbraucher f\u00fcr technologische Zwecke zu nutzen. Dies tr\u00e4gt nicht nur zur Senkung der Energiekosten und zur Unabh\u00e4ngigkeit von Gaslieferungen bei, sondern ist auch vorteilhaft f\u00fcr die Umwelt, da beispielsweise die CO\u2082-Emissionen reduziert werden.<\/p>\n<p>Die im&nbsp;W\u00e4rmeaustauschprozess zur\u00fcckgewonnene K\u00e4lteenergie kann in&nbsp;technologischen oder nutzungsbezogenen Anwendungen, wie beispielsweise der Raumklimatisierung, wiederverwendet werden. Durch den Einsatz von K\u00e4lte-R\u00fcckgewinnungssystemen l\u00e4sst sich der Prim\u00e4renergiebedarf, insbesondere der Strombedarf, erheblich senken, indem der Energiebedarf teilweise aus Sekund\u00e4renergie gedeckt wird. Im&nbsp;Vergleich zu Systemen ohne R\u00fcckgewinnungsmechanismen zeichnen sich diese L\u00f6sungen durch eine h\u00f6here Energieeffizienz und niedrigere Betriebskosten aus.<\/p>\n<p>[\/et_pb_text][et_pb_image src=&#8220;https:\/\/www.secowarwick.com\/wp-content\/uploads\/2025\/09\/cold-production-1.jpg&#8220; alt=&#8220;COLD PRODUCTION&#8220; title_text=&#8220;cold-production&#8220; _builder_version=&#8220;4.23.1&#8243; _module_preset=&#8220;default&#8220; global_colors_info=&#8220;{}&#8220;][\/et_pb_image][\/et_pb_column][et_pb_column type=&#8220;1_4&#8243; _builder_version=&#8220;4.16&#8243; custom_padding=&#8220;|||&#8220; global_colors_info=&#8220;{}&#8220; custom_padding__hover=&#8220;|||&#8220;][et_pb_text admin_label=&#8220;btn_de_premiumlibrary&#8220; module_class=&#8220;premium-library-button&#8220; _builder_version=&#8220;4.23.1&#8243; _module_preset=&#8220;default&#8220; text_orientation=&#8220;center&#8220; global_module=&#8220;157246&#8243; locked=&#8220;off&#8220; global_colors_info=&#8220;{}&#8220;]<\/p>\n<a href='https:\/\/www.secowarwick.com\/de\/premiuminhalte\/' class='small-button smallred'><span>PREMIUMINHALTE<\/span><\/a>\n<p>[\/et_pb_text][et_pb_text admin_label=&#8220;R&#038;D de&#8220; module_class=&#8220;product_widget_wrap_rd&#8220; _builder_version=&#8220;4.23.1&#8243; _module_preset=&#8220;default&#8220; text_orientation=&#8220;center&#8220; global_module=&#8220;165497&#8243; saved_tabs=&#8220;all&#8220; locked=&#8220;off&#8220; global_colors_info=&#8220;{}&#8220;]<\/p>\n<p><a href=\"https:\/\/www.secowarwick.com\/de\/rd\/\"><span class=\"product_wigtet_name\">R&amp;D<\/span><\/a><\/p>\n<p>[\/et_pb_text][et_pb_text admin_label=&#8220;AUTOMATYKA de&#8220; module_class=&#8220;product_widget_wrap_automation&#8220; _builder_version=&#8220;4.23.1&#8243; _module_preset=&#8220;default&#8220; global_module=&#8220;165495&#8243; saved_tabs=&#8220;all&#8220; locked=&#8220;off&#8220; global_colors_info=&#8220;{}&#8220;]<\/p>\n<p><a href=\"https:\/\/www.secowarwick.com\/de\/service\/automatisierung\/\"><span class=\"product_wigtet_name\">AUTOMATISIERUNG<\/span><\/a><\/p>\n<p>[\/et_pb_text][et_pb_text admin_label=&#8220;Producte de&#8220; module_class=&#8220;product_widget_wrap_products &#8220; _builder_version=&#8220;4.23.1&#8243; _module_preset=&#8220;default&#8220; global_module=&#8220;179193&#8243; saved_tabs=&#8220;all&#8220; locked=&#8220;off&#8220; global_colors_info=&#8220;{}&#8220;]<\/p>\n<p><a href=\"https:\/\/www.secowarwick.com\/de\/produkte\/\" target=\"_blank\" rel=\"noopener\"><span class=\"product_wigtet_name\">PRODUKTE<\/span><\/a><\/p>\n<p>[\/et_pb_text][et_pb_text admin_label=&#8220;SUPLEMENTALS de&#8220; module_class=&#8220;product_widget_wrap_supleme&#8220; _builder_version=&#8220;4.23.1&#8243; _module_preset=&#8220;default&#8220; global_module=&#8220;165502&#8243; saved_tabs=&#8220;all&#8220; locked=&#8220;off&#8220; global_colors_info=&#8220;{}&#8220;]<\/p>\n<p><span class=\"product_wigtet_name\">ZUSATZSTOFFE:<\/span><\/p>\n<p>[\/et_pb_text][et_pb_text admin_label=&#8220;Product brochure&#8220; module_class=&#8220;suplementals_product_brochure suplementals_wrap&#8220; _builder_version=&#8220;4.23.1&#8243; _module_preset=&#8220;default&#8220; locked=&#8220;off&#8220; global_colors_info=&#8220;{}&#8220;]<a href=\"https:\/\/www.secowarwick.com\/wp-content\/uploads\/2025\/09\/Professional_technical_services.pdf\" target=\"_blank\" rel=\"noopener\">Produktbrosch\u00fcre<\/a>[\/et_pb_text][et_pb_text admin_label=&#8220;dnabook-de&#8220; module_class=&#8220;suplementals_product_dna suplementals_wrap&#8220; _builder_version=&#8220;4.23.1&#8243; _module_preset=&#8220;default&#8220; global_module=&#8220;165509&#8243; saved_tabs=&#8220;all&#8220; locked=&#8220;off&#8220; global_colors_info=&#8220;{}&#8220;]<\/p>\n<p><a href=\"https:\/\/www.secowarwick.com\/wp-content\/uploads\/2025\/07\/DNA_BOOK.pdf\" target=\"_blank\" rel=\"noopener\">DNA\/BOOK<\/a><\/p>\n<p>[\/et_pb_text][et_pb_text admin_label=&#8220;ECO\/BOOK-de&#8220; module_class=&#8220;suplementals_product_eco suplementals_wrap&#8220; _builder_version=&#8220;4.23.1&#8243; _module_preset=&#8220;default&#8220; global_module=&#8220;167797&#8243; locked=&#8220;off&#8220; global_colors_info=&#8220;{}&#8220;]<\/p>\n<p><a href=\"https:\/\/www.secowarwick.com\/wp-content\/uploads\/2023\/06\/ECOBOOK.pdf\" target=\"_blank\" rel=\"noopener\">ECO\/BOOK<\/a><\/p>\n<p>[\/et_pb_text][\/et_pb_column][\/et_pb_row][et_pb_row _builder_version=&#8220;4.23.1&#8243; _module_preset=&#8220;default&#8220; global_colors_info=&#8220;{}&#8220;][et_pb_column type=&#8220;4_4&#8243; _builder_version=&#8220;4.23.1&#8243; _module_preset=&#8220;default&#8220; global_colors_info=&#8220;{}&#8220;][et_pb_image alt=&#8220;ODZYSK Z INSTALCJI LNG&#8220; _builder_version=&#8220;4.23.1&#8243; _module_preset=&#8220;default&#8220; width=&#8220;800px&#8220; module_alignment=&#8220;center&#8220; global_colors_info=&#8220;{}&#8220;][\/et_pb_image][\/et_pb_column][\/et_pb_row][\/et_pb_section][et_pb_section fb_built=&#8220;1&#8243; _builder_version=&#8220;4.23.1&#8243; _module_preset=&#8220;default&#8220; background_color=&#8220;#f8f8f8&#8243; global_colors_info=&#8220;{}&#8220;][et_pb_row _builder_version=&#8220;4.23.1&#8243; _module_preset=&#8220;default&#8220; global_colors_info=&#8220;{}&#8220;][et_pb_column type=&#8220;4_4&#8243; _builder_version=&#8220;4.23.1&#8243; _module_preset=&#8220;default&#8220; global_colors_info=&#8220;{}&#8220;][et_pb_text module_class=&#8220;red-hash-list-parent&#8220; _builder_version=&#8220;4.23.1&#8243; ul_text_align=&#8220;justify&#8220; header_2_font_size=&#8220;35px&#8220; background_size=&#8220;initial&#8220; background_position=&#8220;top_left&#8220; background_repeat=&#8220;repeat&#8220; use_border_color=&#8220;off&#8220; global_colors_info=&#8220;{}&#8220;]<\/p>\n<h2><strong><span style=\"color: #dc291e;\">\/<\/span><\/strong>ZIEL DER K\u00c4LTER\u00dcCKGEWINNUNG<\/h2>\n<ul>\n<li>Steigerung der Energieeffizienz des gesamten Produktionsprozesses des Werks oder der H\u00e4rterei<\/li>\n<li>Der Einsatz eines K\u00e4lter\u00fcckgewinnungssystems erm\u00f6glicht die Wiederverwendung von K\u00e4lteenergie, die in&nbsp;herk\u00f6mmlichen Anlagen, die in&nbsp;Lager- und Regasifizierungsanlagen f\u00fcr Fl\u00fcssiggas verwendet werden \u2013 wie beispielsweise atmosph\u00e4rische Fl\u00fcssigkeits-\/Luftverdampfer \u2013 normalerweise unwiederbringlich an die Umgebung abgegeben wird<\/li>\n<li>Die zur\u00fcckgewonnene Energie kann effektiv in&nbsp;verschiedenen technologischen Prozessen oder zur Gew\u00e4hrleistung des thermischen Komforts in&nbsp;Nutzr\u00e4umen eingesetzt werden. Dadurch ist es&nbsp;m\u00f6glich, den Verbrauch externer Energie, beispielsweise Strom, erheblich zu reduzieren, was zu einer Senkung der Gesamtenergiekosten f\u00fcr die Durchf\u00fchrung eines bestimmten Prozesses f\u00fchrt<\/li>\n<\/ul>\n<p>[\/et_pb_text][\/et_pb_column][\/et_pb_row][\/et_pb_section][et_pb_section fb_built=&#8220;1&#8243; _builder_version=&#8220;4.23.1&#8243; _module_preset=&#8220;default&#8220; global_colors_info=&#8220;{}&#8220;][et_pb_row column_structure=&#8220;1_2,1_2&#8243; _builder_version=&#8220;4.23.1&#8243; _module_preset=&#8220;default&#8220; global_colors_info=&#8220;{}&#8220;][et_pb_column type=&#8220;1_2&#8243; _builder_version=&#8220;4.23.1&#8243; _module_preset=&#8220;default&#8220; global_colors_info=&#8220;{}&#8220;][et_pb_text module_class=&#8220;red-hash-list-parent&#8220; _builder_version=&#8220;4.23.1&#8243; ul_text_align=&#8220;justify&#8220; header_2_font_size=&#8220;35px&#8220; background_size=&#8220;initial&#8220; background_position=&#8220;top_left&#8220; background_repeat=&#8220;repeat&#8220; use_border_color=&#8220;off&#8220; global_colors_info=&#8220;{}&#8220;]<\/p>\n<h2><strong><span style=\"color: #dc291e;\">\/<\/span><\/strong>VERWENDUNG DER ZUR\u00dcCKGEWONNENEN K\u00c4LTEENERGIE<\/h2>\n<ul>\n<li>Geeignete Lagertemperatur f\u00fcr Produkte<\/li>\n<li>Senkung der Produkttemperatur nach der W\u00e4rmebehandlung<\/li>\n<li>K\u00fchlung von Ger\u00e4ten und Maschinen, die unter hohen Temperaturen arbeiten<\/li>\n<li>Raumk\u00fchlung<\/li>\n<li>Geeignete Temperatur des K\u00fchlmediums in&nbsp;der Anlage.<\/li>\n<\/ul>\n<p>[\/et_pb_text][\/et_pb_column][et_pb_column type=&#8220;1_2&#8243; _builder_version=&#8220;4.23.1&#8243; _module_preset=&#8220;default&#8220; global_colors_info=&#8220;{}&#8220;][et_pb_text module_class=&#8220;red-hash-list-parent&#8220; _builder_version=&#8220;4.23.1&#8243; ul_text_align=&#8220;justify&#8220; header_2_font_size=&#8220;35px&#8220; background_size=&#8220;initial&#8220; background_position=&#8220;top_left&#8220; background_repeat=&#8220;repeat&#8220; use_border_color=&#8220;off&#8220; global_colors_info=&#8220;{}&#8220;]<\/p>\n<h2><strong><span style=\"color: #dc291e;\">\/<\/span><\/strong>VORTEILE DER K\u00c4LTER\u00dcCKGEWINNUNG<\/h2>\n<ul>\n<li>Energieeffizienzverbesserung des Produktionsprozesses<\/li>\n<li>Senkung der Energiekosten durch Nutzung von Energie, die unter normalen Betriebsbedingungen unwiederbringlich an die Umgebung verloren gehen w\u00fcrde<\/li>\n<li>Unterst\u00fctzung von K\u00fchlanlagen<\/li>\n<li>Reduzierung der CO<sub>2<\/sub>-Emissionen durch Stromverbrauchsenkung<\/li>\n<\/ul>\n<p>[\/et_pb_text][\/et_pb_column][\/et_pb_row][\/et_pb_section][et_pb_section fb_built=&#8220;1&#8243; _builder_version=&#8220;4.23.1&#8243; _module_preset=&#8220;default&#8220; background_color=&#8220;#f8f8f8&#8243; global_colors_info=&#8220;{}&#8220;][et_pb_row column_structure=&#8220;1_2,1_2&#8243; make_equal=&#8220;on&#8220; admin_label=&#8220;row&#8220; _builder_version=&#8220;4.23.1&#8243; background_size=&#8220;initial&#8220; background_position=&#8220;top_left&#8220; background_repeat=&#8220;repeat&#8220; global_colors_info=&#8220;{}&#8220;][et_pb_column type=&#8220;1_2&#8243; _builder_version=&#8220;4.16&#8243; custom_padding=&#8220;|||&#8220; global_colors_info=&#8220;{}&#8220; custom_padding__hover=&#8220;|||&#8220;][et_pb_image src=&#8220;https:\/\/www.secowarwick.com\/wp-content\/uploads\/2025\/06\/odzysk-chlodu.jpg&#8220; alt=&#8220;PROZESSSTUFEN&#8220; align_tablet=&#8220;center&#8220; align_phone=&#8220;center&#8220; align_last_edited=&#8220;on|desktop&#8220; _builder_version=&#8220;4.23.1&#8243; animation_style=&#8220;slide&#8220; animation_direction=&#8220;left&#8220; animation_duration=&#8220;500ms&#8220; animation_intensity_slide=&#8220;10%&#8220; use_border_color=&#8220;off&#8220; global_colors_info=&#8220;{}&#8220;][\/et_pb_image][\/et_pb_column][et_pb_column type=&#8220;1_2&#8243; module_class=&#8220;kolumna-wysrodkowana&#8220; _builder_version=&#8220;4.23.1&#8243; custom_padding=&#8220;|||&#8220; global_colors_info=&#8220;{}&#8220; custom_padding__hover=&#8220;|||&#8220;][et_pb_text admin_label=&#8220;ETAPY PROCESU&#8220; module_class=&#8220;ed-square-list-parent&#8220; _builder_version=&#8220;4.23.1&#8243; background_size=&#8220;initial&#8220; background_position=&#8220;top_left&#8220; background_repeat=&#8220;repeat&#8220; text_orientation=&#8220;justified&#8220; use_border_color=&#8220;off&#8220; border_color=&#8220;#ffffff&#8220; border_style=&#8220;solid&#8220; global_colors_info=&#8220;{}&#8220;]<\/p>\n<h2><strong><span style=\"color: #dc291e;\">\/<\/span><\/strong>PROZESSSTUFEN<\/h2>\n<p>Der Umsetzungsprozess f\u00fcr eine K\u00e4lter\u00fcckgewinnungsanlage folgt demselben Prozess wie bei anderen komplexen technischen Projekten. Die Umsetzungszeit h\u00e4ngt von der Gr\u00f6\u00dfe der geplanten Anlage und dem Komplexit\u00e4tsgrad der einzelnen Systemkomponenten ab. Dank des modularen Aufbaus und der Verwendung bew\u00e4hrter technologischer L\u00f6sungen ist es&nbsp;m\u00f6glich, die Anlage schnell in&nbsp;Betrieb zu nehmen und dabei die h\u00f6chsten Qualit\u00e4ts- und Betriebssicherheitsstandards einzuhalten.<\/p>\n<p>[\/et_pb_text][\/et_pb_column][\/et_pb_row][et_pb_row module_class=&#8220;secoservice-faq-wiersz&#8220; _builder_version=&#8220;4.19.2&#8243; _module_preset=&#8220;default&#8220; locked=&#8220;off&#8220; global_colors_info=&#8220;{}&#8220;][et_pb_column type=&#8220;4_4&#8243; _builder_version=&#8220;4.19.2&#8243; _module_preset=&#8220;default&#8220; global_colors_info=&#8220;{}&#8220;][dipl_faq_page_schema closed_toggle_icon=&#8220;&#x4c;||divi||400&#8243; closed_icon_color=&#8220;#000000&#8243; closed_use_icon_font_size=&#8220;on&#8220; closed_icon_font_size=&#8220;24px&#8220; open_toggle_icon=&#8220;&#x4c;||divi||400&#8243; open_icon_color=&#8220;RGBA(255,255,255,0)&#8220; open_use_icon_font_size=&#8220;on&#8220; open_icon_font_size=&#8220;24px&#8220; closed_toggle_bg_color=&#8220;rgba(244,244,244,0)&#8220; open_toggle_bg_color=&#8220;rgba(255,255,255,0)&#8220; module_class=&#8220;secoservice-faq red-hash-list-parent faq-center-background&#8220; _builder_version=&#8220;4.23.1&#8243; _module_preset=&#8220;default&#8220; faq_heading_font=&#8220;TitilliumWeb Black|900|||||||&#8220; faq_question_closed_font=&#8220;TitilliumWeb Black||||||||&#8220; faq_question_closed_font_size=&#8220;26px&#8220; faq_answer_text_font=&#8220;Titillium Web||||||||&#8220; faq_answer_text_font_size=&#8220;24px&#8220; animation_style=&#8220;slide&#8220; animation_direction=&#8220;bottom&#8220; hover_enabled=&#8220;0&#8243; faq_question_closed_font_size_tablet=&#8220;26px&#8220; faq_question_closed_font_size_phone=&#8220;20px&#8220; faq_question_closed_font_size_last_edited=&#8220;on|phone&#8220; faq_answer_text_font_size_tablet=&#8220;24px&#8220; faq_answer_text_font_size_phone=&#8220;16px&#8220; faq_answer_text_font_size_last_edited=&#8220;on|phone&#8220; border_width_all=&#8220;0px&#8220; border_width_right=&#8220;0px&#8220; border_width_left=&#8220;0px&#8220; global_colors_info=&#8220;{}&#8220; sticky_enabled=&#8220;0&#8243;][dipl_faq_page_schema_item faq_question=&#8220;Was ist die K\u00e4lteerzeugung?&#8220; _builder_version=&#8220;4.23.1&#8243; _module_preset=&#8220;default&#8220; question_heading_level=&#8220;h1&#8243; question_heading_font=&#8220;|800|||||||&#8220; hover_enabled=&#8220;0&#8243; global_colors_info=&#8220;{}&#8220; sticky_enabled=&#8220;0&#8243;]<\/p>\n<p>Die K\u00e4lteerzeugung ist ein technologischer Prozess, bei dem durch die Regasifizierung von komprimiertem LNG niedrige Temperaturen erzeugt werden.. Diese Gase werden meist zur Chargenk\u00fchlung\u00a0 im W\u00e4rmebehandlungsprozess sowie als Schutzatmosph\u00e4re verwendet. \u00a0\u00a0\u00a0<\/p>\n<p>[\/dipl_faq_page_schema_item][dipl_faq_page_schema_item faq_question=&#8220;Was sind die Anwendungsbereiche von zur\u00fcckgewonnener K\u00e4lte?&#8220; _builder_version=&#8220;4.23.1&#8243; _module_preset=&#8220;default&#8220; question_heading_level=&#8220;h1&#8243; question_heading_font=&#8220;|800|||||||&#8220; hover_enabled=&#8220;0&#8243; global_colors_info=&#8220;{}&#8220; sticky_enabled=&#8220;0&#8243;]<\/p>\n<ul>\n<li>Geeignete Lagertemperatur f\u00fcr Produkte,<\/li>\n<li>Senkung der Produkttemperatur nach der W\u00e4rmebehandlung,<\/li>\n<li>K\u00fchlung von Ger\u00e4ten und Maschinen, die unter hohen Temperaturen betrieben werden,<\/li>\n<li>Raumk\u00fchlung,<\/li>\n<li>Die richtige Temperatur des K\u00fchlmediums in der Anlage.<\/li>\n<\/ul>\n<p>[\/dipl_faq_page_schema_item][dipl_faq_page_schema_item faq_question=&#8220;Welche Vorteile bietet die K\u00e4lteerzeugung?&#8220; _builder_version=&#8220;4.23.1&#8243; _module_preset=&#8220;default&#8220; question_heading_level=&#8220;h1&#8243; question_heading_font=&#8220;|800|||||||&#8220; hover_enabled=&#8220;0&#8243; global_colors_info=&#8220;{}&#8220; sticky_enabled=&#8220;0&#8243;]<\/p>\n<ul>\n<li>Verbesserung der Energieeffizienz des Produktionsprozesses,<\/li>\n<li>Senkung der Energiekosten durch Nutzung von Energie, die unter normalen Betriebsbedingungen unwiederbringlich an die Umgebung verloren gehen w\u00fcrde,<\/li>\n<li>Unterst\u00fctzung f\u00fcr K\u00e4lteanlagen,<\/li>\n<li>Reduzierung der CO2-Emissionen durch Stromverbrauchsenkung.<\/li>\n<\/ul>\n<p>[\/dipl_faq_page_schema_item][\/dipl_faq_page_schema][\/et_pb_column][\/et_pb_row][\/et_pb_section][et_pb_section fb_built=&#8220;1&#8243; admin_label=&#8220;de-znajdz-serwis-button&#8220; module_class=&#8220;secoservice-sekcja-button-find&#8220; _builder_version=&#8220;4.23.1&#8243; _module_preset=&#8220;default&#8220; custom_padding=&#8220;0px||0px||false|false&#8220; global_module=&#8220;179129&#8243; saved_tabs=&#8220;all&#8220; locked=&#8220;off&#8220; global_colors_info=&#8220;{}&#8220;][et_pb_row _builder_version=&#8220;4.19.2&#8243; _module_preset=&#8220;default&#8220; custom_padding=&#8220;0px||0px||false|false&#8220; global_colors_info=&#8220;{}&#8220;][et_pb_column type=&#8220;4_4&#8243; _builder_version=&#8220;4.19.2&#8243; _module_preset=&#8220;default&#8220; global_colors_info=&#8220;{}&#8220;][et_pb_code admin_label=&#8220;znajdz swoj serwis button &#8220; module_class=&#8220;secoservice-znajdz-swoj-service&#8220; _builder_version=&#8220;4.23.1&#8243; _module_preset=&#8220;default&#8220; global_colors_info=&#8220;{}&#8220;]<a href=\"https:\/\/www.secowarwick.com\/de\/service\/\"><img decoding=\"async\" src=\"https:\/\/www.secowarwick.com\/wp-content\/uploads\/2023\/09\/secoservice-znajdz-swoj-serwis-de.svg\" alt=\"Finden sie ihren service\"><\/a><!-- [et_pb_line_break_holder] --><\/p>\n<style><!-- [et_pb_line_break_holder] -->.seco-rfq-button {<!-- [et_pb_line_break_holder] -->    display: none !important;<!-- [et_pb_line_break_holder] -->  }<!-- [et_pb_line_break_holder] --><\/style>\n<p>[\/et_pb_code][\/et_pb_column][\/et_pb_row][\/et_pb_section]<\/p>\n","protected":false},"excerpt":{"rendered":"<p>\/K\u00c4LTEERZEUGUNG[et_pb_breadcrumbs _builder_version=&#8220;4.23.1&#8243; global_colors_info=&#8220;{}&#8220;][\/et_pb_breadcrumbs]K\u00c4LTEERZEUGUNGR\u00dcCKGEWINNUNG AUS LNG-ANLAGEN Kunden suchen nach L\u00f6sungen, mit denen sie Medien wie Erdgas, Prozessgase (Sauerstoff, Argon, Stickstoff) oder K\u00e4lte, die f\u00fcr die Aufrechterhaltung der richtigen Temperatur im&nbsp;technologischen Prozess erforderlich sind, einsparen k\u00f6nnen. Dieser Prozess besteht in&nbsp;der R\u00fcckgewinnung von K\u00e4lte aus der Phasenumwandlung von verfl\u00fcssigten Gasen. Durch den Einsatz eines speziellen W\u00e4rmetauschers ist es&nbsp;m\u00f6glich, [&hellip;]<\/p>\n","protected":false},"author":2,"featured_media":180052,"parent":56996,"menu_order":0,"comment_status":"closed","ping_status":"closed","template":"","meta":{"_acf_changed":false,"_et_pb_use_builder":"on","_et_pb_old_content":"","_et_gb_content_width":"","footnotes":""},"class_list":["post-182853","page","type-page","status-publish","has-post-thumbnail"],"acf":[],"_links":{"self":[{"href":"https:\/\/www.secowarwick.com\/de\/wp-json\/wp\/v2\/pages\/182853","targetHints":{"allow":["GET"]}}],"collection":[{"href":"https:\/\/www.secowarwick.com\/de\/wp-json\/wp\/v2\/pages"}],"about":[{"href":"https:\/\/www.secowarwick.com\/de\/wp-json\/wp\/v2\/types\/page"}],"author":[{"embeddable":true,"href":"https:\/\/www.secowarwick.com\/de\/wp-json\/wp\/v2\/users\/2"}],"replies":[{"embeddable":true,"href":"https:\/\/www.secowarwick.com\/de\/wp-json\/wp\/v2\/comments?post=182853"}],"version-history":[{"count":13,"href":"https:\/\/www.secowarwick.com\/de\/wp-json\/wp\/v2\/pages\/182853\/revisions"}],"predecessor-version":[{"id":184955,"href":"https:\/\/www.secowarwick.com\/de\/wp-json\/wp\/v2\/pages\/182853\/revisions\/184955"}],"up":[{"embeddable":true,"href":"https:\/\/www.secowarwick.com\/de\/wp-json\/wp\/v2\/pages\/56996"}],"wp:featuredmedia":[{"embeddable":true,"href":"https:\/\/www.secowarwick.com\/de\/wp-json\/wp\/v2\/media\/180052"}],"wp:attachment":[{"href":"https:\/\/www.secowarwick.com\/de\/wp-json\/wp\/v2\/media?parent=182853"}],"curies":[{"name":"wp","href":"https:\/\/api.w.org\/{rel}","templated":true}]}}