{"id":184088,"date":"2025-06-07T15:17:03","date_gmt":"2025-06-07T13:17:03","guid":{"rendered":"https:\/\/www.secowarwick.com\/service\/automatisierung\/energy-guard\/"},"modified":"2025-09-11T13:53:31","modified_gmt":"2025-09-11T11:53:31","slug":"energy-guard","status":"publish","type":"page","link":"https:\/\/www.secowarwick.com\/de\/service\/automatisierung\/energy-guard\/","title":{"rendered":"Energy Guard"},"content":{"rendered":"<p>[et_pb_section fb_built=&#8220;1&#8243; admin_label=&#8220;section&#8220; _builder_version=&#8220;4.16&#8243; custom_padding=&#8220;0px|||&#8220; transparent_background=&#8220;off&#8220; make_fullwidth=&#8220;off&#8220; use_custom_width=&#8220;off&#8220; width_unit=&#8220;on&#8220; global_colors_info=&#8220;{}&#8220;][et_pb_row column_structure=&#8220;3_4,1_4&#8243; admin_label=&#8220;row&#8220; _builder_version=&#8220;4.23.1&#8243; background_size=&#8220;initial&#8220; background_position=&#8220;top_left&#8220; background_repeat=&#8220;repeat&#8220; custom_padding=&#8220;||||false|false&#8220; make_fullwidth=&#8220;off&#8220; use_custom_width=&#8220;off&#8220; width_unit=&#8220;on&#8220; global_colors_info=&#8220;{}&#8220;][et_pb_column type=&#8220;3_4&#8243; _builder_version=&#8220;4.16&#8243; custom_padding=&#8220;|||&#8220; global_colors_info=&#8220;{}&#8220; custom_padding__hover=&#8220;|||&#8220;][et_pb_code module_class=&#8220;custom-bread&#8220; _builder_version=&#8220;4.23.1&#8243; _module_preset=&#8220;default&#8220; global_colors_info=&#8220;{}&#8220;]<\/p>\n<div class=\"et_pb_module et_pb_breadcrumbs   et_pb_breadcrumbs_0\"><!-- [et_pb_line_break_holder] -->\t\t\t\t<pee id=\"breadcrumbs\"><span><span><a href=\"https:\/\/www.secowarwick.com\/de\/\">HOME<\/a><\/span> \/ <span><a href=\"https:\/\/www.secowarwick.com\/de\/service\/automatisierung\/\">AUTOMATISIERUNG<\/a><\/span> \/ <span class=\"breadcrumb_last\" aria-current=\"page\">ENERGY GUARD<\/span><\/span><\/pee><!-- [et_pb_line_break_holder] -->\t\t\t<\/div>\n<p>[\/et_pb_code][et_pb_text module_class=&#8220;red-square-list-parent podtytuly&#8220; _builder_version=&#8220;4.23.1&#8243; background_size=&#8220;initial&#8220; background_position=&#8220;top_left&#8220; background_repeat=&#8220;repeat&#8220; text_orientation=&#8220;justified&#8220; use_border_color=&#8220;off&#8220; global_colors_info=&#8220;{}&#8220;]<\/p>\n<h1>ENERGY GUARD<\/h1>\n<h2><img decoding=\"async\" class=\"alignleft wp-image-180353\" src=\"https:\/\/www.secowarwick.com\/wp-content\/uploads\/2025\/06\/energy-guard-v2-1.png\" alt=\"ENERGY GUARD\" width=\"80\" height=\"75\" srcset=\"https:\/\/www.secowarwick.com\/wp-content\/uploads\/2025\/06\/energy-guard-v2-1.png 158w, https:\/\/www.secowarwick.com\/wp-content\/uploads\/2025\/06\/energy-guard-v2-1-150x141.png 150w\" sizes=\"(max-width: 80px) 100vw, 80px\" \/>Software zur Optimierung des Energieverbrauchs<\/h2>\n<p>&nbsp;<\/p>\n<p>Energy Guard, ist eine fortschrittliche Software, die zur Optimierung des Energieverbrauchs in&nbsp;Unternehmen entwickelt wurde, die sich mit der W\u00e4rmebehandlung von Metallen befassen.<\/p>\n<p>[\/et_pb_text][et_pb_text _builder_version=&#8220;4.23.1&#8243; _module_preset=&#8220;default&#8220; header_2_font_size=&#8220;35px&#8220; text_orientation=&#8220;justified&#8220; global_colors_info=&#8220;{}&#8220;]<\/p>\n<h2><strong><span style=\"color: #dc291e;\">\/<\/span><\/strong>ZIEL DER ENERGY GUARD-Software<\/h2>\n<p>Das Hauptziel der Software besteht darin, <strong>den Energiebedarf auf der Grundlage der geplanten Produktionsprozesse vorherzusagen<\/strong>, wodurch der Energieverbrauch effizienter und im&nbsp;Einklang mit den festgelegten vertraglichen Leistungsgrenzen des Unternehmens gesteuert werden kann.<\/p>\n<p>[\/et_pb_text][\/et_pb_column][et_pb_column type=&#8220;1_4&#8243; _builder_version=&#8220;4.23.1&#8243; custom_padding=&#8220;70px||||false|false&#8220; custom_padding_tablet=&#8220;0px||||false|false&#8220; custom_padding_phone=&#8220;0px||||false|false&#8220; custom_padding_last_edited=&#8220;on|desktop&#8220; global_colors_info=&#8220;{}&#8220; custom_padding__hover=&#8220;|||&#8220;][et_pb_text admin_label=&#8220;btn_de_premiumlibrary&#8220; module_class=&#8220;premium-library-button&#8220; _builder_version=&#8220;4.23.1&#8243; _module_preset=&#8220;default&#8220; text_orientation=&#8220;center&#8220; global_module=&#8220;157246&#8243; locked=&#8220;off&#8220; global_colors_info=&#8220;{}&#8220;]<\/p>\n<a href='https:\/\/www.secowarwick.com\/de\/premiuminhalte\/' class='small-button smallred'><span>PREMIUMINHALTE<\/span><\/a>\n<p>[\/et_pb_text][et_pb_text admin_label=&#8220;R&#038;D de&#8220; module_class=&#8220;product_widget_wrap_rd&#8220; _builder_version=&#8220;4.23.1&#8243; _module_preset=&#8220;default&#8220; text_orientation=&#8220;center&#8220; global_module=&#8220;165497&#8243; saved_tabs=&#8220;all&#8220; locked=&#8220;off&#8220; global_colors_info=&#8220;{}&#8220;]<\/p>\n<p><a href=\"https:\/\/www.secowarwick.com\/de\/rd\/\"><span class=\"product_wigtet_name\">R&amp;D<\/span><\/a><\/p>\n<p>[\/et_pb_text][et_pb_text admin_label=&#8220;Producte de&#8220; module_class=&#8220;product_widget_wrap_products &#8220; _builder_version=&#8220;4.23.1&#8243; _module_preset=&#8220;default&#8220; global_module=&#8220;179193&#8243; saved_tabs=&#8220;all&#8220; locked=&#8220;off&#8220; global_colors_info=&#8220;{}&#8220;]<\/p>\n<p><a href=\"https:\/\/www.secowarwick.com\/de\/produkte\/\" target=\"_blank\" rel=\"noopener\"><span class=\"product_wigtet_name\">PRODUKTE<\/span><\/a><\/p>\n<p>[\/et_pb_text][et_pb_text admin_label=&#8220;SERVICE de&#8220; module_class=&#8220;product_widget_wrap_service&#8220; _builder_version=&#8220;4.23.1&#8243; _module_preset=&#8220;default&#8220; global_module=&#8220;165500&#8243; saved_tabs=&#8220;all&#8220; locked=&#8220;off&#8220; global_colors_info=&#8220;{}&#8220;]<\/p>\n<p><a href=\"https:\/\/www.secowarwick.com\/de\/professionelle-service-dienstleistungen\/\"><span class=\"product_wigtet_name\">SERVICE<\/span><\/a><\/p>\n<p>[\/et_pb_text][et_pb_text admin_label=&#8220;SUPLEMENTALS de&#8220; module_class=&#8220;product_widget_wrap_supleme&#8220; _builder_version=&#8220;4.23.1&#8243; _module_preset=&#8220;default&#8220; global_module=&#8220;165502&#8243; saved_tabs=&#8220;all&#8220; locked=&#8220;off&#8220; global_colors_info=&#8220;{}&#8220;]<\/p>\n<p><span class=\"product_wigtet_name\">ZUSATZSTOFFE:<\/span><\/p>\n<p>[\/et_pb_text][et_pb_text admin_label=&#8220;dnabook-de&#8220; module_class=&#8220;suplementals_product_dna suplementals_wrap&#8220; _builder_version=&#8220;4.23.1&#8243; _module_preset=&#8220;default&#8220; global_module=&#8220;165509&#8243; saved_tabs=&#8220;all&#8220; locked=&#8220;off&#8220; global_colors_info=&#8220;{}&#8220;]<\/p>\n<p><a href=\"https:\/\/www.secowarwick.com\/wp-content\/uploads\/2025\/07\/DNA_BOOK.pdf\" target=\"_blank\" rel=\"noopener\">DNA\/BOOK<\/a><\/p>\n<p>[\/et_pb_text][et_pb_text admin_label=&#8220;ECO\/BOOK-de&#8220; module_class=&#8220;suplementals_product_eco suplementals_wrap&#8220; _builder_version=&#8220;4.23.1&#8243; _module_preset=&#8220;default&#8220; global_module=&#8220;167797&#8243; locked=&#8220;off&#8220; global_colors_info=&#8220;{}&#8220;]<\/p>\n<p><a href=\"https:\/\/www.secowarwick.com\/wp-content\/uploads\/2023\/06\/ECOBOOK.pdf\" target=\"_blank\" rel=\"noopener\">ECO\/BOOK<\/a><\/p>\n<p>[\/et_pb_text][\/et_pb_column][\/et_pb_row][\/et_pb_section][et_pb_section fb_built=&#8220;1&#8243; admin_label=&#8220;section&#8220; _builder_version=&#8220;4.16&#8243; background_color=&#8220;#f8f8f8&#8243; transparent_background=&#8220;off&#8220; make_fullwidth=&#8220;off&#8220; use_custom_width=&#8220;off&#8220; width_unit=&#8220;on&#8220; global_colors_info=&#8220;{}&#8220;][et_pb_row column_structure=&#8220;1_2,1_2&#8243; _builder_version=&#8220;4.23.1&#8243; _module_preset=&#8220;default&#8220; global_colors_info=&#8220;{}&#8220;][et_pb_column type=&#8220;1_2&#8243; _builder_version=&#8220;4.23.1&#8243; _module_preset=&#8220;default&#8220; global_colors_info=&#8220;{}&#8220;][et_pb_text module_class=&#8220;red-square-list-parent podtytuly&#8220; _builder_version=&#8220;4.23.1&#8243; header_2_font_size=&#8220;35px&#8220; background_size=&#8220;initial&#8220; background_position=&#8220;top_left&#8220; background_repeat=&#8220;repeat&#8220; text_orientation=&#8220;justified&#8220; use_border_color=&#8220;off&#8220; global_colors_info=&#8220;{}&#8220;]<\/p>\n<h2><strong><span style=\"color: #dc291e;\">\/<\/span><\/strong>ENERGY GUARD-FUNKTIONEN<\/h2>\n<p>Die Hauptfunktion der Anwendung besteht darin<strong>, geplante Prozesse auf verschiedenen Ger\u00e4ten in&nbsp;der Produktionslinie effizient zu ordnen, um die Effizienz zu optimieren.<\/strong><\/p>\n<p>Eine der wertvollsten Eigenschaften der Software ist ihre F\u00e4higkeit, die Energiekosten des Unternehmens zu senken. Durch die Berechnung von L\u00f6sungen im&nbsp;Minutentakt auf der Grundlage des Echtzeitstatus der Produktionslinie passt die Software ihre Abl\u00e4ufe kontinuierlich an. Diese Echtzeitanpassung erm\u00f6glicht es&nbsp;dem System, dynamisch auf sich \u00e4ndernde Bedingungen an der Produktionslinie zu reagieren und so eine kontinuierliche Optimierung des Produktionsprozesses zu gew\u00e4hrleisten.<\/p>\n<p>Das allgemeine Ziel der Software ist die Minimierung der Energiekosten durch eine Prozessplanung, die dem spezifischen Energieverbrauchsprofil jedes Rezeptes entspricht. Jedes Rezept hat ihr eigenes Energieverbrauchsprofil, das nach jedem Prozess aktualisiert wird, um sicherzustellen, dass der Energieverbrauch so effizient wie m\u00f6glich bleibt.<\/p>\n<p>Die Optimierung des Energieverbrauchs ist nicht nur im&nbsp;Hinblick auf die Kosten von entscheidender Bedeutung, sondern auch im&nbsp;Hinblick auf Nachhaltigkeit und betriebliche Effizienz.<\/p>\n<p>[\/et_pb_text][\/et_pb_column][et_pb_column type=&#8220;1_2&#8243; _builder_version=&#8220;4.23.1&#8243; _module_preset=&#8220;default&#8220; global_colors_info=&#8220;{}&#8220;][et_pb_text module_class=&#8220;red-hash-list-parent podtytuly&#8220; _builder_version=&#8220;4.23.1&#8243; ul_text_align=&#8220;justify&#8220; header_2_font_size=&#8220;35px&#8220; background_size=&#8220;initial&#8220; background_position=&#8220;top_left&#8220; background_repeat=&#8220;repeat&#8220; text_orientation=&#8220;justified&#8220; use_border_color=&#8220;off&#8220; global_colors_info=&#8220;{}&#8220;]<\/p>\n<h2><strong><span style=\"color: #dc291e;\">\/<\/span><\/strong>PROBLEME, DIE DIE SOFTWARE L\u00d6ST:<\/h2>\n<ul>\n<li><strong>\u00dcberschreitung der vertraglich vereinbarten Leistung<\/strong>: Energy Guard verhindert wirksam Situationen, in&nbsp;denen ein Unternehmen die vertraglich vereinbarte Leistung \u00fcberschreitet, was zu hohen Geb\u00fchren f\u00fcr \u00fcberm\u00e4\u00dfigen Energieverbrauch f\u00fchren k\u00f6nnte.<\/li>\n<li><strong>Mangelnde Transparenz beim Energieverbrauch<\/strong>: Die Software bietet vollst\u00e4ndige Transparenz hinsichtlich des voraussichtlichen Energieverbrauchs, wodurch Unternehmen fundierte Entscheidungen \u00fcber die Zuweisung von Ressourcen treffen k\u00f6nnen.<\/li>\n<li><strong>Geringe Energieeffizienz<\/strong>: Durch die Optimierung der Produktionspl\u00e4ne kann das Unternehmen seine Energieeffizienz erheblich verbessern, wodurch Kosten gesenkt und negative Auswirkungen auf die Umwelt verringert werden.<\/li>\n<\/ul>\n<p>Zwei Betriebsmodi: Eco (\u00f6kologisch) und Fast (schnell), die jeweils unterschiedliche Anforderungen hinsichtlich der Balance zwischen Energieeffizienz und Produktivit\u00e4t erf\u00fcllen.<\/p>\n<p>[\/et_pb_text][\/et_pb_column][\/et_pb_row][\/et_pb_section][et_pb_section fb_built=&#8220;1&#8243; _builder_version=&#8220;4.23.1&#8243; _module_preset=&#8220;default&#8220; global_colors_info=&#8220;{}&#8220;][et_pb_row column_structure=&#8220;1_2,1_2&#8243; make_equal=&#8220;on&#8220; admin_label=&#8220;row&#8220; _builder_version=&#8220;4.23.1&#8243; background_size=&#8220;initial&#8220; background_position=&#8220;top_left&#8220; background_repeat=&#8220;repeat&#8220; global_colors_info=&#8220;{}&#8220;][et_pb_column type=&#8220;1_2&#8243; module_class=&#8220;kolumna-wysrodkowana&#8220; _builder_version=&#8220;4.23.1&#8243; custom_padding=&#8220;|||&#8220; global_colors_info=&#8220;{}&#8220; custom_padding__hover=&#8220;|||&#8220;][et_pb_image src=&#8220;https:\/\/www.secowarwick.com\/wp-content\/uploads\/2025\/06\/tryb-eco.jpg&#8220; alt=&#8220;ECO-Modus&#8220; align_tablet=&#8220;center&#8220; align_phone=&#8220;&#8220; align_last_edited=&#8220;on|desktop&#8220; _builder_version=&#8220;4.23.1&#8243; global_colors_info=&#8220;{}&#8220;][\/et_pb_image][\/et_pb_column][et_pb_column type=&#8220;1_2&#8243; _builder_version=&#8220;4.16&#8243; custom_padding=&#8220;|||&#8220; global_colors_info=&#8220;{}&#8220; custom_padding__hover=&#8220;|||&#8220;][et_pb_text _builder_version=&#8220;4.23.1&#8243; _module_preset=&#8220;default&#8220; header_2_font_size=&#8220;35px&#8220; text_orientation=&#8220;justified&#8220; global_colors_info=&#8220;{}&#8220;]<\/p>\n<h2><strong><span style=\"color: #dc291e;\">\/<\/span><\/strong>ECO-Modus<\/h2>\n<p>Im\u00a0Eco-Modus ber\u00fccksichtigt <strong>der Optimierungsalgorithmus den Energieverbrauch jedes Segments <\/strong>im\u00a0Rahmen der geplanten Prozesse f\u00fcr jede Charge auf jeder Vorrichtung. Der Algorithmus ber\u00fccksichtigt genau den Energiebedarf in\u00a0allen Phasen des Produktionsprozesses und stellt sicher, dass der Energieverbrauch \u00fcber einen bestimmten Zeitraum innerhalb eines vordefinierten Limits bleibt. Dieser Modus priorisiert Energieeinsparungen und zielt darauf ab, die beste L\u00f6sung zu finden, die den Energieverbrauch optimiert, ohne die festgelegten Energiegrenzen \u00fcber einen l\u00e4ngeren Zeitraum zu \u00fcberschreiten. Er\u00a0ist ideal f\u00fcr Situationen, in\u00a0denen die Reduzierung von Kosten und Umweltbelastungen Priorit\u00e4t hat.<\/p>\n<p>[\/et_pb_text][\/et_pb_column][\/et_pb_row][et_pb_row column_structure=&#8220;1_2,1_2&#8243; make_equal=&#8220;on&#8220; admin_label=&#8220;row&#8220; _builder_version=&#8220;4.23.1&#8243; background_size=&#8220;initial&#8220; background_position=&#8220;top_left&#8220; background_repeat=&#8220;repeat&#8220; global_colors_info=&#8220;{}&#8220;][et_pb_column type=&#8220;1_2&#8243; _builder_version=&#8220;4.16&#8243; custom_padding=&#8220;|||&#8220; global_colors_info=&#8220;{}&#8220; custom_padding__hover=&#8220;|||&#8220;][et_pb_text _builder_version=&#8220;4.23.1&#8243; _module_preset=&#8220;default&#8220; header_2_font_size=&#8220;35px&#8220; text_orientation=&#8220;justified&#8220; global_colors_info=&#8220;{}&#8220;]<\/p>\n<h2><span style=\"color: #dc291e;\"><strong>\/<\/strong><\/span>FAST-Modus<\/h2>\n<p>Im\u00a0Fast-Modus <strong>konzentriert sich Energy Guard auf die Maximierung der Gesamtleistung der Produktionslinie<\/strong>. Der Planungsalgorithmus arbeitet darauf hin, die h\u00f6chste Auslastung der Vorrichtungen zu erreichen und die Zeit zu minimieren, die jede Charge auf der Produktionslinie verbringt. In\u00a0diesem Modus werden die Energieverbrauchsgrenzen bei der Planung nicht ber\u00fccksichtigt. Stattdessen konzentriert sich der Algorithmus darauf, sicherzustellen, dass der Produktionsprozess so schnell und effizient wie m\u00f6glich abl\u00e4uft, auch wenn dies eine vor\u00fcbergehende \u00dcberschreitung der Energieverbrauchsgrenzen bedeutet. Dieser Modus eignet sich am\u00a0besten f\u00fcr Szenarien, in\u00a0denen die Maximierung der Produktionsgeschwindigkeit und des Durchsatzes wichtiger ist als die Energieeffizienz.<\/p>\n<p>[\/et_pb_text][\/et_pb_column][et_pb_column type=&#8220;1_2&#8243; module_class=&#8220;kolumna-wysrodkowana&#8220; _builder_version=&#8220;4.23.1&#8243; custom_padding=&#8220;|||&#8220; global_colors_info=&#8220;{}&#8220; custom_padding__hover=&#8220;|||&#8220;][et_pb_image src=&#8220;https:\/\/www.secowarwick.com\/wp-content\/uploads\/2025\/06\/tryb-fast.jpg&#8220; alt=&#8220;FAST-Modus&#8220; align_tablet=&#8220;center&#8220; align_phone=&#8220;&#8220; align_last_edited=&#8220;on|desktop&#8220; _builder_version=&#8220;4.23.1&#8243; global_colors_info=&#8220;{}&#8220;][\/et_pb_image][\/et_pb_column][\/et_pb_row][\/et_pb_section][et_pb_section fb_built=&#8220;1&#8243; _builder_version=&#8220;4.23.1&#8243; _module_preset=&#8220;default&#8220; global_colors_info=&#8220;{}&#8220;][et_pb_row column_structure=&#8220;3_4,1_4&#8243; use_custom_gutter=&#8220;on&#8220; gutter_width=&#8220;2&#8243; module_class=&#8220;automatycy-wiersz-korzysci&#8220; _builder_version=&#8220;4.23.1&#8243; _module_preset=&#8220;default&#8220; locked=&#8220;off&#8220; global_colors_info=&#8220;{}&#8220;][et_pb_column type=&#8220;3_4&#8243; _builder_version=&#8220;4.23.1&#8243; _module_preset=&#8220;default&#8220; global_colors_info=&#8220;{}&#8220;][et_pb_text module_class=&#8220;przecinek-tlo-nizej&#8220; _builder_version=&#8220;4.23.1&#8243; text_text_color=&#8220;#000000&#8243; background_size=&#8220;initial&#8220; background_position=&#8220;top_left&#8220; background_repeat=&#8220;repeat&#8220; use_border_color=&#8220;off&#8220; global_colors_info=&#8220;{}&#8220;]<\/p>\n<p>Vorteile von Power Management<\/p>\n<p>[\/et_pb_text][et_pb_text module_class=&#8220;opis-korzysci&#8220; _builder_version=&#8220;4.23.1&#8243; _module_preset=&#8220;default&#8220; text_orientation=&#8220;justified&#8220; custom_margin=&#8220;20px||||false|false&#8220; global_colors_info=&#8220;{}&#8220;]<\/p>\n<p><strong><span style=\"color: #dc291e;\">\/<\/span><\/strong> Prognose des Energieverbrauchs,<\/p>\n<p><strong><span style=\"color: #dc291e;\">\/ <\/span><\/strong>Optimierung des Produktionsplans,<\/p>\n<p><strong><span style=\"color: #dc291e;\">\/ <\/span><\/strong>Reduzierung der Energiekosten (indirekt),<\/p>\n<p><strong><span style=\"color: #dc291e;\">\/ <\/span><\/strong>\u00dcbereinstimmung mit dem Energieprofil der Rezepte,<\/p>\n<p><strong><span style=\"color: #dc291e;\">\/ <\/span><\/strong>Operative Flexibilit\u00e4t,<\/p>\n<p><strong><span style=\"color: #dc291e;\">\/ <\/span><\/strong>Vermeidung von \u00dcberschreitungen der vertraglich vereinbarten Leistung,<\/p>\n<p><strong><span style=\"color: #dc291e;\">\/ <\/span><\/strong>Vollst\u00e4ndige Energietransparenz,<\/p>\n<p><strong><span style=\"color: #dc291e;\">\/ <\/span><\/strong>Steigerung der Energieeffizienz,<\/p>\n<p><strong><span style=\"color: #dc291e;\">\/ <\/span><\/strong>Kontinuierliche Optimierung in&nbsp;Echtzeit.<\/p>\n<p>[\/et_pb_text][\/et_pb_column][et_pb_column type=&#8220;1_4&#8243; _builder_version=&#8220;4.23.1&#8243; _module_preset=&#8220;default&#8220; global_colors_info=&#8220;{}&#8220;][et_pb_image src=&#8220;https:\/\/www.secowarwick.com\/wp-content\/uploads\/2024\/05\/korzysci.png&#8220; alt=&#8220;korzy\u015bci&#8220; align=&#8220;center&#8220; module_class=&#8220;obraz-korzysci&#8220; _builder_version=&#8220;4.23.1&#8243; _module_preset=&#8220;default&#8220; global_colors_info=&#8220;{}&#8220;][\/et_pb_image][\/et_pb_column][\/et_pb_row][et_pb_row _builder_version=&#8220;4.23.1&#8243; _module_preset=&#8220;default&#8220; global_colors_info=&#8220;{}&#8220;][et_pb_column type=&#8220;4_4&#8243; _builder_version=&#8220;4.23.1&#8243; _module_preset=&#8220;default&#8220; global_colors_info=&#8220;{}&#8220;][et_pb_text _builder_version=&#8220;4.23.1&#8243; _module_preset=&#8220;default&#8220; text_orientation=&#8220;justified&#8220; global_colors_info=&#8220;{}&#8220;]<\/p>\n<p>Zusammenfassend bietet Energy Guard zwei wertvolle Modi, mit denen <strong>Unternehmen ihren Produktionsplan an ihre spezifischen Bed\u00fcrfnisse anpassen k\u00f6nnen<\/strong> \u2013 sei es&nbsp;durch die Priorisierung von Energieeffizienz und Kosteneinsparungen im&nbsp;Eco-Modus oder durch die Maximierung der Produktivit\u00e4t und Verk\u00fcrzung der Zykluszeiten im&nbsp;Fast-Modus.<\/p>\n<p>Beide Modi bieten einen flexiblen, datengest\u00fctzten Ansatz zur Verbesserung der Produktionsabl\u00e4ufe, mit dem zus\u00e4tzlichen Vorteil von Anpassungen in&nbsp;Echtzeit und kontinuierlicher Optimierung.<\/p>\n<p>[\/et_pb_text][\/et_pb_column][\/et_pb_row][\/et_pb_section]<\/p>\n","protected":false},"excerpt":{"rendered":"<p>ENERGY GUARD Software zur Optimierung des Energieverbrauchs &nbsp; Energy Guard, ist eine fortschrittliche Software, die zur Optimierung des Energieverbrauchs in&nbsp;Unternehmen entwickelt wurde, die sich mit der W\u00e4rmebehandlung von Metallen befassen.\/ZIEL DER ENERGY GUARD-Software Das Hauptziel der Software besteht darin, den Energiebedarf auf der Grundlage der geplanten Produktionsprozesse vorherzusagen, wodurch der Energieverbrauch effizienter und im&nbsp;Einklang mit [&hellip;]<\/p>\n","protected":false},"author":2,"featured_media":178967,"parent":125079,"menu_order":0,"comment_status":"closed","ping_status":"closed","template":"","meta":{"_acf_changed":false,"_et_pb_use_builder":"on","_et_pb_old_content":"","_et_gb_content_width":"","footnotes":""},"class_list":["post-184088","page","type-page","status-publish","has-post-thumbnail"],"acf":[],"_links":{"self":[{"href":"https:\/\/www.secowarwick.com\/de\/wp-json\/wp\/v2\/pages\/184088","targetHints":{"allow":["GET"]}}],"collection":[{"href":"https:\/\/www.secowarwick.com\/de\/wp-json\/wp\/v2\/pages"}],"about":[{"href":"https:\/\/www.secowarwick.com\/de\/wp-json\/wp\/v2\/types\/page"}],"author":[{"embeddable":true,"href":"https:\/\/www.secowarwick.com\/de\/wp-json\/wp\/v2\/users\/2"}],"replies":[{"embeddable":true,"href":"https:\/\/www.secowarwick.com\/de\/wp-json\/wp\/v2\/comments?post=184088"}],"version-history":[{"count":6,"href":"https:\/\/www.secowarwick.com\/de\/wp-json\/wp\/v2\/pages\/184088\/revisions"}],"predecessor-version":[{"id":184197,"href":"https:\/\/www.secowarwick.com\/de\/wp-json\/wp\/v2\/pages\/184088\/revisions\/184197"}],"up":[{"embeddable":true,"href":"https:\/\/www.secowarwick.com\/de\/wp-json\/wp\/v2\/pages\/125079"}],"wp:featuredmedia":[{"embeddable":true,"href":"https:\/\/www.secowarwick.com\/de\/wp-json\/wp\/v2\/media\/178967"}],"wp:attachment":[{"href":"https:\/\/www.secowarwick.com\/de\/wp-json\/wp\/v2\/media?parent=184088"}],"curies":[{"name":"wp","href":"https:\/\/api.w.org\/{rel}","templated":true}]}}