{"id":184100,"date":"2025-06-07T15:46:48","date_gmt":"2025-06-07T13:46:48","guid":{"rendered":"https:\/\/www.secowarwick.com\/service\/automatisierung\/jakosc-energii\/"},"modified":"2025-09-11T13:59:51","modified_gmt":"2025-09-11T11:59:51","slug":"energiequalitaet","status":"publish","type":"page","link":"https:\/\/www.secowarwick.com\/de\/service\/automatisierung\/energiequalitaet\/","title":{"rendered":"ENERGIEQUALIT\u00c4T"},"content":{"rendered":"<p>[et_pb_section fb_built=&#8220;1&#8243; admin_label=&#8220;section&#8220; _builder_version=&#8220;4.16&#8243; custom_padding=&#8220;0px|||&#8220; transparent_background=&#8220;off&#8220; make_fullwidth=&#8220;off&#8220; use_custom_width=&#8220;off&#8220; width_unit=&#8220;on&#8220; global_colors_info=&#8220;{}&#8220;][et_pb_row column_structure=&#8220;3_4,1_4&#8243; admin_label=&#8220;row&#8220; _builder_version=&#8220;4.23.1&#8243; background_size=&#8220;initial&#8220; background_position=&#8220;top_left&#8220; background_repeat=&#8220;repeat&#8220; custom_padding=&#8220;||||false|false&#8220; make_fullwidth=&#8220;off&#8220; use_custom_width=&#8220;off&#8220; width_unit=&#8220;on&#8220; global_colors_info=&#8220;{}&#8220;][et_pb_column type=&#8220;3_4&#8243; _builder_version=&#8220;4.16&#8243; custom_padding=&#8220;|||&#8220; global_colors_info=&#8220;{}&#8220; custom_padding__hover=&#8220;|||&#8220;][et_pb_code module_class=&#8220;custom-bread&#8220; _builder_version=&#8220;4.23.1&#8243; _module_preset=&#8220;default&#8220; hover_enabled=&#8220;0&#8243; global_colors_info=&#8220;{}&#8220; sticky_enabled=&#8220;0&#8243;]<\/p>\n<div class=\"et_pb_module et_pb_breadcrumbs   et_pb_breadcrumbs_0\"><!-- [et_pb_line_break_holder] -->\t\t\t\t<pee id=\"breadcrumbs\"><span><span><a href=\"https:\/\/www.secowarwick.com\/de\/\">HOME<\/a><\/span> \/ <span><a href=\"https:\/\/www.secowarwick.com\/de\/service\/automatisierung\/\">AUTOMATISIERUNG<\/a><\/span> \/ <span class=\"breadcrumb_last\" aria-current=\"page\">ENERGIEQUALIT\u00c4T<\/span><\/span><\/pee><!-- [et_pb_line_break_holder] -->\t\t\t<\/div>\n<p>[\/et_pb_code][et_pb_text module_class=&#8220;red-square-list-parent podtytuly&#8220; _builder_version=&#8220;4.23.1&#8243; header_2_text_align=&#8220;justify&#8220; background_size=&#8220;initial&#8220; background_position=&#8220;top_left&#8220; background_repeat=&#8220;repeat&#8220; use_border_color=&#8220;off&#8220; global_colors_info=&#8220;{}&#8220;]<\/p>\n<h1>ENERGIEQUALIT\u00c4T<\/h1>\n<h2><img decoding=\"async\" class=\"alignleft wp-image-180422\" src=\"https:\/\/www.secowarwick.com\/wp-content\/uploads\/2025\/06\/jakosc-energii-v2-2.png\" alt=\"\" width=\"66\" height=\"75\" \/>\u200bIn Zeiten steigender Stromkosten und versch\u00e4rfter Energieeffizienzstandards wird die Energiequalit\u00e4t zu einem entscheidenden Faktor f\u00fcr die Stabilit\u00e4t industrieller Prozesse und die Betriebskosten.<\/h2>\n<p>&nbsp;<\/p>\n<p>Als f\u00fchrendes Unternehmen im&nbsp;Bereich der W\u00e4rmebehandlungstechnologie und Industrieautomation bietet SECO\/WARWICK umfassende L\u00f6sungen, die Unternehmen bei der Optimierung ihrer Energiequalit\u00e4tsparameter unterst\u00fctzen \u2013 insbesondere im&nbsp;Bereich der Blindleistungskompensation.<\/p>\n<p>[\/et_pb_text][et_pb_text _builder_version=&#8220;4.23.1&#8243; _module_preset=&#8220;default&#8220; header_2_font_size=&#8220;35px&#8220; text_orientation=&#8220;justified&#8220; global_colors_info=&#8220;{}&#8220;]<\/p>\n<h2><span style=\"color: #dc291e;\">\/<\/span>Blindleistung \u2013 versteckte Kosten, die vermieden werden k\u00f6nnen<\/h2>\n<p>Blindleistung ist, obwohl sie keine n\u00fctzliche Arbeit leistet, f\u00fcr den Betrieb elektrischer Ger\u00e4te unerl\u00e4sslich. Ihr \u00dcberschuss verursacht jedoch zus\u00e4tzliche Kosten und belastet die Energieinfrastruktur des Versorgungsunternehmens. SECO\/WARWICK unterst\u00fctzt seine Kunden bei der Identifizierung und Beseitigung von \u00fcberm\u00e4\u00dfigem Blindleistungsverbrauch durch:<\/p>\n<p><span style=\"color: #dc291e;\"><strong>\/<\/strong><\/span> Energieaudit mit fortgeschrittener Analyse des Energieverbrauchsprofils,<br \/><span style=\"color: #dc291e;\"><strong>\/<\/strong><\/span> Messungen von Netzqualit\u00e4tsparametern (einschlie\u00dflich Leistungsfaktor, Engl. Power Factor),<br \/><span style=\"color: #dc291e;\"><strong>\/<\/strong><\/span> Auswahl und Implementierung von Blindleistungskompensationsanlagen, wie z.B. moderne SVG-Kompensatoren.<\/p>\n<p>[\/et_pb_text][\/et_pb_column][et_pb_column type=&#8220;1_4&#8243; _builder_version=&#8220;4.23.1&#8243; custom_padding=&#8220;70px||||false|false&#8220; custom_padding_tablet=&#8220;0px||||false|false&#8220; custom_padding_phone=&#8220;0px||||false|false&#8220; custom_padding_last_edited=&#8220;on|desktop&#8220; global_colors_info=&#8220;{}&#8220; custom_padding__hover=&#8220;|||&#8220;][et_pb_text admin_label=&#8220;btn_de_premiumlibrary&#8220; module_class=&#8220;premium-library-button&#8220; _builder_version=&#8220;4.23.1&#8243; _module_preset=&#8220;default&#8220; text_orientation=&#8220;center&#8220; global_module=&#8220;157246&#8243; locked=&#8220;off&#8220; global_colors_info=&#8220;{}&#8220;]<\/p>\n<a href='https:\/\/www.secowarwick.com\/de\/premiuminhalte\/' class='small-button smallred'><span>PREMIUMINHALTE<\/span><\/a>\n<p>[\/et_pb_text][et_pb_text admin_label=&#8220;R&#038;D de&#8220; module_class=&#8220;product_widget_wrap_rd&#8220; _builder_version=&#8220;4.23.1&#8243; _module_preset=&#8220;default&#8220; text_orientation=&#8220;center&#8220; global_module=&#8220;165497&#8243; saved_tabs=&#8220;all&#8220; locked=&#8220;off&#8220; global_colors_info=&#8220;{}&#8220;]<\/p>\n<p><a href=\"https:\/\/www.secowarwick.com\/de\/rd\/\"><span class=\"product_wigtet_name\">R&amp;D<\/span><\/a><\/p>\n<p>[\/et_pb_text][et_pb_text admin_label=&#8220;Producte de&#8220; module_class=&#8220;product_widget_wrap_products &#8220; _builder_version=&#8220;4.23.1&#8243; _module_preset=&#8220;default&#8220; global_module=&#8220;179193&#8243; saved_tabs=&#8220;all&#8220; locked=&#8220;off&#8220; global_colors_info=&#8220;{}&#8220;]<\/p>\n<p><a href=\"https:\/\/www.secowarwick.com\/de\/produkte\/\" target=\"_blank\" rel=\"noopener\"><span class=\"product_wigtet_name\">PRODUKTE<\/span><\/a><\/p>\n<p>[\/et_pb_text][et_pb_text admin_label=&#8220;SERVICE de&#8220; module_class=&#8220;product_widget_wrap_service&#8220; _builder_version=&#8220;4.23.1&#8243; _module_preset=&#8220;default&#8220; global_module=&#8220;165500&#8243; saved_tabs=&#8220;all&#8220; locked=&#8220;off&#8220; global_colors_info=&#8220;{}&#8220;]<\/p>\n<p><a href=\"https:\/\/www.secowarwick.com\/de\/professionelle-service-dienstleistungen\/\"><span class=\"product_wigtet_name\">SERVICE<\/span><\/a><\/p>\n<p>[\/et_pb_text][et_pb_text admin_label=&#8220;SUPLEMENTALS de&#8220; module_class=&#8220;product_widget_wrap_supleme&#8220; _builder_version=&#8220;4.23.1&#8243; _module_preset=&#8220;default&#8220; global_module=&#8220;165502&#8243; saved_tabs=&#8220;all&#8220; locked=&#8220;off&#8220; global_colors_info=&#8220;{}&#8220;]<\/p>\n<p><span class=\"product_wigtet_name\">ZUSATZSTOFFE:<\/span><\/p>\n<p>[\/et_pb_text][et_pb_text admin_label=&#8220;dnabook-de&#8220; module_class=&#8220;suplementals_product_dna suplementals_wrap&#8220; _builder_version=&#8220;4.23.1&#8243; _module_preset=&#8220;default&#8220; global_module=&#8220;165509&#8243; saved_tabs=&#8220;all&#8220; locked=&#8220;off&#8220; global_colors_info=&#8220;{}&#8220;]<\/p>\n<p><a href=\"https:\/\/www.secowarwick.com\/wp-content\/uploads\/2025\/07\/DNA_BOOK.pdf\" target=\"_blank\" rel=\"noopener\">DNA\/BOOK<\/a><\/p>\n<p>[\/et_pb_text][et_pb_text admin_label=&#8220;ECO\/BOOK-de&#8220; module_class=&#8220;suplementals_product_eco suplementals_wrap&#8220; _builder_version=&#8220;4.23.1&#8243; _module_preset=&#8220;default&#8220; global_module=&#8220;167797&#8243; locked=&#8220;off&#8220; global_colors_info=&#8220;{}&#8220;]<\/p>\n<p><a href=\"https:\/\/www.secowarwick.com\/wp-content\/uploads\/2023\/06\/ECOBOOK.pdf\" target=\"_blank\" rel=\"noopener\">ECO\/BOOK<\/a><\/p>\n<p>[\/et_pb_text][\/et_pb_column][\/et_pb_row][\/et_pb_section][et_pb_section fb_built=&#8220;1&#8243; admin_label=&#8220;section&#8220; _builder_version=&#8220;4.16&#8243; background_color=&#8220;#f8f8f8&#8243; transparent_background=&#8220;off&#8220; make_fullwidth=&#8220;off&#8220; use_custom_width=&#8220;off&#8220; width_unit=&#8220;on&#8220; global_colors_info=&#8220;{}&#8220;][et_pb_row column_structure=&#8220;1_2,1_2&#8243; admin_label=&#8220;row&#8220; _builder_version=&#8220;4.16&#8243; background_size=&#8220;initial&#8220; background_position=&#8220;top_left&#8220; background_repeat=&#8220;repeat&#8220; global_colors_info=&#8220;{}&#8220;][et_pb_column type=&#8220;1_2&#8243; _builder_version=&#8220;4.16&#8243; custom_padding=&#8220;|||&#8220; global_colors_info=&#8220;{}&#8220; custom_padding__hover=&#8220;|||&#8220;][et_pb_text module_class=&#8220;red-hash-list-parent&#8220; _builder_version=&#8220;4.23.1&#8243; _module_preset=&#8220;default&#8220; header_2_font_size=&#8220;35px&#8220; text_orientation=&#8220;justified&#8220; global_colors_info=&#8220;{}&#8220;]<\/p>\n<h2><span style=\"color: #dc291e;\"><strong>\/<\/strong><\/span>\u200bErweiterte Blindleistungskompensation mit SVG<\/h2>\n<p>SECO\/WARWICK implementiert dynamische SVG-Kompensatoren (Static Var Generator), die Folgendes bieten:<\/p>\n<ul>\n<li>eine Kompensation sowohl f\u00fcr induktive als auch f\u00fcr kapazitive Blindleistung,<\/li>\n<li>eine Reaktionszeit von weniger als 10 ms bieten und eine sofortige Anpassung an Last\u00e4nderungen,<\/li>\n<li>Oberschwingungsfilterung, Verbesserung der Netzqualit\u00e4t und Schutz der Anlagen,<\/li>\n<li>eine pr\u00e4zise Steuerung des Kompensationsniveaus, was zu echten Einsparungen f\u00fchrt.<\/li>\n<\/ul>\n<p>[\/et_pb_text][\/et_pb_column][et_pb_column type=&#8220;1_2&#8243; _builder_version=&#8220;4.16&#8243; custom_padding=&#8220;|||&#8220; global_colors_info=&#8220;{}&#8220; custom_padding__hover=&#8220;|||&#8220;][et_pb_text module_class=&#8220;red-hash-list-parent&#8220; _builder_version=&#8220;4.23.1&#8243; _module_preset=&#8220;default&#8220; header_2_font_size=&#8220;35px&#8220; text_orientation=&#8220;justified&#8220; global_colors_info=&#8220;{}&#8220;]<\/p>\n<h2><span style=\"color: #dc291e;\"><strong>\/<\/strong><\/span>Moderne Heizleistungsregelung &#8211; ohne Verlust an Energiequalit\u00e4t<\/h2>\n<p>Bei SECO\/WARWICK-Vakuum\u00f6fen verzichten wir auf die traditionelle Phasenanschnittsteuerung (Phase Angle), die den Leistungsfaktor negativ beeinflusst und St\u00f6rungen erzeugt. Stattdessen verwenden wir:<\/p>\n<p><strong><span style=\"color: #dc291e;\">\/<\/span><\/strong> Thyristorsteuerung auf der Basis reiner Sinuswellen,<br \/><strong><span style=\"color: #dc291e;\">\/<\/span><\/strong> Synchronisierung des Betriebs der Heizungsanlagen in&nbsp;der gesamten Abschreckanlage,<br \/><strong><span style=\"color: #dc291e;\">\/<\/span><\/strong> Sequentielle Lastumschaltung und Leistungsaufteilung zur Vermeidung der \u00dcberschreitung der vertraglich kontrahierten Leistung.<\/p>\n<p>[\/et_pb_text][\/et_pb_column][\/et_pb_row][et_pb_row _builder_version=&#8220;4.23.1&#8243; _module_preset=&#8220;default&#8220; global_colors_info=&#8220;{}&#8220;][et_pb_column type=&#8220;4_4&#8243; _builder_version=&#8220;4.23.1&#8243; _module_preset=&#8220;default&#8220; global_colors_info=&#8220;{}&#8220;][et_pb_text _builder_version=&#8220;4.23.1&#8243; _module_preset=&#8220;default&#8220; text_orientation=&#8220;justified&#8220; global_colors_info=&#8220;{}&#8220;]<\/p>\n<h2>Auswirkungen?<\/h2>\n<p>Bei einem Kunden konnte durch den Einsatz dieser L\u00f6sung die Blindleistung von 3.500 kVArh auf 500 kVArh f\u00fcr acht \u00d6fen gesenkt werden, und der Leistungsfaktor stieg von 0,6 auf \u00fcber 0,92. Au\u00dferdem wurde der Bedarf an Kondensatorbatterien um bis zu 60 % reduziert.<\/p>\n<p>[\/et_pb_text][\/et_pb_column][\/et_pb_row][\/et_pb_section][et_pb_section fb_built=&#8220;1&#8243; _builder_version=&#8220;4.23.1&#8243; _module_preset=&#8220;default&#8220; global_colors_info=&#8220;{}&#8220;][et_pb_row column_structure=&#8220;3_4,1_4&#8243; use_custom_gutter=&#8220;on&#8220; gutter_width=&#8220;2&#8243; module_class=&#8220;automatycy-wiersz-korzysci&#8220; _builder_version=&#8220;4.23.1&#8243; _module_preset=&#8220;default&#8220; locked=&#8220;off&#8220; global_colors_info=&#8220;{}&#8220;][et_pb_column type=&#8220;3_4&#8243; _builder_version=&#8220;4.23.1&#8243; _module_preset=&#8220;default&#8220; global_colors_info=&#8220;{}&#8220;][et_pb_text module_class=&#8220;przecinek-tlo-nizej&#8220; _builder_version=&#8220;4.23.1&#8243; text_text_color=&#8220;#000000&#8243; background_size=&#8220;initial&#8220; background_position=&#8220;top_left&#8220; background_repeat=&#8220;repeat&#8220; use_border_color=&#8220;off&#8220; global_colors_info=&#8220;{}&#8220;]<\/p>\n<p>Ihre Vorteile<\/p>\n<p>[\/et_pb_text][et_pb_text module_class=&#8220;opis-korzysci&#8220; _builder_version=&#8220;4.23.1&#8243; _module_preset=&#8220;default&#8220; text_orientation=&#8220;justified&#8220; custom_margin=&#8220;20px||||false|false&#8220; global_colors_info=&#8220;{}&#8220;]<\/p>\n<p><strong><span style=\"color: #dc291e;\">\/<\/span><\/strong>\u00a0Senkung der Energiekosten &#8211; durch Beseitigung der Blindleistungsbelastung und Verbesserung des Leistungsfaktors,<br \/><strong><span style=\"color: #dc291e;\">\/<\/span><\/strong>\u00a0Erh\u00f6hung der Energieeffizienz &#8211; durch Optimierung des Betriebs von Ger\u00e4ten und Heizungsanlagen,<br \/><strong><span style=\"color: #dc291e;\">\/<\/span><\/strong>\u00a0Verl\u00e4ngerung der Lebensdauer der Anlagen &#8211; durch Verbesserung der Netzqualit\u00e4t und Verringerung der Oberschwingungen,<br \/><strong><span style=\"color: #dc291e;\">\/<\/span><\/strong>\u00a0Erh\u00f6hung der Zuverl\u00e4ssigkeit der Produktionsprozesse &#8211; durch stabile und vorhersehbare Stromversorgungsparameter.<\/p>\n<p>[\/et_pb_text][\/et_pb_column][et_pb_column type=&#8220;1_4&#8243; _builder_version=&#8220;4.23.1&#8243; _module_preset=&#8220;default&#8220; global_colors_info=&#8220;{}&#8220;][et_pb_image src=&#8220;https:\/\/www.secowarwick.com\/wp-content\/uploads\/2024\/05\/korzysci.png&#8220; alt=&#8220;korzy\u015bci&#8220; align=&#8220;center&#8220; module_class=&#8220;obraz-korzysci&#8220; _builder_version=&#8220;4.23.1&#8243; _module_preset=&#8220;default&#8220; global_colors_info=&#8220;{}&#8220;][\/et_pb_image][\/et_pb_column][\/et_pb_row][et_pb_row _builder_version=&#8220;4.23.1&#8243; _module_preset=&#8220;default&#8220; global_colors_info=&#8220;{}&#8220;][et_pb_column type=&#8220;4_4&#8243; _builder_version=&#8220;4.23.1&#8243; _module_preset=&#8220;default&#8220; global_colors_info=&#8220;{}&#8220;][et_pb_text _builder_version=&#8220;4.23.1&#8243; _module_preset=&#8220;default&#8220; text_orientation=&#8220;justified&#8220; global_colors_info=&#8220;{}&#8220;]<\/p>\n<p>SECO\/WARWICK ist nicht nur ein Technologielieferant, sondern auch ein Partner beim Bau einer effizienten, modernen und energieeffizienten Industrieanlage.<\/p>\n<p>[\/et_pb_text][\/et_pb_column][\/et_pb_row][\/et_pb_section]<\/p>\n","protected":false},"excerpt":{"rendered":"<p>ENERGIEQUALIT\u00c4T \u200bIn Zeiten steigender Stromkosten und versch\u00e4rfter Energieeffizienzstandards wird die Energiequalit\u00e4t zu einem entscheidenden Faktor f\u00fcr die Stabilit\u00e4t industrieller Prozesse und die Betriebskosten. &nbsp; Als f\u00fchrendes Unternehmen im&nbsp;Bereich der W\u00e4rmebehandlungstechnologie und Industrieautomation bietet SECO\/WARWICK umfassende L\u00f6sungen, die Unternehmen bei der Optimierung ihrer Energiequalit\u00e4tsparameter unterst\u00fctzen \u2013 insbesondere im&nbsp;Bereich der Blindleistungskompensation.\/Blindleistung \u2013 versteckte Kosten, die vermieden werden [&hellip;]<\/p>\n","protected":false},"author":2,"featured_media":0,"parent":125079,"menu_order":0,"comment_status":"closed","ping_status":"closed","template":"","meta":{"_acf_changed":false,"_et_pb_use_builder":"on","_et_pb_old_content":"","_et_gb_content_width":"","footnotes":""},"class_list":["post-184100","page","type-page","status-publish"],"acf":[],"_links":{"self":[{"href":"https:\/\/www.secowarwick.com\/de\/wp-json\/wp\/v2\/pages\/184100","targetHints":{"allow":["GET"]}}],"collection":[{"href":"https:\/\/www.secowarwick.com\/de\/wp-json\/wp\/v2\/pages"}],"about":[{"href":"https:\/\/www.secowarwick.com\/de\/wp-json\/wp\/v2\/types\/page"}],"author":[{"embeddable":true,"href":"https:\/\/www.secowarwick.com\/de\/wp-json\/wp\/v2\/users\/2"}],"replies":[{"embeddable":true,"href":"https:\/\/www.secowarwick.com\/de\/wp-json\/wp\/v2\/comments?post=184100"}],"version-history":[{"count":6,"href":"https:\/\/www.secowarwick.com\/de\/wp-json\/wp\/v2\/pages\/184100\/revisions"}],"predecessor-version":[{"id":184201,"href":"https:\/\/www.secowarwick.com\/de\/wp-json\/wp\/v2\/pages\/184100\/revisions\/184201"}],"up":[{"embeddable":true,"href":"https:\/\/www.secowarwick.com\/de\/wp-json\/wp\/v2\/pages\/125079"}],"wp:attachment":[{"href":"https:\/\/www.secowarwick.com\/de\/wp-json\/wp\/v2\/media?parent=184100"}],"curies":[{"name":"wp","href":"https:\/\/api.w.org\/{rel}","templated":true}]}}