{"id":184114,"date":"2025-06-08T07:50:13","date_gmt":"2025-06-08T05:50:13","guid":{"rendered":"https:\/\/www.secowarwick.com\/service\/automatisierung\/optymalizacja-kosztow-energii\/"},"modified":"2025-09-11T14:02:26","modified_gmt":"2025-09-11T12:02:26","slug":"optimierung-der-energie-und-medienkosten","status":"publish","type":"page","link":"https:\/\/www.secowarwick.com\/de\/service\/automatisierung\/optimierung-der-energie-und-medienkosten\/","title":{"rendered":"Optimierung der Energie- und Medienkosten mit L\u00f6sungen von SECO\/WARWICK"},"content":{"rendered":"<p>[et_pb_section fb_built=&#8220;1&#8243; admin_label=&#8220;section&#8220; _builder_version=&#8220;4.16&#8243; custom_padding=&#8220;0px|||&#8220; transparent_background=&#8220;off&#8220; make_fullwidth=&#8220;off&#8220; use_custom_width=&#8220;off&#8220; width_unit=&#8220;on&#8220; global_colors_info=&#8220;{}&#8220;][et_pb_row column_structure=&#8220;3_4,1_4&#8243; admin_label=&#8220;row&#8220; _builder_version=&#8220;4.23.1&#8243; background_size=&#8220;initial&#8220; background_position=&#8220;top_left&#8220; background_repeat=&#8220;repeat&#8220; custom_padding=&#8220;||||false|false&#8220; make_fullwidth=&#8220;off&#8220; use_custom_width=&#8220;off&#8220; width_unit=&#8220;on&#8220; global_colors_info=&#8220;{}&#8220;][et_pb_column type=&#8220;3_4&#8243; _builder_version=&#8220;4.16&#8243; custom_padding=&#8220;|||&#8220; global_colors_info=&#8220;{}&#8220; custom_padding__hover=&#8220;|||&#8220;][et_pb_code module_class=&#8220;custom-bread&#8220; _builder_version=&#8220;4.23.1&#8243; _module_preset=&#8220;default&#8220; global_colors_info=&#8220;{}&#8220;]<\/p>\n<div class=\"et_pb_module et_pb_breadcrumbs   et_pb_breadcrumbs_0\"><!-- [et_pb_line_break_holder] -->\t\t\t\t<pee id=\"breadcrumbs\"><span><span><a href=\"https:\/\/www.secowarwick.com\/de\/\">HOME<\/a><\/span> \/ <span><a href=\"https:\/\/www.secowarwick.com\/de\/service\/automatisierung\/\">AUTOMATISIERUNG<\/a><\/span> \/ <span class=\"breadcrumb_last\" aria-current=\"page\">OPTIMIERUNG DER ENERGIE- UND MEDIENKOSTEN<\/span><\/span><\/pee><!-- [et_pb_line_break_holder] -->\t\t\t<\/div>\n<p>[\/et_pb_code][et_pb_text module_class=&#8220;red-square-list-parent podtytuly&#8220; _builder_version=&#8220;4.23.1&#8243; background_size=&#8220;initial&#8220; background_position=&#8220;top_left&#8220; background_repeat=&#8220;repeat&#8220; text_orientation=&#8220;justified&#8220; use_border_color=&#8220;off&#8220; global_colors_info=&#8220;{}&#8220;]<\/p>\n<h1>Optimierung der Energie- und Medienkosten mit L\u00f6sungen von SECO\/WARWICK<\/h1>\n<h2><img decoding=\"async\" class=\"alignleft wp-image-180382\" src=\"https:\/\/www.secowarwick.com\/wp-content\/uploads\/2025\/06\/optymalizacja-kosztow-v2-1.png\" alt=\"Optimierung der Energie- und Medienkosten \" width=\"62\" height=\"75\" \/>\u200bBei SECO\/WARWICK ist die Optimierung der Energie- und Medienkosten nicht nur eine Frage des Einkaufs \u2013 es&nbsp;handelt sich um einen umfassenden Ansatz, der auf fortschrittlicher Automatisierung, Datenanalyse und der pr\u00e4zisen Anpassung der Betriebsparameter der Anlagen an die tats\u00e4chlichen Produktionsanforderungen basiert.<\/h2>\n<p>&nbsp;<\/p>\n<p>Dank unserer industriellen Automatisierungssysteme ist es&nbsp;m\u00f6glich, den Energieverbrauch in&nbsp;Echtzeit zu \u00fcberwachen und zu steuern. Intelligente Systeme erm\u00f6glichen eine dynamische Anpassung der Parameter von W\u00e4rmeprozessen, was zu Einsparungen sowohl bei Strom als auch bei Prozessgas f\u00fchrt.<\/p>\n<p>Unsere L\u00f6sungen unterst\u00fctzen auch die Optimierung der vertraglich vereinbarten Leistung \u2013 durch die Analyse des Energieverbrauchsprofils und die Identifizierung von Spitzen- und Tiefpunkten im&nbsp;Bedarf ist es&nbsp;m\u00f6glich, die bestellte Leistung genau an den tats\u00e4chlichen Bedarf des Betriebs anzupassen. Dadurch lassen sich sowohl \u00dcberzahlungen als auch Strafen f\u00fcr \u00dcberschreitungen vermeiden.<\/p>\n<p>Dar\u00fcber hinaus erm\u00f6glichen die Integration lokaler Energiequellen (z. B.&nbsp;Kraft-W\u00e4rme-Kopplung, Photovoltaik) und die M\u00f6glichkeit des Hybridbetriebs eine weitere Kostensenkung und eine Erh\u00f6hung der Energieunabh\u00e4ngigkeit.<\/p>\n<p>[\/et_pb_text][\/et_pb_column][et_pb_column type=&#8220;1_4&#8243; _builder_version=&#8220;4.23.1&#8243; custom_padding=&#8220;70px||||false|false&#8220; custom_padding_tablet=&#8220;0px||||false|false&#8220; custom_padding_phone=&#8220;0px||||false|false&#8220; custom_padding_last_edited=&#8220;on|desktop&#8220; global_colors_info=&#8220;{}&#8220; custom_padding__hover=&#8220;|||&#8220;][et_pb_text admin_label=&#8220;btn_de_premiumlibrary&#8220; module_class=&#8220;premium-library-button&#8220; _builder_version=&#8220;4.23.1&#8243; _module_preset=&#8220;default&#8220; text_orientation=&#8220;center&#8220; global_module=&#8220;157246&#8243; locked=&#8220;off&#8220; global_colors_info=&#8220;{}&#8220;]<\/p>\n<a href='https:\/\/www.secowarwick.com\/de\/premiuminhalte\/' class='small-button smallred'><span>PREMIUMINHALTE<\/span><\/a>\n<p>[\/et_pb_text][et_pb_text admin_label=&#8220;R&#038;D de&#8220; module_class=&#8220;product_widget_wrap_rd&#8220; _builder_version=&#8220;4.23.1&#8243; _module_preset=&#8220;default&#8220; text_orientation=&#8220;center&#8220; global_module=&#8220;165497&#8243; saved_tabs=&#8220;all&#8220; locked=&#8220;off&#8220; global_colors_info=&#8220;{}&#8220;]<\/p>\n<p><a href=\"https:\/\/www.secowarwick.com\/de\/rd\/\"><span class=\"product_wigtet_name\">R&amp;D<\/span><\/a><\/p>\n<p>[\/et_pb_text][et_pb_text admin_label=&#8220;Producte de&#8220; module_class=&#8220;product_widget_wrap_products &#8220; _builder_version=&#8220;4.23.1&#8243; _module_preset=&#8220;default&#8220; global_module=&#8220;179193&#8243; saved_tabs=&#8220;all&#8220; locked=&#8220;off&#8220; global_colors_info=&#8220;{}&#8220;]<\/p>\n<p><a href=\"https:\/\/www.secowarwick.com\/de\/produkte\/\" target=\"_blank\" rel=\"noopener\"><span class=\"product_wigtet_name\">PRODUKTE<\/span><\/a><\/p>\n<p>[\/et_pb_text][et_pb_text admin_label=&#8220;SERVICE de&#8220; module_class=&#8220;product_widget_wrap_service&#8220; _builder_version=&#8220;4.23.1&#8243; _module_preset=&#8220;default&#8220; global_module=&#8220;165500&#8243; saved_tabs=&#8220;all&#8220; locked=&#8220;off&#8220; global_colors_info=&#8220;{}&#8220;]<\/p>\n<p><a href=\"https:\/\/www.secowarwick.com\/de\/professionelle-service-dienstleistungen\/\"><span class=\"product_wigtet_name\">SERVICE<\/span><\/a><\/p>\n<p>[\/et_pb_text][et_pb_text admin_label=&#8220;SUPLEMENTALS de&#8220; module_class=&#8220;product_widget_wrap_supleme&#8220; _builder_version=&#8220;4.23.1&#8243; _module_preset=&#8220;default&#8220; global_module=&#8220;165502&#8243; saved_tabs=&#8220;all&#8220; locked=&#8220;off&#8220; global_colors_info=&#8220;{}&#8220;]<\/p>\n<p><span class=\"product_wigtet_name\">ZUSATZSTOFFE:<\/span><\/p>\n<p>[\/et_pb_text][et_pb_text admin_label=&#8220;dnabook-de&#8220; module_class=&#8220;suplementals_product_dna suplementals_wrap&#8220; _builder_version=&#8220;4.23.1&#8243; _module_preset=&#8220;default&#8220; global_module=&#8220;165509&#8243; saved_tabs=&#8220;all&#8220; locked=&#8220;off&#8220; global_colors_info=&#8220;{}&#8220;]<\/p>\n<p><a href=\"https:\/\/www.secowarwick.com\/wp-content\/uploads\/2025\/07\/DNA_BOOK.pdf\" target=\"_blank\" rel=\"noopener\">DNA\/BOOK<\/a><\/p>\n<p>[\/et_pb_text][et_pb_text admin_label=&#8220;ECO\/BOOK-de&#8220; module_class=&#8220;suplementals_product_eco suplementals_wrap&#8220; _builder_version=&#8220;4.23.1&#8243; _module_preset=&#8220;default&#8220; global_module=&#8220;167797&#8243; locked=&#8220;off&#8220; global_colors_info=&#8220;{}&#8220;]<\/p>\n<p><a href=\"https:\/\/www.secowarwick.com\/wp-content\/uploads\/2023\/06\/ECOBOOK.pdf\" target=\"_blank\" rel=\"noopener\">ECO\/BOOK<\/a><\/p>\n<p>[\/et_pb_text][\/et_pb_column][\/et_pb_row][\/et_pb_section][et_pb_section fb_built=&#8220;1&#8243; _builder_version=&#8220;4.23.1&#8243; _module_preset=&#8220;default&#8220; global_colors_info=&#8220;{}&#8220;][et_pb_row column_structure=&#8220;3_4,1_4&#8243; use_custom_gutter=&#8220;on&#8220; gutter_width=&#8220;2&#8243; module_class=&#8220;automatycy-wiersz-korzysci&#8220; _builder_version=&#8220;4.23.1&#8243; _module_preset=&#8220;default&#8220; locked=&#8220;off&#8220; global_colors_info=&#8220;{}&#8220;][et_pb_column type=&#8220;3_4&#8243; _builder_version=&#8220;4.23.1&#8243; _module_preset=&#8220;default&#8220; global_colors_info=&#8220;{}&#8220;][et_pb_text module_class=&#8220;przecinek-tlo-nizej&#8220; _builder_version=&#8220;4.23.1&#8243; text_text_color=&#8220;#000000&#8243; background_size=&#8220;initial&#8220; background_position=&#8220;top_left&#8220; background_repeat=&#8220;repeat&#8220; use_border_color=&#8220;off&#8220; global_colors_info=&#8220;{}&#8220;]<\/p>\n<p>Vorteile der Implementierung von SECO\/WARWICK-L\u00f6sungen:<\/p>\n<p>[\/et_pb_text][et_pb_text module_class=&#8220;opis-korzysci&#8220; _builder_version=&#8220;4.23.1&#8243; _module_preset=&#8220;default&#8220; custom_margin=&#8220;20px||||false|false&#8220; global_colors_info=&#8220;{}&#8220;]<\/p>\n<p><strong><span style=\"color: #dc291e;\">\/<\/span><\/strong>\u00a0Reduzierung der spezifischen Energie- und Medienkosten durch intelligente Prozesssteuerung,<br \/><strong><span style=\"color: #dc291e;\">\/<\/span><\/strong> Optimierung des Einkaufsmodells durch Datenanalyse und Entscheidungsunterst\u00fctzung,<br \/><strong><span style=\"color: #dc291e;\">\/<\/span><\/strong> Anpassung der Tarife und der vertraglich vereinbarten Leistung an das tats\u00e4chliche Verbrauchsprofil,<br \/><strong><span style=\"color: #dc291e;\">\/<\/span><\/strong> Steigerung der Energieeffizienz des gesamten Werks,<br \/><strong><span style=\"color: #dc291e;\">\/<\/span><\/strong> Integration mit Produktionsmanagementsystemen (MES\/ERP) f\u00fcr eine vollst\u00e4ndige Kontrolle \u00fcber die Medienkosten.<\/p>\n<p>[\/et_pb_text][\/et_pb_column][et_pb_column type=&#8220;1_4&#8243; _builder_version=&#8220;4.23.1&#8243; _module_preset=&#8220;default&#8220; global_colors_info=&#8220;{}&#8220;][et_pb_image src=&#8220;https:\/\/www.secowarwick.com\/wp-content\/uploads\/2024\/05\/korzysci.png&#8220; alt=&#8220;korzy\u015bci&#8220; align=&#8220;center&#8220; module_class=&#8220;obraz-korzysci&#8220; _builder_version=&#8220;4.23.1&#8243; _module_preset=&#8220;default&#8220; global_colors_info=&#8220;{}&#8220;][\/et_pb_image][\/et_pb_column][\/et_pb_row][\/et_pb_section]<\/p>\n","protected":false},"excerpt":{"rendered":"<p>Optimierung der Energie- und Medienkosten mit L\u00f6sungen von SECO\/WARWICK \u200bBei SECO\/WARWICK ist die Optimierung der Energie- und Medienkosten nicht nur eine Frage des Einkaufs \u2013 es&nbsp;handelt sich um einen umfassenden Ansatz, der auf fortschrittlicher Automatisierung, Datenanalyse und der pr\u00e4zisen Anpassung der Betriebsparameter der Anlagen an die tats\u00e4chlichen Produktionsanforderungen basiert. &nbsp; Dank unserer industriellen Automatisierungssysteme ist [&hellip;]<\/p>\n","protected":false},"author":2,"featured_media":0,"parent":125079,"menu_order":0,"comment_status":"closed","ping_status":"closed","template":"","meta":{"_acf_changed":false,"_et_pb_use_builder":"on","_et_pb_old_content":"","_et_gb_content_width":"","footnotes":""},"class_list":["post-184114","page","type-page","status-publish"],"acf":[],"_links":{"self":[{"href":"https:\/\/www.secowarwick.com\/de\/wp-json\/wp\/v2\/pages\/184114","targetHints":{"allow":["GET"]}}],"collection":[{"href":"https:\/\/www.secowarwick.com\/de\/wp-json\/wp\/v2\/pages"}],"about":[{"href":"https:\/\/www.secowarwick.com\/de\/wp-json\/wp\/v2\/types\/page"}],"author":[{"embeddable":true,"href":"https:\/\/www.secowarwick.com\/de\/wp-json\/wp\/v2\/users\/2"}],"replies":[{"embeddable":true,"href":"https:\/\/www.secowarwick.com\/de\/wp-json\/wp\/v2\/comments?post=184114"}],"version-history":[{"count":5,"href":"https:\/\/www.secowarwick.com\/de\/wp-json\/wp\/v2\/pages\/184114\/revisions"}],"predecessor-version":[{"id":184203,"href":"https:\/\/www.secowarwick.com\/de\/wp-json\/wp\/v2\/pages\/184114\/revisions\/184203"}],"up":[{"embeddable":true,"href":"https:\/\/www.secowarwick.com\/de\/wp-json\/wp\/v2\/pages\/125079"}],"wp:attachment":[{"href":"https:\/\/www.secowarwick.com\/de\/wp-json\/wp\/v2\/media?parent=184114"}],"curies":[{"name":"wp","href":"https:\/\/api.w.org\/{rel}","templated":true}]}}