{"id":185873,"date":"2025-10-26T09:16:25","date_gmt":"2025-10-26T08:16:25","guid":{"rendered":"https:\/\/www.secowarwick.com\/the-best-of-industry-4-0-awards-presented\/"},"modified":"2025-10-26T09:27:11","modified_gmt":"2025-10-26T08:27:11","slug":"die-preise-the-best-of-industry-40-wurden-verliehen","status":"publish","type":"page","link":"https:\/\/www.secowarwick.com\/de\/unternehmen\/auszeichnungen-und-ehrungen\/die-preise-the-best-of-industry-40-wurden-verliehen\/","title":{"rendered":"Die Preise \u201eThe Best of Industry 4.0\u201d wurden verliehen"},"content":{"rendered":"<h3>Eine der Auszeichnungen ging an uns, genauer gesagt an S\u0142awomir Wachowski, der die Troph\u00e4e <strong>\u201eThe Best of Industry 4.0<\/strong>\u201d in der Kategorie <strong>\u201eProduktionsst\u00e4tte\u201d<\/strong> entgegennahm.<\/h3>\n<p><img decoding=\"async\" class=\"aligncenter wp-image-185864 size-full\" src=\"https:\/\/www.secowarwick.com\/wp-content\/uploads\/2025\/10\/The-Best-of-Industry-4-0-Awards.jpg\" alt=\"Die Preise \u201eThe Best of Industry 4.0\u201d wurden verliehen\" width=\"1280\" height=\"963\" srcset=\"https:\/\/www.secowarwick.com\/wp-content\/uploads\/2025\/10\/The-Best-of-Industry-4-0-Awards.jpg 1280w, https:\/\/www.secowarwick.com\/wp-content\/uploads\/2025\/10\/The-Best-of-Industry-4-0-Awards-980x737.jpg 980w, https:\/\/www.secowarwick.com\/wp-content\/uploads\/2025\/10\/The-Best-of-Industry-4-0-Awards-480x361.jpg 480w\" sizes=\"(min-width: 0px) and (max-width: 480px) 480px, (min-width: 481px) and (max-width: 980px) 980px, (min-width: 981px) 1280px, 100vw\" \/><\/p>\n<p>Die Preisverleihung fand am 14. Oktober 2025 im Internationalen Kongresszentrum in Katowice w\u00e4hrend des Forums der Neuen Industrie, der Internationalen Messe f\u00fcr Werkzeugmaschinen, Werkzeuge und Bearbeitungstechnologien TOOLEX und der Internationalen Schwei\u00dftechnik-Messe ExpoWELDING statt.<\/p>\n<p>\u201eSie sind die Vorreiter der digitalen Produktion. Es ist an der Zeit, durch die Einf\u00fchrung neuer Technologien, durch Automatisierung und Robotisierung sowie durch die Nutzung der M\u00f6glichkeiten der k\u00fcnstlichen Intelligenz wettbewerbsf\u00e4hig zu bleiben.\u201c \u2013 betonte Wojciech Ku\u015bpik, der Vorstandsvorsitzende der PTWP-Gruppe, w\u00e4hrend der Gala in Katowice.<\/p>\n<p>Im Wettbewerb \u201eThe Best of Industry 4.0\u201d treten die f\u00fchrenden Unternehmen der digitalen Fertigung gegeneinander an: Betriebe, die die Idee der Fabrik der Zukunft in die Praxis umsetzen, und Anbieter innovativer technologischer L\u00f6sungen.<\/p>\n<p>Zur Bewertung der eingereichten Projekte wurden Vertreter f\u00fchrender europ\u00e4ischer und polnischer Industrieunternehmen, f\u00fchrende Anbieter innovativer L\u00f6sungen, Implementierungsexperten, Praktiker aus der Wirtschaft, Wissenschaftler und Spezialisten aus dem Bereich Industrie 4.0 eingeladen.<\/p>\n<p>&nbsp;<\/p>\n","protected":false},"excerpt":{"rendered":"<p>Eine der Auszeichnungen ging an uns, genauer gesagt an S\u0142awomir Wachowski, der die Troph\u00e4e \u201eThe Best of Industry 4.0\u201d in der Kategorie \u201eProduktionsst\u00e4tte\u201d entgegennahm. Die Preisverleihung fand am 14. Oktober 2025 im Internationalen Kongresszentrum in Katowice w\u00e4hrend des Forums der Neuen Industrie, der Internationalen Messe f\u00fcr Werkzeugmaschinen, Werkzeuge und Bearbeitungstechnologien TOOLEX und der Internationalen Schwei\u00dftechnik-Messe [&hellip;]<\/p>\n","protected":false},"author":2,"featured_media":185866,"parent":6718,"menu_order":0,"comment_status":"closed","ping_status":"closed","template":"","meta":{"_acf_changed":false,"_et_pb_use_builder":"off","_et_pb_old_content":"","_et_gb_content_width":"","footnotes":""},"class_list":["post-185873","page","type-page","status-publish","has-post-thumbnail"],"acf":[],"_links":{"self":[{"href":"https:\/\/www.secowarwick.com\/de\/wp-json\/wp\/v2\/pages\/185873","targetHints":{"allow":["GET"]}}],"collection":[{"href":"https:\/\/www.secowarwick.com\/de\/wp-json\/wp\/v2\/pages"}],"about":[{"href":"https:\/\/www.secowarwick.com\/de\/wp-json\/wp\/v2\/types\/page"}],"author":[{"embeddable":true,"href":"https:\/\/www.secowarwick.com\/de\/wp-json\/wp\/v2\/users\/2"}],"replies":[{"embeddable":true,"href":"https:\/\/www.secowarwick.com\/de\/wp-json\/wp\/v2\/comments?post=185873"}],"version-history":[{"count":2,"href":"https:\/\/www.secowarwick.com\/de\/wp-json\/wp\/v2\/pages\/185873\/revisions"}],"predecessor-version":[{"id":185886,"href":"https:\/\/www.secowarwick.com\/de\/wp-json\/wp\/v2\/pages\/185873\/revisions\/185886"}],"up":[{"embeddable":true,"href":"https:\/\/www.secowarwick.com\/de\/wp-json\/wp\/v2\/pages\/6718"}],"wp:featuredmedia":[{"embeddable":true,"href":"https:\/\/www.secowarwick.com\/de\/wp-json\/wp\/v2\/media\/185866"}],"wp:attachment":[{"href":"https:\/\/www.secowarwick.com\/de\/wp-json\/wp\/v2\/media?parent=185873"}],"curies":[{"name":"wp","href":"https:\/\/api.w.org\/{rel}","templated":true}]}}