{"id":188263,"date":"2025-12-06T09:47:44","date_gmt":"2025-12-06T08:47:44","guid":{"rendered":"https:\/\/www.secowarwick.com\/unternehmen\/auszeichnungen-und-ehrungen\/lubuski-zawodowiec-2025\/"},"modified":"2025-12-06T09:56:04","modified_gmt":"2025-12-06T08:56:04","slug":"lubuski-zawodowiec-2025","status":"publish","type":"page","link":"https:\/\/www.secowarwick.com\/de\/unternehmen\/auszeichnungen-und-ehrungen\/lubuski-zawodowiec-2025\/","title":{"rendered":"SECO\/WARWICK mit dem Preis \u201eLubuski Zawodowiec 2025\u201c ausgezeichnet"},"content":{"rendered":"<h3>SECO\/WARWICK wurde erneut in der Kategorie der <strong>gro\u00dfen Unternehmen, die junge Mitarbeiter ausbilden<\/strong>, ausgezeichnet. W\u00e4hrend des \u201eLubuskie Berufsbildungsforums \u2013 Die Rolle der Unternehmer bei der Vorbereitung von Fachkr\u00e4ften\u201c erhielten wir die \u201eLubuski Zawodowiec 2025\u201c-Statuette.<\/h3>\n<p><img decoding=\"async\" class=\"aligncenter wp-image-188254 size-full\" src=\"https:\/\/www.secowarwick.com\/wp-content\/uploads\/2025\/12\/Lubuski-Zawodowiec-2025-2.jpg\" alt=\"SECO\/WARWICK mit dem Preis \u201eLubuski Zawodowiec 2025\u201c ausgezeichnet\" width=\"1380\" height=\"1039\" srcset=\"https:\/\/www.secowarwick.com\/wp-content\/uploads\/2025\/12\/Lubuski-Zawodowiec-2025-2.jpg 1380w, https:\/\/www.secowarwick.com\/wp-content\/uploads\/2025\/12\/Lubuski-Zawodowiec-2025-2-1280x964.jpg 1280w, https:\/\/www.secowarwick.com\/wp-content\/uploads\/2025\/12\/Lubuski-Zawodowiec-2025-2-980x738.jpg 980w, https:\/\/www.secowarwick.com\/wp-content\/uploads\/2025\/12\/Lubuski-Zawodowiec-2025-2-480x361.jpg 480w\" sizes=\"(min-width: 0px) and (max-width: 480px) 480px, (min-width: 481px) and (max-width: 980px) 980px, (min-width: 981px) and (max-width: 1280px) 1280px, (min-width: 1281px) 1380px, 100vw\" \/><\/p>\n<p>Der Preis \u201eLubuski Zawodowiec\u201c wird Unternehmen verliehen, die sich aktiv an der beruflichen Ausbildung von Jugendlichen beteiligen, die Entwicklung lokaler Fachkr\u00e4fte unterst\u00fctzen und bew\u00e4hrte Praktiken in der Berufsbildung umsetzen. Die Auszeichnung f\u00fcr SECO\/WARWICK best\u00e4tigt ihre Position als regionaler Marktf\u00fchrer sowie ihr Engagement f\u00fcr die Entwicklung der lokalen Gemeinschaft.<\/p>\n<p>&nbsp;<\/p>\n","protected":false},"excerpt":{"rendered":"<p>SECO\/WARWICK wurde erneut in der Kategorie der gro\u00dfen Unternehmen, die junge Mitarbeiter ausbilden, ausgezeichnet. W\u00e4hrend des \u201eLubuskie Berufsbildungsforums \u2013 Die Rolle der Unternehmer bei der Vorbereitung von Fachkr\u00e4ften\u201c erhielten wir die \u201eLubuski Zawodowiec 2025\u201c-Statuette. Der Preis \u201eLubuski Zawodowiec\u201c wird Unternehmen verliehen, die sich aktiv an der beruflichen Ausbildung von Jugendlichen beteiligen, die Entwicklung lokaler Fachkr\u00e4fte [&hellip;]<\/p>\n","protected":false},"author":2,"featured_media":188256,"parent":6718,"menu_order":0,"comment_status":"closed","ping_status":"closed","template":"","meta":{"_acf_changed":false,"_et_pb_use_builder":"off","_et_pb_old_content":"","_et_gb_content_width":"","footnotes":""},"class_list":["post-188263","page","type-page","status-publish","has-post-thumbnail"],"acf":[],"_links":{"self":[{"href":"https:\/\/www.secowarwick.com\/de\/wp-json\/wp\/v2\/pages\/188263","targetHints":{"allow":["GET"]}}],"collection":[{"href":"https:\/\/www.secowarwick.com\/de\/wp-json\/wp\/v2\/pages"}],"about":[{"href":"https:\/\/www.secowarwick.com\/de\/wp-json\/wp\/v2\/types\/page"}],"author":[{"embeddable":true,"href":"https:\/\/www.secowarwick.com\/de\/wp-json\/wp\/v2\/users\/2"}],"replies":[{"embeddable":true,"href":"https:\/\/www.secowarwick.com\/de\/wp-json\/wp\/v2\/comments?post=188263"}],"version-history":[{"count":1,"href":"https:\/\/www.secowarwick.com\/de\/wp-json\/wp\/v2\/pages\/188263\/revisions"}],"predecessor-version":[{"id":188267,"href":"https:\/\/www.secowarwick.com\/de\/wp-json\/wp\/v2\/pages\/188263\/revisions\/188267"}],"up":[{"embeddable":true,"href":"https:\/\/www.secowarwick.com\/de\/wp-json\/wp\/v2\/pages\/6718"}],"wp:featuredmedia":[{"embeddable":true,"href":"https:\/\/www.secowarwick.com\/de\/wp-json\/wp\/v2\/media\/188256"}],"wp:attachment":[{"href":"https:\/\/www.secowarwick.com\/de\/wp-json\/wp\/v2\/media?parent=188263"}],"curies":[{"name":"wp","href":"https:\/\/api.w.org\/{rel}","templated":true}]}}