{"id":190661,"date":"2026-03-18T12:20:22","date_gmt":"2026-03-18T11:20:22","guid":{"rendered":"https:\/\/www.secowarwick.com\/?page_id=190661"},"modified":"2026-03-19T10:03:25","modified_gmt":"2026-03-19T09:03:25","slug":"cvd-oefen-chemische-gasphasenabscheidung","status":"publish","type":"page","link":"https:\/\/www.secowarwick.com\/de\/produkte\/vakuum-anlagen\/reinigung-von-graphit-materialien\/cvd-oefen-chemische-gasphasenabscheidung\/","title":{"rendered":"CVD-\u00d6fen &#8211; Chemische Gasphasenabscheidung"},"content":{"rendered":"<p>[et_pb_section fb_built=&#8220;1&#8243; _builder_version=&#8220;4.16&#8243; global_colors_info=&#8220;{}&#8220;][et_pb_row _builder_version=&#8220;4.16&#8243; background_size=&#8220;initial&#8220; background_position=&#8220;top_left&#8220; background_repeat=&#8220;repeat&#8220; global_colors_info=&#8220;{}&#8220;][et_pb_column type=&#8220;4_4&#8243; _builder_version=&#8220;4.16&#8243; custom_padding=&#8220;|||&#8220; global_colors_info=&#8220;{}&#8220; custom_padding__hover=&#8220;|||&#8220;][et_pb_image src=&#8220;https:\/\/www.secowarwick.com\/wp-content\/uploads\/2026\/03\/Slider-CVD.png&#8220; alt=&#8220;Vacuum furnaaces &#8211; graphene purification&#8220; title_text=&#8220;Piece do\u00a0chemicznego osadzania z\u00a0fazy gazowej &#8220; align_tablet=&#8220;center&#8220; align_phone=&#8220;center&#8220; align_last_edited=&#8220;on|desktop&#8220; _builder_version=&#8220;4.27.6&#8243; global_colors_info=&#8220;{}&#8220;][\/et_pb_image][et_pb_breadcrumbs _builder_version=&#8220;3.6&#8243; global_colors_info=&#8220;{}&#8220;][\/et_pb_breadcrumbs][\/et_pb_column][\/et_pb_row][et_pb_row column_structure=&#8220;3_4,1_4&#8243; _builder_version=&#8220;4.16&#8243; global_colors_info=&#8220;{}&#8220;][et_pb_column type=&#8220;3_4&#8243; _builder_version=&#8220;4.16&#8243; custom_padding=&#8220;|||&#8220; global_colors_info=&#8220;{}&#8220; custom_padding__hover=&#8220;|||&#8220;][et_pb_text _builder_version=&#8220;4.27.6&#8243; text_orientation=&#8220;justified&#8220; custom_margin_tablet=&#8220;&#8220; custom_margin_phone=&#8220;-40px|||&#8220; custom_margin_last_edited=&#8220;on|phone&#8220; global_colors_info=&#8220;{}&#8220;]<\/p>\n<h1><span class=\"TextRun Highlight SCXW27817505 BCX0\" lang=\"EN-US\" xml:lang=\"EN-US\" data-contrast=\"auto\"><span class=\"NormalTextRun SCXW27817505 BCX0\" data-ccp-charstyle=\"Strong\"><span class=\"NormalTextRun SCXW61783568 BCX0\" data-ccp-charstyle=\"Strong\">CVD-\u00d6fen (Chemische Gasphasenabscheidung, eng. Chemical Vapor Deposition)<\/span><span class=\"NormalTextRun SCXW61783568 BCX0\" data-ccp-charstyle=\"Strong\">\u00a0<\/span><\/span><\/span><\/h1>\n<h2>CVD-\u00d6fen &#8211; Chemische Gasphasenabscheidung<\/h2>\n<p>\u00d6fen f\u00fcr die chemische Gasphasenabscheidung (CVD \u2013 Chemical Vapor Deposition) dienen dazu, Schutz- und Funktionsschichten pr\u00e4zise auf verschiedene Materialien in&nbsp;einer kontrollierten Gasatmosph\u00e4re aufzubringen. Beispielsweise: TBC-Beschichtungen (Thermal Barrier Coating).<\/p>\n<p>[\/et_pb_text][et_pb_tabs module_class=&#8220;red-tabs  eco-tab8&#8243; _builder_version=&#8220;4.27.6&#8243; custom_css_main_element=&#8220;margin-top: 2rem;||margin-bottom: 2rem;&#8220; global_colors_info=&#8220;{}&#8220;][et_pb_tab title=&#8220;\u00dcberblick&#8220; _builder_version=&#8220;4.27.6&#8243; global_colors_info=&#8220;{}&#8220;]<\/p>\n<p>Die chemische Gasphasenabscheidung (CVD) ist ein Verfahren zur Abscheidung von Schutz- und Funktionsbeschichtungen auf Materialien unter hohen Temperaturen und in&nbsp;einer kontrollierten Gasatmosph\u00e4re oder im&nbsp;Vakuum.<\/p>\n<p>Diese Technologie gew\u00e4hrleistet eine au\u00dfergew\u00f6hnliche Langlebigkeit, Temperaturbest\u00e4ndigkeit und pr\u00e4zise Oberfl\u00e4cheneigenschaften, die in&nbsp;der Luftfahrt, der Energiewirtschaft sowie der Medizin- und Chemieindustrie unerl\u00e4sslich sind.<\/p>\n<p>&nbsp;<\/p>\n<p>[\/et_pb_tab][et_pb_tab title=&#8220;Vorteile&#8220; _builder_version=&#8220;4.27.6&#8243; global_colors_info=&#8220;{}&#8220;]<\/p>\n<p><span style=\"color: #ff0000;\">\/<\/span> Hohe Qualit\u00e4t der Schutzbeschichtungen.<br \/><span style=\"color: #ff0000;\">\/<\/span> L\u00e4ngere Lebensdauer von Werkzeugen und Bauteilen.<br \/><span style=\"color: #ff0000;\">\/<\/span> Abrieb- und Korrosionsbest\u00e4ndigkeit, sowie Best\u00e4ndigkeit gegen hohe Temperaturen.<\/p>\n<p>[\/et_pb_tab][et_pb_tab title=&#8220;St\u00e4rken&#8220; _builder_version=&#8220;4.27.6&#8243; global_colors_info=&#8220;{}&#8220;]<\/p>\n<p><span style=\"color: #ff0000;\">\/<\/span> Pr\u00e4zise Temperatur-, Druck- und Gaszusammensetzungskontrolle.<br \/><span style=\"color: #ff0000;\">\/<\/span> M\u00f6glichkeit der Abscheidung verschiedener Materialien (z. B.&nbsp;Keramik, Hartmetalle).<br \/><span style=\"color: #ff0000;\">\/<\/span> Technologie, die in&nbsp;der Luftfahrt, der Energiewirtschaft sowie in&nbsp;der Medizin- und Chemieindustrie zum Einsatz kommt.<\/p>\n<p>[\/et_pb_tab][et_pb_tab title=&#8220;Eigenschaften&#8220; _builder_version=&#8220;4.27.6&#8243; global_colors_info=&#8220;{}&#8220;]<\/p>\n<p><span style=\"color: #ff0000;\">\/<\/span> Hochtemperatur-Reaktionskammer.<br \/><span style=\"color: #ff0000;\">\/<\/span> Hochentwickelte Systeme zur Temperatur- und Gasdurchflussregelung.<br \/><span style=\"color: #ff0000;\">\/<\/span> M\u00f6glichkeit, mit verschiedenen gasf\u00f6rmigen Vorl\u00e4ufern zu arbeiten.<\/p>\n<p>[\/et_pb_tab][et_pb_tab title=&#8220;Prozesse&#8220; _builder_version=&#8220;4.27.6&#8243; global_colors_info=&#8220;{}&#8220;]<\/p>\n<p><span style=\"color: #ff0000;\">\/<\/span> Gasphasenabscheidung (CVD \u2013 Chemical Vapor Deposition)<br \/><span style=\"color: #ff0000;\">\/<\/span> Verwandte Prozesse:<br \/><span style=\"color: #000000;\">\u00a0 \/ <strong>Suspensionsbeschichtungen<\/strong>: ein Schichtbildungsverfahren auf Suspensionsbasis<br \/>\u00a0 \u00a0\/ <strong>FIC<\/strong> (Fluoride Ion Cleaning) \u2013 Oberfl\u00e4chenreinigung von Superlegierungen<\/span><\/p>\n<p>[\/et_pb_tab][et_pb_tab title=&#8220;Materialen&#8220; _builder_version=&#8220;4.27.6&#8243; global_colors_info=&#8220;{}&#8220;]<\/p>\n<p><span style=\"color: #ff0000;\">\/<\/span> Keramik<br \/><span style=\"color: #ff0000;\">\/<\/span> Hartmetalle<br \/><span style=\"color: #ff0000;\">\/<\/span> Schutzbeschichtungen<\/p>\n<p>[\/et_pb_tab][et_pb_tab title=&#8220;Optionen&#8220; _builder_version=&#8220;4.27.6&#8243; global_colors_info=&#8220;{}&#8220;]<\/p>\n<p><span style=\"color: #ff0000;\">\/<\/span> Die Arbeitsbereichsgr\u00f6\u00dfe ist auf die jeweiligen Anforderungen abgestimmt.<br \/><span style=\"color: #ff0000;\">\/<\/span> Spezielle Gasversorgungssysteme.<br \/><span style=\"color: #ff0000;\">\/<\/span> Digitale Integration und Automatisierung.<\/p>\n<p>[\/et_pb_tab][et_pb_tab title=&#8220;Industrien&#8220; _builder_version=&#8220;4.27.6&#8243; global_colors_info=&#8220;{}&#8220;]<\/p>\n<p><span style=\"color: #ff0000;\">\/<\/span> Luft- und Raumfahrt (Kohlefaser- und Keramikverbundwerkstoffe)<br \/><span style=\"color: #ff0000;\">\/<\/span> Energiebranche<br \/><span style=\"color: #ff0000;\">\/<\/span> Medizin<br \/><span style=\"color: #ff0000;\">\/<\/span> Chemieindustrie<\/p>\n<p>[\/et_pb_tab][et_pb_tab title=&#8220; &#8220; _builder_version=&#8220;4.27.6&#8243; global_colors_info=&#8220;{}&#8220;]<\/p>\n<p><b><span data-contrast=\"auto\"><strong><span style=\"color: #ff0000;\">\/ <\/span><\/strong><\/span><\/b><span data-contrast=\"auto\">Energieeffizienz.<br \/><b><strong><span style=\"color: #ff0000;\">\/ <\/span><\/strong><\/b>Minimaler Verbrauch an Prozessgasen und minimale Emissionen von Prozessabgasen.<br \/><b><strong><span style=\"color: #ff0000;\">\/ <\/span><\/strong><\/b>Hohe Energieeffizienz der verwendeten elektrischen Komponenten (IE3-Motoren, Frequenzumrichtersteuerung usw.).<br \/><b><strong><span style=\"color: #ff0000;\">\/ <\/span><\/strong><\/b>Einsatz von Systemen und Algorithmen zur Reduzierung des Verbrauchs von Energie- und Betriebsmitteln (Pumpen-, Heiz- und K\u00fchlsysteme).<\/span><\/p>\n<p>[\/et_pb_tab][\/et_pb_tabs][et_pb_code admin_label=&#8220;crm-rfq-de&#8220; _builder_version=&#8220;4.10.3&#8243; _module_preset=&#8220;default&#8220; global_module=&#8220;123766&#8243; locked=&#8220;off&#8220; global_colors_info=&#8220;{}&#8220;]<!-- [et_pb_line_break_holder] --><pee style=\"text-align: center;\"><a class=\"small-button smallred\" style=\"font-size: 20px; padding: 20px 60px;\" href=\"https:\/\/www.secowarwick.com\/de\/fordern-sie-hier-ihr-angebot-an\/\"><span style=\"display: block; transform: skew(15deg,0deg); -webkit-transform: skew(15deg,0deg); font-size: 20px; !important\">UM EIN ANGEBOT BITTEN<\/span><\/a><\/pee>[\/et_pb_code][\/et_pb_column][et_pb_column type=&#8220;1_4&#8243; _builder_version=&#8220;4.16&#8243; custom_padding=&#8220;|||&#8220; global_colors_info=&#8220;{}&#8220; custom_padding__hover=&#8220;|||&#8220;][et_pb_text admin_label=&#8220;btn_de_premiumlibrary&#8220; module_class=&#8220;premium-library-button&#8220; _builder_version=&#8220;4.23.1&#8243; _module_preset=&#8220;default&#8220; text_orientation=&#8220;center&#8220; global_module=&#8220;157246&#8243; locked=&#8220;off&#8220; global_colors_info=&#8220;{}&#8220;]<\/p>\n<a href='https:\/\/www.secowarwick.com\/de\/premiuminhalte\/' class='small-button smallred'><span>PREMIUMINHALTE<\/span><\/a>\n<p>[\/et_pb_text][et_pb_text admin_label=&#8220;R&#038;D de&#8220; module_class=&#8220;product_widget_wrap_rd&#8220; _builder_version=&#8220;4.23.1&#8243; _module_preset=&#8220;default&#8220; text_orientation=&#8220;center&#8220; global_module=&#8220;165497&#8243; saved_tabs=&#8220;all&#8220; locked=&#8220;off&#8220; global_colors_info=&#8220;{}&#8220;]<\/p>\n<p><a href=\"https:\/\/www.secowarwick.com\/de\/rd\/\"><span class=\"product_wigtet_name\">R&amp;D<\/span><\/a><\/p>\n<p>[\/et_pb_text][et_pb_text admin_label=&#8220;AUTOMATYKA de&#8220; module_class=&#8220;product_widget_wrap_automation&#8220; _builder_version=&#8220;4.23.1&#8243; _module_preset=&#8220;default&#8220; global_module=&#8220;165495&#8243; saved_tabs=&#8220;all&#8220; locked=&#8220;off&#8220; global_colors_info=&#8220;{}&#8220;]<\/p>\n<p><a href=\"https:\/\/www.secowarwick.com\/de\/service\/automatisierung\/\"><span class=\"product_wigtet_name\">AUTOMATISIERUNG<\/span><\/a><\/p>\n<p>[\/et_pb_text][et_pb_text admin_label=&#8220;SERVICE de&#8220; module_class=&#8220;product_widget_wrap_service&#8220; _builder_version=&#8220;4.23.1&#8243; _module_preset=&#8220;default&#8220; global_module=&#8220;165500&#8243; saved_tabs=&#8220;all&#8220; locked=&#8220;off&#8220; global_colors_info=&#8220;{}&#8220;]<\/p>\n<p><a href=\"https:\/\/www.secowarwick.com\/de\/professionelle-service-dienstleistungen\/\"><span class=\"product_wigtet_name\">SERVICE<\/span><\/a><\/p>\n<p>[\/et_pb_text][et_pb_text admin_label=&#8220;SUPLEMENTALS de&#8220; module_class=&#8220;product_widget_wrap_supleme&#8220; _builder_version=&#8220;4.23.1&#8243; _module_preset=&#8220;default&#8220; global_module=&#8220;165502&#8243; saved_tabs=&#8220;all&#8220; locked=&#8220;off&#8220; global_colors_info=&#8220;{}&#8220;]<\/p>\n<p><span class=\"product_wigtet_name\">ZUSATZSTOFFE:<\/span><\/p>\n<p>[\/et_pb_text][et_pb_text admin_label=&#8220;Product catalogue de&#8220; module_class=&#8220;suplementals_product_catalogue suplementals_wrap&#8220; _builder_version=&#8220;4.23.1&#8243; _module_preset=&#8220;default&#8220; global_module=&#8220;169659&#8243; saved_tabs=&#8220;all&#8220; locked=&#8220;off&#8220; global_colors_info=&#8220;{}&#8220;]<\/p>\n<p><a href=\"https:\/\/www.secowarwick.com\/wp-content\/uploads\/2025\/11\/VAC-VACUUM-FURNACE-WWW.pdf\" target=\"_blank\" rel=\"noopener\" class=\"ga4_product_widget_catalogue\">Produktkatalog<\/a><\/p>\n<p>[\/et_pb_text][et_pb_text admin_label=&#8220;Product movie playlista de&#8220; module_class=&#8220;suplementals_product_movie suplementals_wrap&#8220; _builder_version=&#8220;4.23.1&#8243; _module_preset=&#8220;default&#8220; global_module=&#8220;169661&#8243; saved_tabs=&#8220;all&#8220; locked=&#8220;off&#8220; global_colors_info=&#8220;{}&#8220;]<\/p>\n<p><a href=\"https:\/\/www.youtube.com\/playlist?list=PLa0hhW_hoQqEsIHM5LQtr9h_9UlwGFBO8\" target=\"_blank\" rel=\"noopener\">Produktvideo<\/a><\/p>\n<p>[\/et_pb_text][et_pb_text admin_label=&#8220;dnabook-de&#8220; module_class=&#8220;suplementals_product_dna suplementals_wrap&#8220; _builder_version=&#8220;4.23.1&#8243; _module_preset=&#8220;default&#8220; global_module=&#8220;165509&#8243; saved_tabs=&#8220;all&#8220; locked=&#8220;off&#8220; global_colors_info=&#8220;{}&#8220;]<\/p>\n<p><a href=\"https:\/\/www.secowarwick.com\/wp-content\/uploads\/2025\/07\/DNA_BOOK.pdf\" target=\"_blank\" rel=\"noopener\">DNA\/BOOK<\/a><\/p>\n<p>[\/et_pb_text][et_pb_text admin_label=&#8220;ECO\/BOOK-de&#8220; module_class=&#8220;suplementals_product_eco suplementals_wrap&#8220; _builder_version=&#8220;4.23.1&#8243; _module_preset=&#8220;default&#8220; global_module=&#8220;167797&#8243; locked=&#8220;off&#8220; global_colors_info=&#8220;{}&#8220;]<\/p>\n<p><a href=\"https:\/\/www.secowarwick.com\/wp-content\/uploads\/2023\/06\/ECOBOOK.pdf\" target=\"_blank\" rel=\"noopener\">ECO\/BOOK<\/a><\/p>\n<p>[\/et_pb_text][et_pb_text admin_label=&#8220;product-widget-rfq-de&#8220; module_class=&#8220;product_widget_wrap_rfq-en&#8220; _builder_version=&#8220;4.23.1&#8243; _module_preset=&#8220;default&#8220; global_module=&#8220;186250&#8243; saved_tabs=&#8220;all&#8220; locked=&#8220;off&#8220; global_colors_info=&#8220;{}&#8220;]<\/p>\n<p style=\"text-align: center;\"><a class=\"small-button smallred rfq-gtm-product-widget\" href=\"https:\/\/www.secowarwick.com\/de\/fordern-sie-hier-ihr-angebot-an\/\"><span class=\"product_wigtet_name\">FRAGE NACH MEHR<\/span><\/a><\/p>\n<p>[\/et_pb_text][\/et_pb_column][\/et_pb_row][\/et_pb_section]<\/p>\n","protected":false},"excerpt":{"rendered":"<p>[et_pb_breadcrumbs _builder_version=&#8220;3.6&#8243; global_colors_info=&#8220;{}&#8220;][\/et_pb_breadcrumbs]CVD-\u00d6fen (Chemische Gasphasenabscheidung, eng. Chemical Vapor Deposition)\u00a0 CVD-\u00d6fen &#8211; Chemische Gasphasenabscheidung \u00d6fen f\u00fcr die chemische Gasphasenabscheidung (CVD \u2013 Chemical Vapor Deposition) dienen dazu, Schutz- und Funktionsschichten pr\u00e4zise auf verschiedene Materialien in&nbsp;einer kontrollierten Gasatmosph\u00e4re aufzubringen. Beispielsweise: TBC-Beschichtungen (Thermal Barrier Coating).Die chemische Gasphasenabscheidung (CVD) ist ein Verfahren zur Abscheidung von Schutz- und Funktionsbeschichtungen auf Materialien [&hellip;]<\/p>\n","protected":false},"author":2,"featured_media":0,"parent":150652,"menu_order":0,"comment_status":"closed","ping_status":"closed","template":"","meta":{"_acf_changed":false,"_et_pb_use_builder":"on","_et_pb_old_content":"","_et_gb_content_width":"","footnotes":""},"class_list":["post-190661","page","type-page","status-publish"],"acf":[],"_links":{"self":[{"href":"https:\/\/www.secowarwick.com\/de\/wp-json\/wp\/v2\/pages\/190661","targetHints":{"allow":["GET"]}}],"collection":[{"href":"https:\/\/www.secowarwick.com\/de\/wp-json\/wp\/v2\/pages"}],"about":[{"href":"https:\/\/www.secowarwick.com\/de\/wp-json\/wp\/v2\/types\/page"}],"author":[{"embeddable":true,"href":"https:\/\/www.secowarwick.com\/de\/wp-json\/wp\/v2\/users\/2"}],"replies":[{"embeddable":true,"href":"https:\/\/www.secowarwick.com\/de\/wp-json\/wp\/v2\/comments?post=190661"}],"version-history":[{"count":10,"href":"https:\/\/www.secowarwick.com\/de\/wp-json\/wp\/v2\/pages\/190661\/revisions"}],"predecessor-version":[{"id":191003,"href":"https:\/\/www.secowarwick.com\/de\/wp-json\/wp\/v2\/pages\/190661\/revisions\/191003"}],"up":[{"embeddable":true,"href":"https:\/\/www.secowarwick.com\/de\/wp-json\/wp\/v2\/pages\/150652"}],"wp:attachment":[{"href":"https:\/\/www.secowarwick.com\/de\/wp-json\/wp\/v2\/media?parent=190661"}],"curies":[{"name":"wp","href":"https:\/\/api.w.org\/{rel}","templated":true}]}}