{"id":190775,"date":"2026-03-18T13:02:38","date_gmt":"2026-03-18T12:02:38","guid":{"rendered":"https:\/\/www.secowarwick.com\/?page_id=190775"},"modified":"2026-03-19T10:10:44","modified_gmt":"2026-03-19T09:10:44","slug":"reinigungsoefen-fuer-graphitmaterialien","status":"publish","type":"page","link":"https:\/\/www.secowarwick.com\/de\/produkte\/vakuum-anlagen\/reinigung-von-graphit-materialien\/reinigungsoefen-fuer-graphitmaterialien\/","title":{"rendered":"Reinigungs\u00f6fen f\u00fcr Graphitmaterialien"},"content":{"rendered":"<p>[et_pb_section fb_built=&#8220;1&#8243; _builder_version=&#8220;4.16&#8243; global_colors_info=&#8220;{}&#8220;][et_pb_row _builder_version=&#8220;4.16&#8243; background_size=&#8220;initial&#8220; background_position=&#8220;top_left&#8220; background_repeat=&#8220;repeat&#8220; global_colors_info=&#8220;{}&#8220;][et_pb_column type=&#8220;4_4&#8243; _builder_version=&#8220;4.16&#8243; custom_padding=&#8220;|||&#8220; global_colors_info=&#8220;{}&#8220; custom_padding__hover=&#8220;|||&#8220;][et_pb_image src=&#8220;https:\/\/www.secowarwick.com\/wp-content\/uploads\/2026\/03\/Slider-PURIFICATION.png&#8220; alt=&#8220;Vacuum furnaaces &#8211; graphene purification&#8220; title_text=&#8220;Piece do puryfikacji materia\u0142\u00f3w grafitowych&#8220; align_tablet=&#8220;center&#8220; align_phone=&#8220;center&#8220; align_last_edited=&#8220;on|desktop&#8220; _builder_version=&#8220;4.27.6&#8243; global_colors_info=&#8220;{}&#8220;][\/et_pb_image][et_pb_breadcrumbs _builder_version=&#8220;3.6&#8243; global_colors_info=&#8220;{}&#8220;][\/et_pb_breadcrumbs][\/et_pb_column][\/et_pb_row][et_pb_row column_structure=&#8220;3_4,1_4&#8243; _builder_version=&#8220;4.16&#8243; global_colors_info=&#8220;{}&#8220;][et_pb_column type=&#8220;3_4&#8243; _builder_version=&#8220;4.16&#8243; custom_padding=&#8220;|||&#8220; global_colors_info=&#8220;{}&#8220; custom_padding__hover=&#8220;|||&#8220;][et_pb_text _builder_version=&#8220;4.27.6&#8243; text_orientation=&#8220;justified&#8220; custom_margin_tablet=&#8220;&#8220; custom_margin_phone=&#8220;-40px|||&#8220; custom_margin_last_edited=&#8220;on|phone&#8220; global_colors_info=&#8220;{}&#8220;]<\/p>\n<h1><span class=\"TextRun Highlight SCXW27817505 BCX0\" lang=\"EN-US\" xml:lang=\"EN-US\" data-contrast=\"auto\"><span class=\"NormalTextRun SCXW27817505 BCX0\" data-ccp-charstyle=\"Strong\"><span class=\"NormalTextRun SCXW61783568 BCX0\" data-ccp-charstyle=\"Strong\">Reinigungs\u00f6fen f\u00fcr Graphitmaterialien<\/span>\u00a0<\/span><\/span><span class=\"EOP SCXW27817505 BCX0\" data-ccp-props=\"{&quot;201341983&quot;:0,&quot;335559739&quot;:160,&quot;335559740&quot;:259}\">\u00a0<\/span><\/h1>\n<h2><span class=\"TextRun Highlight SCXW102863552 BCX0\" lang=\"PL-PL\" xml:lang=\"PL-PL\" data-contrast=\"none\"><span class=\"NormalTextRun SCXW102863552 BCX0\">Fortschrittliche Graphitreinigung f\u00fcr h\u00f6chste Qualit\u00e4t | Reinigung<\/span><\/span><\/h2>\n<p>\u00d6fen zur Graphitreinigung erm\u00f6glichen die effektive Entfernung von Verunreinigungen und Beimischungen aus Graphitmaterialien durch chemische Reaktionen (mit Gasen wie Fluor und Chlor), die bei hohen Temperaturen und unter kontrollierten Gasatmosph\u00e4ren ablaufen.<\/p>\n<p>Durch dieses Verfahren l\u00e4sst sich Graphit von sehr hoher Reinheit gewinnen, wie er&nbsp;in&nbsp;Branchen wie der Elektronik, der Kernenergie, der Luftfahrt und der Raumfahrttechnik ben\u00f6tigt wird.<\/p>\n<p>[\/et_pb_text][et_pb_tabs module_class=&#8220;red-tabs  eco-tab8&#8243; _builder_version=&#8220;4.27.6&#8243; custom_css_main_element=&#8220;margin-top: 2rem;||margin-bottom: 2rem;&#8220; global_colors_info=&#8220;{}&#8220;][et_pb_tab title=&#8220;\u00dcberblick&#8220; _builder_version=&#8220;4.27.6&#8243; global_colors_info=&#8220;{}&#8220;]<\/p>\n<p>Die Graphitreinigung ist ein Verfahren zur Entfernung von Metallen, anorganischen Verbindungen und anderen Verunreinigungen aus Graphitmaterialien, das unter Verwendung reaktiver Gase wie Fluor oder Chlor durchgef\u00fchrt wird.<\/p>\n<p>Der gewonnene Graphit zeichnet sich durch eine hervorragende chemische und thermische Best\u00e4ndigkeit aus, was ihn zu einem idealen Werkstoff f\u00fcr die Herstellung von Hochtemperaturkomponenten, Elektroden oder Spezialwerkstoffen f\u00fcr die Hochtechnologieindustrie macht.<\/p>\n<p>[\/et_pb_tab][et_pb_tab title=&#8220;Vorteile&#8220; _builder_version=&#8220;4.27.6&#8243; global_colors_info=&#8220;{}&#8220;]<\/p>\n<p><span style=\"color: #ff0000;\">\/<\/span> Ein effektiver und effizienter Prozess<br \/><span style=\"color: #ff0000;\">\/<\/span> Einsparungen beim Stromverbrauch<br \/><span style=\"color: #ff0000;\">\/<\/span> Minimaler Prozessgasverbrauch<\/p>\n<p>[\/et_pb_tab][et_pb_tab title=&#8220;St\u00e4rken&#8220; _builder_version=&#8220;4.27.6&#8243; global_colors_info=&#8220;{}&#8220;]<\/p>\n<p><span style=\"color: #ff0000;\">\/<\/span> Ein effektiver und effizienter Prozess<br \/><span style=\"color: #ff0000;\">\/<\/span> Einsparungen beim Stromverbrauch<br \/><span style=\"color: #ff0000;\">\/<\/span> Minimaler Prozessgasverbrauch<\/p>\n<p>[\/et_pb_tab][et_pb_tab title=&#8220;Eigenschaften&#8220; _builder_version=&#8220;4.27.6&#8243; global_colors_info=&#8220;{}&#8220;]<\/p>\n<p><span style=\"color: #ff0000;\">\/<\/span> Kammer zur W\u00e4rmebehandlung in&nbsp;Gegenwart reaktiver Gase.<br \/><span style=\"color: #ff0000;\">\/<\/span> Pr\u00e4zise Temperatur- und Gasdurchflussregelung.<br \/><span style=\"color: #ff0000;\">\/<\/span> Eine Konstruktion, die gegen chemisch aggressive Umgebungen best\u00e4ndig ist.<\/p>\n<p>[\/et_pb_tab][et_pb_tab title=&#8220;Prozesse&#8220; _builder_version=&#8220;4.27.6&#8243; global_colors_info=&#8220;{}&#8220;]<\/p>\n<p><span style=\"color: #ff0000;\">\/<\/span> Graphitreinigung unter Verwendung reaktiver Gase (Fluor, Chlor).<br \/><span style=\"color: #ff0000;\">\/<\/span> Verwandte Prozesse:<br \/>\u00a0 \u00a0\/ <strong>Graphitisierung:<\/strong> Hochtemperaturumwandlung von Graphitstrukturen<br \/>\u00a0 \u00a0\/ <strong>W\u00e4rmebehandlung:<\/strong> zus\u00e4tzliche Materialreinigung und -stabilisierung<br \/>\u00a0 \u00a0\/ <strong>CVD:<\/strong> Gasphasenbeschichtung auf Graphitbauteile<br \/>\u00a0 \u00a0\/ <strong>CVI:<\/strong> Verst\u00e4rkung von Kohlenstoffwerkstoffen durch Gasphaseninfiltration<\/p>\n<p>[\/et_pb_tab][et_pb_tab title=&#8220;Materialien&#8220; _builder_version=&#8220;4.27.6&#8243; global_colors_info=&#8220;{}&#8220;]<\/p>\n<p><span style=\"color: #ff0000;\">\/<\/span> Graphit und Graphitmaterialien in&nbsp;fester Form, als Fasern sowie als Pulver<\/p>\n<p>[\/et_pb_tab][et_pb_tab title=&#8220;Optionen&#8220; _builder_version=&#8220;4.27.6&#8243; global_colors_info=&#8220;{}&#8220;]<\/p>\n<p><span style=\"color: #ff0000;\">\/<\/span> Die Arbeitsbereichsgr\u00f6\u00dfe ist an die Anforderungen angepasst.<br \/><span style=\"color: #ff0000;\">\/<\/span> Auf die jeweilige Graphitart abgestimmte Konfigurationen.<br \/><span style=\"color: #ff0000;\">\/<\/span> Digitale Integration und Automatisierung.<\/p>\n<p>[\/et_pb_tab][et_pb_tab title=&#8220;Industrien&#8220; _builder_version=&#8220;4.27.6&#8243; global_colors_info=&#8220;{}&#8220;]<\/p>\n<p><span style=\"color: #ff0000;\">\/<\/span> <strong>Elektronikindustrie<\/strong><br \/>Elektroden, Batterien, hochreine Komponenten<\/p>\n<p><span style=\"color: #ff0000;\">\/<\/span> <strong>Energieindustrie<\/strong><br \/>Kernreaktoren, Brennstoffzellen<\/p>\n<p><span style=\"color: #ff0000;\">\/<\/span> <strong>Luftfahrt- und Verteidigungsindustrie<\/strong><br \/>Verschiedene Bauteile<\/p>\n<p>[\/et_pb_tab][et_pb_tab title=&#8220; &#8220; _builder_version=&#8220;4.27.6&#8243; global_colors_info=&#8220;{}&#8220;]<\/p>\n<p><span style=\"color: #ff0000;\">\/<\/span> Energieeffizienz.<br \/><span style=\"color: #ff0000;\">\/<\/span> Minimaler Verbrauch an Prozessgasen und minimale Emissionen von Prozessabgasen.<br \/><span style=\"color: #ff0000;\">\/<\/span> Hohe Energieeffizienz der verwendeten elektrischen Komponenten (IE3-Motoren, Frequenzumrichtersteuerung usw.).<br \/><span style=\"color: #ff0000;\">\/<\/span> Einsatz von Systemen und Algorithmen zur Reduzierung des Verbrauchs von Energie- und Betriebsmitteln (Pumpen-, Heiz- und K\u00fchlsysteme).<\/p>\n<p>[\/et_pb_tab][\/et_pb_tabs][et_pb_code admin_label=&#8220;crm-rfq-de&#8220; _builder_version=&#8220;4.10.3&#8243; _module_preset=&#8220;default&#8220; global_module=&#8220;123766&#8243; locked=&#8220;off&#8220; global_colors_info=&#8220;{}&#8220;]<!-- [et_pb_line_break_holder] --><pee style=\"text-align: center;\"><a class=\"small-button smallred\" style=\"font-size: 20px; padding: 20px 60px;\" href=\"https:\/\/www.secowarwick.com\/de\/fordern-sie-hier-ihr-angebot-an\/\"><span style=\"display: block; transform: skew(15deg,0deg); -webkit-transform: skew(15deg,0deg); font-size: 20px; !important\">UM EIN ANGEBOT BITTEN<\/span><\/a><\/pee>[\/et_pb_code][\/et_pb_column][et_pb_column type=&#8220;1_4&#8243; _builder_version=&#8220;4.16&#8243; custom_padding=&#8220;|||&#8220; global_colors_info=&#8220;{}&#8220; custom_padding__hover=&#8220;|||&#8220;][et_pb_text admin_label=&#8220;btn_de_premiumlibrary&#8220; module_class=&#8220;premium-library-button&#8220; _builder_version=&#8220;4.23.1&#8243; _module_preset=&#8220;default&#8220; text_orientation=&#8220;center&#8220; global_module=&#8220;157246&#8243; global_colors_info=&#8220;{}&#8220; locked=&#8220;off&#8220;]<\/p>\n<a href='https:\/\/www.secowarwick.com\/de\/premiuminhalte\/' class='small-button smallred'><span>PREMIUMINHALTE<\/span><\/a>\n<p>[\/et_pb_text][et_pb_text admin_label=&#8220;R&#038;D de&#8220; module_class=&#8220;product_widget_wrap_rd&#8220; _builder_version=&#8220;4.23.1&#8243; _module_preset=&#8220;default&#8220; text_orientation=&#8220;center&#8220; global_module=&#8220;165497&#8243; saved_tabs=&#8220;all&#8220; locked=&#8220;off&#8220; global_colors_info=&#8220;{}&#8220;]<\/p>\n<p><a href=\"https:\/\/www.secowarwick.com\/de\/rd\/\"><span class=\"product_wigtet_name\">R&amp;D<\/span><\/a><\/p>\n<p>[\/et_pb_text][et_pb_text admin_label=&#8220;AUTOMATYKA de&#8220; module_class=&#8220;product_widget_wrap_automation&#8220; _builder_version=&#8220;4.23.1&#8243; _module_preset=&#8220;default&#8220; global_module=&#8220;165495&#8243; saved_tabs=&#8220;all&#8220; locked=&#8220;off&#8220; global_colors_info=&#8220;{}&#8220;]<\/p>\n<p><a href=\"https:\/\/www.secowarwick.com\/de\/service\/automatisierung\/\"><span class=\"product_wigtet_name\">AUTOMATISIERUNG<\/span><\/a><\/p>\n<p>[\/et_pb_text][et_pb_text admin_label=&#8220;SERVICE de&#8220; module_class=&#8220;product_widget_wrap_service&#8220; _builder_version=&#8220;4.23.1&#8243; _module_preset=&#8220;default&#8220; global_module=&#8220;165500&#8243; saved_tabs=&#8220;all&#8220; locked=&#8220;off&#8220; global_colors_info=&#8220;{}&#8220;]<\/p>\n<p><a href=\"https:\/\/www.secowarwick.com\/de\/professionelle-service-dienstleistungen\/\"><span class=\"product_wigtet_name\">SERVICE<\/span><\/a><\/p>\n<p>[\/et_pb_text][et_pb_text admin_label=&#8220;SUPLEMENTALS de&#8220; module_class=&#8220;product_widget_wrap_supleme&#8220; _builder_version=&#8220;4.23.1&#8243; _module_preset=&#8220;default&#8220; global_module=&#8220;165502&#8243; saved_tabs=&#8220;all&#8220; locked=&#8220;off&#8220; global_colors_info=&#8220;{}&#8220;]<\/p>\n<p><span class=\"product_wigtet_name\">ZUSATZSTOFFE:<\/span><\/p>\n<p>[\/et_pb_text][et_pb_text admin_label=&#8220;Product catalogue de&#8220; module_class=&#8220;suplementals_product_catalogue suplementals_wrap&#8220; _builder_version=&#8220;4.23.1&#8243; _module_preset=&#8220;default&#8220; global_module=&#8220;169659&#8243; saved_tabs=&#8220;all&#8220; locked=&#8220;off&#8220; global_colors_info=&#8220;{}&#8220;]<\/p>\n<p><a href=\"https:\/\/www.secowarwick.com\/wp-content\/uploads\/2025\/11\/VAC-VACUUM-FURNACE-WWW.pdf\" target=\"_blank\" rel=\"noopener\" class=\"ga4_product_widget_catalogue\">Produktkatalog<\/a><\/p>\n<p>[\/et_pb_text][et_pb_text admin_label=&#8220;Product movie playlista de&#8220; module_class=&#8220;suplementals_product_movie suplementals_wrap&#8220; _builder_version=&#8220;4.23.1&#8243; _module_preset=&#8220;default&#8220; global_module=&#8220;169661&#8243; saved_tabs=&#8220;all&#8220; locked=&#8220;off&#8220; global_colors_info=&#8220;{}&#8220;]<\/p>\n<p><a href=\"https:\/\/www.youtube.com\/playlist?list=PLa0hhW_hoQqEsIHM5LQtr9h_9UlwGFBO8\" target=\"_blank\" rel=\"noopener\">Produktvideo<\/a><\/p>\n<p>[\/et_pb_text][et_pb_text admin_label=&#8220;dnabook-de&#8220; module_class=&#8220;suplementals_product_dna suplementals_wrap&#8220; _builder_version=&#8220;4.23.1&#8243; _module_preset=&#8220;default&#8220; global_module=&#8220;165509&#8243; saved_tabs=&#8220;all&#8220; locked=&#8220;off&#8220; global_colors_info=&#8220;{}&#8220;]<\/p>\n<p><a href=\"https:\/\/www.secowarwick.com\/wp-content\/uploads\/2025\/07\/DNA_BOOK.pdf\" target=\"_blank\" rel=\"noopener\">DNA\/BOOK<\/a><\/p>\n<p>[\/et_pb_text][et_pb_text admin_label=&#8220;ECO\/BOOK-de&#8220; module_class=&#8220;suplementals_product_eco suplementals_wrap&#8220; _builder_version=&#8220;4.23.1&#8243; _module_preset=&#8220;default&#8220; global_module=&#8220;167797&#8243; locked=&#8220;off&#8220; global_colors_info=&#8220;{}&#8220;]<\/p>\n<p><a href=\"https:\/\/www.secowarwick.com\/wp-content\/uploads\/2023\/06\/ECOBOOK.pdf\" target=\"_blank\" rel=\"noopener\">ECO\/BOOK<\/a><\/p>\n<p>[\/et_pb_text][et_pb_text admin_label=&#8220;product-widget-rfq-de&#8220; module_class=&#8220;product_widget_wrap_rfq-en&#8220; _builder_version=&#8220;4.23.1&#8243; _module_preset=&#8220;default&#8220; global_module=&#8220;186250&#8243; saved_tabs=&#8220;all&#8220; locked=&#8220;off&#8220; global_colors_info=&#8220;{}&#8220;]<\/p>\n<p style=\"text-align: center;\"><a class=\"small-button smallred rfq-gtm-product-widget\" href=\"https:\/\/www.secowarwick.com\/de\/fordern-sie-hier-ihr-angebot-an\/\"><span class=\"product_wigtet_name\">FRAGE NACH MEHR<\/span><\/a><\/p>\n<p>[\/et_pb_text][\/et_pb_column][\/et_pb_row][\/et_pb_section]<\/p>\n","protected":false},"excerpt":{"rendered":"<p>[et_pb_breadcrumbs _builder_version=&#8220;3.6&#8243; global_colors_info=&#8220;{}&#8220;][\/et_pb_breadcrumbs]Reinigungs\u00f6fen f\u00fcr Graphitmaterialien\u00a0\u00a0 Fortschrittliche Graphitreinigung f\u00fcr h\u00f6chste Qualit\u00e4t | Reinigung \u00d6fen zur Graphitreinigung erm\u00f6glichen die effektive Entfernung von Verunreinigungen und Beimischungen aus Graphitmaterialien durch chemische Reaktionen (mit Gasen wie Fluor und Chlor), die bei hohen Temperaturen und unter kontrollierten Gasatmosph\u00e4ren ablaufen. Durch dieses Verfahren l\u00e4sst sich Graphit von sehr hoher Reinheit gewinnen, wie [&hellip;]<\/p>\n","protected":false},"author":2,"featured_media":0,"parent":150652,"menu_order":0,"comment_status":"closed","ping_status":"closed","template":"","meta":{"_acf_changed":false,"_et_pb_use_builder":"on","_et_pb_old_content":"","_et_gb_content_width":"","footnotes":""},"class_list":["post-190775","page","type-page","status-publish"],"acf":[],"_links":{"self":[{"href":"https:\/\/www.secowarwick.com\/de\/wp-json\/wp\/v2\/pages\/190775","targetHints":{"allow":["GET"]}}],"collection":[{"href":"https:\/\/www.secowarwick.com\/de\/wp-json\/wp\/v2\/pages"}],"about":[{"href":"https:\/\/www.secowarwick.com\/de\/wp-json\/wp\/v2\/types\/page"}],"author":[{"embeddable":true,"href":"https:\/\/www.secowarwick.com\/de\/wp-json\/wp\/v2\/users\/2"}],"replies":[{"embeddable":true,"href":"https:\/\/www.secowarwick.com\/de\/wp-json\/wp\/v2\/comments?post=190775"}],"version-history":[{"count":9,"href":"https:\/\/www.secowarwick.com\/de\/wp-json\/wp\/v2\/pages\/190775\/revisions"}],"predecessor-version":[{"id":191014,"href":"https:\/\/www.secowarwick.com\/de\/wp-json\/wp\/v2\/pages\/190775\/revisions\/191014"}],"up":[{"embeddable":true,"href":"https:\/\/www.secowarwick.com\/de\/wp-json\/wp\/v2\/pages\/150652"}],"wp:attachment":[{"href":"https:\/\/www.secowarwick.com\/de\/wp-json\/wp\/v2\/media?parent=190775"}],"curies":[{"name":"wp","href":"https:\/\/api.w.org\/{rel}","templated":true}]}}