{"id":191722,"date":"2017-04-26T13:24:33","date_gmt":"2017-04-26T11:24:33","guid":{"rendered":"https:\/\/www.secowarwick.com\/unternehmen\/certyficates\/"},"modified":"2026-04-01T11:24:24","modified_gmt":"2026-04-01T09:24:24","slug":"zertifikate","status":"publish","type":"page","link":"https:\/\/www.secowarwick.com\/de\/unternehmen\/zertifikate\/","title":{"rendered":"Zertifikate"},"content":{"rendered":"<p>[et_pb_section fb_built=&#8220;1&#8243; admin_label=&#8220;section&#8220; _builder_version=&#8220;4.16&#8243; global_colors_info=&#8220;{}&#8220;][et_pb_row _builder_version=&#8220;4.27.6&#8243; _module_preset=&#8220;default&#8220; global_colors_info=&#8220;{}&#8220;][et_pb_column type=&#8220;4_4&#8243; _builder_version=&#8220;4.27.6&#8243; _module_preset=&#8220;default&#8220; global_colors_info=&#8220;{}&#8220;][et_pb_text _builder_version=&#8220;4.27.6&#8243; _module_preset=&#8220;default&#8220; global_colors_info=&#8220;{}&#8220;]<\/p>\n<h2 style=\"text-align: justify;\">SECO\/WARWICK verf\u00fcgt \u00fcber Zertifikate, die die Einhaltung internationaler Qualit\u00e4ts-, Sicherheits- und Managementstandards best\u00e4tigen.<\/h2>\n<h3 style=\"text-align: justify;\">Diese Dokumente belegen, dass das Unternehmen die in\u00a0verschiedenen Industriezweigen geltenden Anforderungen erf\u00fcllt, und unterstreichen unser Engagement f\u00fcr Zuverl\u00e4ssigkeit, Transparenz und kontinuierliche Verbesserung.<\/h3>\n<p>[\/et_pb_text][\/et_pb_column][\/et_pb_row][et_pb_row column_structure=&#8220;1_4,1_4,1_4,1_4&#8243; _builder_version=&#8220;4.27.6&#8243; _module_preset=&#8220;default&#8220; global_colors_info=&#8220;{}&#8220;][et_pb_column type=&#8220;1_4&#8243; _builder_version=&#8220;4.27.6&#8243; _module_preset=&#8220;default&#8220; global_colors_info=&#8220;{}&#8220;][et_pb_image src=&#8220;https:\/\/www.secowarwick.com\/wp-content\/uploads\/2026\/03\/ASME-2023-2026.jpg&#8220; alt=&#8220;ASME 2023-2026&#8243; title_text=&#8220;ASME 2023-2026&#8243; url=&#8220;https:\/\/www.secowarwick.com\/wp-content\/uploads\/2026\/03\/ASME-2023-2026.pdf&#8220; url_new_window=&#8220;on&#8220; _builder_version=&#8220;4.27.6&#8243; _module_preset=&#8220;default&#8220; global_colors_info=&#8220;{}&#8220;][\/et_pb_image][\/et_pb_column][et_pb_column type=&#8220;1_4&#8243; _builder_version=&#8220;4.27.6&#8243; _module_preset=&#8220;default&#8220; global_colors_info=&#8220;{}&#8220;][et_pb_image src=&#8220;https:\/\/www.secowarwick.com\/wp-content\/uploads\/2026\/03\/ISO-9001-RETECH-US-07.05.2026.jpg&#8220; alt=&#8220;ISO 9001 RETECH US&#8220; title_text=&#8220;ISO 9001 RETECH US&#8220; url=&#8220;https:\/\/www.secowarwick.com\/wp-content\/uploads\/2026\/03\/ISO-9001-RETECH-US-07.05.2026.pdf&#8220; url_new_window=&#8220;on&#8220; _builder_version=&#8220;4.27.6&#8243; _module_preset=&#8220;default&#8220; global_colors_info=&#8220;{}&#8220;][\/et_pb_image][\/et_pb_column][et_pb_column type=&#8220;1_4&#8243; _builder_version=&#8220;4.27.6&#8243; _module_preset=&#8220;default&#8220; global_colors_info=&#8220;{}&#8220;][et_pb_image src=&#8220;https:\/\/www.secowarwick.com\/wp-content\/uploads\/2026\/03\/ISO-9001-SWC-12.12.2027.jpg&#8220; alt=&#8220;ISO 9001 SWC&#8220; title_text=&#8220;ISO 9001 SWC&#8220; url=&#8220;https:\/\/www.secowarwick.com\/wp-content\/uploads\/2026\/03\/ISO-9001-SWC-12.12.2027.pdf&#8220; url_new_window=&#8220;on&#8220; _builder_version=&#8220;4.27.6&#8243; _module_preset=&#8220;default&#8220; global_colors_info=&#8220;{}&#8220;][\/et_pb_image][\/et_pb_column][et_pb_column type=&#8220;1_4&#8243; _builder_version=&#8220;4.27.6&#8243; _module_preset=&#8220;default&#8220; global_colors_info=&#8220;{}&#8220;][et_pb_image src=&#8220;https:\/\/www.secowarwick.com\/wp-content\/uploads\/2026\/03\/ISO9001-REtech-Chiny-04.052.2027.jpg&#8220; alt=&#8220;ISO9001 RETECH CHINA&#8220; title_text=&#8220;ISO9001 RETECH CHINA&#8220; url=&#8220;https:\/\/www.secowarwick.com\/wp-content\/uploads\/2026\/03\/ISO9001-REtech-Chiny-04.052.2027-v3.pdf&#8220; url_new_window=&#8220;on&#8220; _builder_version=&#8220;4.27.6&#8243; _module_preset=&#8220;default&#8220; global_colors_info=&#8220;{}&#8220;][\/et_pb_image][\/et_pb_column][\/et_pb_row][et_pb_row column_structure=&#8220;1_4,1_4,1_4,1_4&#8243; _builder_version=&#8220;4.27.6&#8243; _module_preset=&#8220;default&#8220; global_colors_info=&#8220;{}&#8220;][et_pb_column type=&#8220;1_4&#8243; _builder_version=&#8220;4.27.6&#8243; _module_preset=&#8220;default&#8220; global_colors_info=&#8220;{}&#8220;][et_pb_image src=&#8220;https:\/\/www.secowarwick.com\/wp-content\/uploads\/2026\/03\/J_2727_4_2026-SECO-WARWICK-SERVICES-cert.-ang.pdf-sign.jpg&#8220; alt=&#8220;SECO\/WARWICK SERVICES&#8220; title_text=&#8220;SECO\/WARWICK SERVICES&#8220; url=&#8220;https:\/\/www.secowarwick.com\/wp-content\/uploads\/2026\/03\/J_2727_4_2026-SECO-WARWICK-SERVICES-cert.-ang.pdf-sign.pdf&#8220; url_new_window=&#8220;on&#8220; _builder_version=&#8220;4.27.6&#8243; _module_preset=&#8220;default&#8220; global_colors_info=&#8220;{}&#8220;][\/et_pb_image][\/et_pb_column][et_pb_column type=&#8220;1_4&#8243; _builder_version=&#8220;4.27.6&#8243; _module_preset=&#8220;default&#8220; global_colors_info=&#8220;{}&#8220;][et_pb_image src=&#8220;https:\/\/www.secowarwick.com\/wp-content\/uploads\/2026\/03\/J_2727_4_2026-SECO-WARWICK-SERVICES-cert.-pol.pdf-sign.jpg&#8220; alt=&#8220;SECO\/WARWICK SERVICES&#8220; title_text=&#8220;SECO\/WARWICK SERVICES&#8220; url=&#8220;https:\/\/www.secowarwick.com\/wp-content\/uploads\/2026\/03\/J_2727_4_2026-SECO-WARWICK-SERVICES-cert.-pol.pdf-sign.pdf&#8220; url_new_window=&#8220;on&#8220; _builder_version=&#8220;4.27.6&#8243; _module_preset=&#8220;default&#8220; global_colors_info=&#8220;{}&#8220;][\/et_pb_image][\/et_pb_column][et_pb_column type=&#8220;1_4&#8243; _builder_version=&#8220;4.27.6&#8243; _module_preset=&#8220;default&#8220; global_colors_info=&#8220;{}&#8220;][et_pb_image src=&#8220;https:\/\/www.secowarwick.com\/wp-content\/uploads\/2026\/03\/Modul-H1-2024-2027.jpg&#8220; alt=&#8220;Modu\u0142 H1 2024-2027&#8243; title_text=&#8220;Modu\u0142 H1 2024-2027&#8243; url=&#8220;https:\/\/www.secowarwick.com\/wp-content\/uploads\/2026\/03\/Modul-H1-2024-2027.pdf&#8220; url_new_window=&#8220;on&#8220; _builder_version=&#8220;4.27.6&#8243; _module_preset=&#8220;default&#8220; global_colors_info=&#8220;{}&#8220;][\/et_pb_image][\/et_pb_column][et_pb_column type=&#8220;1_4&#8243; _builder_version=&#8220;4.27.6&#8243; _module_preset=&#8220;default&#8220; global_colors_info=&#8220;{}&#8220;][et_pb_image src=&#8220;https:\/\/www.secowarwick.com\/wp-content\/uploads\/2026\/03\/PCBC-2025-2028-9001-14001-45001-EN-IQNet.jpg&#8220; alt=&#8220;PCBC 2025-2028 9001-14001-45001 EN\u00a0IQNet&#8220; title_text=&#8220;PCBC 2025-2028 9001-14001-45001 EN\u00a0IQNet&#8220; url=&#8220;https:\/\/www.secowarwick.com\/wp-content\/uploads\/2026\/03\/PCBC-2025-2028-9001-14001-45001-EN-IQNet.pdf&#8220; url_new_window=&#8220;on&#8220; _builder_version=&#8220;4.27.6&#8243; _module_preset=&#8220;default&#8220; global_colors_info=&#8220;{}&#8220;][\/et_pb_image][\/et_pb_column][\/et_pb_row][et_pb_row column_structure=&#8220;1_4,1_4,1_4,1_4&#8243; _builder_version=&#8220;4.27.6&#8243; _module_preset=&#8220;default&#8220; global_colors_info=&#8220;{}&#8220;][et_pb_column type=&#8220;1_4&#8243; _builder_version=&#8220;4.27.6&#8243; _module_preset=&#8220;default&#8220; global_colors_info=&#8220;{}&#8220;][et_pb_image src=&#8220;https:\/\/www.secowarwick.com\/wp-content\/uploads\/2026\/03\/PCBC-2025-2028-9001-14001-45001-PL.jpg&#8220; alt=&#8220;PCBC 2025-2028 9001-14001-45001 PL&#8220; title_text=&#8220;PCBC 2025-2028 9001-14001-45001 PL&#8220; url=&#8220;https:\/\/www.secowarwick.com\/wp-content\/uploads\/2026\/03\/PCBC-2025-2028-9001-14001-45001-PL.pdf&#8220; url_new_window=&#8220;on&#8220; _builder_version=&#8220;4.27.6&#8243; _module_preset=&#8220;default&#8220; global_colors_info=&#8220;{}&#8220;][\/et_pb_image][\/et_pb_column][et_pb_column type=&#8220;1_4&#8243; _builder_version=&#8220;4.27.6&#8243; _module_preset=&#8220;default&#8220; global_colors_info=&#8220;{}&#8220;][et_pb_image src=&#8220;https:\/\/www.secowarwick.com\/wp-content\/uploads\/2026\/03\/PCBC-2025-2028-WSK.jpg&#8220; alt=&#8220;PCBC 2025-2028 WSK&#8220; title_text=&#8220;PCBC 2025-2028 WSK&#8220; url=&#8220;https:\/\/www.secowarwick.com\/wp-content\/uploads\/2026\/03\/PCBC-2025-2028-WSK.pdf&#8220; url_new_window=&#8220;on&#8220; _builder_version=&#8220;4.27.6&#8243; _module_preset=&#8220;default&#8220; global_colors_info=&#8220;{}&#8220;][\/et_pb_image][\/et_pb_column][et_pb_column type=&#8220;1_4&#8243; _builder_version=&#8220;4.27.6&#8243; _module_preset=&#8220;default&#8220; global_colors_info=&#8220;{}&#8220;][et_pb_image src=&#8220;https:\/\/www.secowarwick.com\/wp-content\/uploads\/2026\/03\/UDT-2024-2027-ISO-3834.jpg&#8220; alt=&#8220;UDT-2024-2027-ISO-3834&#8243; title_text=&#8220;UDT-2024-2027-ISO-3834&#8243; url=&#8220;https:\/\/www.secowarwick.com\/wp-content\/uploads\/2026\/03\/UDT-2024-2027-ISO-3834.pdf&#8220; url_new_window=&#8220;on&#8220; _builder_version=&#8220;4.27.6&#8243; _module_preset=&#8220;default&#8220; global_colors_info=&#8220;{}&#8220;][\/et_pb_image][\/et_pb_column][et_pb_column type=&#8220;1_4&#8243; _builder_version=&#8220;4.27.6&#8243; _module_preset=&#8220;default&#8220; global_colors_info=&#8220;{}&#8220;][et_pb_image src=&#8220;https:\/\/www.secowarwick.com\/wp-content\/uploads\/2026\/03\/Zaswiadczenie-NATO.jpg&#8220; alt=&#8220;Za\u015bwiadczenie NATO&#8220; title_text=&#8220;Za\u015bwiadczenie NATO&#8220; url=&#8220;https:\/\/www.secowarwick.com\/wp-content\/uploads\/2026\/03\/Zaswiadczenie-NATO.pdf&#8220; url_new_window=&#8220;on&#8220; _builder_version=&#8220;4.27.6&#8243; _module_preset=&#8220;default&#8220; global_colors_info=&#8220;{}&#8220;][\/et_pb_image][\/et_pb_column][\/et_pb_row][\/et_pb_section]<\/p>\n","protected":false},"excerpt":{"rendered":"<p>SECO\/WARWICK verf\u00fcgt \u00fcber Zertifikate, die die Einhaltung internationaler Qualit\u00e4ts-, Sicherheits- und Managementstandards best\u00e4tigen. Diese Dokumente belegen, dass das Unternehmen die in\u00a0verschiedenen Industriezweigen geltenden Anforderungen erf\u00fcllt, und unterstreichen unser Engagement f\u00fcr Zuverl\u00e4ssigkeit, Transparenz und kontinuierliche Verbesserung.<\/p>\n","protected":false},"author":2,"featured_media":0,"parent":6346,"menu_order":0,"comment_status":"closed","ping_status":"closed","template":"","meta":{"_acf_changed":false,"_et_pb_use_builder":"on","_et_pb_old_content":"","_et_gb_content_width":"","footnotes":""},"class_list":["post-191722","page","type-page","status-publish"],"acf":[],"_links":{"self":[{"href":"https:\/\/www.secowarwick.com\/de\/wp-json\/wp\/v2\/pages\/191722","targetHints":{"allow":["GET"]}}],"collection":[{"href":"https:\/\/www.secowarwick.com\/de\/wp-json\/wp\/v2\/pages"}],"about":[{"href":"https:\/\/www.secowarwick.com\/de\/wp-json\/wp\/v2\/types\/page"}],"author":[{"embeddable":true,"href":"https:\/\/www.secowarwick.com\/de\/wp-json\/wp\/v2\/users\/2"}],"replies":[{"embeddable":true,"href":"https:\/\/www.secowarwick.com\/de\/wp-json\/wp\/v2\/comments?post=191722"}],"version-history":[{"count":5,"href":"https:\/\/www.secowarwick.com\/de\/wp-json\/wp\/v2\/pages\/191722\/revisions"}],"predecessor-version":[{"id":191736,"href":"https:\/\/www.secowarwick.com\/de\/wp-json\/wp\/v2\/pages\/191722\/revisions\/191736"}],"up":[{"embeddable":true,"href":"https:\/\/www.secowarwick.com\/de\/wp-json\/wp\/v2\/pages\/6346"}],"wp:attachment":[{"href":"https:\/\/www.secowarwick.com\/de\/wp-json\/wp\/v2\/media?parent=191722"}],"curies":[{"name":"wp","href":"https:\/\/api.w.org\/{rel}","templated":true}]}}