{"id":45390,"date":"2016-11-03T08:48:18","date_gmt":"2016-11-03T07:48:18","guid":{"rendered":"http:\/\/www.secowarwick.com\/technik-im-rampenlicht\/faq\/what-is-a-radiation-tube\/"},"modified":"2018-08-22T11:07:28","modified_gmt":"2018-08-22T09:07:28","slug":"was-ist-ein-strahlungsrohr","status":"publish","type":"page","link":"https:\/\/www.secowarwick.com\/de\/technik-im-rampenlicht\/faq\/was-ist-ein-strahlungsrohr\/","title":{"rendered":"Was ist ein Strahlungsrohr?"},"content":{"rendered":"<p>[et_pb_section bb_built=&#8220;1&#8243; admin_label=&#8220;section&#8220;][et_pb_row admin_label=&#8220;row&#8220; background_position=&#8220;top_left&#8220; background_repeat=&#8220;repeat&#8220; background_size=&#8220;initial&#8220;][et_pb_column type=&#8220;2_3&#8243;][et_pb_text use_border_color=&#8220;off&#8220; background_position=&#8220;top_left&#8220; background_repeat=&#8220;repeat&#8220; background_size=&#8220;initial&#8220; _builder_version=&#8220;3.6&#8243;]<\/p>\n<h2>Was ist ein Strahlungsrohr?<\/h2>\n<p>Ein Strahlungsrohr ist eine Art von Heizelement. Das Strahlungsrohr kann mit einem Brenner oder elektrischem \u00a0Heizelement integriert werden:<\/p>\n<ul>\n<li>das mit dem Brenner integrierte Rohr trennt sowohl die Flamme als auch das Verbrennungsgas von der technologischen Atmosph\u00e4re in der Heizkammer;<\/li>\n<li>das mit dem elektrischen Heizelement integrierte Rohr sch\u00fctzt das Heizelement vor sch\u00e4dlichem Einfluss der technologische Atmosph\u00e4re des Ofens.<\/li>\n<\/ul>\n<p>[\/et_pb_text][\/et_pb_column][et_pb_column type=&#8220;1_3&#8243;][et_pb_blurb admin_label=&#8220;faqVACsidebar&#8220; title=&#8220;Looking for vacuum furnaces?&#8220; url=&#8220;#&#8220; image=&#8220;https:\/\/www.secowarwick.com\/wp-content\/uploads\/2016\/10\/HIGH-PRODUCTION-ROTARY-VACUUM-FURNACE-SYSTEM.jpg&#8220; use_border_color=&#8220;off&#8220; saved_tabs=&#8220;all&#8220; background_position=&#8220;top_left&#8220; background_repeat=&#8220;repeat&#8220; background_size=&#8220;initial&#8220; _builder_version=&#8220;3.6&#8243; max_width_tablet=&#8220;50px&#8220; alt=&#8220;Strahlungsrohr&#8220;]<\/p>\n<p>Check our solutions!<\/p>\n<p>[\/et_pb_blurb][\/et_pb_column][\/et_pb_row][\/et_pb_section]<\/p>\n","protected":false},"excerpt":{"rendered":"<p>Was ist ein Strahlungsrohr? Ein Strahlungsrohr ist eine Art von Heizelement. Das Strahlungsrohr kann mit einem Brenner oder elektrischem \u00a0Heizelement integriert werden: das mit dem Brenner integrierte Rohr trennt sowohl die Flamme als auch das Verbrennungsgas von der technologischen Atmosph\u00e4re in der Heizkammer; das mit dem elektrischen Heizelement integrierte Rohr sch\u00fctzt das Heizelement vor sch\u00e4dlichem [&hellip;]<\/p>\n","protected":false},"author":2,"featured_media":0,"parent":5975,"menu_order":0,"comment_status":"closed","ping_status":"closed","template":"","meta":{"_acf_changed":false,"_et_pb_use_builder":"on","_et_pb_old_content":"","_et_gb_content_width":"","footnotes":""},"class_list":["post-45390","page","type-page","status-publish"],"acf":[],"_links":{"self":[{"href":"https:\/\/www.secowarwick.com\/de\/wp-json\/wp\/v2\/pages\/45390","targetHints":{"allow":["GET"]}}],"collection":[{"href":"https:\/\/www.secowarwick.com\/de\/wp-json\/wp\/v2\/pages"}],"about":[{"href":"https:\/\/www.secowarwick.com\/de\/wp-json\/wp\/v2\/types\/page"}],"author":[{"embeddable":true,"href":"https:\/\/www.secowarwick.com\/de\/wp-json\/wp\/v2\/users\/2"}],"replies":[{"embeddable":true,"href":"https:\/\/www.secowarwick.com\/de\/wp-json\/wp\/v2\/comments?post=45390"}],"version-history":[{"count":0,"href":"https:\/\/www.secowarwick.com\/de\/wp-json\/wp\/v2\/pages\/45390\/revisions"}],"up":[{"embeddable":true,"href":"https:\/\/www.secowarwick.com\/de\/wp-json\/wp\/v2\/pages\/5975"}],"wp:attachment":[{"href":"https:\/\/www.secowarwick.com\/de\/wp-json\/wp\/v2\/media?parent=45390"}],"curies":[{"name":"wp","href":"https:\/\/api.w.org\/{rel}","templated":true}]}}