{"id":45412,"date":"2016-11-03T08:52:10","date_gmt":"2016-11-03T07:52:10","guid":{"rendered":"http:\/\/www.secowarwick.com\/technik-im-rampenlicht\/faq\/what-is-an-application-for-a-roller-hearth-furnace\/"},"modified":"2019-07-24T13:16:17","modified_gmt":"2019-07-24T11:16:17","slug":"was-ist-eine-anwendung-fuer-einen-rollenherdofen","status":"publish","type":"page","link":"https:\/\/www.secowarwick.com\/de\/technik-im-rampenlicht\/faq\/was-ist-eine-anwendung-fuer-einen-rollenherdofen\/","title":{"rendered":"Was ist eine Anwendung f\u00fcr einen Rollenherdofen?"},"content":{"rendered":"<p>[et_pb_section bb_built=&#8220;1&#8243; admin_label=&#8220;section&#8220;][et_pb_row admin_label=&#8220;row&#8220; background_position=&#8220;top_left&#8220; background_repeat=&#8220;repeat&#8220; background_size=&#8220;initial&#8220;][et_pb_column type=&#8220;2_3&#8243;][et_pb_text use_border_color=&#8220;off&#8220; background_position=&#8220;top_left&#8220; background_repeat=&#8220;repeat&#8220; background_size=&#8220;initial&#8220; _builder_version=&#8220;3.6&#8243;]<\/p>\n<h2>Was ist ein\u00a0Rollenherdofen?<\/h2>\n<p>SECO\/WARWICK entwickelt und baut Rollenherddurchlauf\u00f6fen zum Gl\u00fchen von Halb- und Fertigrohren aus Eisen, Nichteisenmetallen und Edelstahl-Materialien.<\/p>\n<ul>\n<li>Elektrischer oder gasbeheizter Betrieb<\/li>\n<li>Rollenherd oder Gitterband \u2013Designs<\/li>\n<li>Eisen- oder Nichteisenanwendungen<\/li>\n<li>Vollgl\u00fchen, reines Gl\u00fchen, Zyklen von Sph\u00e4roidisierung-Gl\u00fchen oder Spannungsfreiheizen<\/li>\n<\/ul>\n<p><strong>Anlagen<\/strong><\/p>\n<p>SECO\/WARWICK Rollenherdofen heizen schnell und gleichm\u00e4\u00dfig. Egal, wie die L\u00e4nge, Verlauf oder Gr\u00f6\u00dfe der Rohrleitungen ist, bieten die \u00d6fen von SECO\/WARWICK eine gleichm\u00e4\u00dfige Erw\u00e4rmung \u2013 von einem Ende bis zum anderen \u2013 so, wie der Arbeitsfortschritt durch den Ofen.<\/p>\n<p>SECO\/WARWICK \u00d6fen sind in der Lage eine Vielzahl von Rohrdurchmessern bis zu 10 Zoll \/ 254 mm und L\u00e4ngen von mehr als 100 Fu\u00df \/ 30 Meter zu verarbeiten. Die Wanddicke kann von einigen Tausendstel Zoll bis zu einem Zoll \/ 25 mm variieren. SECO\/WARWICK projektiert jede Rollenherdofenlinie individuell an die Kundenbed\u00fcrfnisse, um an die Werkspl\u00e4ne, Prozesskonfiguration und die gew\u00fcnschte Produktionsgeschwindigkeit anzupassen.<\/p>\n<p>&nbsp;<\/p>\n<p><strong>Steuerung<\/strong><\/p>\n<p>SECO \/ WARWICK bietet insgesamt Steuerungssysteme mit PC\/SPS-Integration zusammen mit Grafik-Software-Pakete und Instrumentierung f\u00fcr \u00dcbertemperaturregelung. Der Computer bezieht sich auf ein breites Spektrum von Variablen und liefert ein konstantes Feedback zum sofortigen Abruf und das Herunterladen von Daten zu einem zentralen Computersystem. Temperatur, Rohrwandmesser, F\u00f6rdergeschwindigkeit, Beladung und Atmosph\u00e4renbedingungen sind nur einige der Parameter, die durch den Bediener mit einem Knopfdruck \u00fcberwacht, kontrolliert, aufgezeichnet, gespeichert und ver\u00e4ndert werden k\u00f6nnen.<\/p>\n<p>Die grafische Schnittstelle, programmiert von SECO\/WARWICK, wird individuell auf exklusive Kundenanforderungen zugeschnitten, wie durch den Endbenutzer angegeben wurde. Alle Annehmlichkeiten eines digitalen Bedienpults sind zu einem einzigen Computer -Bildschirm kombiniert, auf dem die Aufzeichnungs- und Abruffunktionen auf Anfrage erh\u00e4ltlich sind.<\/p>\n<p>&nbsp;<\/p>\n<p>Wenn die volle Kapazit\u00e4t des Systems verwendet wird, die Eingabe einer Codenummer \u00a0des Kundenauftrags ist alles, was zur Implementierung eines bestimmten vorprogrammierten Zyklus der W\u00e4rmebehandlung ben\u00f6tigt \u00a0wird.<\/p>\n<p>[\/et_pb_text][\/et_pb_column][et_pb_column type=&#8220;1_3&#8243;][et_pb_blurb admin_label=&#8220;faqVACsidebar&#8220; title=&#8220;Suchen Sie nach einem Atmosph\u00e4renofen?&#8220; url=&#8220;https:\/\/www.secowarwick.com\/de\/produkte\/schutzgasoefen-und-systeme-atm\/&#8220; image=&#8220;https:\/\/www.secowarwick.com\/wp-content\/uploads\/2019\/06\/REX_SuperQ_250bw.jpg&#8220; use_border_color=&#8220;off&#8220; saved_tabs=&#8220;all&#8220; background_position=&#8220;top_left&#8220; background_repeat=&#8220;repeat&#8220; background_size=&#8220;initial&#8220; _builder_version=&#8220;3.6&#8243; max_width_tablet=&#8220;50px&#8220; alt=&#8220;SUPER IQ &#8211; Universeller Kammerofen zum Aufkohlen und Abschrecken von Stahl&#8220;]<\/p>\n<p>Pr\u00fcfen Sie unsere L\u00f6sungen!<\/p>\n<p>[\/et_pb_blurb][\/et_pb_column][\/et_pb_row][\/et_pb_section]<\/p>\n","protected":false},"excerpt":{"rendered":"<p>Was ist ein\u00a0Rollenherdofen? SECO\/WARWICK entwickelt und baut Rollenherddurchlauf\u00f6fen zum Gl\u00fchen von Halb- und Fertigrohren aus Eisen, Nichteisenmetallen und Edelstahl-Materialien. Elektrischer oder gasbeheizter Betrieb Rollenherd oder Gitterband \u2013Designs Eisen- oder Nichteisenanwendungen Vollgl\u00fchen, reines Gl\u00fchen, Zyklen von Sph\u00e4roidisierung-Gl\u00fchen oder Spannungsfreiheizen Anlagen SECO\/WARWICK Rollenherdofen heizen schnell und gleichm\u00e4\u00dfig. Egal, wie die L\u00e4nge, Verlauf oder Gr\u00f6\u00dfe der Rohrleitungen ist, [&hellip;]<\/p>\n","protected":false},"author":2,"featured_media":0,"parent":5975,"menu_order":0,"comment_status":"closed","ping_status":"closed","template":"","meta":{"_acf_changed":false,"_et_pb_use_builder":"on","_et_pb_old_content":"","_et_gb_content_width":"","footnotes":""},"class_list":["post-45412","page","type-page","status-publish"],"acf":[],"_links":{"self":[{"href":"https:\/\/www.secowarwick.com\/de\/wp-json\/wp\/v2\/pages\/45412","targetHints":{"allow":["GET"]}}],"collection":[{"href":"https:\/\/www.secowarwick.com\/de\/wp-json\/wp\/v2\/pages"}],"about":[{"href":"https:\/\/www.secowarwick.com\/de\/wp-json\/wp\/v2\/types\/page"}],"author":[{"embeddable":true,"href":"https:\/\/www.secowarwick.com\/de\/wp-json\/wp\/v2\/users\/2"}],"replies":[{"embeddable":true,"href":"https:\/\/www.secowarwick.com\/de\/wp-json\/wp\/v2\/comments?post=45412"}],"version-history":[{"count":0,"href":"https:\/\/www.secowarwick.com\/de\/wp-json\/wp\/v2\/pages\/45412\/revisions"}],"up":[{"embeddable":true,"href":"https:\/\/www.secowarwick.com\/de\/wp-json\/wp\/v2\/pages\/5975"}],"wp:attachment":[{"href":"https:\/\/www.secowarwick.com\/de\/wp-json\/wp\/v2\/media?parent=45412"}],"curies":[{"name":"wp","href":"https:\/\/api.w.org\/{rel}","templated":true}]}}