{"id":45420,"date":"2016-11-03T08:55:27","date_gmt":"2016-11-03T07:55:27","guid":{"rendered":"http:\/\/www.secowarwick.com\/technik-im-rampenlicht\/faq\/how-to-find-where-air-is-infiltrating-atmosphere-furnaces\/"},"modified":"2018-08-27T10:55:54","modified_gmt":"2018-08-27T08:55:54","slug":"wie-kann-man-feststellen-wo-die-luft-in-die-atmosphaerenoefen-eindringt","status":"publish","type":"page","link":"https:\/\/www.secowarwick.com\/de\/technik-im-rampenlicht\/faq\/wie-kann-man-feststellen-wo-die-luft-in-die-atmosphaerenoefen-eindringt\/","title":{"rendered":"Wie kann man feststellen, wo die Luft in die Atmosph\u00e4ren\u00f6fen eindringt?"},"content":{"rendered":"<p>[et_pb_section bb_built=&#8220;1&#8243; admin_label=&#8220;section&#8220;][et_pb_row admin_label=&#8220;row&#8220; background_position=&#8220;top_left&#8220; background_repeat=&#8220;repeat&#8220; background_size=&#8220;initial&#8220;][et_pb_column type=&#8220;2_3&#8243;][et_pb_text background_layout=&#8220;light&#8220; text_orientation=&#8220;left&#8220; use_border_color=&#8220;off&#8220; border_color=&#8220;#ffffff&#8220; border_style=&#8220;solid&#8220; background_position=&#8220;top_left&#8220; background_repeat=&#8220;repeat&#8220; background_size=&#8220;initial&#8220;]<\/p>\n<p>Ein beim Ofenbetrieb auftretendes Problem, insbesondere bei Atmosph\u00e4ren\u00f6fen, ist das Eindringen von Luft in den Ofenraum oder K\u00fchlkammer.<\/p>\n<p>Normalerweise ist das Problem von der in den Ofen gezogener Luft aufgrund der Verschlechterung der Dichtungen des Strahlrohres, der Lager, T\u00fcrdichtungen, rissigen Schwei\u00dfungen oder undichten K\u00fchlkammern entstanden. Ein Mittel zur Bestimmung dieser Ursachen in Atmosph\u00e4ren\u00f6fen ist, den Ofen so dicht wie m\u00f6glich unter Druck zu halten und alle Lager, Strahlrohranschl\u00fcsse, T\u00fcrdichtungen, usw., mit Seifenblasen zu pr\u00fcfen. Eine Sache, die Menschen sich schwer vorzustellen, ist, dass, obwohl ein Ofen unter Druck betrieben wird, kann er immer noch Luft in die Kammer einziehen. Eine Sache, die Sie sich sicher sein k\u00f6nnen, wenn ein Ofen unter Druck steht und die Atmosph\u00e4re ausl\u00e4uft, bedeutet dies, dass die Luft eindringen kann. Einige der Ursachen von Atmosph\u00e4ren oder Undichtigkeiten k\u00f6nnen wie folgt aussehen: Lager nicht richtig geschmiert oder Dichtung am Zugangsstecker oder Strahlrohrstecker oder Stecker vom L\u00fcfter geh\u00e4rtet und verschlechtert sind und keine richtige Dichtung mehr gew\u00e4hrleisten. Eine weitere Quelle vom Lufteindringen in einen Ofen ist durch einen gerissenen Strahlrohr m\u00f6glich. Wenn ein Prozessproblem nicht auftritt, und es wurde festgestellt, dass das in den Ofen zugef\u00fchrte Atmosph\u00e4rengas \u00a0richtig ist, sollten alle oben genannten Punkte \u00fcberpr\u00fcft werden, um das eventuelle Problem zu l\u00f6sen.<\/p>\n<p>[\/et_pb_text][\/et_pb_column][et_pb_column type=&#8220;1_3&#8243;][et_pb_blurb admin_label=&#8220;faqVACsidebar&#8220; title=&#8220;Looking for vacuum furnaces?&#8220; url=&#8220;#&#8220; image=&#8220;https:\/\/www.secowarwick.com\/wp-content\/uploads\/2016\/10\/HIGH-PRODUCTION-ROTARY-VACUUM-FURNACE-SYSTEM.jpg&#8220; use_border_color=&#8220;off&#8220; saved_tabs=&#8220;all&#8220; background_position=&#8220;top_left&#8220; background_repeat=&#8220;repeat&#8220; background_size=&#8220;initial&#8220; _builder_version=&#8220;3.6&#8243; max_width_tablet=&#8220;50px&#8220; alt=&#8220;Atmosph\u00e4ren\u00f6fen&#8220;]<\/p>\n<p>Check our solutions!<\/p>\n<p>[\/et_pb_blurb][\/et_pb_column][\/et_pb_row][\/et_pb_section]<\/p>\n","protected":false},"excerpt":{"rendered":"<p>Ein beim Ofenbetrieb auftretendes Problem, insbesondere bei Atmosph\u00e4ren\u00f6fen, ist das Eindringen von Luft in den Ofenraum oder K\u00fchlkammer. Normalerweise ist das Problem von der in den Ofen gezogener Luft aufgrund der Verschlechterung der Dichtungen des Strahlrohres, der Lager, T\u00fcrdichtungen, rissigen Schwei\u00dfungen oder undichten K\u00fchlkammern entstanden. Ein Mittel zur Bestimmung dieser Ursachen in Atmosph\u00e4ren\u00f6fen ist, den [&hellip;]<\/p>\n","protected":false},"author":2,"featured_media":0,"parent":5975,"menu_order":0,"comment_status":"closed","ping_status":"closed","template":"","meta":{"_acf_changed":false,"_et_pb_use_builder":"on","_et_pb_old_content":"","_et_gb_content_width":"","footnotes":""},"class_list":["post-45420","page","type-page","status-publish"],"acf":[],"_links":{"self":[{"href":"https:\/\/www.secowarwick.com\/de\/wp-json\/wp\/v2\/pages\/45420","targetHints":{"allow":["GET"]}}],"collection":[{"href":"https:\/\/www.secowarwick.com\/de\/wp-json\/wp\/v2\/pages"}],"about":[{"href":"https:\/\/www.secowarwick.com\/de\/wp-json\/wp\/v2\/types\/page"}],"author":[{"embeddable":true,"href":"https:\/\/www.secowarwick.com\/de\/wp-json\/wp\/v2\/users\/2"}],"replies":[{"embeddable":true,"href":"https:\/\/www.secowarwick.com\/de\/wp-json\/wp\/v2\/comments?post=45420"}],"version-history":[{"count":0,"href":"https:\/\/www.secowarwick.com\/de\/wp-json\/wp\/v2\/pages\/45420\/revisions"}],"up":[{"embeddable":true,"href":"https:\/\/www.secowarwick.com\/de\/wp-json\/wp\/v2\/pages\/5975"}],"wp:attachment":[{"href":"https:\/\/www.secowarwick.com\/de\/wp-json\/wp\/v2\/media?parent=45420"}],"curies":[{"name":"wp","href":"https:\/\/api.w.org\/{rel}","templated":true}]}}