{"id":45453,"date":"2017-04-03T15:40:56","date_gmt":"2017-04-03T13:40:56","guid":{"rendered":"http:\/\/www.secowarwick.com\/info-center\/logo\/"},"modified":"2026-03-04T09:51:43","modified_gmt":"2026-03-04T08:51:43","slug":"mediadaten","status":"publish","type":"page","link":"https:\/\/www.secowarwick.com\/de\/info-center\/mediadaten\/","title":{"rendered":"Mediadaten"},"content":{"rendered":"<p>[et_pb_section fb_built=&#8220;1&#8243; admin_label=&#8220;section&#8220; _builder_version=&#8220;4.16&#8243; custom_padding=&#8220;0px|||&#8220; transparent_background=&#8220;off&#8220; make_fullwidth=&#8220;off&#8220; use_custom_width=&#8220;off&#8220; width_unit=&#8220;on&#8220; global_colors_info=&#8220;{}&#8220;][et_pb_row _builder_version=&#8220;4.16&#8243; background_size=&#8220;initial&#8220; background_position=&#8220;top_left&#8220; background_repeat=&#8220;repeat&#8220; global_colors_info=&#8220;{}&#8220;][et_pb_column type=&#8220;4_4&#8243; _builder_version=&#8220;4.16&#8243; custom_padding=&#8220;|||&#8220; global_colors_info=&#8220;{}&#8220; custom_padding__hover=&#8220;|||&#8220;][et_pb_text _builder_version=&#8220;4.23.1&#8243; background_size=&#8220;initial&#8220; background_position=&#8220;top_left&#8220; background_repeat=&#8220;repeat&#8220; hover_enabled=&#8220;0&#8243; use_border_color=&#8220;off&#8220; global_colors_info=&#8220;{}&#8220; sticky_enabled=&#8220;0&#8243;]<\/p>\n<p><strong>Boilerplatte<\/strong><\/p>\n<p class=\"ox-af05155d9b-MsoNormal\">SECO\/WARWICK ist einer der Technologief\u00fchrer im\u00a0Bereich innovativer Thermoprozessanlagen. Unsere Fachgebiete umfassen \u00d6fen und Anlagen aus f\u00fcnf Kategorien: Vakuum-W\u00e4rmebehandlung, Atmosph\u00e4rische W\u00e4rmebehandlung, L\u00f6ten von Aluminium-W\u00e4rmetauschern in\u00a0kontrollierter Atmosph\u00e4re, Schmelzen und thermische Behandlung von Aluminium sowie Vakuum-Metallurgie.<\/p>\n<p class=\"ox-af05155d9b-MsoNormal\">Die SECO\/WARWICK Gruppe besteht aus 7 Gesellschaften auf drei Kontinenten mit Kunden in\u00a0ca. 70 L\u00e4ndern. SECO\/WARWICK liefert sowohl Standardanlagen, als auch kundenspezifische, hochmoderne W\u00e4rmebehandlungsanlagen an zukunftsorientierte Unternehmen aus folgenden Branchen: Automobilindustrie, Luft- und Raumfahrt, Elektronik, Recycling, Energie inklusive Kern-, Wind-, Kraftstoff- und Solarindustrie, Werkzeugindustrie, Medizintechnik, Produktion von Stahl, Titan und Aluminium.<\/p>\n<p>&nbsp;<\/p>\n<p><strong>Logos<\/strong><\/p>\n<p>[\/et_pb_text][\/et_pb_column][\/et_pb_row][et_pb_row column_structure=&#8220;1_3,1_3,1_3&#8243; admin_label=&#8220;row&#8220; _builder_version=&#8220;4.16&#8243; background_size=&#8220;initial&#8220; background_position=&#8220;top_left&#8220; background_repeat=&#8220;repeat&#8220; global_colors_info=&#8220;{}&#8220;][et_pb_column type=&#8220;1_3&#8243; _builder_version=&#8220;4.16&#8243; custom_padding=&#8220;|||&#8220; global_colors_info=&#8220;{}&#8220; custom_padding__hover=&#8220;|||&#8220;][et_pb_blurb title=&#8220;Logo PNG&#8220; url=&#8220;https:\/\/www.secowarwick.com\/wp-content\/uploads\/2017\/06\/Logo_SW.png.png&#8220; url_new_window=&#8220;on&#8220; image=&#8220;https:\/\/www.secowarwick.com\/wp-content\/uploads\/2017\/03\/Logo-SW3.png&#8220; alt=&#8220;Seco\/Warwick&#8220; image_icon_width=&#8220;none&#8220; _builder_version=&#8220;4.23.1&#8243; background_size=&#8220;initial&#8220; background_position=&#8220;top_left&#8220; background_repeat=&#8220;repeat&#8220; text_orientation=&#8220;center&#8220; use_border_color=&#8220;off&#8220; border_color=&#8220;#ffffff&#8220; border_style=&#8220;solid&#8220; image_max_width=&#8220;none&#8220; use_circle=&#8220;off&#8220; use_circle_border=&#8220;off&#8220; circle_border_color=&#8220;#e2001a&#8220; circle_color=&#8220;#e2001a&#8220; global_colors_info=&#8220;{}&#8220;][\/et_pb_blurb][\/et_pb_column][et_pb_column type=&#8220;1_3&#8243; _builder_version=&#8220;4.16&#8243; custom_padding=&#8220;|||&#8220; global_colors_info=&#8220;{}&#8220; custom_padding__hover=&#8220;|||&#8220;][et_pb_blurb title=&#8220;Logo JPG&#8220; url=&#8220;https:\/\/www.secowarwick.com\/wp-content\/uploads\/2017\/06\/Logo_SW.jpg.jpg&#8220; url_new_window=&#8220;on&#8220; image=&#8220;https:\/\/www.secowarwick.com\/wp-content\/uploads\/2017\/03\/Logo-SW3.png&#8220; alt=&#8220;Seco\/Warwick&#8220; image_icon_width=&#8220;none&#8220; _builder_version=&#8220;4.23.1&#8243; background_size=&#8220;initial&#8220; background_position=&#8220;top_left&#8220; background_repeat=&#8220;repeat&#8220; text_orientation=&#8220;center&#8220; use_border_color=&#8220;off&#8220; border_color=&#8220;#ffffff&#8220; border_style=&#8220;solid&#8220; image_max_width=&#8220;none&#8220; use_circle=&#8220;off&#8220; use_circle_border=&#8220;off&#8220; circle_border_color=&#8220;#e2001a&#8220; circle_color=&#8220;#e2001a&#8220; global_colors_info=&#8220;{}&#8220;][\/et_pb_blurb][\/et_pb_column][et_pb_column type=&#8220;1_3&#8243; _builder_version=&#8220;4.16&#8243; custom_padding=&#8220;|||&#8220; global_colors_info=&#8220;{}&#8220; custom_padding__hover=&#8220;|||&#8220;][et_pb_blurb title=&#8220;Logo PDF&#8220; url=&#8220;https:\/\/www.secowarwick.com\/wp-content\/uploads\/2017\/06\/Logo_SW.pdf.pdf&#8220; url_new_window=&#8220;on&#8220; image=&#8220;https:\/\/www.secowarwick.com\/wp-content\/uploads\/2017\/03\/Logo-SW3.png&#8220; alt=&#8220;Seco\/Warwick&#8220; image_icon_width=&#8220;none&#8220; _builder_version=&#8220;4.23.1&#8243; background_size=&#8220;initial&#8220; background_position=&#8220;top_left&#8220; background_repeat=&#8220;repeat&#8220; text_orientation=&#8220;center&#8220; use_border_color=&#8220;off&#8220; border_color=&#8220;#ffffff&#8220; border_style=&#8220;solid&#8220; image_max_width=&#8220;none&#8220; use_circle=&#8220;off&#8220; use_circle_border=&#8220;off&#8220; circle_border_color=&#8220;#e2001a&#8220; circle_color=&#8220;#e2001a&#8220; global_colors_info=&#8220;{}&#8220;][\/et_pb_blurb][\/et_pb_column][\/et_pb_row][et_pb_row column_structure=&#8220;1_3,1_3,1_3&#8243; admin_label=&#8220;row&#8220; _builder_version=&#8220;4.16&#8243; background_size=&#8220;initial&#8220; background_position=&#8220;top_left&#8220; background_repeat=&#8220;repeat&#8220; global_colors_info=&#8220;{}&#8220;][et_pb_column type=&#8220;1_3&#8243; _builder_version=&#8220;4.16&#8243; custom_padding=&#8220;|||&#8220; global_colors_info=&#8220;{}&#8220; custom_padding__hover=&#8220;|||&#8220;][et_pb_blurb title=&#8220;Logo EPS&#8220; url=&#8220;https:\/\/www.secowarwick.com\/wp-content\/uploads\/2017\/06\/Logo_SW.zip&#8220; url_new_window=&#8220;on&#8220; image=&#8220;https:\/\/www.secowarwick.com\/wp-content\/uploads\/2017\/03\/Logo-SW3.png&#8220; alt=&#8220;Seco\/Warwick&#8220; image_icon_width=&#8220;none&#8220; _builder_version=&#8220;4.23.1&#8243; background_size=&#8220;initial&#8220; background_position=&#8220;top_left&#8220; background_repeat=&#8220;repeat&#8220; text_orientation=&#8220;center&#8220; use_border_color=&#8220;off&#8220; border_color=&#8220;#ffffff&#8220; border_style=&#8220;solid&#8220; image_max_width=&#8220;none&#8220; use_circle=&#8220;off&#8220; use_circle_border=&#8220;off&#8220; circle_border_color=&#8220;#e2001a&#8220; circle_color=&#8220;#e2001a&#8220; global_colors_info=&#8220;{}&#8220;][\/et_pb_blurb][\/et_pb_column][et_pb_column type=&#8220;1_3&#8243; _builder_version=&#8220;4.16&#8243; custom_padding=&#8220;|||&#8220; global_colors_info=&#8220;{}&#8220; custom_padding__hover=&#8220;|||&#8220;][et_pb_blurb title=&#8220;Logo PNG&#8220; url=&#8220;https:\/\/www.secowarwick.com\/wp-content\/uploads\/2021\/05\/2017_SW_Logo_TWWW_v2.png&#8220; url_new_window=&#8220;on&#8220; image=&#8220;https:\/\/www.secowarwick.com\/wp-content\/uploads\/2021\/05\/2017_SW_Logo_TWWW_v2.png&#8220; alt=&#8220;Seco\/Warwick&#8220; _builder_version=&#8220;4.23.1&#8243; background_size=&#8220;initial&#8220; background_position=&#8220;top_left&#8220; background_repeat=&#8220;repeat&#8220; text_orientation=&#8220;center&#8220; max_width_tablet=&#8220;50px&#8220; use_border_color=&#8220;off&#8220; global_colors_info=&#8220;{}&#8220;][\/et_pb_blurb][\/et_pb_column][et_pb_column type=&#8220;1_3&#8243; _builder_version=&#8220;4.16&#8243; custom_padding=&#8220;|||&#8220; global_colors_info=&#8220;{}&#8220; custom_padding__hover=&#8220;|||&#8220;][\/et_pb_column][\/et_pb_row][\/et_pb_section]<\/p>\n","protected":false},"excerpt":{"rendered":"<p>Boilerplatte SECO\/WARWICK ist einer der Technologief\u00fchrer im\u00a0Bereich innovativer Thermoprozessanlagen. Unsere Fachgebiete umfassen \u00d6fen und Anlagen aus f\u00fcnf Kategorien: Vakuum-W\u00e4rmebehandlung, Atmosph\u00e4rische W\u00e4rmebehandlung, L\u00f6ten von Aluminium-W\u00e4rmetauschern in\u00a0kontrollierter Atmosph\u00e4re, Schmelzen und thermische Behandlung von Aluminium sowie Vakuum-Metallurgie. Die SECO\/WARWICK Gruppe besteht aus 7 Gesellschaften auf drei Kontinenten mit Kunden in\u00a0ca. 70 L\u00e4ndern. SECO\/WARWICK liefert sowohl Standardanlagen, als auch [&hellip;]<\/p>\n","protected":false},"author":2,"featured_media":0,"parent":7296,"menu_order":0,"comment_status":"closed","ping_status":"closed","template":"","meta":{"_acf_changed":false,"_et_pb_use_builder":"on","_et_pb_old_content":"","_et_gb_content_width":"","footnotes":""},"class_list":["post-45453","page","type-page","status-publish"],"acf":[],"_links":{"self":[{"href":"https:\/\/www.secowarwick.com\/de\/wp-json\/wp\/v2\/pages\/45453","targetHints":{"allow":["GET"]}}],"collection":[{"href":"https:\/\/www.secowarwick.com\/de\/wp-json\/wp\/v2\/pages"}],"about":[{"href":"https:\/\/www.secowarwick.com\/de\/wp-json\/wp\/v2\/types\/page"}],"author":[{"embeddable":true,"href":"https:\/\/www.secowarwick.com\/de\/wp-json\/wp\/v2\/users\/2"}],"replies":[{"embeddable":true,"href":"https:\/\/www.secowarwick.com\/de\/wp-json\/wp\/v2\/comments?post=45453"}],"version-history":[{"count":5,"href":"https:\/\/www.secowarwick.com\/de\/wp-json\/wp\/v2\/pages\/45453\/revisions"}],"predecessor-version":[{"id":190225,"href":"https:\/\/www.secowarwick.com\/de\/wp-json\/wp\/v2\/pages\/45453\/revisions\/190225"}],"up":[{"embeddable":true,"href":"https:\/\/www.secowarwick.com\/de\/wp-json\/wp\/v2\/pages\/7296"}],"wp:attachment":[{"href":"https:\/\/www.secowarwick.com\/de\/wp-json\/wp\/v2\/media?parent=45453"}],"curies":[{"name":"wp","href":"https:\/\/api.w.org\/{rel}","templated":true}]}}