{"id":47886,"date":"2017-05-08T14:23:59","date_gmt":"2017-05-08T12:23:59","guid":{"rendered":"http:\/\/www.secowarwick.com\/?page_id=47886\/"},"modified":"2018-07-04T14:54:24","modified_gmt":"2018-07-04T12:54:24","slug":"ist-ein-elektronenstrahl","status":"publish","type":"page","link":"https:\/\/www.secowarwick.com\/de\/technik-im-rampenlicht\/faq\/ist-ein-elektronenstrahl\/","title":{"rendered":"Was ist ein Elektronenstrahl?"},"content":{"rendered":"<p>[et_pb_section bb_built=&#8220;1&#8243; admin_label=&#8220;section&#8220;][et_pb_row admin_label=&#8220;row&#8220; make_fullwidth=&#8220;off&#8220; use_custom_width=&#8220;off&#8220; width_unit=&#8220;on&#8220; use_custom_gutter=&#8220;off&#8220; allow_player_pause=&#8220;off&#8220; parallax=&#8220;off&#8220; parallax_method=&#8220;on&#8220; make_equal=&#8220;off&#8220; parallax_1=&#8220;off&#8220; parallax_method_1=&#8220;off&#8220; background_position=&#8220;top_left&#8220; background_repeat=&#8220;repeat&#8220; background_size=&#8220;initial&#8220;][et_pb_column type=&#8220;4_4&#8243;][et_pb_text background_position=&#8220;top_left&#8220; background_repeat=&#8220;repeat&#8220; background_size=&#8220;initial&#8220; _builder_version=&#8220;3.6&#8243;]<\/p>\n<h2>Was ist ein Elektronenstrahl?<\/h2>\n<p>Wof\u00fcr steht der Begriff Elektronenstrahl? Die freien Elektronen in Vakuum k\u00f6nnen beschleunigt und ihre Bahnen durch elektrische und magnetische Felder gesteuert werden. Auf diese Weise k\u00f6nnen wir schmale Strahlen von Elektronen von hoher kinetischer Energie bilden, die bei Kollisionen mit den Atomen im Festk\u00f6rper ihre kinetische Energie in W\u00e4rme umwandeln. Dank einiger spezifischen Bedingungen, diese Art der Heizung bietet uns beste M\u00f6glichkeiten.<\/p>\n<p>Diese Bedingungen sind folgend:<\/p>\n<ul>\n<li>Ein starkes elektrisches Feld kann die Elektronen auf eine sehr hohe Geschwindigkeit beschleunigen,<\/li>\n<li>Durch Verwendung von magnetischen Linsen kann der Strahl in einen schmalen Kegel geformt und auf einen sehr kleinen Durchmesser mit sehr hoher Leistungsdichte an der Fl\u00e4che des Zusammensto\u00dfes des Strahls mit der Oberfl\u00e4che einiges Festk\u00f6rpers fokussiert werden,<\/li>\n<li>Die Eindringtiefe der Elektronen in die Feststoffe liegt in der Gr\u00f6\u00dfenordnung von hundertstel Millimeter. Die Volumendichte der Leistung in dem kleinen Volumen, in dem die kinetische Energie der Elektronen in W\u00e4rme umgewandelt wird (nachfolgend, die Temperatur in diesem Volumen) erh\u00f6ht sich extrem schnell.<\/li>\n<\/ul>\n<p>[\/et_pb_text][\/et_pb_column][\/et_pb_row][\/et_pb_section]<\/p>\n","protected":false},"excerpt":{"rendered":"<p>Was ist ein Elektronenstrahl? Wof\u00fcr steht der Begriff Elektronenstrahl? Die freien Elektronen in Vakuum k\u00f6nnen beschleunigt und ihre Bahnen durch elektrische und magnetische Felder gesteuert werden. Auf diese Weise k\u00f6nnen wir schmale Strahlen von Elektronen von hoher kinetischer Energie bilden, die bei Kollisionen mit den Atomen im Festk\u00f6rper ihre kinetische Energie in W\u00e4rme umwandeln. Dank [&hellip;]<\/p>\n","protected":false},"author":2,"featured_media":0,"parent":5975,"menu_order":0,"comment_status":"closed","ping_status":"closed","template":"","meta":{"_acf_changed":false,"_et_pb_use_builder":"on","_et_pb_old_content":"","_et_gb_content_width":"","footnotes":""},"class_list":["post-47886","page","type-page","status-publish"],"acf":[],"_links":{"self":[{"href":"https:\/\/www.secowarwick.com\/de\/wp-json\/wp\/v2\/pages\/47886","targetHints":{"allow":["GET"]}}],"collection":[{"href":"https:\/\/www.secowarwick.com\/de\/wp-json\/wp\/v2\/pages"}],"about":[{"href":"https:\/\/www.secowarwick.com\/de\/wp-json\/wp\/v2\/types\/page"}],"author":[{"embeddable":true,"href":"https:\/\/www.secowarwick.com\/de\/wp-json\/wp\/v2\/users\/2"}],"replies":[{"embeddable":true,"href":"https:\/\/www.secowarwick.com\/de\/wp-json\/wp\/v2\/comments?post=47886"}],"version-history":[{"count":0,"href":"https:\/\/www.secowarwick.com\/de\/wp-json\/wp\/v2\/pages\/47886\/revisions"}],"up":[{"embeddable":true,"href":"https:\/\/www.secowarwick.com\/de\/wp-json\/wp\/v2\/pages\/5975"}],"wp:attachment":[{"href":"https:\/\/www.secowarwick.com\/de\/wp-json\/wp\/v2\/media?parent=47886"}],"curies":[{"name":"wp","href":"https:\/\/api.w.org\/{rel}","templated":true}]}}