{"id":47889,"date":"2017-05-08T14:26:18","date_gmt":"2017-05-08T12:26:18","guid":{"rendered":"http:\/\/www.secowarwick.com\/?page_id=47889\/"},"modified":"2022-11-03T09:33:05","modified_gmt":"2022-11-03T08:33:05","slug":"ist-ein-vakuumofen","status":"publish","type":"page","link":"https:\/\/www.secowarwick.com\/de\/ist-ein-vakuumofen\/","title":{"rendered":"Was ist ein Vakuumofen?"},"content":{"rendered":"<p>[et_pb_section fb_built=&#8220;1&#8243; admin_label=&#8220;section&#8220; _builder_version=&#8220;3.22&#8243; global_colors_info=&#8220;{}&#8220;][et_pb_row admin_label=&#8220;row&#8220; _builder_version=&#8220;3.25&#8243; background_size=&#8220;initial&#8220; background_position=&#8220;top_left&#8220; background_repeat=&#8220;repeat&#8220; global_colors_info=&#8220;{}&#8220;][et_pb_column type=&#8220;4_4&#8243; _builder_version=&#8220;3.25&#8243; custom_padding=&#8220;|||&#8220; global_colors_info=&#8220;{}&#8220; custom_padding__hover=&#8220;|||&#8220;][et_pb_text _builder_version=&#8220;4.10.3&#8243; _module_preset=&#8220;default&#8220; custom_margin=&#8220;||50px||false|false&#8220; global_colors_info=&#8220;{}&#8220;]<\/p>\n<p style=\"text-align: center;\"><a class=\"small-button smallred\" style=\"font-size: 20px; padding: 20px 60px;\" href=\"https:\/\/www.secowarwick.com\/de\/fordern-sie-hier-ihr-angebot-an\/\"><span style=\"display: block; transform: skew(15deg,0deg); -webkit-transform: skew(15deg,0deg); font-size: 20px; !important\">Entdecken Sie unser Vakuum\u00f6fen-Angebot<\/span><\/a><\/p>\n<p>[\/et_pb_text][et_pb_text _builder_version=&#8220;4.10.3&#8243; background_size=&#8220;initial&#8220; background_position=&#8220;top_left&#8220; background_repeat=&#8220;repeat&#8220; hover_enabled=&#8220;0&#8243; use_border_color=&#8220;off&#8220; global_colors_info=&#8220;{}&#8220; custom_margin=&#8220;50px||||false|false&#8220; sticky_enabled=&#8220;0&#8243;]<\/p>\n<h2>Vakuum\u00f6fen von SECO\/WARWICK<\/h2>\n<p>Die <a href=\"https:\/\/www.secowarwick.com\/de\/produkte\/vakuum-anlagen\/\">Vakuum\u00f6fen<\/a>\u00a0 werden in vielen Anwendungen in allen Industrieb verwendet. Das <a href=\"https:\/\/www.secowarwick.com\/de\/produkte\/vakuum-anlagen\/\">Vakuum<\/a> ist eine der Methoden, den erhitzten Stahl und die Metallteile vor dem negativen Einfluss der Luftatmosph\u00e4re zu sch\u00fctzen. Ein Vakuumofen ist in der Regel ein elektrisch beheizter Ofen, in dem ein <a href=\"https:\/\/www.secowarwick.com\/de\/produkte\/vakuum-anlagen\/\">Vakuum w\u00e4hrend<\/a> des Verfahrens gehalten wird. Die meisten <a href=\"https:\/\/www.secowarwick.com\/de\/produkte\/vakuum-anlagen\/\">Vakuum\u00f6fen<\/a> werden durch elektrische Widerstandselemente, hergestellt aus Graphit, Keramik oder Metallen, erhitzt.<\/p>\n<p>SECO\/WARWICK kann gasbeheizte <a href=\"https:\/\/www.secowarwick.com\/de\/produkte\/vakuum-anlagen\/\">Vakuum\u00f6fen<\/a> liefern. Ein gasbeheizter <a href=\"https:\/\/www.secowarwick.com\/de\/produkte\/vakuum-anlagen\/\">Vakuumofen<\/a> wird nicht direkt durch offene Brenner erhitzt, sondern indirekt als ein <a href=\"https:\/\/www.secowarwick.com\/de\/produkte\/vakuum-anlagen\/\">Vakuumretortenofen<\/a> oder ein Vakuumofen mit vakuumdichten Strahlungsbrenner-Rohren.<br \/>Das Vakuum im Ofen wird durch Vakuumpumpen gehalten. Je nach Anwendung, werden einzelne oder eine Kombination von mechanischen Pumpen mit Verst\u00e4rker, Diffusions- und Turbomolekularpumpen verwendet.<\/p>\n<p>[\/et_pb_text][\/et_pb_column][\/et_pb_row][\/et_pb_section]<\/p>\n","protected":false},"excerpt":{"rendered":"<p>Entdecken Sie unser Vakuum\u00f6fen-AngebotVakuum\u00f6fen von SECO\/WARWICK Die Vakuum\u00f6fen\u00a0 werden in vielen Anwendungen in allen Industrieb verwendet. Das Vakuum ist eine der Methoden, den erhitzten Stahl und die Metallteile vor dem negativen Einfluss der Luftatmosph\u00e4re zu sch\u00fctzen. Ein Vakuumofen ist in der Regel ein elektrisch beheizter Ofen, in dem ein Vakuum w\u00e4hrend des Verfahrens gehalten wird. [&hellip;]<\/p>\n","protected":false},"author":2,"featured_media":0,"parent":0,"menu_order":0,"comment_status":"closed","ping_status":"closed","template":"","meta":{"_acf_changed":false,"_et_pb_use_builder":"on","_et_pb_old_content":"","_et_gb_content_width":"","footnotes":""},"class_list":["post-47889","page","type-page","status-publish"],"acf":[],"_links":{"self":[{"href":"https:\/\/www.secowarwick.com\/de\/wp-json\/wp\/v2\/pages\/47889","targetHints":{"allow":["GET"]}}],"collection":[{"href":"https:\/\/www.secowarwick.com\/de\/wp-json\/wp\/v2\/pages"}],"about":[{"href":"https:\/\/www.secowarwick.com\/de\/wp-json\/wp\/v2\/types\/page"}],"author":[{"embeddable":true,"href":"https:\/\/www.secowarwick.com\/de\/wp-json\/wp\/v2\/users\/2"}],"replies":[{"embeddable":true,"href":"https:\/\/www.secowarwick.com\/de\/wp-json\/wp\/v2\/comments?post=47889"}],"version-history":[{"count":4,"href":"https:\/\/www.secowarwick.com\/de\/wp-json\/wp\/v2\/pages\/47889\/revisions"}],"predecessor-version":[{"id":132802,"href":"https:\/\/www.secowarwick.com\/de\/wp-json\/wp\/v2\/pages\/47889\/revisions\/132802"}],"wp:attachment":[{"href":"https:\/\/www.secowarwick.com\/de\/wp-json\/wp\/v2\/media?parent=47889"}],"curies":[{"name":"wp","href":"https:\/\/api.w.org\/{rel}","templated":true}]}}