{"id":47892,"date":"2017-05-08T14:29:13","date_gmt":"2017-05-08T12:29:13","guid":{"rendered":"http:\/\/www.secowarwick.com\/?page_id=47892\/"},"modified":"2018-07-05T13:21:33","modified_gmt":"2018-07-05T11:21:33","slug":"sind-die-probleme-bei-der-waermebehandlung","status":"publish","type":"page","link":"https:\/\/www.secowarwick.com\/de\/technik-im-rampenlicht\/faq\/sind-die-probleme-bei-der-waermebehandlung\/","title":{"rendered":"Was sind die Probleme bei der W\u00e4rmebehandlung?"},"content":{"rendered":"<p>[et_pb_section bb_built=&#8220;1&#8243; admin_label=&#8220;section&#8220;][et_pb_row admin_label=&#8220;row&#8220; background_position=&#8220;top_left&#8220; background_repeat=&#8220;repeat&#8220; background_size=&#8220;initial&#8220;][et_pb_column type=&#8220;4_4&#8243;][et_pb_text background_position=&#8220;top_left&#8220; background_repeat=&#8220;repeat&#8220; background_size=&#8220;initial&#8220; _builder_version=&#8220;3.6&#8243;]<\/p>\n<h2>Entscheidende Rolle der&nbsp;W\u00e4rmebehandlung in der&nbsp;Produktion von Metallteilen<\/h2>\n<p>Das W\u00e4rmebehandlungsverfahren ist oft der letzte oder einer der letzten, aber sicherlich in den meisten F\u00e4llen einer der wichtigsten Schritte bei der Herstellung und Produktion von Metallteilen. Dabei k\u00f6nnen verschiedene&nbsp;Probleme bei der W\u00e4rmebehandlung vorkommen.<\/p>\n<p>Tats\u00e4chlich haben die Studien und Analysen gezeigt, dass die in weniger als 10% der W\u00e4rmebehandlung oder W\u00e4rmeprozesse auftretenden Probleme nur Probleme werden, die selbst durch die W\u00e4rmebehandlung hervorgerufen werden und weniger nur betroffen sind, als andere Gr\u00fcnde. Wie kommt es?<\/p>\n<h3>Probleme bei der W\u00e4rmebehandlung in der Metallurgie<\/h3>\n<p>Die Probleme bei der W\u00e4rmebehandlung beginnen mit dem metallurgischen Herstellungsverfahren. Wenn Metalllegierungen, die Genauigkeit, die Reproduzierbarkeit und die Homogenit\u00e4t der Legierungskomponenten von entscheidender Bedeutung f\u00fcr den W\u00e4rmebehandlungsprozess ist. Die K\u00fchlungsprozesse der Metallgie\u00dfereien sowie die ersten Schritte der mechanischen Behandlung k\u00f6nnten \u00fcber die wichtigen Fragen der aus diesen rohen St\u00e4ben, Stangen, Platten, Barren nach mehreren anderen mechanischen und Bearbeitungsschritte hergestellten Produkte entscheiden.<\/p>\n<h3>Probleme bei der W\u00e4rmebehandlung in Bezug auf die Konstruktion<\/h3>\n<p>Die Konstruktion der Teile wird deren F\u00e4higkeiten beeinflussen, die einer W\u00e4rmebehandlung oder W\u00e4rmeprozessen mit den erwarteten Ergebnissen und ohne Nebenwirkungen auf die Form der Teile oder durch Details der Teileform unterzogen werden. Die Formgebung der Teile wird durch ihre technologische Funktion angetrieben, aber es gibt Richtlinien in der Konstruktion, die f\u00fcr die W\u00e4rmebehandlung eingehalten werden m\u00fcssen. Oft Probleme mit Rissen und H\u00e4rte h\u00e4tten vermieden werden k\u00f6nnen, wenn das Projekt ein paar einfache und allgemeine Regeln bei der Gestaltung folgen w\u00fcrde, sowohl f\u00fcr technische Funktion &nbsp;als auch f\u00fcr W\u00e4rmebehandlung, der diese unterzogen werden sollen.<\/p>\n<p>Ein weiteres wichtiges Thema ist die Auswahl der Kombination der Gestaltung, Materialqualit\u00e4t und W\u00e4rmebehandlung f\u00fcr funktionale Komponenten, die eine bestimmte Sicherheitsrelevanz, Lebensdauer und Verschlei\u00dfverhalten einhalten werden. Die W\u00e4rmebehandlung wird oft f\u00fcr Fehler verantwortlich allein gemacht, die durch die Auswahl dieser Kombination begangen wurden.<\/p>\n<h3>Probleme bei der W\u00e4rmebehandlung&nbsp;in Bezug auf die Oberfl\u00e4che<\/h3>\n<p>Bei der Bearbeitung von Teilen sind keine Problem zu erwarten: aber Stanzen, Drehen, Fr\u00e4sen, Bohren, Schleifen, Polieren und die daraus resultierenden Oberfl\u00e4chenbedingungen, Oberfl\u00e4chenverunreinigungen und eingef\u00fchrte Spannungen beeinflussen die Effizienz der W\u00e4rmebehandlung, Homogenit\u00e4t, Oberfl\u00e4chenqualit\u00e4t und Ergebnisse der Verzerrung der bearbeiteten Teile nach der W\u00e4rmebehandlung . Die W\u00e4rmebehandlung kann zum Beispiel die Verzerrung nicht entfernen, wenn ein Teil mit gro\u00dfen Verformungs-Spannungen erhitzt wird. Der Teil verformt sich aufgrund Spannungen, die durch vorherige Operationen verursacht wurden.<\/p>\n<p>Die SECO\/WARWICK-Experten kennen diese Probleme und sind in der Lage, mit Ihnen eine L\u00f6sung f\u00fcr Ihre Probleme zu finden. Wir liefern Anlagen der W\u00e4rmebehandlung von Weltklasse und sind in der Lage, mit unserer breiten Erfahrung f\u00fcr eine Optimierung Ihrer Produktionsprozesse in der Beratung zu sorgen. Fragen Sie uns!<\/p>\n<p>[\/et_pb_text][\/et_pb_column][\/et_pb_row][\/et_pb_section]<\/p>\n","protected":false},"excerpt":{"rendered":"<p>Entscheidende Rolle der&nbsp;W\u00e4rmebehandlung in der&nbsp;Produktion von Metallteilen Das W\u00e4rmebehandlungsverfahren ist oft der letzte oder einer der letzten, aber sicherlich in den meisten F\u00e4llen einer der wichtigsten Schritte bei der Herstellung und Produktion von Metallteilen. Dabei k\u00f6nnen verschiedene&nbsp;Probleme bei der W\u00e4rmebehandlung vorkommen. Tats\u00e4chlich haben die Studien und Analysen gezeigt, dass die in weniger als 10% der [&hellip;]<\/p>\n","protected":false},"author":2,"featured_media":0,"parent":5975,"menu_order":0,"comment_status":"closed","ping_status":"closed","template":"","meta":{"_acf_changed":false,"_et_pb_use_builder":"on","_et_pb_old_content":"","_et_gb_content_width":"","footnotes":""},"class_list":["post-47892","page","type-page","status-publish"],"acf":[],"_links":{"self":[{"href":"https:\/\/www.secowarwick.com\/de\/wp-json\/wp\/v2\/pages\/47892","targetHints":{"allow":["GET"]}}],"collection":[{"href":"https:\/\/www.secowarwick.com\/de\/wp-json\/wp\/v2\/pages"}],"about":[{"href":"https:\/\/www.secowarwick.com\/de\/wp-json\/wp\/v2\/types\/page"}],"author":[{"embeddable":true,"href":"https:\/\/www.secowarwick.com\/de\/wp-json\/wp\/v2\/users\/2"}],"replies":[{"embeddable":true,"href":"https:\/\/www.secowarwick.com\/de\/wp-json\/wp\/v2\/comments?post=47892"}],"version-history":[{"count":0,"href":"https:\/\/www.secowarwick.com\/de\/wp-json\/wp\/v2\/pages\/47892\/revisions"}],"up":[{"embeddable":true,"href":"https:\/\/www.secowarwick.com\/de\/wp-json\/wp\/v2\/pages\/5975"}],"wp:attachment":[{"href":"https:\/\/www.secowarwick.com\/de\/wp-json\/wp\/v2\/media?parent=47892"}],"curies":[{"name":"wp","href":"https:\/\/api.w.org\/{rel}","templated":true}]}}