{"id":47896,"date":"2017-05-08T15:30:31","date_gmt":"2017-05-08T13:30:31","guid":{"rendered":"http:\/\/www.secowarwick.com\/?page_id=47896\/"},"modified":"2018-08-27T12:10:58","modified_gmt":"2018-08-27T10:10:58","slug":"was-ist-eine-ofenkette-und-ein-paar-von-ofenketten","status":"publish","type":"page","link":"https:\/\/www.secowarwick.com\/de\/technik-im-rampenlicht\/faq\/was-ist-eine-ofenkette-und-ein-paar-von-ofenketten\/","title":{"rendered":"Was ist eine Ofenkette und ein Paar von Ofenketten?"},"content":{"rendered":"<p>[et_pb_section bb_built=&#8220;1&#8243; admin_label=&#8220;section&#8220;][et_pb_row admin_label=&#8220;row&#8220; background_position=&#8220;top_left&#8220; background_repeat=&#8220;repeat&#8220; background_size=&#8220;initial&#8220;][et_pb_column type=&#8220;1_2&#8243;][et_pb_text use_border_color=&#8220;off&#8220; background_position=&#8220;top_left&#8220; background_repeat=&#8220;repeat&#8220; background_size=&#8220;initial&#8220; _builder_version=&#8220;3.6&#8243;]<\/p>\n<h2>Was sind\u00a0Ofenketten?<\/h2>\n<p>Ofenketten sind hochtemperaturbest\u00e4ndige Ketten, die zum Transport von Last, Befestigung, Korb oder Ofenteil verwendet werden. Oft werden diese Ofenketten verwendet in: Chargen\u00f6fen (BT), In-Out-\u00d6fen (IO), Chargen-Integral-Abschreck\u00f6fen (BIQ), Durchlauf-Abschreck\u00f6fen (TQ), R\u00fcckkehr-Abschreck\u00f6fen (TQ), Casemaster-\u00d6fen (CM), verschlossene Abschreck-Chargenofen (SQ B und SQ), wo ein Paar endlose Ofenketten rechts und links mit Knagge eine Last von der Position A in die Position B in den Ofen bewegen. Oft ist die Materialmischung der Kette wichtig, da ein Teil der Kette im hei\u00dfen Ofenbereich bleibt, w\u00e4hrend der andere im kalten Teil verbleibt. Nat\u00fcrlich darf der kalte Teil keine Arbeit machen darf die Last von einer zur anderen Position nicht ziehen.<\/p>\n<p>SECO \/ WARWICK liefert Ofenketten und Dienstleistungen f\u00fcr S\/W der CaseMaster-\u00d6fen und \u00d6fen von vielen andere Hersteller. Unsere Erfahrung hilft Ihnen, die richtige Ofenkette f\u00fcr Ihre Art von Ofen zu w\u00e4hlen.<\/p>\n<p>[\/et_pb_text][\/et_pb_column][et_pb_column type=&#8220;1_2&#8243;][et_pb_selected_employees show_employee_photo=&#8220;on&#8220; show_employee_first_name=&#8220;on&#8220; show_employee_surname=&#8220;on&#8220; show_employee_phone=&#8220;on&#8220; show_employee_mobile=&#8220;on&#8220; show_employee_fax=&#8220;off&#8220; show_employee_email=&#8220;on&#8220; show_employee_division=&#8220;off&#8220; show_employee_position=&#8220;off&#8220; show_employee_about=&#8220;off&#8220; _builder_version=&#8220;3.6&#8243;][et_pb_employee post_id=&#8220;12935&#8243; title=&#8220;Georg Cluse&#8220; \/][\/et_pb_selected_employees][\/et_pb_column][\/et_pb_row][\/et_pb_section]<\/p>\n","protected":false},"excerpt":{"rendered":"<p>Was sind\u00a0Ofenketten? Ofenketten sind hochtemperaturbest\u00e4ndige Ketten, die zum Transport von Last, Befestigung, Korb oder Ofenteil verwendet werden. Oft werden diese Ofenketten verwendet in: Chargen\u00f6fen (BT), In-Out-\u00d6fen (IO), Chargen-Integral-Abschreck\u00f6fen (BIQ), Durchlauf-Abschreck\u00f6fen (TQ), R\u00fcckkehr-Abschreck\u00f6fen (TQ), Casemaster-\u00d6fen (CM), verschlossene Abschreck-Chargenofen (SQ B und SQ), wo ein Paar endlose Ofenketten rechts und links mit Knagge eine Last von der [&hellip;]<\/p>\n","protected":false},"author":2,"featured_media":0,"parent":5975,"menu_order":0,"comment_status":"closed","ping_status":"closed","template":"","meta":{"_acf_changed":false,"_et_pb_use_builder":"on","_et_pb_old_content":"","_et_gb_content_width":"","footnotes":""},"class_list":["post-47896","page","type-page","status-publish"],"acf":[],"_links":{"self":[{"href":"https:\/\/www.secowarwick.com\/de\/wp-json\/wp\/v2\/pages\/47896","targetHints":{"allow":["GET"]}}],"collection":[{"href":"https:\/\/www.secowarwick.com\/de\/wp-json\/wp\/v2\/pages"}],"about":[{"href":"https:\/\/www.secowarwick.com\/de\/wp-json\/wp\/v2\/types\/page"}],"author":[{"embeddable":true,"href":"https:\/\/www.secowarwick.com\/de\/wp-json\/wp\/v2\/users\/2"}],"replies":[{"embeddable":true,"href":"https:\/\/www.secowarwick.com\/de\/wp-json\/wp\/v2\/comments?post=47896"}],"version-history":[{"count":0,"href":"https:\/\/www.secowarwick.com\/de\/wp-json\/wp\/v2\/pages\/47896\/revisions"}],"up":[{"embeddable":true,"href":"https:\/\/www.secowarwick.com\/de\/wp-json\/wp\/v2\/pages\/5975"}],"wp:attachment":[{"href":"https:\/\/www.secowarwick.com\/de\/wp-json\/wp\/v2\/media?parent=47896"}],"curies":[{"name":"wp","href":"https:\/\/api.w.org\/{rel}","templated":true}]}}