{"id":50485,"date":"2017-05-24T09:46:07","date_gmt":"2017-05-24T07:46:07","guid":{"rendered":"http:\/\/www.secowarwick.com\/info-center\/seminar-2017\/piotr-kula\/"},"modified":"2024-09-30T14:09:24","modified_gmt":"2024-09-30T12:09:24","slug":"piotr-kula","status":"publish","type":"page","link":"https:\/\/www.secowarwick.com\/de\/piotr-kula\/","title":{"rendered":"Piotr Kula"},"content":{"rendered":"<p>[et_pb_section fb_built=&#8220;1&#8243; admin_label=&#8220;section&#8220; _builder_version=&#8220;4.16&#8243; custom_padding=&#8220;0px|||&#8220; transparent_background=&#8220;off&#8220; make_fullwidth=&#8220;off&#8220; use_custom_width=&#8220;off&#8220; width_unit=&#8220;on&#8220; global_colors_info=&#8220;{}&#8220;][et_pb_row admin_label=&#8220;row&#8220; _builder_version=&#8220;4.16&#8243; background_color=&#8220;#f8f8f8&#8243; background_size=&#8220;initial&#8220; background_position=&#8220;top_left&#8220; background_repeat=&#8220;repeat&#8220; custom_margin=&#8220;||45px|&#8220; custom_padding=&#8220;|||25px&#8220; make_fullwidth=&#8220;off&#8220; use_custom_width=&#8220;off&#8220; width_unit=&#8220;on&#8220; global_colors_info=&#8220;{}&#8220;][et_pb_column type=&#8220;4_4&#8243; _builder_version=&#8220;4.16&#8243; custom_padding=&#8220;|||&#8220; global_colors_info=&#8220;{}&#8220; custom_padding__hover=&#8220;|||&#8220;][et_pb_breadcrumbs _builder_version=&#8220;3.0.47&#8243; global_colors_info=&#8220;{}&#8220;][\/et_pb_breadcrumbs][et_pb_text _builder_version=&#8220;4.16&#8243; background_size=&#8220;initial&#8220; background_position=&#8220;top_left&#8220; background_repeat=&#8220;repeat&#8220; use_border_color=&#8220;off&#8220; global_colors_info=&#8220;{}&#8220;]<\/p>\n<h1>PRELEGENT<\/h1>\n<p>[\/et_pb_text][\/et_pb_column][\/et_pb_row][et_pb_row admin_label=&#8220;row&#8220; _builder_version=&#8220;4.16&#8243; background_size=&#8220;initial&#8220; background_position=&#8220;top_left&#8220; background_repeat=&#8220;repeat&#8220; global_colors_info=&#8220;{}&#8220; column_structure=&#8220;1_3,2_3&#8243;][et_pb_column type=&#8220;1_3&#8243; _builder_version=&#8220;4.16&#8243; custom_padding=&#8220;|||&#8220; global_colors_info=&#8220;{}&#8220; custom_padding__hover=&#8220;|||&#8220;][et_pb_image src=&#8220;https:\/\/www.secowarwick.com\/wp-content\/uploads\/2017\/05\/Piotr-Kula.jpg&#8220; alt=&#8220;Piotr Kula&#8220; align_tablet=&#8220;center&#8220; align_last_edited=&#8220;on|desktop&#8220; _builder_version=&#8220;4.16&#8243; animation_style=&#8220;slide&#8220; animation_direction=&#8220;left&#8220; animation_duration=&#8220;500ms&#8220; animation_intensity_slide=&#8220;10%&#8220; use_border_color=&#8220;off&#8220; global_colors_info=&#8220;{}&#8220; align_phone=&#8220;center&#8220;][\/et_pb_image][\/et_pb_column][et_pb_column type=&#8220;2_3&#8243; _builder_version=&#8220;4.16&#8243; custom_padding=&#8220;|||&#8220; global_colors_info=&#8220;{}&#8220; custom_padding__hover=&#8220;|||&#8220;][et_pb_text _builder_version=&#8220;4.16&#8243; background_size=&#8220;initial&#8220; background_position=&#8220;top_left&#8220; background_repeat=&#8220;repeat&#8220; use_border_color=&#8220;off&#8220; global_colors_info=&#8220;{}&#8220;]<span style=\"font-size: 14pt;\"><strong><span style=\"color: #dc291e;\">Prof. Ph.D Eng. PIOTR KULA<\/span><\/strong><\/span><br \/>\n<span style=\"font-size: 14pt;\">\u0141\u00f3d\u017a University of Technology<\/span><\/p>\n<p style=\"text-align: justify;\">Piotr Kula is a graduate of the \u0141\u00f3d\u017a University of Technology Faculty of Mechanics (1975). He has gained his doctorate, distinguished with the Minister\u2019s Award (1982), habilitation (1994) and Professor\u2019s title (2001) at the \u0141\u00f3d\u017a University of Technology. He represents the academic discipline of Materials Engineering.Laureate of the \u0141\u00f3d\u017a Governor\u2019s Award in the Category \u201cInvention of the Year 2007\u201d and Award of the \u0141\u00f3d\u017a Metals Science Association. Academic interests: surface engineering, nanomaterials. He is an author of 3 monographs, over 250 science and science-technical articles, as well as author or co-author of 21 patents. He is the founder and primary shareholder of the Hart-Tech Sp. z o.o. quenching plant, where he currently holds the position of Management Member. The company was established in 2010.<\/p>\n<p>[\/et_pb_text][\/et_pb_column][\/et_pb_row][\/et_pb_section]<\/p>\n","protected":false},"excerpt":{"rendered":"<p>[et_pb_breadcrumbs _builder_version=&#8220;3.0.47&#8243; global_colors_info=&#8220;{}&#8220;][\/et_pb_breadcrumbs]PRELEGENT Prof. Ph.D Eng. PIOTR KULA \u0141\u00f3d\u017a University of Technology Piotr Kula is a graduate of the \u0141\u00f3d\u017a University of Technology Faculty of Mechanics (1975). He has gained his doctorate, distinguished with the Minister\u2019s Award (1982), habilitation (1994) and Professor\u2019s title (2001) at the \u0141\u00f3d\u017a University of Technology. He represents the academic discipline [&hellip;]<\/p>\n","protected":false},"author":2,"featured_media":0,"parent":0,"menu_order":0,"comment_status":"closed","ping_status":"closed","template":"","meta":{"_acf_changed":false,"_et_pb_use_builder":"on","_et_pb_old_content":"","_et_gb_content_width":"","footnotes":""},"class_list":["post-50485","page","type-page","status-publish"],"acf":[],"_links":{"self":[{"href":"https:\/\/www.secowarwick.com\/de\/wp-json\/wp\/v2\/pages\/50485","targetHints":{"allow":["GET"]}}],"collection":[{"href":"https:\/\/www.secowarwick.com\/de\/wp-json\/wp\/v2\/pages"}],"about":[{"href":"https:\/\/www.secowarwick.com\/de\/wp-json\/wp\/v2\/types\/page"}],"author":[{"embeddable":true,"href":"https:\/\/www.secowarwick.com\/de\/wp-json\/wp\/v2\/users\/2"}],"replies":[{"embeddable":true,"href":"https:\/\/www.secowarwick.com\/de\/wp-json\/wp\/v2\/comments?post=50485"}],"version-history":[{"count":1,"href":"https:\/\/www.secowarwick.com\/de\/wp-json\/wp\/v2\/pages\/50485\/revisions"}],"predecessor-version":[{"id":165304,"href":"https:\/\/www.secowarwick.com\/de\/wp-json\/wp\/v2\/pages\/50485\/revisions\/165304"}],"wp:attachment":[{"href":"https:\/\/www.secowarwick.com\/de\/wp-json\/wp\/v2\/media?parent=50485"}],"curies":[{"name":"wp","href":"https:\/\/api.w.org\/{rel}","templated":true}]}}