{"id":50642,"date":"2017-05-24T07:50:33","date_gmt":"2017-05-24T05:50:33","guid":{"rendered":"http:\/\/www.secowarwick.com\/info-center\/seminar-2017\/tomasz-przygonski\/"},"modified":"2018-08-27T11:38:21","modified_gmt":"2018-08-27T09:38:21","slug":"tomasz-przygonski","status":"publish","type":"page","link":"https:\/\/www.secowarwick.com\/de\/info-center\/tomasz-przygonski\/","title":{"rendered":"TOMASZ PRZYGO\u0143SKI"},"content":{"rendered":"<p>[et_pb_section bb_built=&#8220;1&#8243; admin_label=&#8220;section&#8220; transparent_background=&#8220;off&#8220; allow_player_pause=&#8220;off&#8220; inner_shadow=&#8220;off&#8220; parallax=&#8220;off&#8220; parallax_method=&#8220;on&#8220; custom_padding=&#8220;0px|||&#8220; make_fullwidth=&#8220;off&#8220; use_custom_width=&#8220;off&#8220; width_unit=&#8220;on&#8220; make_equal=&#8220;off&#8220; use_custom_gutter=&#8220;off&#8220; prev_background_color=&#8220;#000000&#8243; next_background_color=&#8220;#000000&#8243;][et_pb_row admin_label=&#8220;row&#8220; make_fullwidth=&#8220;off&#8220; use_custom_width=&#8220;off&#8220; width_unit=&#8220;on&#8220; use_custom_gutter=&#8220;off&#8220; custom_padding=&#8220;|||25px&#8220; custom_margin=&#8220;||45px|&#8220; background_color=&#8220;#f8f8f8&#8243; allow_player_pause=&#8220;off&#8220; parallax=&#8220;off&#8220; parallax_method=&#8220;on&#8220; make_equal=&#8220;off&#8220; parallax_1=&#8220;off&#8220; parallax_method_1=&#8220;off&#8220; background_position=&#8220;top_left&#8220; background_repeat=&#8220;repeat&#8220; background_size=&#8220;initial&#8220;][et_pb_column type=&#8220;4_4&#8243;][et_pb_breadcrumbs \/][et_pb_text background_layout=&#8220;light&#8220; text_orientation=&#8220;left&#8220; use_border_color=&#8220;off&#8220; border_color=&#8220;#ffffff&#8220; border_style=&#8220;solid&#8220; background_position=&#8220;top_left&#8220; background_repeat=&#8220;repeat&#8220; background_size=&#8220;initial&#8220;]<\/p>\n<h1>UNSERE REFERENTEN<\/h1>\n<h2><\/h2>\n<h3><\/h3>\n<p>[\/et_pb_text][\/et_pb_column][\/et_pb_row][et_pb_row admin_label=&#8220;row&#8220; background_position=&#8220;top_left&#8220; background_repeat=&#8220;repeat&#8220; background_size=&#8220;initial&#8220;][et_pb_column type=&#8220;1_3&#8243;][et_pb_image admin_label=&#8220;Image&#8220; src=&#8220;https:\/\/www.secowarwick.com\/wp-content\/uploads\/2017\/05\/Tomasz-Przygo\u0144ski-SECOWARWICK-Thermal-Process-Equipment-Development-Director1.jpg&#8220; use_border_color=&#8220;off&#8220; animation_style=&#8220;slide&#8220; animation_duration=&#8220;500ms&#8220; animation_intensity_slide=&#8220;10%&#8220; animation_direction=&#8220;left&#8220; _builder_version=&#8220;3.6&#8243; alt=&#8220;Tomasz Przygo\u0144ski&#8220; \/][\/et_pb_column][et_pb_column type=&#8220;2_3&#8243;][et_pb_text use_border_color=&#8220;off&#8220; background_position=&#8220;top_left&#8220; background_repeat=&#8220;repeat&#8220; background_size=&#8220;initial&#8220; _builder_version=&#8220;3.6&#8243;]<\/p>\n<h2><span style=\"font-size: 14pt;\"><strong><span style=\"color: #dc291e;\">TOMASZ PRZYGO\u0143SKI<\/span><\/strong><\/span><br \/>\n<span style=\"font-size: 14pt;\">SECO\/WARWICK,\u00a0<\/span>\u00a0Thermal Process Equipment Development Director<\/h2>\n<p>Tomasz Przygo\u0144ski absolvierte die Fakult\u00e4t f\u00fcr Maschinenbau an der Technischen Hochschule in Zielona G\u00f3ra (Gr\u00fcnberg) und erreichte der Titel Diplom-Ingenieur. In der Anfangsphase seiner Karriere in den Jahren 1994-99war er Mitglied von Teams bei der ersten Implementierung von L\u00f6sungen der Atmosph\u00e4re von SECO\/WARWICK Corp. USA in Polen. Sp\u00e4ter, im Zeitraum von 5 Jahren au\u00dferhalb des Unternehmens S\/W, bei der leitenden F\u00fchrung f\u00fchrte er den Ausbau des Servicenetzes eines mit dem bekannten Hersteller von Lastwagen verbundenen Unternehmens. Seit 2004 wieder in der S\/W-Gruppe (LZT Elterma), beteiligt bei der Umsetzung von fortschrittlichen L\u00f6sungen f\u00fcr Rollen-, Band\u00f6fen, Sealed-Quench, Tief- und Zementier\u00f6fen. In den Jahren 2011-2015 war er der Leiter der Abteilung von \u00d6fen f\u00fcr Nitrieren und Aufkohlen und besch\u00e4ftigte sich sehr u.a. mit der Entwicklung der L\u00f6sung f\u00fcr Gasnitrieren ZeroFlow<sup>\u00ae<\/sup>, Generatoren f\u00fcr Atmosph\u00e4re, Bearbeitungsanlagen f\u00fcr Aufkohlen. Derzeit ist er der Leiter der Produktentwicklung\u00a0 im Segment Thermal und unterst\u00fctzt die Gesellschaften der S\/W-Gruppe in der Welt in Bezug auf die technischen L\u00f6sungen und deren Entwicklung.<\/p>\n<p>[\/et_pb_text][\/et_pb_column][\/et_pb_row][\/et_pb_section]<\/p>\n","protected":false},"excerpt":{"rendered":"<p>[et_pb_breadcrumbs \/] UNSERE REFERENTEN TOMASZ PRZYGO\u0143SKI SECO\/WARWICK,\u00a0\u00a0Thermal Process Equipment Development Director Tomasz Przygo\u0144ski absolvierte die Fakult\u00e4t f\u00fcr Maschinenbau an der Technischen Hochschule in Zielona G\u00f3ra (Gr\u00fcnberg) und erreichte der Titel Diplom-Ingenieur. In der Anfangsphase seiner Karriere in den Jahren 1994-99war er Mitglied von Teams bei der ersten Implementierung von L\u00f6sungen der Atmosph\u00e4re von SECO\/WARWICK Corp. [&hellip;]<\/p>\n","protected":false},"author":2,"featured_media":0,"parent":7296,"menu_order":0,"comment_status":"closed","ping_status":"closed","template":"","meta":{"_acf_changed":false,"_et_pb_use_builder":"on","_et_pb_old_content":"","_et_gb_content_width":"","footnotes":""},"class_list":["post-50642","page","type-page","status-publish"],"acf":[],"_links":{"self":[{"href":"https:\/\/www.secowarwick.com\/de\/wp-json\/wp\/v2\/pages\/50642","targetHints":{"allow":["GET"]}}],"collection":[{"href":"https:\/\/www.secowarwick.com\/de\/wp-json\/wp\/v2\/pages"}],"about":[{"href":"https:\/\/www.secowarwick.com\/de\/wp-json\/wp\/v2\/types\/page"}],"author":[{"embeddable":true,"href":"https:\/\/www.secowarwick.com\/de\/wp-json\/wp\/v2\/users\/2"}],"replies":[{"embeddable":true,"href":"https:\/\/www.secowarwick.com\/de\/wp-json\/wp\/v2\/comments?post=50642"}],"version-history":[{"count":0,"href":"https:\/\/www.secowarwick.com\/de\/wp-json\/wp\/v2\/pages\/50642\/revisions"}],"up":[{"embeddable":true,"href":"https:\/\/www.secowarwick.com\/de\/wp-json\/wp\/v2\/pages\/7296"}],"wp:attachment":[{"href":"https:\/\/www.secowarwick.com\/de\/wp-json\/wp\/v2\/media?parent=50642"}],"curies":[{"name":"wp","href":"https:\/\/api.w.org\/{rel}","templated":true}]}}