{"id":59107,"date":"2017-05-09T15:12:38","date_gmt":"2017-05-09T13:12:38","guid":{"rendered":"http:\/\/www.secowarwick.com\/produkte\/the-latest-technologies\/"},"modified":"2022-11-16T08:41:25","modified_gmt":"2022-11-16T07:41:25","slug":"neueste-technologien","status":"publish","type":"page","link":"https:\/\/www.secowarwick.com\/de\/produkte\/neueste-technologien\/","title":{"rendered":"Die neuesten Technologien"},"content":{"rendered":"<p>[et_pb_section fb_built=&#8220;1&#8243; admin_label=&#8220;section&#8220; _builder_version=&#8220;3.22&#8243; custom_padding=&#8220;||0px|&#8220; global_colors_info=&#8220;{}&#8220;][et_pb_row admin_label=&#8220;row&#8220; _builder_version=&#8220;3.25&#8243; background_size=&#8220;initial&#8220; background_position=&#8220;top_left&#8220; background_repeat=&#8220;repeat&#8220; custom_padding=&#8220;0px||0px|&#8220; global_colors_info=&#8220;{}&#8220;][et_pb_column type=&#8220;4_4&#8243; _builder_version=&#8220;3.25&#8243; custom_padding=&#8220;|||&#8220; global_colors_info=&#8220;{}&#8220; custom_padding__hover=&#8220;|||&#8220;][et_pb_text _builder_version=&#8220;4.10.3&#8243; background_size=&#8220;initial&#8220; background_position=&#8220;top_left&#8220; background_repeat=&#8220;repeat&#8220; hover_enabled=&#8220;0&#8243; global_colors_info=&#8220;{}&#8220; sticky_enabled=&#8220;0&#8243;]<\/p>\n<h2>Die neuesten Technologien von SECO\/WARWICK<\/h2>\n<h3>SECO\/WARWICK ist der Marktf\u00fchrer auf dem Gebiet der W\u00e4rmebehandlung von Metallen. Um das zu erreichen, muss man solche L\u00f6sungen entwickeln und einf\u00fchren, die die Regeln durchbrechen.<\/h3>\n<p>[\/et_pb_text][\/et_pb_column][\/et_pb_row][\/et_pb_section][et_pb_section fb_built=&#8220;1&#8243; _builder_version=&#8220;3.22&#8243; global_colors_info=&#8220;{}&#8220;][et_pb_row column_structure=&#8220;1_2,1_2&#8243; _builder_version=&#8220;3.25&#8243; background_size=&#8220;initial&#8220; background_position=&#8220;top_left&#8220; background_repeat=&#8220;repeat&#8220; global_colors_info=&#8220;{}&#8220;][et_pb_column type=&#8220;1_2&#8243; _builder_version=&#8220;3.25&#8243; custom_padding=&#8220;|||&#8220; global_colors_info=&#8220;{}&#8220; custom_padding__hover=&#8220;|||&#8220;][et_pb_blurb title=&#8220;Super IQ&#8220; url=&#8220;https:\/\/www.secowarwick.com\/de\/produkte\/schutzgasoefen-und-systeme-atm\/super-iq-universal-kammerofen\/&#8220; image=&#8220;https:\/\/www.secowarwick.com\/wp-content\/uploads\/2019\/11\/2019_SuperIQ-e1576235058946.jpg&#8220; alt=&#8220;UnicaseMaster&#8220; admin_label=&#8220;Super IQ&#8220; _builder_version=&#8220;3.6&#8243; header_font_size=&#8220;22&#8243; background_size=&#8220;initial&#8220; background_position=&#8220;top_left&#8220; background_repeat=&#8220;repeat&#8220; max_width_tablet=&#8220;50px&#8220; use_border_color=&#8220;off&#8220; global_colors_info=&#8220;{}&#8220;]<span lang=\"de-DE\">Der Universal-Kammer\u00f6fen\u00a0<\/span><span lang=\"de-DE\">mit integriertem H\u00e4rtetank, die zum Aufkohlen und H\u00e4rten von Stahl entwickelt wurden.\u00a0<\/span>Die Anlage ist so konzipiert, dass sie zu den bestehenden technologischen Linien der Aufkohlungskammer\u00f6fen hinzugef\u00fcgt werden kann, ohne dass wesentliche \u00c4nderungen an der bestehenden Infrastruktur erforderlich sind.<\/p>\n<p style=\"text-align: left;\"><a href='https:\/\/www.secowarwick.com\/de\/produkte\/schutzgasoefen-und-systeme-atm\/super-iq-universal-kammerofen\/' class='small-button smallred'><span>mehr<\/span><\/a><\/p>\n<p>[\/et_pb_blurb][\/et_pb_column][et_pb_column type=&#8220;1_2&#8243; _builder_version=&#8220;3.25&#8243; custom_padding=&#8220;|||&#8220; global_colors_info=&#8220;{}&#8220; custom_padding__hover=&#8220;|||&#8220;][et_pb_blurb title=&#8220;4D Quench&#8220; url=&#8220;https:\/\/www.secowarwick.com\/de\/produkte\/vakuum-anlagen\/unicase-master-4d-quench\/&#8220; image=&#8220;https:\/\/www.secowarwick.com\/wp-content\/uploads\/2020\/11\/the-latest-4d.jpg&#8220; alt=&#8220;ZeroFlow&#8220; admin_label=&#8220;4D Quench&#8220; _builder_version=&#8220;3.6&#8243; header_font_size=&#8220;22&#8243; background_size=&#8220;initial&#8220; background_position=&#8220;top_left&#8220; background_repeat=&#8220;repeat&#8220; max_width_tablet=&#8220;50px&#8220; use_border_color=&#8220;off&#8220; global_colors_info=&#8220;{}&#8220;]4D Quench\u00ae \u2013 ist ein Vakuum-W\u00e4rmebehandlungssystem zum individuellen Abschrecken unter Stickstoff von Einzelst\u00fccken von mechanischen Getriebebauteilen wie Zahnr\u00e4der, Wellen, Ringe, H\u00fclsen usw. und es wird hergestellt aus Normal- und Spezialstahl und durchgeh\u00e4rteten St\u00e4hlen.<\/p>\n<p style=\"text-align: left;\"><a href='https:\/\/www.secowarwick.com\/de\/produkte\/vakuum-anlagen\/unicase-master-4d-quench\/' class='small-button smallred'><span>mehr<\/span><\/a><\/p>\n<p>[\/et_pb_blurb][\/et_pb_column][\/et_pb_row][et_pb_row column_structure=&#8220;1_2,1_2&#8243; _builder_version=&#8220;3.25&#8243; background_size=&#8220;initial&#8220; background_position=&#8220;top_left&#8220; background_repeat=&#8220;repeat&#8220; global_colors_info=&#8220;{}&#8220;][et_pb_column type=&#8220;1_2&#8243; _builder_version=&#8220;3.25&#8243; custom_padding=&#8220;|||&#8220; global_colors_info=&#8220;{}&#8220; custom_padding__hover=&#8220;|||&#8220;][et_pb_blurb title=&#8220;Pit-LPC&#8220; url=&#8220;https:\/\/www.secowarwick.com\/de\/produkte\/vakuum-anlagen\/pit-lpc-vakuumgrubenofen-zum-aufkohlen-dicker-schichten-fuer-grosse-details\/&#8220; image=&#8220;https:\/\/www.secowarwick.com\/wp-content\/uploads\/2020\/11\/the-latest-pit.jpg&#8220; alt=&#8220;UnicaseMaster&#8220; admin_label=&#8220;Pit-LPC&#8220; _builder_version=&#8220;3.6&#8243; header_font_size=&#8220;22&#8243; background_size=&#8220;initial&#8220; background_position=&#8220;top_left&#8220; background_repeat=&#8220;repeat&#8220; max_width_tablet=&#8220;50px&#8220; use_border_color=&#8220;off&#8220; global_colors_info=&#8220;{}&#8220;]Pit-LPC \u2013 eine Alternative zur Gasaufkohlung, die bereits ihre maximale Kapazit\u00e4t erreicht hat. Pit-LPC= Kostensenkung, Sorge um die \u00d6kologie, erh\u00f6hte Produktion, all dies ist m\u00f6glich, indem der Prozess im\u00a0Vakuum\u00a0bei h\u00f6heren Temperaturen durchgef\u00fchrt wird.<\/p>\n<p style=\"text-align: left;\"><a href='https:\/\/www.secowarwick.com\/de\/produkte\/vakuum-anlagen\/pit-lpc-vakuumgrubenofen-zum-aufkohlen-dicker-schichten-fuer-grosse-details\/' class='small-button smallred'><span>mehr<\/span><\/a><\/p>\n<p>[\/et_pb_blurb][\/et_pb_column][et_pb_column type=&#8220;1_2&#8243; _builder_version=&#8220;3.25&#8243; custom_padding=&#8220;|||&#8220; global_colors_info=&#8220;{}&#8220; custom_padding__hover=&#8220;|||&#8220;][et_pb_blurb title=&#8220;Vector 3D&#8220; url=&#8220;https:\/\/www.secowarwick.com\/de\/vector-3d-vakuumoefen\/&#8220; image=&#8220;https:\/\/www.secowarwick.com\/wp-content\/uploads\/2020\/11\/the-latest-vector.jpg&#8220; alt=&#8220;ZeroFlow&#8220; admin_label=&#8220;Vector 3D&#8220; _builder_version=&#8220;3.6&#8243; header_font_size=&#8220;22&#8243; background_size=&#8220;initial&#8220; background_position=&#8220;top_left&#8220; background_repeat=&#8220;repeat&#8220; max_width_tablet=&#8220;50px&#8220; use_border_color=&#8220;off&#8220; global_colors_info=&#8220;{}&#8220;]4D Quench\u00ae \u2013 ist ein Vakuum-W\u00e4rmebehandlungssystem zum individuellen Abschrecken unter Stickstoff von Einzelst\u00fccken von mechanischen Getriebebauteilen wie Zahnr\u00e4der, Wellen, Ringe, H\u00fclsen usw. und es wird hergestellt aus Normal- und Spezialstahl und durchgeh\u00e4rteten St\u00e4hlen.<\/p>\n<p style=\"text-align: left;\"><a href='https:\/\/www.secowarwick.com\/de\/vector-3d-vakuumoefen\/' class='small-button smallred'><span>mehr<\/span><\/a><\/p>\n<p>[\/et_pb_blurb][\/et_pb_column][\/et_pb_row][et_pb_row column_structure=&#8220;1_2,1_2&#8243; _builder_version=&#8220;3.25&#8243; background_size=&#8220;initial&#8220; background_position=&#8220;top_left&#8220; background_repeat=&#8220;repeat&#8220; global_colors_info=&#8220;{}&#8220;][et_pb_column type=&#8220;1_2&#8243; _builder_version=&#8220;3.25&#8243; custom_padding=&#8220;|||&#8220; global_colors_info=&#8220;{}&#8220; custom_padding__hover=&#8220;|||&#8220;][et_pb_blurb title=&#8220;Vortex\u00ae Jet AirFlow&#8220; url=&#8220;https:\/\/www.secowarwick.com\/de\/produkte\/aluminium-prozesse\/aluminium-gluehofen-fuer-coils-ausgestattet\/&#8220; image=&#8220;https:\/\/www.secowarwick.com\/wp-content\/uploads\/2018\/10\/2016_AP_Vector.png&#8220; alt=&#8220;UnicaseMaster&#8220; admin_label=&#8220;Vortex\u00ae Jet AirFlow&#8220; _builder_version=&#8220;3.6&#8243; header_font_size=&#8220;22&#8243; background_size=&#8220;initial&#8220; background_position=&#8220;top_left&#8220; background_repeat=&#8220;repeat&#8220; max_width_tablet=&#8220;50px&#8220; use_border_color=&#8220;off&#8220; global_colors_info=&#8220;{}&#8220;]Patentiertes Konvektions- und D\u00fcsenheizsystem von Aluminium-Coils, die im Prozess des Zwischen- und Endgl\u00fchens verwendet werden. Energieeffizientes und effektives System basierend auf speziell geformten D\u00fcsen, die eine spiralf\u00f6rmige Str\u00f6mung des Heizmittels erzeugen, gekoppelt mit einem effizienten Ventilator und einem einzigartigen Steuerungssystem.<\/p>\n<p style=\"text-align: left;\"><a href='https:\/\/www.secowarwick.com\/de\/produkte\/aluminium-prozesse\/aluminium-gluehofen-fuer-coils-ausgestattet\/' class='small-button smallred'><span>mehr<\/span><\/a><\/p>\n<p>[\/et_pb_blurb][\/et_pb_column][et_pb_column type=&#8220;1_2&#8243; _builder_version=&#8220;3.25&#8243; custom_padding=&#8220;|||&#8220; global_colors_info=&#8220;{}&#8220; custom_padding__hover=&#8220;|||&#8220;][et_pb_blurb title=&#8220;VIM&#8220; url=&#8220;https:\/\/www.secowarwick.com\/wp-content\/uploads\/2016\/03\/Vacuum-Induction-Melting-Furnaces-VIM.pdf&#8220; url_new_window=&#8220;on&#8220; image=&#8220;https:\/\/www.secowarwick.com\/wp-content\/uploads\/2021\/01\/VIM.jpg&#8220; alt=&#8220;UnicaseMaster&#8220; admin_label=&#8220;VIM&#8220; _builder_version=&#8220;3.6&#8243; header_font_size=&#8220;22&#8243; background_size=&#8220;initial&#8220; background_position=&#8220;top_left&#8220; background_repeat=&#8220;repeat&#8220; max_width_tablet=&#8220;50px&#8220; use_border_color=&#8220;off&#8220; global_colors_info=&#8220;{}&#8220;]&nbsp;<\/p>\n<p style=\"text-align: left;\"><a href='https:\/\/www.secowarwick.com\/wp-content\/uploads\/2016\/03\/Vacuum-Induction-Melting-Furnaces-VIM.pdf' class='small-button smallred'><span>mehr<\/span><\/a><\/p>\n<p>[\/et_pb_blurb][\/et_pb_column][\/et_pb_row][et_pb_row column_structure=&#8220;1_2,1_2&#8243; _builder_version=&#8220;3.25&#8243; background_size=&#8220;initial&#8220; background_position=&#8220;top_left&#8220; background_repeat=&#8220;repeat&#8220; global_colors_info=&#8220;{}&#8220;][et_pb_column type=&#8220;1_2&#8243; _builder_version=&#8220;3.25&#8243; custom_padding=&#8220;|||&#8220; global_colors_info=&#8220;{}&#8220; custom_padding__hover=&#8220;|||&#8220;][et_pb_blurb title=&#8220;PAM&#8220; url=&#8220;https:\/\/www.secowarwick.com\/wp-content\/uploads\/2020\/09\/Plasma-ARC-Melting-PAM-Furnaces.pdf&#8220; url_new_window=&#8220;on&#8220; image=&#8220;https:\/\/www.secowarwick.com\/wp-content\/uploads\/2021\/01\/PAM.jpg&#8220; alt=&#8220;UnicaseMaster&#8220; admin_label=&#8220;PAM&#8220; _builder_version=&#8220;3.6&#8243; header_font_size=&#8220;22&#8243; background_size=&#8220;initial&#8220; background_position=&#8220;top_left&#8220; background_repeat=&#8220;repeat&#8220; max_width_tablet=&#8220;50px&#8220; use_border_color=&#8220;off&#8220; global_colors_info=&#8220;{}&#8220;]&nbsp;<\/p>\n<p style=\"text-align: left;\"><a href='' class='small-button smallred'><span>mehr<\/span><\/a><\/p>\n<p>[\/et_pb_blurb][\/et_pb_column][et_pb_column type=&#8220;1_2&#8243; _builder_version=&#8220;3.25&#8243; custom_padding=&#8220;|||&#8220; global_colors_info=&#8220;{}&#8220; custom_padding__hover=&#8220;|||&#8220;][et_pb_blurb title=&#8220;JetCaster&#8220; url=&#8220;https:\/\/www.secowarwick.com\/de\/produkte\/retech-vakuummetallurgie-anlagen-vme\/&#8220; image=&#8220;https:\/\/www.secowarwick.com\/wp-content\/uploads\/2021\/05\/JetCaster.jpg&#8220; alt=&#8220;UnicaseMaster&#8220; admin_label=&#8220;JetCaster&#8220; _builder_version=&#8220;4.10.3&#8243; header_font_size=&#8220;22&#8243; background_size=&#8220;initial&#8220; background_position=&#8220;top_left&#8220; background_repeat=&#8220;repeat&#8220; max_width_tablet=&#8220;50px&#8220; use_border_color=&#8220;off&#8220; global_colors_info=&#8220;{}&#8220;]<\/p>\n<p>&nbsp;<\/p>\n<p style=\"text-align: left;\"><a href='https:\/\/www.secowarwick.com\/de\/vim-jet-caster\/' class='small-button smallred'><span>mehr<\/span><\/a><\/p>\n<p>[\/et_pb_blurb][\/et_pb_column][\/et_pb_row][\/et_pb_section]<\/p>\n","protected":false},"excerpt":{"rendered":"<p>Die neuesten Technologien von SECO\/WARWICK SECO\/WARWICK ist der Marktf\u00fchrer auf dem Gebiet der W\u00e4rmebehandlung von Metallen. Um das zu erreichen, muss man solche L\u00f6sungen entwickeln und einf\u00fchren, die die Regeln durchbrechen. Der Universal-Kammer\u00f6fen\u00a0mit integriertem H\u00e4rtetank, die zum Aufkohlen und H\u00e4rten von Stahl entwickelt wurden.\u00a0Die Anlage ist so konzipiert, dass sie zu den bestehenden technologischen Linien [&hellip;]<\/p>\n","protected":false},"author":2,"featured_media":0,"parent":7106,"menu_order":0,"comment_status":"closed","ping_status":"closed","template":"","meta":{"_acf_changed":false,"_et_pb_use_builder":"on","_et_pb_old_content":"","_et_gb_content_width":"","footnotes":""},"class_list":["post-59107","page","type-page","status-publish"],"acf":[],"_links":{"self":[{"href":"https:\/\/www.secowarwick.com\/de\/wp-json\/wp\/v2\/pages\/59107","targetHints":{"allow":["GET"]}}],"collection":[{"href":"https:\/\/www.secowarwick.com\/de\/wp-json\/wp\/v2\/pages"}],"about":[{"href":"https:\/\/www.secowarwick.com\/de\/wp-json\/wp\/v2\/types\/page"}],"author":[{"embeddable":true,"href":"https:\/\/www.secowarwick.com\/de\/wp-json\/wp\/v2\/users\/2"}],"replies":[{"embeddable":true,"href":"https:\/\/www.secowarwick.com\/de\/wp-json\/wp\/v2\/comments?post=59107"}],"version-history":[{"count":3,"href":"https:\/\/www.secowarwick.com\/de\/wp-json\/wp\/v2\/pages\/59107\/revisions"}],"predecessor-version":[{"id":133299,"href":"https:\/\/www.secowarwick.com\/de\/wp-json\/wp\/v2\/pages\/59107\/revisions\/133299"}],"up":[{"embeddable":true,"href":"https:\/\/www.secowarwick.com\/de\/wp-json\/wp\/v2\/pages\/7106"}],"wp:attachment":[{"href":"https:\/\/www.secowarwick.com\/de\/wp-json\/wp\/v2\/media?parent=59107"}],"curies":[{"name":"wp","href":"https:\/\/api.w.org\/{rel}","templated":true}]}}