{"id":5975,"date":"2016-10-20T12:12:45","date_gmt":"2016-10-20T10:12:45","guid":{"rendered":"http:\/\/www.secowarwick.com\/de\/faq\/"},"modified":"2026-03-19T10:29:25","modified_gmt":"2026-03-19T09:29:25","slug":"faq","status":"publish","type":"page","link":"https:\/\/www.secowarwick.com\/de\/technik-im-rampenlicht\/faq\/","title":{"rendered":"FAQ"},"content":{"rendered":"<p>[et_pb_section fb_built=&#8220;1&#8243; admin_label=&#8220;section&#8220; _builder_version=&#8220;4.16&#8243; global_colors_info=&#8220;{}&#8220;][et_pb_row column_structure=&#8220;2_3,1_3&#8243; admin_label=&#8220;row&#8220; _builder_version=&#8220;4.16&#8243; background_size=&#8220;initial&#8220; background_position=&#8220;top_left&#8220; background_repeat=&#8220;repeat&#8220; global_colors_info=&#8220;{}&#8220;][et_pb_column type=&#8220;2_3&#8243; _builder_version=&#8220;4.16&#8243; custom_padding=&#8220;|||&#8220; global_colors_info=&#8220;{}&#8220; custom_padding__hover=&#8220;|||&#8220;][et_pb_accordion _builder_version=&#8220;4.27.6&#8243; hover_enabled=&#8220;0&#8243; use_border_color=&#8220;off&#8220; global_colors_info=&#8220;{}&#8220; sticky_enabled=&#8220;0&#8243;][et_pb_accordion_item title=&#8220;Vacuum&#8220; _builder_version=&#8220;4.16&#8243; global_colors_info=&#8220;{}&#8220; open=&#8220;off&#8220;]<\/p>\n<h3>Was ist HPGQ?<\/h3>\n<p class=\"western\" lang=\"de-DE\">Was ist Hochdruck-Gasabschreckung (HPGQ)?<\/p>\n<p class=\"western\" lang=\"de-DE\">Die h\u00e4ufigste Definition von der Hochdruck-Gasabschreckung hei\u00dft, dass es&nbsp;die Beschleunigung der Rate (Geschwindigkeit) von Abschrecken durch Verdichtung und Abk\u00fchlung des Gases ist. Einer der Gr\u00fcnde f\u00fcr das starke Interesse an dieser Abschrecktechnik beruht darauf, die Verzerrung der Teile durch volle H\u00e4rte zu verbessern. Ein kritischer Punkt ist, den Verlust von metallurgischen, mechanischen oder physikalischen Eigenschaften zu vermeiden. Das hei\u00dft, die F\u00e4higkeit zu behalten, ein Material zu einer Mikrostruktur umzuwandeln, die der eines bekannten Abschreckmediums (beispielsweise \u00d6l oder Salz) \u00e4hnlich, gleich, oder besser als sie ist. Die herk\u00f6mmlichen Abschreckgase beinhalten Stickstoff, Argon und Helium. Der Wasserstoff, obwohl ausgezeichnet bez\u00fcglich der W\u00e4rme\u00fcbertragung, wird selten als Abschreckgas aus Sicherheitsr\u00fccksicht verwendet.<\/p>\n<p class=\"western\" lang=\"de-DE\">Hochdruck-Gasabschreckung (HPGQ) bietet eine Vielzahl an attraktiven Vorteilen, darunter eine beispiellose Teilsauberkeit und eine geringere allgemeine Ma\u00df\u00e4nderung. Feste oder variable K\u00fchlraten werden zur Steuerung von H\u00e4rte und Verzerrung verwendet, wobei der Abschreckdruck je&nbsp;nach Belastungsgr\u00f6\u00dfe, Materialtyp und Schnittteildicke variieren kann. Bei der Hochdruck-Gasabschreckung sind die Produktkonsistenz und Wiederholgenauigkeit hervorragend.<\/p>\n<h3>Was ist ein Vakuumofen?<\/h3>\n<p class=\"western\" lang=\"de-DE\">Die wichtigsten Fakten \u00fcber einen Vakuumofen<\/p>\n<p class=\"western\" lang=\"de-DE\">Die Vakuum\u00f6fen werden in&nbsp;vielen Anwendungen in&nbsp;allen Industrien verwendet. Das Vakuum ist eine der Methoden, den erhitzten Stahl und die Metallteile vor dem negativen Einfluss der Luftatmosph\u00e4re zu sch\u00fctzen. Ein Vakuumofen ist in&nbsp;der Regel ein elektrisch beheizter Ofen, in&nbsp;dem ein Vakuum w\u00e4hrend des Verfahrens gehalten wird. Die meisten Vakuum\u00f6fen werden durch elektrische Widerstandselemente, die aus Graphit, Keramik oder Metallen hergestellt werden, erhitzt.<\/p>\n<p class=\"western\" lang=\"de-DE\">Gasbeheizte Vakuum\u00f6fen von SECO \/ WARWICK<\/p>\n<p class=\"western\" lang=\"de-DE\">SECO \/ WARWICK kann gasbeheizte Vakuum\u00f6fen liefern. Ein gasbeheizter Vakuumofen wird nicht direkt durch offene Brenner, sondern indirekt als ein Vakuumretortenofen oder ein Vakuumofen mit vakuumdichten Strahlungsbrenner-Rohren erhitzt.<\/p>\n<p class=\"western\" lang=\"de-DE\">Das Vakuum im&nbsp;Ofen wird durch Vakuumpumpen gehalten. Je&nbsp;nach Anwendung, werden einzelne oder eine Kombination von mechanischen Pumpen mit Verst\u00e4rker, Diffusions- und Turbomolekularpumpen verwendet.<\/p>\n<p>[\/et_pb_accordion_item][et_pb_accordion_item title=&#8220;Atmosphere&#8220; _builder_version=&#8220;4.16&#8243; global_colors_info=&#8220;{}&#8220; open=&#8220;off&#8220;]<\/p>\n<h3>Was ist ein Strahlungsrohr?<\/h3>\n<p>Ein Strahlungsrohr ist eine Art von Heizelement. Das Strahlungsrohr kann mit einem Brenner oder elektrischem \u00a0Heizelement integriert werden:<\/p>\n<ul>\n<li>das mit dem Brenner integrierte Rohr trennt sowohl die Flamme als auch das Verbrennungsgas von der technologischen Atmosph\u00e4re in&nbsp;der Heizkammer;<\/li>\n<li>das mit dem elektrischen Heizelement integrierte Rohr sch\u00fctzt das Heizelement vor sch\u00e4dlichem Einfluss der technologische Atmosph\u00e4re des Ofens.<\/li>\n<\/ul>\n<h3>Was sind die Vorteile eines SECO\/WARWICK Rollenherdofens?<\/h3>\n<p>*Rollenherdofensysteme* \u203a <a href=\"https:\/\/www.secowarwick.com\/de\/technik-im-rampenlicht\/faq\/what-are-the-advantages-of-a-secowarwick-roller-hearth-furnace\/\">Weiterlesen<\/a><\/p>\n<h3>Was ist eine Anwendung f\u00fcr einen Rollenherdofen ?<\/h3>\n<p>SECO\/WARWICK entwickelt und baut Rollenherddurchlauf\u00f6fen zum Gl\u00fchen von Halb- und Fertigrohren aus Eisen, Nichteisenmetallen und Edelstahl-Materialien. \u203a <a href=\"https:\/\/www.secowarwick.com\/de\/technik-im-rampenlicht\/faq\/was-ist-eine-anwendung-fuer-einen-rollenherdofen\/\">Weiterlesen<\/a><\/p>\n<h3>Was ist die Ursache von hohem Taupunkt in&nbsp;meinem Atmosph\u00e4re-Generator?<\/h3>\n<p>Einer der h\u00e4ufigsten in&nbsp;Generatoren auftretenden Problemen ist der hohe Taupunkt. Dies k\u00f6nnte durch einen Leck im&nbsp;Gask\u00fchler verursacht werden, der ein Wasserk\u00fchler mit einem Rohr ist. Wenn es&nbsp;sich um einen undichten Gask\u00fchler handelt, ist die Entscheidung ganz einfach &#8211; reparieren. Wenn der Wasserk\u00fchler nicht undicht ist, und der Taupunkt immer noch hoch liegt, ist es&nbsp;m\u00f6glich, dass der Generator mehr Luft, als auf dem Flussmesser angezeigt, bekommt. Die Ursachen von Lufteindringen in&nbsp;den Generator k\u00f6nnen an der Pumpenwelle, einem schlechten Bypass-Regler oder losen Rohrleitungen liegen. \u203a <a href=\"https:\/\/www.secowarwick.com\/de\/technik-im-rampenlicht\/faq\/was-ist-die-ursache-von-hohem-taupunkt-in-meinem-atmosphaere-generator\/\">Weiterlesen<\/a><\/p>\n<h3>Wie kann man feststellen, wo die Luft in&nbsp;die Atmosph\u00e4ren\u00f6fen eindringt?<\/h3>\n<p>Ein beim Ofenbetrieb auftretendes Problem, insbesondere bei Atmosph\u00e4ren\u00f6fen, ist das Eindringen von Luft in&nbsp;den Ofenraum oder K\u00fchlkammer.<\/p>\n<p>Normalerweise ist das Problem von der in&nbsp;den Ofen gezogener Luft aufgrund der Verschlechterung der Dichtungen des Strahlrohres, der Lager, T\u00fcrdichtungen, rissigen Schwei\u00dfungen oder undichten K\u00fchlkammern entstanden. Ein Mittel zur Bestimmung dieser Ursachen in&nbsp;Atmosph\u00e4ren\u00f6fen ist, den Ofen so dicht wie m\u00f6glich unter Druck zu halten und alle Lager, Strahlrohranschl\u00fcsse, T\u00fcrdichtungen, usw., mit Seifenblasen zu pr\u00fcfen. Eine Sache, die Menschen sich schwer vorzustellen, ist, dass, obwohl ein Ofen unter Druck betrieben wird, kann er&nbsp;immer noch Luft in&nbsp;die Kammer einziehen. Eine Sache, die Sie sich sicher sein k\u00f6nnen, wenn ein Ofen unter Druck steht und die Atmosph\u00e4re ausl\u00e4uft, bedeutet dies, dass die Luft eindringen kann. Einige der Ursachen von Atmosph\u00e4ren oder Undichtigkeiten k\u00f6nnen wie folgt aussehen: Lager nicht richtig geschmiert oder Dichtung am&nbsp;Zugangsstecker oder Strahlrohrstecker oder Stecker vom L\u00fcfter geh\u00e4rtet und verschlechtert sind und keine richtige Dichtung mehr gew\u00e4hrleisten. Eine weitere Quelle vom Lufteindringen in&nbsp;einen Ofen ist durch einen gerissenen Strahlrohr m\u00f6glich. Wenn ein Prozessproblem nicht auftritt, und es&nbsp;wurde festgestellt, dass das in&nbsp;den Ofen zugef\u00fchrte Atmosph\u00e4rengas \u00a0richtig ist, sollten alle oben genannten Punkte \u00fcberpr\u00fcft werden, um das eventuelle Problem zu l\u00f6sen.[\/et_pb_accordion_item][et_pb_accordion_item title=&#8220;Nitriding&#8220; _builder_version=&#8220;4.16&#8243; global_colors_info=&#8220;{}&#8220; open=&#8220;off&#8220;]<\/p>\n<h3>Was ist das Potential von Nitrierung?<\/h3>\n<p>Das Potential von Nitrierung wird thermodynamisch definiert durch:<\/p>\n<p><img decoding=\"async\" class=\"left\" title=\"\" src=\"https:\/\/www.secowarwick.com\/wp-content\/uploads\/assets\/Uploads\/clip-image001.jpg\" alt=\"clip image001\" width=\"112\" height=\"65\" \/><\/p>\n<p>wo die \u201ep<sub>NH3<\/sub>\u201d und \u201cp<sub>H2<\/sub>\u201d \u00a0die Partialdr\u00fccke des Ammoniaks beziehungsweise der Wasserstoffgase sind. Dieses Potential definiert die M\u00f6glichkeit, die Stickstoffschichten von bestimmten Struktur zu schaffen. Im&nbsp;allgemeinen \u2013 das h\u00f6here Potential bedeutet, dass die resultierenden Phasen reicher an Stickstoff sind. Die Phasenstruktur von Stickstoffschichten als Funktion des Potentials und der Temperatur wird am&nbsp;Lehrer-Diagramm dargestellt.[\/et_pb_accordion_item][et_pb_accordion_item title=&#8220;CAB&#8220; _builder_version=&#8220;4.16&#8243; global_colors_info=&#8220;{}&#8220; open=&#8220;off&#8220;]<\/p>\n<h3>Was ist ein Fluxer?<\/h3>\n<p class=\"western\" lang=\"de-DE\"><strong>Fluxer<\/strong><\/p>\n<p class=\"western\" lang=\"de-DE\">Der gereinigte W\u00e4rmeaustauscher ist mit einer geeigneten Schicht des Hartl\u00f6tens und Flussmittel-Mischung vor dem Start des L\u00f6tvorgangs beschichtet.<\/p>\n<p class=\"western\" lang=\"de-DE\">Wir liefern die folgenden Typen von Fluxern:<\/p>\n<p class=\"western\" lang=\"de-DE\"><strong>Spray Fluxers<\/strong> Das Spr\u00fchverfahren wird verwendet, um chemische, mit Wasser gemischte Suspensionen zu verwenden. Dies ist das am&nbsp;weitesten verbreitete und am&nbsp;h\u00e4ufigsten verwendete Verfahren.<\/p>\n<p class=\"western\" lang=\"de-DE\"><strong>Fluxer zum Streichen<\/strong> Dieses Ger\u00e4t ist speziell f\u00fcr die Elemente von W\u00e4rmetauschern vorgesehen, die nicht zug\u00e4nglich sind, um mit Spray Fluxer bespr\u00fcht zu werden.<\/p>\n<p class=\"western\" lang=\"de-DE\"><strong>Tauch Fluxe<\/strong>r Einige W\u00e4rmetauscher auf dem Markt verf\u00fcgen \u00fcber einen Entwurf, der Anwendung des Flussmittels in&nbsp;den inneren R\u00e4umen erfordert. In&nbsp;diesem Fall wird das Spritverfahren des Flussmittels nicht angemessene Vorbereitung der L\u00f6tstelle zum L\u00f6ten sicherstellen. Die Tauch-Fluxer von SECO\/WARWICK sind eine L\u00f6sung f\u00fcr dieses Problem.<\/p>\n<p class=\"western\" lang=\"de-DE\"><strong>Elektrostatische Fluxer<\/strong> sind eine Alternative zum \u201enassen Fluxer\u201c, da sie zur Vorbereitung keine Flussmittel-Wasser-L\u00f6sung ben\u00f6tigen.<\/p>\n<p>[\/et_pb_accordion_item][et_pb_accordion_item title=&#8220;General&#8220; _builder_version=&#8220;4.16&#8243; global_colors_info=&#8220;{}&#8220; open=&#8220;off&#8220;]<\/p>\n<h3>Was ist ein Elektronenstrahl?<\/h3>\n<p class=\"western\" lang=\"de-DE\">Die Definition von einem Elektronenstahl<\/p>\n<p class=\"western\" lang=\"de-DE\">Die freien Elektronen in&nbsp;Vakuum k\u00f6nnen beschleunigt und ihre Bahnen durch elektrische und magnetische Felder gesteuert werden. Auf diese Weise k\u00f6nnen wir schmale Strahlen von Elektronen von hoher kinetischer Energie bilden, die bei Kollisionen mit den Atomen im&nbsp;Festk\u00f6rper ihre kinetische Energie in&nbsp;W\u00e4rme umwandeln. Dank einiger spezifischen Bedingungen, diese Art der Heizung bietet uns beste M\u00f6glichkeiten.<\/p>\n<p class=\"western\" lang=\"de-DE\">Diese Bedingungen sind wie folgt:<\/p>\n<p class=\"western\" lang=\"de-DE\">Ein starkes elektrisches Feld kann Elektronen auf eine sehr hohe Geschwindigkeit beschleunigen,<\/p>\n<p class=\"western\" lang=\"de-DE\">Durch Verwendung von magnetischen Linsen kann der Strahl in&nbsp;einen schmalen Kegel geformt und auf einen sehr kleinen Durchmesser mit sehr hoher Leistungsdichte an der Fl\u00e4che des Zusammensto\u00dfes des Strahls mit der Oberfl\u00e4che einiges Festk\u00f6rpers fokussiert werden,<\/p>\n<p class=\"western\" lang=\"de-DE\">Die Eindringtiefe der Elektronen in&nbsp;die Feststoffe liegt in&nbsp;der Gr\u00f6\u00dfenordnung von hundertstel Millimeter. Die Volumendichte der Leistung in&nbsp;dem kleinen Volumen, in&nbsp;dem die kinetische Energie der Elektronen in&nbsp;W\u00e4rme umgewandelt wird (nachfolgend, die Temperatur in&nbsp;diesem Volumen erh\u00f6ht sich extrem schnell).<\/p>\n<p class=\"western\" lang=\"de-DE\">Was sind die Auswirkungen von einem Elektronenstrahl?<\/p>\n<p class=\"western\" lang=\"de-DE\">Die resultierende Wirkung des Elektronenstrahls unter solchen Umst\u00e4nden h\u00e4ngt von den Bedingungen ab &#8211; vor allem von den physikalischen Eigenschaften des Materials. Jedes Material kann in&nbsp;sehr kurzer Zeit geschmolzen (oder sogar verdampft) werden.<\/p>\n<h3>Was ist ein Zunder?<\/h3>\n<p class=\"western\" lang=\"de-DE\">Zunder \u2013 eine dicke Schicht von Metalloxiden auf der Oberfl\u00e4che der erhitzten Teile, die in&nbsp;einer oxidierenden Atmosph\u00e4re bei hoher Temperatur gebildet wird.<\/p>\n<h3>Was ist ein Taupunkt?<\/h3>\n<p>Der Taupunkt ist die Temperatur, unterhalb der der Wasserdampf in&nbsp;einem Volumen von feuchter Luft bei einem konstanten Luftdruck zu fl\u00fcssigem Wasser kondensiert. Das Kondenswasser hei\u00dft Tau, wenn er&nbsp;eine feste Oberfl\u00e4che bildet.<\/p>\n<p>Was ist eine Ofenkette und ein Paar von Ofenketten?<br \/>\nOfenketten sind hochtemperaturbest\u00e4ndige Ketten, die zum Transport von Last, Befestigung, Korb oder Ofenteil verwendet werden. Oft werden diese Ofenketten verwendet in: Chargen\u00f6fen (BT), In-Out-\u00d6fen (IO), Chargen-Integral-Abschreck\u00f6fen (BIQ), Durchlauf-Abschreck\u00f6fen (TQ), R\u00fcckkehr-Abschreck\u00f6fen (TQ), Casemaster-\u00d6fen (CM), verschlossene Abschreck-Chargenofen (SQ B&nbsp;und SQ), wo ein Paar endlose Ofenketten rechts und links mit Knagge eine Last von der Position A&nbsp;in&nbsp;die Position B&nbsp;in&nbsp;den Ofen bewegen. Oft ist die Materialmischung der Kette wichtig, da ein Teil der Kette im&nbsp;hei\u00dfen Ofenbereich bleibt, w\u00e4hrend der andere im&nbsp;kalten Teil verbleibt. Nat\u00fcrlich darf der kalte Teil keine Arbeit machen darf die Last von einer zur anderen Position nicht ziehen. \u203a Weiterlesen<\/p>\n<h3>Warum verwenden wir Sauerstoffsonde?<\/h3>\n<p class=\"western\" lang=\"de-DE\">Verwendung der Sauerstoffsonde<\/p>\n<p class=\"western\" lang=\"de-DE\">Wir verwenden Sauerstoffsonden, weil sie eine schnelle Regelung der chemischen Zusammensetzung der Ofenatmosph\u00e4re erm\u00f6glichen. Dank der Sauerstoffsonde kann die Menge an Sauerstoff gemessen werden, was die Berechnung vom Kohlenstoffpotential der Ofenatmosph\u00e4re erm\u00f6glicht.<\/p>\n<h3>Was sind die Probleme bei der W\u00e4rmebehandlung?<\/h3>\n<p>Das W\u00e4rmebehandlungsverfahren ist oft der letzte oder einer der letzten, aber sicherlich in&nbsp;den meisten F\u00e4llen einer der wichtigsten Schritte bei der Herstellung und Produktion von Metallteilen. \u203a <a href=\"https:\/\/www.secowarwick.com\/de\/technik-im-rampenlicht\/faq\/sind-die-probleme-bei-der-waermebehandlung\/\">Weiterlesen<\/a>[\/et_pb_accordion_item][et_pb_accordion_item title=&#8220;Grundwissen&#8220; _builder_version=&#8220;4.16&#8243; global_colors_info=&#8220;{}&#8220; open=&#8220;off&#8220;]<\/p>\n<h3><a href=\"https:\/\/www.secowarwick.com\/de\/technik-im-rampenlicht\/waermebehandlungsoefen-zur-waermebehandlung-von-metallen\/\">Was ist die W\u00e4rmebehandlung?<\/a><\/h3>\n<p>Die W\u00e4rmebehandlung ist das kontrollierte Erhitzen und Abk\u00fchlen von Metallen, um ihre physikalischen und mechanischen Eigenschaften ohne das Produktform zu ver\u00e4ndern, zu modifizieren. Die W\u00e4rmebehandlung wird manchmal unbeabsichtigt aufgrund von Herstellungsprozesse durchgef\u00fchrt , die das Metall weder erw\u00e4rmen noch abk\u00fchlen, wie Schwei\u00dfen oder Umformen. \u203a <a href=\"https:\/\/www.secowarwick.com\/de\/technik-im-rampenlicht\/waermebehandlungsoefen-zur-waermebehandlung-von-metallen\/\">Weiterlesen<\/a>[\/et_pb_accordion_item][\/et_pb_accordion][\/et_pb_column][et_pb_column type=&#8220;1_3&#8243; _builder_version=&#8220;4.16&#8243; custom_padding=&#8220;|||&#8220; global_colors_info=&#8220;{}&#8220; custom_padding__hover=&#8220;|||&#8220;][\/et_pb_column][\/et_pb_row][\/et_pb_section]<\/p>\n","protected":false},"excerpt":{"rendered":"<p>Was ist HPGQ? Was ist Hochdruck-Gasabschreckung (HPGQ)? Die h\u00e4ufigste Definition von der Hochdruck-Gasabschreckung hei\u00dft, dass es&nbsp;die Beschleunigung der Rate (Geschwindigkeit) von Abschrecken durch Verdichtung und Abk\u00fchlung des Gases ist. Einer der Gr\u00fcnde f\u00fcr das starke Interesse an dieser Abschrecktechnik beruht darauf, die Verzerrung der Teile durch volle H\u00e4rte zu verbessern. Ein kritischer Punkt ist, den [&hellip;]<\/p>\n","protected":false},"author":2,"featured_media":0,"parent":7249,"menu_order":0,"comment_status":"closed","ping_status":"closed","template":"","meta":{"_acf_changed":false,"_et_pb_use_builder":"on","_et_pb_old_content":"","_et_gb_content_width":"","footnotes":""},"class_list":["post-5975","page","type-page","status-publish"],"acf":[],"_links":{"self":[{"href":"https:\/\/www.secowarwick.com\/de\/wp-json\/wp\/v2\/pages\/5975","targetHints":{"allow":["GET"]}}],"collection":[{"href":"https:\/\/www.secowarwick.com\/de\/wp-json\/wp\/v2\/pages"}],"about":[{"href":"https:\/\/www.secowarwick.com\/de\/wp-json\/wp\/v2\/types\/page"}],"author":[{"embeddable":true,"href":"https:\/\/www.secowarwick.com\/de\/wp-json\/wp\/v2\/users\/2"}],"replies":[{"embeddable":true,"href":"https:\/\/www.secowarwick.com\/de\/wp-json\/wp\/v2\/comments?post=5975"}],"version-history":[{"count":3,"href":"https:\/\/www.secowarwick.com\/de\/wp-json\/wp\/v2\/pages\/5975\/revisions"}],"predecessor-version":[{"id":191052,"href":"https:\/\/www.secowarwick.com\/de\/wp-json\/wp\/v2\/pages\/5975\/revisions\/191052"}],"up":[{"embeddable":true,"href":"https:\/\/www.secowarwick.com\/de\/wp-json\/wp\/v2\/pages\/7249"}],"wp:attachment":[{"href":"https:\/\/www.secowarwick.com\/de\/wp-json\/wp\/v2\/media?parent=5975"}],"curies":[{"name":"wp","href":"https:\/\/api.w.org\/{rel}","templated":true}]}}