{"id":60369,"date":"2017-03-15T10:20:53","date_gmt":"2017-03-15T09:20:53","guid":{"rendered":"http:\/\/www.secowarwick.com\/prenitlpc\/"},"modified":"2023-08-09T09:34:06","modified_gmt":"2023-08-09T07:34:06","slug":"prenitlpc","status":"publish","type":"page","link":"https:\/\/www.secowarwick.com\/de\/prenitlpc\/","title":{"rendered":"PreNitLPC\u00ae"},"content":{"rendered":"<p>[et_pb_section fb_built=&#8220;1&#8243; admin_label=&#8220;section&#8220; _builder_version=&#8220;4.16&#8243; global_colors_info=&#8220;{}&#8220;][et_pb_row admin_label=&#8220;row&#8220; _builder_version=&#8220;4.16&#8243; background_size=&#8220;initial&#8220; background_position=&#8220;top_left&#8220; background_repeat=&#8220;repeat&#8220; global_colors_info=&#8220;{}&#8220; column_structure=&#8220;2_3,1_3&#8243;][et_pb_column type=&#8220;2_3&#8243; _builder_version=&#8220;4.16&#8243; custom_padding=&#8220;|||&#8220; global_colors_info=&#8220;{}&#8220; custom_padding__hover=&#8220;|||&#8220;][et_pb_text _builder_version=&#8220;4.19.2&#8243; background_size=&#8220;initial&#8220; background_position=&#8220;top_left&#8220; background_repeat=&#8220;repeat&#8220; hover_enabled=&#8220;0&#8243; use_border_color=&#8220;off&#8220; global_colors_info=&#8220;{}&#8220; sticky_enabled=&#8220;0&#8243;]<\/p>\n<h2>PreNitLPC\u00ae &#8211; schnelle und wirtschaftliche Vakuumaufkohlung<\/h2>\n<p><img decoding=\"async\" class=\"alignleft wp-image-8459 size-full\" src=\"https:\/\/www.secowarwick.com\/wp-content\/uploads\/2017\/03\/wykr.jpeg\" alt=\"PreNitLPC\" width=\"287\" height=\"199\" srcset=\"https:\/\/www.secowarwick.com\/wp-content\/uploads\/2017\/03\/wykr.jpeg 287w, https:\/\/www.secowarwick.com\/wp-content\/uploads\/2017\/03\/wykr-150x104.jpeg 150w\" sizes=\"(max-width: 287px) 100vw, 287px\" \/><\/p>\n<p>Als Vornitrierungsoption f\u00fcr die Niederdruckvakuumaufkohlung erweitert PreNitLPC die Anwendungen f\u00fcr die LPC-Vakuumaufkohlung durch Verwendung h\u00f6herer Aufkohlungstemperaturen. PreNitLPC ist eine moderne, schnelle und kosteneffiziente Erg\u00e4nzung zu unserem Standard-Niederdruck-Aufkohlungssystem, das den Prozess durch eine wesentliche Verk\u00fcrzung der Zykluszeiten verbessert.<\/p>\n<p>Durch die Dosierung des Stickstofftr\u00e4gers w\u00e4hrend der gesteuerten Aufheizrampe, kann der Ofen bei h\u00f6heren Temperaturen (1000 \u00baC \/ 1800 \u00baF und dar\u00fcber) betrieben werden, w\u00e4hrend eine feine Kornstruktur innerhalb des Geh\u00e4uses aufrechterhalten wird. Die Festigkeitseigenschaften \u00e4hneln denen, die bisher bei niedrigeren Temperaturen konventionell aufgekohlt wurden.<\/p>\n<p>Diese Technologie spart Verarbeitungskosten durch Reduzierung der Aufkohlungszykluszeit und des Verbrauchs an Prozessgasen (C2H2, C2H4, H2, NH3) in Litern gemessen, nicht wie bei konventionellen Technologien, in Kubikmetern pro Stunde. PreNitLPC\u00ae ist ein einzigartiger Prozess, der sowohl bei den Betriebskosten als auch bei der Prozesseffizienz einen Gesamtwert bietet.<\/p>\n<p>Patent-Nr.: EP 1558780 &amp; EP 1558781, Patent-Nr.: US 7,513,958 &amp; US 7,550,049<\/p>\n<p>&nbsp;<\/p>\n<p>Technische Hauptmerkmale<\/p>\n<p>Im Folgenden wird gezeigt, wie die PreNitLPC-Technologieoption die Qualit\u00e4t und Effizienz der Vakuumaufkohlung verbessert:<\/p>\n<ul>\n<li>Hochtemperaturprozess, bis zu 1050 \u00b0C (1900 \u00b0F) mit gleichzeitiger Beibehaltung einer feink\u00f6rnigen Struktur<\/li>\n<\/ul>\n<p>&nbsp;<\/p>\n<p><img decoding=\"async\" class=\"alignnone size-full wp-image-8458\" src=\"https:\/\/www.secowarwick.com\/wp-content\/uploads\/2017\/03\/f001.jpeg\" alt=\"f001\" width=\"405\" height=\"151\" srcset=\"https:\/\/www.secowarwick.com\/wp-content\/uploads\/2017\/03\/f001.jpeg 405w, https:\/\/www.secowarwick.com\/wp-content\/uploads\/2017\/03\/f001-150x56.jpeg 150w, https:\/\/www.secowarwick.com\/wp-content\/uploads\/2017\/03\/f001-300x112.jpeg 300w\" sizes=\"(max-width: 405px) 100vw, 405px\" \/><\/p>\n<p><em>Abb. 1 Geh\u00e4usekorndurchmesservergleich nach Vakuumaufkohlungsprozess f\u00fcr 18CrNiMo7-6-Stahl, korreliert mit der Temperatur 920 \u00b0C (1650 \u00b0F), 1000 \u00b0C (1800 \u00b0F) und angewandter Technologie: LPC, PreNitLPC.<\/em><\/p>\n<ul>\n<li>Erh\u00f6hte Geschwindigkeit des Geh\u00e4usewachstums<\/li>\n<li>Reduzierung der Aufkohlungszykluszeit und damit wesentliche Kostenreduzierung<\/li>\n<\/ul>\n<p><img decoding=\"async\" class=\"size-full wp-image-8460 alignnone\" src=\"https:\/\/www.secowarwick.com\/wp-content\/uploads\/2017\/03\/fig2.jpeg\" alt=\"fig2\" width=\"420\" height=\"270\" srcset=\"https:\/\/www.secowarwick.com\/wp-content\/uploads\/2017\/03\/fig2.jpeg 420w, https:\/\/www.secowarwick.com\/wp-content\/uploads\/2017\/03\/fig2-150x96.jpeg 150w, https:\/\/www.secowarwick.com\/wp-content\/uploads\/2017\/03\/fig2-300x193.jpeg 300w\" sizes=\"(max-width: 420px) 100vw, 420px\" \/><\/p>\n<p><em>Abb. 2 Ungef\u00e4hre Zeiten der LPC-Aufkohlung f\u00fcr 16MnCr5-Stahl abh\u00e4ngig von der erforderlichen Temperatur und ECD.<\/em><\/p>\n<ul>\n<li>Geringerer Gehalt an Austenitablagerungen und geringere Carbid-Bildungsf\u00e4higkeit bei gleichzeitiger Beibehaltung nicht reduzierter, n\u00fctzlicher mechanischer Eigenschaften<\/li>\n<\/ul>\n<p>&nbsp;<\/p>\n<p><img decoding=\"async\" class=\"size-full wp-image-8461 alignnone\" src=\"https:\/\/www.secowarwick.com\/wp-content\/uploads\/2017\/03\/f002.jpg\" alt=\"f002\" width=\"405\" height=\"151\" srcset=\"https:\/\/www.secowarwick.com\/wp-content\/uploads\/2017\/03\/f002.jpg 405w, https:\/\/www.secowarwick.com\/wp-content\/uploads\/2017\/03\/f002-150x56.jpg 150w, https:\/\/www.secowarwick.com\/wp-content\/uploads\/2017\/03\/f002-300x112.jpg 300w\" sizes=\"(max-width: 405px) 100vw, 405px\" \/><\/p>\n<p><em>Abb. 3 Der Gehalt an Austenitablagerungen im Vergleich, nach dem Vakuumaufkohlungsprozess f\u00fcr 18CrNiMo7-6-Stahl korreliert mit der Temperatur von 920 \u00b0C (1650 \u00b0F), 1050 \u00b0C (1900 \u00b0F) und mit der angewandten Technologie: LPC, PreNitLPC.<\/em><\/p>\n<p>&nbsp;<\/p>\n<p><img decoding=\"async\" class=\"size-full wp-image-8462 alignnone\" src=\"https:\/\/www.secowarwick.com\/wp-content\/uploads\/2017\/03\/f003.jpg\" alt=\"f003\" width=\"405\" height=\"151\" srcset=\"https:\/\/www.secowarwick.com\/wp-content\/uploads\/2017\/03\/f003.jpg 405w, https:\/\/www.secowarwick.com\/wp-content\/uploads\/2017\/03\/f003-150x56.jpg 150w, https:\/\/www.secowarwick.com\/wp-content\/uploads\/2017\/03\/f003-300x112.jpg 300w\" sizes=\"(max-width: 405px) 100vw, 405px\" \/><\/p>\n<p><em>Abb. 4 Die geringere Karbidbildungsf\u00e4higkeit nach dem Vakuumaufkohlungsprozess f\u00fcr 18CrNiMo7-6-Stahl im Vergleich, korreliert mit der Temperatur von 920 \u00b0C (1650 \u00b0F), 1050 \u00b0C (1900\u00b0 F) und der angewandten Technologie LPC, PreNitLPC.<\/em><\/p>\n<ul>\n<li>Entworfen f\u00fcr die typischen Geh\u00e4useh\u00e4rtenden St\u00e4hle<\/li>\n<\/ul>\n<p>&nbsp;<\/p>\n<p>Wirtschaftliche Hauptmerkmale<\/p>\n<ul>\n<li>Je gr\u00f6\u00dfer die Geh\u00e4usetiefe, desto gr\u00f6\u00dfer der Zeitgewinn<\/li>\n<\/ul>\n<p>&nbsp;<\/p>\n<p><img decoding=\"async\" class=\"size-full wp-image-8463 alignnone\" src=\"https:\/\/www.secowarwick.com\/wp-content\/uploads\/2017\/03\/foto-11121.jpg\" alt=\"foto-11121\" width=\"472\" height=\"324\" srcset=\"https:\/\/www.secowarwick.com\/wp-content\/uploads\/2017\/03\/foto-11121.jpg 472w, https:\/\/www.secowarwick.com\/wp-content\/uploads\/2017\/03\/foto-11121-150x103.jpg 150w, https:\/\/www.secowarwick.com\/wp-content\/uploads\/2017\/03\/foto-11121-300x206.jpg 300w\" sizes=\"(max-width: 472px) 100vw, 472px\" \/><\/p>\n<p><em>Abb. 5 Gesamtdauer des Verfahrens (von der Beladung bis zum Entladen der Ladung aus dem Ofen) beim Aufkohlen und bei \u00f6lgeh\u00e4rteten Teilen aus 16MnCr5-Stahl im Vergleich zur angewandten Technologie, Temperatur und der Geh\u00e4usetiefe. Die Referenztechnologie (100%) ist das herk\u00f6mmliche Aufkohlen mit endothermer Atmosph\u00e4re und \u00d6labschreckung bei 920 \u00b0C (1650 \u00b0F). Der Reduktionsbereich h\u00e4ngt von der in der PreNitLPC-Technologie angewandten Temperatur ab.<\/em><\/p>\n<ul>\n<li>Je gr\u00f6\u00dfer die Geh\u00e4usetiefe, desto niedrigere Betriebskosten<\/li>\n<\/ul>\n<p>&nbsp;<\/p>\n<p><img decoding=\"async\" class=\"size-full wp-image-8464 alignnone\" src=\"https:\/\/www.secowarwick.com\/wp-content\/uploads\/2017\/03\/foto-1123321.jpg\" alt=\"foto-1123321\" width=\"472\" height=\"360\" srcset=\"https:\/\/www.secowarwick.com\/wp-content\/uploads\/2017\/03\/foto-1123321.jpg 472w, https:\/\/www.secowarwick.com\/wp-content\/uploads\/2017\/03\/foto-1123321-150x114.jpg 150w, https:\/\/www.secowarwick.com\/wp-content\/uploads\/2017\/03\/foto-1123321-300x229.jpg 300w\" sizes=\"(max-width: 472px) 100vw, 472px\" \/><\/p>\n<p><em>Abb. 6 Nutzungskosten (Elektrizit\u00e4t, Aufkohlungsgase) des gesamten Prozesses (von der Beladung bis zum Entladen der Ladung aus dem Ofen) beim Aufkohlen und bei \u00f6lgeh\u00e4rteten Teilen aus 16MnCr5-Stahl im Vergleich zur angewandten Technologie, Temperatur und der Geh\u00e4usetiefe. Die Referenztechnologie (100%) ist das herk\u00f6mmliche Aufkohlen mit endothermer Atmosph\u00e4re und \u00d6labschreckung bei 920 \u00b0C (1650 \u00b0F). Der Reduktionsbereich h\u00e4ngt von der in der PreNitLPC-Technologie angewandten Temperatur ab.<\/em><\/p>\n<p>&nbsp;<\/p>\n<ul>\n<li>Je gr\u00f6\u00dfer die Geh\u00e4usetiefe, desto gr\u00f6\u00dfer der Gewinn<\/li>\n<\/ul>\n<p>&nbsp;<\/p>\n<p><img decoding=\"async\" class=\"size-full wp-image-8465 alignnone\" src=\"https:\/\/www.secowarwick.com\/wp-content\/uploads\/2017\/03\/foto-44.jpg\" alt=\"foto-44\" width=\"472\" height=\"360\" srcset=\"https:\/\/www.secowarwick.com\/wp-content\/uploads\/2017\/03\/foto-44.jpg 472w, https:\/\/www.secowarwick.com\/wp-content\/uploads\/2017\/03\/foto-44-150x114.jpg 150w, https:\/\/www.secowarwick.com\/wp-content\/uploads\/2017\/03\/foto-44-300x229.jpg 300w\" sizes=\"(max-width: 472px) 100vw, 472px\" \/><\/p>\n<p><em>Abb. 7 M\u00f6gliche Erh\u00f6hung der Bewertung der Rentabilit\u00e4t der Ausr\u00fcstung, basierend auf der der Zeit- und Nutzungskostenreduzierung beim Aufkohlen mit PreNitLPC\u00ae-Technologie im Vergleich zur Aufkohlung unter kontrollierter Atmosph\u00e4re.<\/em><\/p>\n<p>&nbsp;<\/p>\n<h3>Niederdruckaufkohlung von FineCarb\u00ae bedeutet:<\/h3>\n<p><a href=\"https:\/\/www.secowarwick.com\/wp-content\/uploads\/2017\/03\/4-2.jpg\"><img decoding=\"async\" class=\"alignnone size-full wp-image-44897\" src=\"https:\/\/www.secowarwick.com\/wp-content\/uploads\/2017\/03\/4-2.jpg\" alt=\"4\" width=\"546\" height=\"299\" srcset=\"https:\/\/www.secowarwick.com\/wp-content\/uploads\/2017\/03\/4-2.jpg 546w, https:\/\/www.secowarwick.com\/wp-content\/uploads\/2017\/03\/4-2-150x82.jpg 150w, https:\/\/www.secowarwick.com\/wp-content\/uploads\/2017\/03\/4-2-300x164.jpg 300w\" sizes=\"(max-width: 546px) 100vw, 546px\" \/><\/a><\/p>\n<p>&nbsp;<\/p>\n<ul>\n<li>Prozessreinheit durch Mehrkomponenten-Aufkohlungsgasgemisch (CH4-C2H2-H2)<\/li>\n<li>Hervorragende Kohlenstoffpenetration beim Aufkohlen von dicht gepackten Ladungen und komplex geformten Werkst\u00fccken oder Sackl\u00f6chern (Dieselmotor-D\u00fcsen)<\/li>\n<li>Wiederholbare und hochschnelle Verarbeitung<\/li>\n<li>Sehr geringer Verbrauch von Aufkohlungsgasen<\/li>\n<li>Bessere Qualit\u00e4t dank keiner interkristallinen Oxidation (kein IGO) und pr\u00e4ziser Geh\u00e4usegleichm\u00e4\u00dfigkeit<\/li>\n<li>Einfachheit der Aufkohlung von Flugzeugen und legierten St\u00e4hlen, d. h.: Pyrowear\u00ae Legierung 57, M-50 NIL, SAE 9310, Ferrium-C61-Legierung usw.<\/li>\n<li>Kompatibel mit NADCAP<\/li>\n<\/ul>\n<p>[\/et_pb_text][\/et_pb_column][et_pb_column type=&#8220;1_3&#8243; _builder_version=&#8220;4.16&#8243; custom_padding=&#8220;|||&#8220; global_colors_info=&#8220;{}&#8220; custom_padding__hover=&#8220;|||&#8220;][et_pb_selected_documents module_title=&#8220;Product materials&#8220; module_class=&#8220;selected-documents-box&#8220; _builder_version=&#8220;3.0.47&#8243; global_colors_info=&#8220;{}&#8220;][et_pb_document post_id=&#8220;15937&#8243; title=&#8220;PreNitLPC\u00ae Technology&#8220; _builder_version=&#8220;3.0.47&#8243; global_colors_info=&#8220;{}&#8220;][\/et_pb_document][\/et_pb_selected_documents][et_pb_text _builder_version=&#8220;4.16&#8243; background_size=&#8220;initial&#8220; background_position=&#8220;top_left&#8220; background_repeat=&#8220;repeat&#8220; use_border_color=&#8220;off&#8220; border_color=&#8220;#ffffff&#8220; border_style=&#8220;solid&#8220; global_colors_info=&#8220;{}&#8220;]<iframe loading=\"lazy\" src=\"\/\/www.youtube.com\/embed\/OjPDK7hF-gk\" width=\"560\" height=\"314\" allowfullscreen=\"allowfullscreen\"><\/iframe><span class=\"videoTitle\">PreNitLPC<\/span><\/p>\n<p><span class=\"videoDesc\">A pre-nitriding option for low pressure carburizing, PreNitLPC broadens the applications for LPC Vacuum Carburizing by utilizing higher carburizing temperatures. PreNitLPC is a modern, fast and economical addition to our standard low pressure carburizing system that enhances the process by significantly reducing cycle times.<\/span><br \/>\n[\/et_pb_text][et_pb_button button_url=&#8220;https:\/\/www.youtube.com\/user\/secowarwickgroup&#8220; url_new_window=&#8220;on&#8220; button_text=&#8220;More videos on our YouTUBE channel&#8220; button_alignment=&#8220;center&#8220; _builder_version=&#8220;4.16&#8243; custom_button=&#8220;on&#8220; button_text_size=&#8220;16&#8243; button_text_color=&#8220;#e02b20&#8243; button_border_width=&#8220;1&#8243; button_border_color=&#8220;#e02b20&#8243; button_letter_spacing_hover=&#8220;0&#8243; global_colors_info=&#8220;{}&#8220; button_text_size__hover_enabled=&#8220;off&#8220; button_one_text_size__hover_enabled=&#8220;off&#8220; button_two_text_size__hover_enabled=&#8220;off&#8220; button_text_color__hover_enabled=&#8220;off&#8220; button_one_text_color__hover_enabled=&#8220;off&#8220; button_two_text_color__hover_enabled=&#8220;off&#8220; button_border_width__hover_enabled=&#8220;off&#8220; button_one_border_width__hover_enabled=&#8220;off&#8220; button_two_border_width__hover_enabled=&#8220;off&#8220; button_border_color__hover_enabled=&#8220;off&#8220; button_one_border_color__hover_enabled=&#8220;off&#8220; button_two_border_color__hover_enabled=&#8220;off&#8220; button_border_radius__hover_enabled=&#8220;off&#8220; button_one_border_radius__hover_enabled=&#8220;off&#8220; button_two_border_radius__hover_enabled=&#8220;off&#8220; button_letter_spacing__hover_enabled=&#8220;on&#8220; button_letter_spacing__hover=&#8220;0&#8243; button_one_letter_spacing__hover_enabled=&#8220;off&#8220; button_two_letter_spacing__hover_enabled=&#8220;off&#8220; button_bg_color__hover_enabled=&#8220;off&#8220; button_one_bg_color__hover_enabled=&#8220;off&#8220; button_two_bg_color__hover_enabled=&#8220;off&#8220;][\/et_pb_button][\/et_pb_column][\/et_pb_row][\/et_pb_section]<\/p>\n","protected":false},"excerpt":{"rendered":"<p>PreNitLPC\u00ae &#8211; schnelle und wirtschaftliche Vakuumaufkohlung Als Vornitrierungsoption f\u00fcr die Niederdruckvakuumaufkohlung erweitert PreNitLPC die Anwendungen f\u00fcr die LPC-Vakuumaufkohlung durch Verwendung h\u00f6herer Aufkohlungstemperaturen. PreNitLPC ist eine moderne, schnelle und kosteneffiziente Erg\u00e4nzung zu unserem Standard-Niederdruck-Aufkohlungssystem, das den Prozess durch eine wesentliche Verk\u00fcrzung der Zykluszeiten verbessert. Durch die Dosierung des Stickstofftr\u00e4gers w\u00e4hrend der gesteuerten Aufheizrampe, kann der Ofen [&hellip;]<\/p>\n","protected":false},"author":2,"featured_media":0,"parent":0,"menu_order":0,"comment_status":"closed","ping_status":"closed","template":"","meta":{"_acf_changed":false,"_et_pb_use_builder":"on","_et_pb_old_content":"","_et_gb_content_width":"","footnotes":""},"class_list":["post-60369","page","type-page","status-publish"],"acf":[],"_links":{"self":[{"href":"https:\/\/www.secowarwick.com\/de\/wp-json\/wp\/v2\/pages\/60369","targetHints":{"allow":["GET"]}}],"collection":[{"href":"https:\/\/www.secowarwick.com\/de\/wp-json\/wp\/v2\/pages"}],"about":[{"href":"https:\/\/www.secowarwick.com\/de\/wp-json\/wp\/v2\/types\/page"}],"author":[{"embeddable":true,"href":"https:\/\/www.secowarwick.com\/de\/wp-json\/wp\/v2\/users\/2"}],"replies":[{"embeddable":true,"href":"https:\/\/www.secowarwick.com\/de\/wp-json\/wp\/v2\/comments?post=60369"}],"version-history":[{"count":1,"href":"https:\/\/www.secowarwick.com\/de\/wp-json\/wp\/v2\/pages\/60369\/revisions"}],"predecessor-version":[{"id":144934,"href":"https:\/\/www.secowarwick.com\/de\/wp-json\/wp\/v2\/pages\/60369\/revisions\/144934"}],"wp:attachment":[{"href":"https:\/\/www.secowarwick.com\/de\/wp-json\/wp\/v2\/media?parent=60369"}],"curies":[{"name":"wp","href":"https:\/\/api.w.org\/{rel}","templated":true}]}}