{"id":60376,"date":"2017-04-04T12:52:55","date_gmt":"2017-04-04T10:52:55","guid":{"rendered":"http:\/\/www.secowarwick.com\/produkte\/aluminium-prozesse\/aluminum-vortex-jet-heating\/"},"modified":"2020-12-13T18:25:59","modified_gmt":"2020-12-13T17:25:59","slug":"aluminum-vortex-jet-heating","status":"publish","type":"page","link":"https:\/\/www.secowarwick.com\/de\/produkte\/aluminium-prozesse\/aluminum-vortex-jet-heating\/","title":{"rendered":"Aluminum Vortex Jet Heating"},"content":{"rendered":"<p>[et_pb_section bb_built=&#8220;1&#8243; admin_label=&#8220;section&#8220;][et_pb_row admin_label=&#8220;row&#8220; background_position=&#8220;top_left&#8220; background_repeat=&#8220;repeat&#8220; background_size=&#8220;initial&#8220;][et_pb_column type=&#8220;2_3&#8243;][et_pb_breadcrumbs \/][et_pb_text background_layout=&#8220;light&#8220; use_border_color=&#8220;off&#8220; background_position=&#8220;top_left&#8220; background_repeat=&#8220;repeat&#8220; background_size=&#8220;initial&#8220; _builder_version=&#8220;3.0.98&#8243;]<\/p>\n<h1>Aluminum Vortex Jet Heating<\/h1>\n<p>[\/et_pb_text][et_pb_text background_layout=&#8220;light&#8220; use_border_color=&#8220;off&#8220; background_position=&#8220;top_left&#8220; background_repeat=&#8220;repeat&#8220; background_size=&#8220;initial&#8220; _builder_version=&#8220;3.0.98&#8243;]<\/p>\n<p><strong>Unsere patentierte Technologie, Vortex Jet Heating, liefert \u00fcberlegene Aluminiumspulen-Metallurgie und reduziert die Zykluszeiten um bis zu 20-30%<\/strong> im Vergleich zur aktuellen Markttechnologie. Diese energieeffizienten \u00d6fen arbeiten bei +\/- 3 Grad Celsius. Gleichm\u00e4\u00dfigkeit, Reduzierung der Aufheizzeit ohne \u00dcberhitzung der Spulenkanten.<\/p>\n<p><strong>Wie es funktioniert<\/strong><br \/>\nDas Vortex-Jet-Heating-System umfasst Ansammlungen an runden, geneigten D\u00fcsenstrahlen, die eine spiralf\u00f6rmige Wirbelbewegung der Luft erzeugen, die wiederum zu einer hohen W\u00e4rme\u00fcbertragung f\u00fchrt, ohne dass \u00fcberhitzte Stellen in der Spule vorkommen. Der hohe Volumenstrom dieses D\u00fcsensystems in Verbindung mit einer einzigartigen halbaxialen L\u00fcfterkonstruktion erm\u00f6glicht eine gleichm\u00e4\u00dfigere Erw\u00e4rmung der Spule.<\/p>\n<p><strong>Bearbeitungsergebnisse<\/strong><\/p>\n<p>Angemessene Feldversuche haben bewiesen, dass dieses Verfahren Aluminiumspulen mit weniger Variation in den Materialeigenschaften, weniger lokalen Rissen der Restoberfl\u00e4che und komplett ohne Verbrennungspunkte an den Spulenkanten erzeugt.<\/p>\n<p><strong>Energieeffizienz<\/strong><\/p>\n<p>Die Vortex-Technologie nutzt die neuesten Errungenschaften in Sachen Brennerbauweise und kompakter Stellfl\u00e4che und ist au\u00dferdem auch sparsam im Kraftstoffverbrauch, mit geringeren Betriebskosten im Vergleich zu typischen Konstruktionen.<\/p>\n<p>[\/et_pb_text][et_pb_button button_text=&#8220;F\u00fcr mehr Informationen, besuchen Sie Vortex\u00ae website&#8220; button_alignment=&#8220;center&#8220; custom_button=&#8220;on&#8220; button_bg_color=&#8220;#e31e24&#8243; button_text_color=&#8220;#ffffff&#8220; custom_css_main_element=&#8220;width: 100%;||-webkit-box-shadow: 2px 2px 5px 0px rgba(171,171,171,0.45);||-moz-box-shadow: 2px 2px 5px 0px rgba(171,171,171,0.45);||box-shadow: 2px 2px 5px 0px rgba(171,171,171,0.45);||&#8220; button_border_width=&#8220;1&#8243; button_border_radius=&#8220;5&#8243; saved_tabs=&#8220;all&#8220; button_url=&#8220;https:\/\/www.secowarwick.com\/de\/produkte\/aluminium-prozesse\/aluminium-gluehofen-fuer-coils-ausgestattet\/&#8220; _builder_version=&#8220;3.6&#8243; \/][\/et_pb_column][et_pb_column type=&#8220;1_3&#8243;][et_pb_image src=&#8220;https:\/\/www.secowarwick.com\/wp-content\/uploads\/2017\/04\/vortex.jpg&#8220; use_border_color=&#8220;off&#8220; animation_style=&#8220;slide&#8220; animation_duration=&#8220;500ms&#8220; animation_intensity_slide=&#8220;10%&#8220; animation_direction=&#8220;left&#8220; _builder_version=&#8220;3.6&#8243; alt=&#8220;Vortex Jet Heating&#8220; \/][et_pb_selected_documents module_title=&#8220;Product materials&#8220; module_class=&#8220;selected-document-box&#8220;][et_pb_document post_id=&#8220;15643&#8243; title=&#8220;High convection flow improved performance in coil annealing&#8220; \/][et_pb_document post_id=&#8220;15985&#8243; title=&#8220;Aluminum Annealing Furnaces&#8220; \/][\/et_pb_selected_documents][\/et_pb_column][\/et_pb_row][et_pb_row background_position=&#8220;top_left&#8220; background_repeat=&#8220;repeat&#8220; background_size=&#8220;initial&#8220;][et_pb_column type=&#8220;4_4&#8243;][\/et_pb_column][\/et_pb_row][\/et_pb_section]<\/p>\n","protected":false},"excerpt":{"rendered":"<p>[et_pb_breadcrumbs \/] Aluminum Vortex Jet Heating Unsere patentierte Technologie, Vortex Jet Heating, liefert \u00fcberlegene Aluminiumspulen-Metallurgie und reduziert die Zykluszeiten um bis zu 20-30% im Vergleich zur aktuellen Markttechnologie. Diese energieeffizienten \u00d6fen arbeiten bei +\/- 3 Grad Celsius. Gleichm\u00e4\u00dfigkeit, Reduzierung der Aufheizzeit ohne \u00dcberhitzung der Spulenkanten. Wie es funktioniert Das Vortex-Jet-Heating-System umfasst Ansammlungen an runden, geneigten [&hellip;]<\/p>\n","protected":false},"author":2,"featured_media":0,"parent":7097,"menu_order":0,"comment_status":"closed","ping_status":"closed","template":"","meta":{"_acf_changed":false,"_et_pb_use_builder":"on","_et_pb_old_content":"","_et_gb_content_width":"","footnotes":""},"class_list":["post-60376","page","type-page","status-publish"],"acf":[],"_links":{"self":[{"href":"https:\/\/www.secowarwick.com\/de\/wp-json\/wp\/v2\/pages\/60376","targetHints":{"allow":["GET"]}}],"collection":[{"href":"https:\/\/www.secowarwick.com\/de\/wp-json\/wp\/v2\/pages"}],"about":[{"href":"https:\/\/www.secowarwick.com\/de\/wp-json\/wp\/v2\/types\/page"}],"author":[{"embeddable":true,"href":"https:\/\/www.secowarwick.com\/de\/wp-json\/wp\/v2\/users\/2"}],"replies":[{"embeddable":true,"href":"https:\/\/www.secowarwick.com\/de\/wp-json\/wp\/v2\/comments?post=60376"}],"version-history":[{"count":0,"href":"https:\/\/www.secowarwick.com\/de\/wp-json\/wp\/v2\/pages\/60376\/revisions"}],"up":[{"embeddable":true,"href":"https:\/\/www.secowarwick.com\/de\/wp-json\/wp\/v2\/pages\/7097"}],"wp:attachment":[{"href":"https:\/\/www.secowarwick.com\/de\/wp-json\/wp\/v2\/media?parent=60376"}],"curies":[{"name":"wp","href":"https:\/\/api.w.org\/{rel}","templated":true}]}}