{"id":6096,"date":"2016-10-01T12:04:36","date_gmt":"2016-10-01T10:04:36","guid":{"rendered":"http:\/\/www.secowarwick.com\/de\/terms-and-conditions\/"},"modified":"2024-11-27T16:45:21","modified_gmt":"2024-11-27T15:45:21","slug":"allgemeine-geschaeftsbedingungen-agb","status":"publish","type":"page","link":"https:\/\/www.secowarwick.com\/de\/allgemeine-geschaeftsbedingungen-agb\/","title":{"rendered":"Allgemeine Gesch\u00e4ftsbedingungen (AGB)"},"content":{"rendered":"<p>[et_pb_section fb_built=&#8220;1&#8243; admin_label=&#8220;section&#8220; _builder_version=&#8220;4.16&#8243; global_colors_info=&#8220;{}&#8220;][et_pb_row admin_label=&#8220;row&#8220; _builder_version=&#8220;4.16&#8243; background_size=&#8220;initial&#8220; background_position=&#8220;top_left&#8220; background_repeat=&#8220;repeat&#8220; global_colors_info=&#8220;{}&#8220;][et_pb_column type=&#8220;4_4&#8243; _builder_version=&#8220;4.16&#8243; custom_padding=&#8220;|||&#8220; global_colors_info=&#8220;{}&#8220; custom_padding__hover=&#8220;|||&#8220;][et_pb_text _builder_version=&#8220;4.23.1&#8243; background_size=&#8220;initial&#8220; background_position=&#8220;top_left&#8220; background_repeat=&#8220;repeat&#8220; hover_enabled=&#8220;0&#8243; use_border_color=&#8220;off&#8220; global_colors_info=&#8220;{}&#8220; sticky_enabled=&#8220;0&#8243;]<\/p>\n<p>Diese Gesch\u00e4ftsbedingungen gelten nur in Bezug auf Unternehmer.<\/p>\n<p>Ihre Verwendung f\u00fcr den Einzelverkauf (Verbraucher\/Konsument) ist ausgeschlossen.<\/p>\n<p>&nbsp;<\/p>\n<table class=\"tnc table table-striped table-hover\" style=\"width: 100%;\">\n<thead>\n<tr style=\"height: 23px;\">\n<th>\u00a0<\/th>\n<td>Verk\u00e4ufer AGB<\/td>\n<td>Eink\u00e4ufer AGB<\/td>\n<td>Dienstleistung-AEB<\/td>\n<\/tr>\n<\/thead>\n<tbody>\n<tr style=\"height: 46px;\">\n<td>SECO\/WARWICK S.A.<br \/>8 Sobieskiego Str., 66-200 \u015awiebodzin, Poland<\/td>\n<td>Ver\u00f6ffentlicht<br \/><a title=\"Fullscreen\" href=\"https:\/\/www.secowarwick.com\/wp-content\/uploads\/2020\/12\/Za\u0142.-05a-OWS_DE_2020.01.21.pdf\" target=\"_blank\" rel=\"noopener\">21-Jan-2020<\/a><\/td>\n<td>Ver\u00f6ffentlicht<br \/><a href=\"https:\/\/www.secowarwick.com\/wp-content\/uploads\/2024\/11\/Zal.-08-OWZ_EN.pdf\" target=\"_blank\" rel=\"noopener\">26-Nov-2024<\/a><\/td>\n<td>Ver\u00f6ffentlicht<br \/><a href=\"https:\/\/www.secowarwick.com\/wp-content\/uploads\/2024\/11\/Zal.-14-OWZU_EN.pdf\" target=\"_blank\" rel=\"noopener\">26-Nov-2024<\/a><\/td>\n<\/tr>\n<tr style=\"height: 46px;\">\n<td>RETECH SYSTEMS LLC<br \/>100 Henry Station Rd Ukiah, CA 95482<\/td>\n<td>Ver\u00f6ffentlicht<br \/><a title=\"Fullscreen\" href=\"https:\/\/www.secowarwick.com\/wp-content\/uploads\/2017\/03\/Retech-PO-Terms-11Feb13.pdf\" target=\"_blank\" rel=\"noopener\">11-Feb-2013<\/a><\/td>\n<td>\u00a0<\/td>\n<td>\u00a0<\/td>\n<\/tr>\n<tr style=\"height: 46px;\">\n<td>SECO\/WARWICK Germany<br \/>An der Molkerei 15, D-47551 Bedburg-Hau, Germany<\/td>\n<td>Ver\u00f6ffentlicht<br \/><a title=\"Fullscreen\" href=\"https:\/\/www.secowarwick.com\/wp-content\/uploads\/2019\/08\/Allgemeine-Gesch\u00e4ftsbedingungen-SWGe-GmbH-2019_08.pdf\" target=\"_blank\" rel=\"noopener\">01-Sep-2019<\/a><\/td>\n<td>\u00a0<\/td>\n<td>\u00a0<\/td>\n<\/tr>\n<tr>\n<td>SECO\/WARWICK SERVICES SP. Z O. O.<br \/>76 Zachodnia Str., 66-200 \u015awiebodzin, Poland<\/td>\n<td>Ver\u00f6ffentlicht<br \/><a href=\"https:\/\/www.secowarwick.com\/wp-content\/uploads\/2023\/03\/OWS-EN.pdf\" target=\"_blank\" rel=\"noopener\">14-Mar-2023<\/a><\/td>\n<td>\u00a0<\/td>\n<td>\u00a0<\/td>\n<\/tr>\n<\/tbody>\n<\/table>\n<p>[\/et_pb_text][\/et_pb_column][\/et_pb_row][\/et_pb_section]<\/p>\n","protected":false},"excerpt":{"rendered":"<p>Diese Gesch\u00e4ftsbedingungen gelten nur in Bezug auf Unternehmer. Ihre Verwendung f\u00fcr den Einzelverkauf (Verbraucher\/Konsument) ist ausgeschlossen. &nbsp; \u00a0 Verk\u00e4ufer AGB Eink\u00e4ufer AGB Dienstleistung-AEB SECO\/WARWICK S.A.8 Sobieskiego Str., 66-200 \u015awiebodzin, Poland Ver\u00f6ffentlicht21-Jan-2020 Ver\u00f6ffentlicht26-Nov-2024 Ver\u00f6ffentlicht26-Nov-2024 RETECH SYSTEMS LLC100 Henry Station Rd Ukiah, CA 95482 Ver\u00f6ffentlicht11-Feb-2013 \u00a0 \u00a0 SECO\/WARWICK GermanyAn der Molkerei 15, D-47551 Bedburg-Hau, Germany Ver\u00f6ffentlicht01-Sep-2019 \u00a0 [&hellip;]<\/p>\n","protected":false},"author":9,"featured_media":0,"parent":0,"menu_order":0,"comment_status":"closed","ping_status":"closed","template":"","meta":{"_acf_changed":false,"_et_pb_use_builder":"on","_et_pb_old_content":"<p><span class=\"hps\">These terms and conditions<\/span> <span class=\"hps\">shall apply<\/span> <span class=\"hps\">only in relation to<\/span> <span class=\"hps\">entrepreneurs.<\/span><\/p><p><span class=\"hps\">Their use<\/span> <span class=\"hps\">for individual sale<\/span> <span class=\"hps atn\">(<\/span>consumer) <span class=\"hps\">is excluded.<\/span><\/p>","_et_gb_content_width":"","footnotes":""},"class_list":["post-6096","page","type-page","status-publish"],"acf":[],"_links":{"self":[{"href":"https:\/\/www.secowarwick.com\/de\/wp-json\/wp\/v2\/pages\/6096","targetHints":{"allow":["GET"]}}],"collection":[{"href":"https:\/\/www.secowarwick.com\/de\/wp-json\/wp\/v2\/pages"}],"about":[{"href":"https:\/\/www.secowarwick.com\/de\/wp-json\/wp\/v2\/types\/page"}],"author":[{"embeddable":true,"href":"https:\/\/www.secowarwick.com\/de\/wp-json\/wp\/v2\/users\/9"}],"replies":[{"embeddable":true,"href":"https:\/\/www.secowarwick.com\/de\/wp-json\/wp\/v2\/comments?post=6096"}],"version-history":[{"count":6,"href":"https:\/\/www.secowarwick.com\/de\/wp-json\/wp\/v2\/pages\/6096\/revisions"}],"predecessor-version":[{"id":166683,"href":"https:\/\/www.secowarwick.com\/de\/wp-json\/wp\/v2\/pages\/6096\/revisions\/166683"}],"wp:attachment":[{"href":"https:\/\/www.secowarwick.com\/de\/wp-json\/wp\/v2\/media?parent=6096"}],"curies":[{"name":"wp","href":"https:\/\/api.w.org\/{rel}","templated":true}]}}