{"id":6155,"date":"2016-10-01T13:08:01","date_gmt":"2016-10-01T11:08:01","guid":{"rendered":"http:\/\/www.secowarwick.com\/de\/seminar\/"},"modified":"2018-08-27T11:32:00","modified_gmt":"2018-08-27T09:32:00","slug":"seminar","status":"publish","type":"page","link":"https:\/\/www.secowarwick.com\/de\/info-center\/seminar\/","title":{"rendered":"Seminar"},"content":{"rendered":"<p>[et_pb_section bb_built=&#8220;1&#8243; admin_label=&#8220;section&#8220; transparent_background=&#8220;off&#8220; allow_player_pause=&#8220;off&#8220; inner_shadow=&#8220;off&#8220; parallax=&#8220;off&#8220; parallax_method=&#8220;off&#8220; custom_padding=&#8220;0px|||&#8220; padding_mobile=&#8220;off&#8220; make_fullwidth=&#8220;off&#8220; use_custom_width=&#8220;off&#8220; width_unit=&#8220;on&#8220; make_equal=&#8220;off&#8220; use_custom_gutter=&#8220;off&#8220; custom_padding_tablet=&#8220;50px|0|50px|0&#8243; custom_padding_last_edited=&#8220;on|desktop&#8220; prev_background_color=&#8220;#000000&#8243; next_background_color=&#8220;#000000&#8243;][et_pb_row admin_label=&#8220;row&#8220; background_position=&#8220;top_left&#8220; background_repeat=&#8220;repeat&#8220; background_size=&#8220;initial&#8220;][et_pb_column type=&#8220;2_3&#8243;][et_pb_text use_border_color=&#8220;off&#8220; background_position=&#8220;top_left&#8220; background_repeat=&#8220;repeat&#8220; background_size=&#8220;initial&#8220; _builder_version=&#8220;3.6&#8243;]<\/p>\n<h2>SECO\/WARWICK Europe\u2019s 19. Seminar, Neue Trends in der W\u00e4rmebehandlung, zieht weltweites Fachpublikum an<\/h2>\n<p>Experten aus der Welt der Wissenschaft und Wirtschaft trafen sich vom 14.-15. September 2016 im Schloss Mehrenthin in Polen, um an dem 19. Seminar \u201cNeue Trends in der W\u00e4rmebehandlung\u201d teilzunehmen. In dem zweit\u00e4gigen Seminar, veranstaltet von der SECO\/WARWICK-Gruppe, ging es um Themen aus den Fachbereichen der Werkstofftechnik, Prozess- und W\u00e4rmebehandlungstechnik sowie um andere Werkzeuge und Ausr\u00fcstungen zur Unterst\u00fctzung der Produktion. Die Seminarthemen konzentrierten sich auf Wirtschaftlichkeit, Qualit\u00e4t und Effizienz sowohl in Bezug auf die Verfahren als auch auf die Ausr\u00fcstung.<\/p>\n<p>[\/et_pb_text][et_pb_text background_layout=&#8220;light&#8220; text_orientation=&#8220;justified&#8220; use_border_color=&#8220;off&#8220; border_color=&#8220;#ffffff&#8220; border_style=&#8220;solid&#8220; background_position=&#8220;top_left&#8220; background_repeat=&#8220;repeat&#8220; background_size=&#8220;initial&#8220;]<\/p>\n<p style=\"text-align: justify;\"><strong>In diesem Jahr umfasste das Programm 13 Vortr\u00e4ge von Ingenieuren und Vertretern aus Wirtschaft und Wissenschaft. Jaros\u0142aw Talerzak, Vizepr\u00e4sident Atmosph\u00e4r-Anlagen bei SECO\/WARWICK, er\u00f6ffnete das Event, indem er die 25-j\u00e4hrige Firmengeschichte von der Entwicklung unserer Technologiel\u00f6sungen vorstellte.<\/strong><\/p>\n<p>[\/et_pb_text][et_pb_image src=&#8220;https:\/\/www.secowarwick.com\/wp-content\/uploads\/2016\/10\/heat-treatment-seminar-1-1.jpg&#8220; show_in_lightbox=&#8220;on&#8220; align=&#8220;center&#8220; use_border_color=&#8220;off&#8220; animation_style=&#8220;fade&#8220; animation_duration=&#8220;500ms&#8220; animation_intensity_slide=&#8220;10%&#8220; _builder_version=&#8220;3.6&#8243; alt=&#8220;Trends in der W\u00e4rmebehandlung&#8220; \/][et_pb_text background_layout=&#8220;light&#8220; text_orientation=&#8220;justified&#8220; use_border_color=&#8220;off&#8220; background_position=&#8220;top_left&#8220; background_repeat=&#8220;repeat&#8220; background_size=&#8220;initial&#8220; _builder_version=&#8220;3.0.98&#8243;]<\/p>\n<p style=\"text-align: justify;\">Am ersten Tag hielt Dan Herring, der W\u00e4rmebehandlungs-Doktor, ein Weltklasse-Experte auf dem Gebiet der W\u00e4rmebehandlung und Metallurgie, einen Vortrag \u00fcber die besten Methoden des H\u00e4rtens von verformungsanf\u00e4lligen Zahnr\u00e4dern. Prof. J. Pacyna, eine Autorit\u00e4t auf dem Gebiet der Metallurgie und der Pulvermetallurgie von der AGH in Krakau, sprach \u00fcber die W\u00e4rmebehandlung von Stahl im Hinblick auf den Grundsatz der ausreichenden H\u00e4rtbarkeit. Tomasz Przygo\u0144ski, Direktor der Atmosph\u00e4r-Produktentwicklung er\u00f6rterte die Vorteile der modernen Technologien des Gasnitrierens, speziell ZeroFlow\u00ae, ein Verfahren, welches den Verbrauch der Prozessmedien minimiert und somit auch die Emissionswerte des Prozesses.<\/p>\n<p>[\/et_pb_text][et_pb_image src=&#8220;https:\/\/www.secowarwick.com\/wp-content\/uploads\/2016\/10\/heat-treatment-seminar-2-1.jpg&#8220; show_in_lightbox=&#8220;on&#8220; align=&#8220;center&#8220; use_border_color=&#8220;off&#8220; animation_style=&#8220;fade&#8220; animation_duration=&#8220;500ms&#8220; animation_intensity_slide=&#8220;10%&#8220; _builder_version=&#8220;3.6&#8243; alt=&#8220;Neue Trends in der W\u00e4rmebehandlung&#8220; \/][et_pb_text background_layout=&#8220;light&#8220; text_orientation=&#8220;justified&#8220; use_border_color=&#8220;off&#8220; border_color=&#8220;#ffffff&#8220; border_style=&#8220;solid&#8220; background_position=&#8220;top_left&#8220; background_repeat=&#8220;repeat&#8220; background_size=&#8220;initial&#8220;]<\/p>\n<p style=\"text-align: justify;\">Der zweite Tag der Konferenz wurde von Prof. L. Ma\u0142dzi\u0144ski, ein Experte im Nitrocarburieren von der technischen Universit\u00e4t Poznan moderiert, hierbei wurde das Augenmerk auf eine Diskussion \u00fcber die Beziehung zwischen der Produktionskette und der W\u00e4rmebehandlung gelegt. Ein Aspekt der Effizienz- und Produktionssteigerung ist die Anwendung der Vakuumaufkohlung. Maciej Korecki Vizepr\u00e4sident der Vakuumtechnik, pr\u00e4sentierte diesen Vortrag unter Verwendung von Daten der Vector-Vakuumofen Baureihe, einschlie\u00dflich CaseMaster und Unicase Master\u00ae.<\/p>\n<p>[\/et_pb_text][et_pb_image src=&#8220;https:\/\/www.secowarwick.com\/wp-content\/uploads\/2016\/10\/heat-treatment-seminar-3-1.jpg&#8220; show_in_lightbox=&#8220;on&#8220; align=&#8220;center&#8220; use_border_color=&#8220;off&#8220; animation_style=&#8220;fade&#8220; animation_duration=&#8220;500ms&#8220; animation_intensity_slide=&#8220;10%&#8220; _builder_version=&#8220;3.6&#8243; alt=&#8220;Moderne Trends in der W\u00e4rmebehandlung&#8220; \/][et_pb_text background_layout=&#8220;light&#8220; text_orientation=&#8220;justified&#8220; use_border_color=&#8220;off&#8220; border_color=&#8220;#ffffff&#8220; border_style=&#8220;solid&#8220; background_position=&#8220;top_left&#8220; background_repeat=&#8220;repeat&#8220; background_size=&#8220;initial&#8220;]<\/p>\n<p style=\"text-align: justify;\">&#8222;Das SECO\/WARWICK Trainings-Seminar eine perfekte Gelegenheit, um Erfahrungen auszutauschen, Branchenwissen zu erweitern und Kontakte zu kn\u00fcpfen&#8220;, sagt Katarzyna Sawka, Marketingleiterin der SECO\/WARWICK-Gruppe. &#8222;SECO\/WARWICK ist ein Unternehmen, welches das Konzept der modernen Technologien neu definiert, deren Effizienz mit viel weniger Energieverbrauch, geringeren Kosten und verbesserten technischen Designs h\u00f6her sein kann. Wirtschaftlichkeit, Qualit\u00e4t und Effizienz sind die drei Begriffe, die Technologie-, Betriebs- und Marktvorteile in allen W\u00e4rmebehandlungsverfahren erbringen und die Thema des diesj\u00e4hrigen Trainings-Seminares waren. Wir laden Sie schon heute ein, unser 20. SECO\/WARWICK Trainings-Seminar im Jahr 2017 zu besuchen\u201d, erg\u00e4nzt Sawka.<\/p>\n<p>[\/et_pb_text][\/et_pb_column][et_pb_column type=&#8220;1_3&#8243;][\/et_pb_column][\/et_pb_row][\/et_pb_section]<\/p>\n","protected":false},"excerpt":{"rendered":"<p>SECO\/WARWICK Europe\u2019s 19. Seminar, Neue Trends in der W\u00e4rmebehandlung, zieht weltweites Fachpublikum an Experten aus der Welt der Wissenschaft und Wirtschaft trafen sich vom 14.-15. September 2016 im Schloss Mehrenthin in Polen, um an dem 19. Seminar \u201cNeue Trends in der W\u00e4rmebehandlung\u201d teilzunehmen. In dem zweit\u00e4gigen Seminar, veranstaltet von der SECO\/WARWICK-Gruppe, ging es um Themen [&hellip;]<\/p>\n","protected":false},"author":9,"featured_media":0,"parent":7296,"menu_order":0,"comment_status":"closed","ping_status":"closed","template":"","meta":{"_acf_changed":false,"_et_pb_use_builder":"on","_et_pb_old_content":"","_et_gb_content_width":"","footnotes":""},"class_list":["post-6155","page","type-page","status-publish"],"acf":[],"_links":{"self":[{"href":"https:\/\/www.secowarwick.com\/de\/wp-json\/wp\/v2\/pages\/6155","targetHints":{"allow":["GET"]}}],"collection":[{"href":"https:\/\/www.secowarwick.com\/de\/wp-json\/wp\/v2\/pages"}],"about":[{"href":"https:\/\/www.secowarwick.com\/de\/wp-json\/wp\/v2\/types\/page"}],"author":[{"embeddable":true,"href":"https:\/\/www.secowarwick.com\/de\/wp-json\/wp\/v2\/users\/9"}],"replies":[{"embeddable":true,"href":"https:\/\/www.secowarwick.com\/de\/wp-json\/wp\/v2\/comments?post=6155"}],"version-history":[{"count":0,"href":"https:\/\/www.secowarwick.com\/de\/wp-json\/wp\/v2\/pages\/6155\/revisions"}],"up":[{"embeddable":true,"href":"https:\/\/www.secowarwick.com\/de\/wp-json\/wp\/v2\/pages\/7296"}],"wp:attachment":[{"href":"https:\/\/www.secowarwick.com\/de\/wp-json\/wp\/v2\/media?parent=6155"}],"curies":[{"name":"wp","href":"https:\/\/api.w.org\/{rel}","templated":true}]}}