{"id":6226,"date":"2016-10-01T13:08:10","date_gmt":"2016-10-01T11:08:10","guid":{"rendered":"http:\/\/www.secowarwick.com\/de\/webinars\/"},"modified":"2020-10-08T12:57:05","modified_gmt":"2020-10-08T10:57:05","slug":"webinars-online-seminare","status":"publish","type":"page","link":"https:\/\/www.secowarwick.com\/de\/webinars-online-seminare\/","title":{"rendered":"Webinars (ONLINE-SEMINARE)"},"content":{"rendered":"<p>[et_pb_section bb_built=&#8220;1&#8243; admin_label=&#8220;section&#8220;][et_pb_row admin_label=&#8220;row&#8220; background_position=&#8220;top_left&#8220; background_repeat=&#8220;repeat&#8220; background_size=&#8220;initial&#8220;][et_pb_column type=&#8220;1_2&#8243;][et_pb_text use_border_color=&#8220;off&#8220; background_position=&#8220;top_left&#8220; background_repeat=&#8220;repeat&#8220; background_size=&#8220;initial&#8220; _builder_version=&#8220;3.6&#8243;]<\/p>\n<p>Treffen Sie unsere Experten, ohne Ihren Schreibtisch zu verlassen.<br \/>\nInnerhalb einer Unterrichtsstunde lernen Sie aus der Vor-Ort-Bildungspr\u00e4sentation und haben die M\u00f6glichkeit, mit unseren Experten zu interagieren.<\/p>\n<h2>Wie k\u00f6nnen Sie an einem Webinar teilnehmen?<\/h2>\n<p><a href=\"https:\/\/www.secowarwick.com\/en\/webinars-2\/\">\u00dcberpr\u00fcfen Sie einfach die aktuelle \u00dcbersicht \u00fcber kommende kostenlose Webinare.<\/a> Registrieren Sie sich jetzt f\u00fcr ausgew\u00e4hlte Online-Schulungen. Einen Tag vor der Schulung erhalten Sie via E-Mail eine Erinnerung und eine Stunde vor Beginn des Webinars erhalten Sie einen Link um die Verbindung herzustellen. Zum geplanten Zeitpunkt k\u00f6nnen Sie auf diesen Link klicken und schon k\u00f6nnen Sie den Live-Stream sehen.<\/p>\n<p>[\/et_pb_text][\/et_pb_column][et_pb_column type=&#8220;1_2&#8243;][et_pb_text use_border_color=&#8220;on&#8220; background_color=&#8220;rgba(242,242,242,0)&#8220; custom_padding=&#8220;25px|15px|25px|15px&#8220; background_position=&#8220;top_left&#8220; background_repeat=&#8220;repeat&#8220; background_size=&#8220;initial&#8220; border_color_all=&#8220;#efefef&#8220; border_width_all=&#8220;2px&#8220; _builder_version=&#8220;3.6&#8243;]<\/p>\n<p><img decoding=\"async\" class=\"size-full wp-image-6172 alignleft\" src=\"https:\/\/www.secowarwick.com\/wp-content\/uploads\/2016\/10\/webinar-archive.png\" alt=\"webinar archive\" width=\"154\" height=\"142\" srcset=\"https:\/\/www.secowarwick.com\/wp-content\/uploads\/2016\/10\/webinar-archive.png 154w, https:\/\/www.secowarwick.com\/wp-content\/uploads\/2016\/10\/webinar-archive-150x138.png 150w\" sizes=\"(max-width: 154px) 100vw, 154px\" \/><img decoding=\"async\" class=\"size-full wp-image-6179 aligncenter\" src=\"https:\/\/www.secowarwick.com\/wp-content\/uploads\/2016\/10\/webinar-archive-2.png\" alt=\"webinar archive\" width=\"235\" height=\"22\" srcset=\"https:\/\/www.secowarwick.com\/wp-content\/uploads\/2016\/10\/webinar-archive-2.png 235w, https:\/\/www.secowarwick.com\/wp-content\/uploads\/2016\/10\/webinar-archive-2-150x14.png 150w\" sizes=\"(max-width: 235px) 100vw, 235px\" \/><\/p>\n<p>Sie haben einen Termin verpasst?<br \/>\nWenn Sie einen Termin verpassen, keine Sorge, Sie sind nicht zu sp\u00e4t. Registrieren Sie sich um eine vergangene Aufnahme im Webinar anzusehen. <a href=\"https:\/\/www.secowarwick.com\/en\/webinars-2\/\">\u00d6ffnen Sie dazu einfach unser Webinar-Archiv.<\/a><\/p>\n<p>[\/et_pb_text][\/et_pb_column][\/et_pb_row][\/et_pb_section]<\/p>\n","protected":false},"excerpt":{"rendered":"<p>Treffen Sie unsere Experten, ohne Ihren Schreibtisch zu verlassen. Innerhalb einer Unterrichtsstunde lernen Sie aus der Vor-Ort-Bildungspr\u00e4sentation und haben die M\u00f6glichkeit, mit unseren Experten zu interagieren. Wie k\u00f6nnen Sie an einem Webinar teilnehmen? \u00dcberpr\u00fcfen Sie einfach die aktuelle \u00dcbersicht \u00fcber kommende kostenlose Webinare. Registrieren Sie sich jetzt f\u00fcr ausgew\u00e4hlte Online-Schulungen. Einen Tag vor der Schulung [&hellip;]<\/p>\n","protected":false},"author":9,"featured_media":0,"parent":0,"menu_order":0,"comment_status":"closed","ping_status":"closed","template":"","meta":{"_acf_changed":false,"_et_pb_use_builder":"on","_et_pb_old_content":"","_et_gb_content_width":"","footnotes":""},"class_list":["post-6226","page","type-page","status-publish"],"acf":[],"_links":{"self":[{"href":"https:\/\/www.secowarwick.com\/de\/wp-json\/wp\/v2\/pages\/6226","targetHints":{"allow":["GET"]}}],"collection":[{"href":"https:\/\/www.secowarwick.com\/de\/wp-json\/wp\/v2\/pages"}],"about":[{"href":"https:\/\/www.secowarwick.com\/de\/wp-json\/wp\/v2\/types\/page"}],"author":[{"embeddable":true,"href":"https:\/\/www.secowarwick.com\/de\/wp-json\/wp\/v2\/users\/9"}],"replies":[{"embeddable":true,"href":"https:\/\/www.secowarwick.com\/de\/wp-json\/wp\/v2\/comments?post=6226"}],"version-history":[{"count":0,"href":"https:\/\/www.secowarwick.com\/de\/wp-json\/wp\/v2\/pages\/6226\/revisions"}],"wp:attachment":[{"href":"https:\/\/www.secowarwick.com\/de\/wp-json\/wp\/v2\/media?parent=6226"}],"curies":[{"name":"wp","href":"https:\/\/api.w.org\/{rel}","templated":true}]}}