{"id":6364,"date":"2016-10-01T12:35:18","date_gmt":"2016-10-01T10:35:18","guid":{"rendered":"http:\/\/www.secowarwick.com\/de\/investor-relations\/"},"modified":"2025-12-10T08:06:28","modified_gmt":"2025-12-10T07:06:28","slug":"investoren","status":"publish","type":"page","link":"https:\/\/www.secowarwick.com\/de\/investoren\/","title":{"rendered":"Investoren"},"content":{"rendered":"<p>[et_pb_section fb_built=&#8220;1&#8243; admin_label=&#8220;section&#8220; _builder_version=&#8220;4.23.1&#8243; custom_padding=&#8220;0px||||false|false&#8220; global_colors_info=&#8220;{}&#8220;][et_pb_row admin_label=&#8220;row&#8220; _builder_version=&#8220;4.23.1&#8243; background_color=&#8220;#f8f8f8&#8243; background_size=&#8220;initial&#8220; background_position=&#8220;top_left&#8220; background_repeat=&#8220;repeat&#8220; custom_margin=&#8220;||||false|false&#8220; custom_padding=&#8220;||65px|25px|false|false&#8220; make_fullwidth=&#8220;off&#8220; use_custom_width=&#8220;off&#8220; width_unit=&#8220;on&#8220; global_colors_info=&#8220;{}&#8220;][et_pb_column type=&#8220;4_4&#8243; _builder_version=&#8220;4.16&#8243; custom_padding=&#8220;|||&#8220; global_colors_info=&#8220;{}&#8220; custom_padding__hover=&#8220;|||&#8220;][et_pb_breadcrumbs _builder_version=&#8220;3.0.47&#8243; global_colors_info=&#8220;{}&#8220;][\/et_pb_breadcrumbs][et_pb_text _builder_version=&#8220;4.23.1&#8243; background_size=&#8220;initial&#8220; background_position=&#8220;top_left&#8220; background_repeat=&#8220;repeat&#8220; text_orientation=&#8220;justified&#8220; use_border_color=&#8220;off&#8220; global_colors_info=&#8220;{}&#8220;]<\/p>\n<h1>INVESTOREN<\/h1>\n<p>[\/et_pb_text][\/et_pb_column][\/et_pb_row][et_pb_row admin_label=&#8220;row&#8220; _builder_version=&#8220;4.23.1&#8243; background_size=&#8220;initial&#8220; background_position=&#8220;top_left&#8220; background_repeat=&#8220;repeat&#8220; custom_margin=&#8220;||||false|false&#8220; custom_padding=&#8220;||||false|false&#8220; make_fullwidth=&#8220;off&#8220; use_custom_width=&#8220;off&#8220; width_unit=&#8220;on&#8220; global_colors_info=&#8220;{}&#8220;][et_pb_column type=&#8220;4_4&#8243; _builder_version=&#8220;4.16&#8243; custom_padding=&#8220;|||&#8220; global_colors_info=&#8220;{}&#8220; custom_padding__hover=&#8220;|||&#8220;][et_pb_text _builder_version=&#8220;4.23.1&#8243; background_size=&#8220;initial&#8220; background_position=&#8220;top_left&#8220; background_repeat=&#8220;repeat&#8220; text_orientation=&#8220;justified&#8220; use_border_color=&#8220;off&#8220; global_colors_info=&#8220;{}&#8220;]<\/p>\n<h2>Die SECO\/WARWICK-Gruppe ist einer der weltweit f\u00fchrenden Hersteller von W\u00e4rmebehandlungs\u00f6fen.<\/h2>\n<p>Wir sind auch einer der Technologief\u00fchrer in&nbsp;unserem Bereich. Dank der h\u00f6chstmodernen F&nbsp;&amp; E-Abteilung mit einem metallographischen Labor ausgestattet und der Zusammenarbeit mit den f\u00fchrenden technischen Hochschulen in&nbsp;Polen, wir sind in&nbsp;der Lage, innovative L\u00f6sungen anzubieten, die nirgendwo sonst auf der Welt angeboten werden.<\/p>\n<p>[\/et_pb_text][\/et_pb_column][\/et_pb_row][\/et_pb_section][et_pb_section fb_built=&#8220;1&#8243; _builder_version=&#8220;4.16&#8243; custom_margin=&#8220;0px|||&#8220; custom_padding=&#8220;0px|||&#8220; global_colors_info=&#8220;{}&#8220;][et_pb_row column_structure=&#8220;1_4,1_4,1_4,1_4&#8243; _builder_version=&#8220;4.16&#8243; background_size=&#8220;initial&#8220; background_position=&#8220;top_left&#8220; background_repeat=&#8220;repeat&#8220; global_colors_info=&#8220;{}&#8220;][et_pb_column type=&#8220;1_4&#8243; _builder_version=&#8220;4.16&#8243; custom_padding=&#8220;|||&#8220; global_colors_info=&#8220;{}&#8220; custom_padding__hover=&#8220;|||&#8220;][et_pb_blurb title=&#8220;AKTUELLE BERICHTE&#8220; url=&#8220;https:\/\/www.secowarwick.com\/en\/investor-relations\/current-reports\/&#8220; image=&#8220;https:\/\/www.secowarwick.com\/wp-content\/uploads\/2020\/01\/iko-reka.png&#8220; alt=&#8220;AKTUELLE BERICHTE&#8220; _builder_version=&#8220;4.23.1&#8243; header_text_align=&#8220;center&#8220; header_font_size=&#8220;16&#8243; body_font=&#8220;|600|||||||&#8220; text_orientation=&#8220;center&#8220; custom_margin=&#8220;-14px|||&#8220; custom_margin_tablet=&#8220;&#8220; custom_margin_phone=&#8220;&#8220; custom_margin_last_edited=&#8220;on|phone&#8220; global_colors_info=&#8220;{}&#8220;][\/et_pb_blurb][\/et_pb_column][et_pb_column type=&#8220;1_4&#8243; _builder_version=&#8220;4.16&#8243; custom_padding=&#8220;|||&#8220; global_colors_info=&#8220;{}&#8220; custom_padding__hover=&#8220;|||&#8220;][et_pb_blurb title=&#8220;PERIODISCHE BERICHTE&#8220; url=&#8220;https:\/\/www.secowarwick.com\/en\/investor-relations\/periodic-reports\/&#8220; image=&#8220;https:\/\/www.secowarwick.com\/wp-content\/uploads\/2020\/01\/iko-okresowe.png&#8220; alt=&#8220;PERIODISCHE BERICHTE&#8220; _builder_version=&#8220;4.23.1&#8243; header_text_align=&#8220;center&#8220; header_font_size=&#8220;16&#8243; body_font=&#8220;|600|||||||&#8220; text_orientation=&#8220;center&#8220; custom_margin=&#8220;5px|||&#8220; custom_margin_tablet=&#8220;&#8220; custom_margin_phone=&#8220;&#8220; custom_margin_last_edited=&#8220;on|phone&#8220; global_colors_info=&#8220;{}&#8220;][\/et_pb_blurb][\/et_pb_column][et_pb_column type=&#8220;1_4&#8243; _builder_version=&#8220;4.16&#8243; custom_padding=&#8220;|||&#8220; global_colors_info=&#8220;{}&#8220; custom_padding__hover=&#8220;|||&#8220;][et_pb_blurb title=&#8220;AUSGEW\u00c4HLTE FINANZDATEN&#8220; url=&#8220;https:\/\/www.secowarwick.com\/en\/investor-relations\/selected-financial-data\/&#8220; image=&#8220;https:\/\/www.secowarwick.com\/wp-content\/uploads\/2020\/01\/iko-wybrane.png&#8220; alt=&#8220;AUSGEW\u00c4HLTE FINANZDATEN&#8220; _builder_version=&#8220;4.23.1&#8243; header_text_align=&#8220;center&#8220; header_font_size=&#8220;16&#8243; body_font=&#8220;|600|||||||&#8220; text_orientation=&#8220;center&#8220; custom_margin=&#8220;-5px|||&#8220; custom_margin_tablet=&#8220;&#8220; custom_margin_phone=&#8220;&#8220; custom_margin_last_edited=&#8220;on|phone&#8220; global_colors_info=&#8220;{}&#8220;][\/et_pb_blurb][\/et_pb_column][et_pb_column type=&#8220;1_4&#8243; _builder_version=&#8220;4.16&#8243; custom_padding=&#8220;|||&#8220; global_colors_info=&#8220;{}&#8220; custom_padding__hover=&#8220;|||&#8220;][et_pb_blurb title=&#8220;B\u00d6RSENKURS&#8220; url=&#8220;https:\/\/www.secowarwick.com\/en\/investor-relations\/share-price-2\/&#8220; image=&#8220;https:\/\/www.secowarwick.com\/wp-content\/uploads\/2020\/01\/iko-akcje.png&#8220; alt=&#8220;B\u00d6RSENKURS&#8220; _builder_version=&#8220;4.23.1&#8243; header_text_align=&#8220;center&#8220; header_font_size=&#8220;16&#8243; body_font=&#8220;|600|||||||&#8220; text_orientation=&#8220;center&#8220; global_colors_info=&#8220;{}&#8220;][\/et_pb_blurb][\/et_pb_column][\/et_pb_row][et_pb_row column_structure=&#8220;1_4,1_4,1_4,1_4&#8243; _builder_version=&#8220;4.16&#8243; background_size=&#8220;initial&#8220; background_position=&#8220;top_left&#8220; background_repeat=&#8220;repeat&#8220; global_colors_info=&#8220;{}&#8220;][et_pb_column type=&#8220;1_4&#8243; _builder_version=&#8220;4.16&#8243; custom_padding=&#8220;|||&#8220; global_colors_info=&#8220;{}&#8220; custom_padding__hover=&#8220;|||&#8220;][et_pb_blurb title=&#8220;FINANZKALENDER&#8220; url=&#8220;https:\/\/www.secowarwick.com\/en\/investor-relations\/financial-calendar\/&#8220; image=&#8220;https:\/\/www.secowarwick.com\/wp-content\/uploads\/2020\/01\/iko_zegar-1.png&#8220; alt=&#8220;FINANZKALENDER&#8220; _builder_version=&#8220;4.23.1&#8243; header_text_align=&#8220;center&#8220; header_font_size=&#8220;16&#8243; body_font=&#8220;|600|||||||&#8220; text_orientation=&#8220;center&#8220; global_colors_info=&#8220;{}&#8220;][\/et_pb_blurb][\/et_pb_column][et_pb_column type=&#8220;1_4&#8243; _builder_version=&#8220;4.16&#8243; custom_padding=&#8220;|||&#8220; global_colors_info=&#8220;{}&#8220; custom_padding__hover=&#8220;|||&#8220;][et_pb_blurb title=&#8220;AKTION\u00c4RSSTRUKTUR IM\u00a0\u00dcBERBLICK&#8220; url=&#8220;https:\/\/www.secowarwick.com\/en\/investor-relations\/shareholdings-in-brief\/&#8220; image=&#8220;https:\/\/www.secowarwick.com\/wp-content\/uploads\/2020\/01\/iko-akcjonariat-2.png&#8220; alt=&#8220;AKTION\u00c4RSSTRUKTUR IM\u00a0\u00dcBERBLICK&#8220; _builder_version=&#8220;4.23.1&#8243; header_text_align=&#8220;center&#8220; header_font_size=&#8220;16&#8243; body_font=&#8220;|600|||||||&#8220; text_orientation=&#8220;center&#8220; global_colors_info=&#8220;{}&#8220;][\/et_pb_blurb][\/et_pb_column][et_pb_column type=&#8220;1_4&#8243; _builder_version=&#8220;4.16&#8243; custom_padding=&#8220;|||&#8220; global_colors_info=&#8220;{}&#8220; custom_padding__hover=&#8220;|||&#8220;][et_pb_blurb title=&#8220;UNTERNEHMENSF\u00dcHRUNG&#8220; url=&#8220;https:\/\/www.secowarwick.com\/en\/investor-relations\/corporate-governance\/&#8220; image=&#8220;https:\/\/www.secowarwick.com\/wp-content\/uploads\/2020\/01\/iko-kula.png&#8220; alt=&#8220;UNTERNEHMENSF\u00dcHRUNG&#8220; _builder_version=&#8220;4.23.1&#8243; header_text_align=&#8220;center&#8220; header_font_size=&#8220;16&#8243; body_font=&#8220;|600|||||||&#8220; text_orientation=&#8220;center&#8220; global_colors_info=&#8220;{}&#8220;][\/et_pb_blurb][\/et_pb_column][et_pb_column type=&#8220;1_4&#8243; _builder_version=&#8220;4.16&#8243; custom_padding=&#8220;|||&#8220; global_colors_info=&#8220;{}&#8220; custom_padding__hover=&#8220;|||&#8220;][et_pb_blurb title=&#8220;FIRMENDOKUMENTE&#8220; url=&#8220;https:\/\/www.secowarwick.com\/wp-content\/uploads\/2025\/10\/20251128-SECO-3Q-2025-inwestorzy.pdf&#8220; image=&#8220;https:\/\/www.secowarwick.com\/wp-content\/uploads\/2020\/01\/iko-korporacyjne.png&#8220; alt=&#8220;FIRMENDOKUMENTE&#8220; _builder_version=&#8220;4.23.1&#8243; header_text_align=&#8220;center&#8220; header_font_size=&#8220;16&#8243; body_font=&#8220;|600|||||||&#8220; text_orientation=&#8220;center&#8220; custom_margin=&#8220;13px|||&#8220; custom_margin_tablet=&#8220;&#8220; custom_margin_phone=&#8220;&#8220; custom_margin_last_edited=&#8220;on|phone&#8220; hover_enabled=&#8220;0&#8243; global_colors_info=&#8220;{}&#8220; sticky_enabled=&#8220;0&#8243;][\/et_pb_blurb][\/et_pb_column][\/et_pb_row][et_pb_row column_structure=&#8220;1_4,1_4,1_4,1_4&#8243; _builder_version=&#8220;4.16&#8243; background_size=&#8220;initial&#8220; background_position=&#8220;top_left&#8220; background_repeat=&#8220;repeat&#8220; global_colors_info=&#8220;{}&#8220;][et_pb_column type=&#8220;1_4&#8243; _builder_version=&#8220;4.16&#8243; custom_padding=&#8220;|||&#8220; global_colors_info=&#8220;{}&#8220; custom_padding__hover=&#8220;|||&#8220;][et_pb_blurb title=&#8220;UNTERNEHMENSSTRUKTUR&#8220; url=&#8220;https:\/\/www.secowarwick.com\/de\/investoren\/unternehmensstruktur\/&#8220; image=&#8220;https:\/\/www.secowarwick.com\/wp-content\/uploads\/2020\/01\/iko-wladze.png&#8220; alt=&#8220;UNTERNEHMENSSTRUKTUR&#8220; _builder_version=&#8220;4.23.1&#8243; header_text_align=&#8220;center&#8220; header_font_size=&#8220;16&#8243; body_font=&#8220;|600|||||||&#8220; text_orientation=&#8220;center&#8220; global_colors_info=&#8220;{}&#8220;][\/et_pb_blurb][\/et_pb_column][et_pb_column type=&#8220;1_4&#8243; _builder_version=&#8220;4.16&#8243; custom_padding=&#8220;|||&#8220; global_colors_info=&#8220;{}&#8220; custom_padding__hover=&#8220;|||&#8220;][et_pb_blurb title=&#8220;VORSTAND&#8220; url=&#8220;https:\/\/www.secowarwick.com\/de\/unternehmen\/vorstand\/&#8220; image=&#8220;https:\/\/www.secowarwick.com\/wp-content\/uploads\/2020\/01\/iko-bank.png&#8220; alt=&#8220;VORSTAND&#8220; _builder_version=&#8220;4.23.1&#8243; header_text_align=&#8220;center&#8220; header_font_size=&#8220;16&#8243; body_font=&#8220;|600|||||||&#8220; text_orientation=&#8220;center&#8220; custom_margin=&#8220;5px|||&#8220; custom_margin_tablet=&#8220;&#8220; custom_margin_phone=&#8220;&#8220; custom_margin_last_edited=&#8220;on|phone&#8220; global_colors_info=&#8220;{}&#8220;][\/et_pb_blurb][\/et_pb_column][et_pb_column type=&#8220;1_4&#8243; _builder_version=&#8220;4.16&#8243; custom_padding=&#8220;|||&#8220; global_colors_info=&#8220;{}&#8220; custom_padding__hover=&#8220;|||&#8220;][et_pb_blurb title=&#8220;DER AUFSICHTSRAT IM\u00a0\u00dcBERBLICK&#8220; url=&#8220;https:\/\/www.secowarwick.com\/de\/investoren\/der-aufsichtsrat-im-ueberblick\/&#8220; image=&#8220;https:\/\/www.secowarwick.com\/wp-content\/uploads\/2020\/05\/iko-radav3-1.png&#8220; alt=&#8220;DER AUFSICHTSRAT IM\u00a0\u00dcBERBLICK&#8220; _builder_version=&#8220;4.23.1&#8243; header_text_align=&#8220;center&#8220; header_font_size=&#8220;16&#8243; body_font=&#8220;|600|||||||&#8220; text_orientation=&#8220;center&#8220; custom_margin=&#8220;36px|||&#8220; custom_margin_tablet=&#8220;&#8220; custom_margin_phone=&#8220;&#8220; custom_margin_last_edited=&#8220;on|phone&#8220; custom_css_blurb_image=&#8220;max-width: 120px;||&#8220; global_colors_info=&#8220;{}&#8220;][\/et_pb_blurb][\/et_pb_column][et_pb_column type=&#8220;1_4&#8243; _builder_version=&#8220;4.16&#8243; custom_padding=&#8220;|||&#8220; global_colors_info=&#8220;{}&#8220; custom_padding__hover=&#8220;|||&#8220;][et_pb_blurb title=&#8220;B\u00d6RSENINFORMATIONEN&#8220; url=&#8220;https:\/\/www.secowarwick.com\/de\/investoren\/boerseninformationen\/&#8220; image=&#8220;https:\/\/www.secowarwick.com\/wp-content\/uploads\/2020\/05\/informacje-gieldowe.png&#8220; alt=&#8220;B\u00d6RSENINFORMATIONEN&#8220; _builder_version=&#8220;4.23.1&#8243; header_text_align=&#8220;center&#8220; header_font_size=&#8220;16&#8243; body_font=&#8220;|600|||||||&#8220; text_orientation=&#8220;center&#8220; custom_margin=&#8220;12px|||&#8220; custom_margin_tablet=&#8220;&#8220; custom_margin_phone=&#8220;&#8220; custom_margin_last_edited=&#8220;on|phone&#8220; global_colors_info=&#8220;{}&#8220;][\/et_pb_blurb][\/et_pb_column][\/et_pb_row][et_pb_row disabled_on=&#8220;on|on|on&#8220; _builder_version=&#8220;4.16&#8243; disabled=&#8220;on&#8220; global_colors_info=&#8220;{}&#8220;][et_pb_column type=&#8220;4_4&#8243; _builder_version=&#8220;4.16&#8243; custom_padding=&#8220;|||&#8220; global_colors_info=&#8220;{}&#8220; custom_padding__hover=&#8220;|||&#8220;][et_pb_text admin_label=&#8220;contctUS&#8220; _builder_version=&#8220;4.16&#8243; background_size=&#8220;initial&#8220; background_position=&#8220;top_left&#8220; background_repeat=&#8220;repeat&#8220; use_border_color=&#8220;off&#8220; global_colors_info=&#8220;{}&#8220;]<\/p>\n<h2>FAKTY<span style=\"color: #dc291e;\">\/ <\/span>O&nbsp;NAS<\/h2>\n<p>[\/et_pb_text][et_pb_text _builder_version=&#8220;4.16&#8243; background_size=&#8220;initial&#8220; background_position=&#8220;top_left&#8220; background_repeat=&#8220;repeat&#8220; text_orientation=&#8220;justified&#8220; use_border_color=&#8220;off&#8220; global_colors_info=&#8220;{}&#8220;]Dzia\u0142alno\u015b\u0107 grupy SECO\/WARWICK obejmuje produkcj\u0119\u00a0pi\u0119ciu g\u0142\u00f3wnych grup produkt\u00f3w: piec\u00f3w pr\u00f3\u017cniowych, linii do&nbsp;lutowania aluminiowych wymiennik\u00f3w ciep\u0142a, linii do&nbsp;obr\u00f3bki cieplnej aluminium, piec\u00f3w atmosferowych oraz&nbsp;piec\u00f3w topialnych. Grup\u0119 SECO\/WARWICK tworz\u0105 sp\u00f3\u0142ki zale\u017cne ulokowane w&nbsp;6 krajach \u015bwiata na&nbsp;trzech kontynentach, a&nbsp;nasze produkty sprzedajemy do&nbsp;70 kraj\u00f3w \u015bwiata. Do&nbsp;g\u0142\u00f3wnych rynk\u00f3w, w&nbsp;kt\u00f3rych&nbsp;dzia\u0142aj\u0105 odbiorcy produkt\u00f3w zaliczy\u0107 mo\u017cna przemys\u0142 motoryzacyjny, lotniczy, maszynowy, narz\u0119dziowy i&nbsp;metalurgi\u0119 aluminium. W\u015br\u00f3d naszych klient\u00f3w znale\u017ali si\u0119 m.in.&nbsp;tacy potentaci jak Bosh, Siemens, Valeo, General Electric, Honeywell, Ford, Volkswagen czy&nbsp;Rolls Royce.[\/et_pb_text][\/et_pb_column][\/et_pb_row][\/et_pb_section][et_pb_section fb_built=&#8220;1&#8243; _builder_version=&#8220;4.16&#8243; global_colors_info=&#8220;{}&#8220;][et_pb_row column_structure=&#8220;1_2,1_2&#8243; _builder_version=&#8220;4.16&#8243; background_size=&#8220;initial&#8220; background_position=&#8220;top_left&#8220; background_repeat=&#8220;repeat&#8220; global_colors_info=&#8220;{}&#8220;][et_pb_column type=&#8220;1_2&#8243; _builder_version=&#8220;4.16&#8243; custom_padding=&#8220;|||&#8220; global_colors_info=&#8220;{}&#8220; custom_padding__hover=&#8220;|||&#8220;][et_pb_image src=&#8220;https:\/\/www.secowarwick.com\/wp-content\/uploads\/2018\/10\/Kontakt.png&#8220; align_tablet=&#8220;center&#8220; align_phone=&#8220;center&#8220; align_last_edited=&#8220;on|desktop&#8220; _builder_version=&#8220;4.16&#8243; global_colors_info=&#8220;{}&#8220;][\/et_pb_image][\/et_pb_column][et_pb_column type=&#8220;1_2&#8243; _builder_version=&#8220;4.16&#8243; custom_padding=&#8220;|||&#8220; global_colors_info=&#8220;{}&#8220; custom_padding__hover=&#8220;|||&#8220;][et_pb_text _builder_version=&#8220;4.16&#8243; global_colors_info=&#8220;{}&#8220;]<\/p>\n<h2><span style=\"color: #dc291e;\">\/<\/span>KONTAKT<\/h2>\n<p>&nbsp;<\/p>\n<h3 class=\"employee-name\"><span style=\"color: #dc291e;\"><strong>KATARZYNA MUCHA<\/strong><\/span><\/h3>\n<p class=\"employee-position\">INVESTOREN \u2013 CC GROUP SP. Z&nbsp;O. O.<\/p>\n<p class=\"employee-phone\">Telefon: +48 22 440 1 440<\/p>\n<p class=\"employee-email\">Email:\u00a0katarzyna.mucha@ccgroup.pl<\/p>\n<p>[\/et_pb_text][\/et_pb_column][\/et_pb_row][\/et_pb_section]<\/p>\n","protected":false},"excerpt":{"rendered":"<p>[et_pb_breadcrumbs _builder_version=&#8220;3.0.47&#8243; global_colors_info=&#8220;{}&#8220;][\/et_pb_breadcrumbs]INVESTORENDie SECO\/WARWICK-Gruppe ist einer der weltweit f\u00fchrenden Hersteller von W\u00e4rmebehandlungs\u00f6fen. Wir sind auch einer der Technologief\u00fchrer in&nbsp;unserem Bereich. Dank der h\u00f6chstmodernen F&nbsp;&amp; E-Abteilung mit einem metallographischen Labor ausgestattet und der Zusammenarbeit mit den f\u00fchrenden technischen Hochschulen in&nbsp;Polen, wir sind in&nbsp;der Lage, innovative L\u00f6sungen anzubieten, die nirgendwo sonst auf der Welt angeboten werden.FAKTY\/ O&nbsp;NASDzia\u0142alno\u015b\u0107 [&hellip;]<\/p>\n","protected":false},"author":9,"featured_media":0,"parent":0,"menu_order":0,"comment_status":"closed","ping_status":"closed","template":"","meta":{"_acf_changed":false,"_et_pb_use_builder":"on","_et_pb_old_content":"","_et_gb_content_width":"","footnotes":""},"class_list":["post-6364","page","type-page","status-publish"],"acf":[],"_links":{"self":[{"href":"https:\/\/www.secowarwick.com\/de\/wp-json\/wp\/v2\/pages\/6364","targetHints":{"allow":["GET"]}}],"collection":[{"href":"https:\/\/www.secowarwick.com\/de\/wp-json\/wp\/v2\/pages"}],"about":[{"href":"https:\/\/www.secowarwick.com\/de\/wp-json\/wp\/v2\/types\/page"}],"author":[{"embeddable":true,"href":"https:\/\/www.secowarwick.com\/de\/wp-json\/wp\/v2\/users\/9"}],"replies":[{"embeddable":true,"href":"https:\/\/www.secowarwick.com\/de\/wp-json\/wp\/v2\/comments?post=6364"}],"version-history":[{"count":6,"href":"https:\/\/www.secowarwick.com\/de\/wp-json\/wp\/v2\/pages\/6364\/revisions"}],"predecessor-version":[{"id":188327,"href":"https:\/\/www.secowarwick.com\/de\/wp-json\/wp\/v2\/pages\/6364\/revisions\/188327"}],"wp:attachment":[{"href":"https:\/\/www.secowarwick.com\/de\/wp-json\/wp\/v2\/media?parent=6364"}],"curies":[{"name":"wp","href":"https:\/\/api.w.org\/{rel}","templated":true}]}}