{"id":64498,"date":"2018-05-14T08:31:55","date_gmt":"2018-05-14T06:31:55","guid":{"rendered":"http:\/\/www.secowarwick.com\/info-center\/newsletter-signup-form\/"},"modified":"2025-09-11T12:50:50","modified_gmt":"2025-09-11T10:50:50","slug":"newsletter-signup-form","status":"publish","type":"page","link":"https:\/\/www.secowarwick.com\/de\/info-center\/newsletter-signup-form\/","title":{"rendered":"SECO\/SPACE Content Premium"},"content":{"rendered":"<p>[et_pb_section fb_built=&#8220;1&#8243; _builder_version=&#8220;4.16&#8243; background_color=&#8220;#f9f9f9&#8243; custom_css_main_element=&#8220;min-height: 450px;&#8220; global_colors_info=&#8220;{}&#8220;][et_pb_row _builder_version=&#8220;4.16&#8243; background_size=&#8220;initial&#8220; background_position=&#8220;top_left&#8220; background_repeat=&#8220;repeat&#8220; global_colors_info=&#8220;{}&#8220;][et_pb_column type=&#8220;4_4&#8243; _builder_version=&#8220;4.16&#8243; custom_padding=&#8220;|||&#8220; global_colors_info=&#8220;{}&#8220; custom_padding__hover=&#8220;|||&#8220;][et_pb_breadcrumbs _builder_version=&#8220;3.6&#8243; global_colors_info=&#8220;{}&#8220;][\/et_pb_breadcrumbs][et_pb_text _builder_version=&#8220;4.16&#8243; global_colors_info=&#8220;{}&#8220;]<\/p>\n<h1>NEWSLETTER SIGNUP FORM<\/h1>\n<p>[\/et_pb_text][\/et_pb_column][\/et_pb_row][\/et_pb_section][et_pb_section fb_built=&#8220;1&#8243; _builder_version=&#8220;4.16&#8243; custom_margin=&#8220;||0px|&#8220; custom_padding=&#8220;||0px|&#8220; global_colors_info=&#8220;{}&#8220;][et_pb_row _builder_version=&#8220;4.16&#8243; background_size=&#8220;initial&#8220; background_position=&#8220;top_left&#8220; background_repeat=&#8220;repeat&#8220; global_colors_info=&#8220;{}&#8220;][et_pb_column type=&#8220;4_4&#8243; _builder_version=&#8220;4.16&#8243; custom_padding=&#8220;|||&#8220; global_colors_info=&#8220;{}&#8220; custom_padding__hover=&#8220;|||&#8220;][et_pb_image src=&#8220;https:\/\/www.secowarwick.com\/wp-content\/uploads\/2023\/01\/SECOSPACE-banner-wyzszy.jpg&#8220; alt=&#8220;SECO\/WARWICK Newsletter&#8220; title_text=&#8220;SECOSPACE banner wy\u017cszy&#8220; align_tablet=&#8220;center&#8220; align_phone=&#8220;&#8220; align_last_edited=&#8220;on|desktop&#8220; _builder_version=&#8220;4.19.2&#8243; custom_margin=&#8220;-320px|||&#8220; global_colors_info=&#8220;{}&#8220;][\/et_pb_image][et_pb_button button_url=&#8220;https:\/\/www.secowarwick.com\/en\/subscribe-to-our-newsletter\/&#8220; url_new_window=&#8220;on&#8220; button_text=&#8220;GET ACCESS TO\u00a0PREVIOUS NEWSLETTERS!&#8220; button_alignment=&#8220;center&#8220; disabled_on=&#8220;on|on|on&#8220; module_class=&#8220;download-agenda&#8220; _builder_version=&#8220;4.19.2&#8243; custom_button=&#8220;on&#8220; button_text_color=&#8220;#ffffff&#8220; button_bg_color=&#8220;#dc291e&#8220; button_border_width=&#8220;0&#8243; button_border_radius=&#8220;5&#8243; button_icon=&#8220;&#xe092;||divi||400&#8243; button_on_hover=&#8220;off&#8220; custom_margin=&#8220;45px|||&#8220; custom_css_main_element=&#8220;min-width: 60%;&#8220; disabled=&#8220;on&#8220; locked=&#8220;off&#8220; global_colors_info=&#8220;{}&#8220; button_text_size__hover_enabled=&#8220;off&#8220; button_one_text_size__hover_enabled=&#8220;off&#8220; button_two_text_size__hover_enabled=&#8220;off&#8220; button_text_color__hover_enabled=&#8220;off&#8220; button_one_text_color__hover_enabled=&#8220;off&#8220; button_two_text_color__hover_enabled=&#8220;off&#8220; button_border_width__hover_enabled=&#8220;off&#8220; button_one_border_width__hover_enabled=&#8220;off&#8220; button_two_border_width__hover_enabled=&#8220;off&#8220; button_border_color__hover_enabled=&#8220;off&#8220; button_one_border_color__hover_enabled=&#8220;off&#8220; button_two_border_color__hover_enabled=&#8220;off&#8220; button_border_radius__hover_enabled=&#8220;off&#8220; button_one_border_radius__hover_enabled=&#8220;off&#8220; button_two_border_radius__hover_enabled=&#8220;off&#8220; button_letter_spacing__hover_enabled=&#8220;off&#8220; button_one_letter_spacing__hover_enabled=&#8220;off&#8220; button_two_letter_spacing__hover_enabled=&#8220;off&#8220; button_bg_color__hover_enabled=&#8220;off&#8220; button_one_bg_color__hover_enabled=&#8220;off&#8220; button_two_bg_color__hover_enabled=&#8220;off&#8220;][\/et_pb_button][et_pb_text _builder_version=&#8220;4.23.1&#8243; custom_margin=&#8220;60px||80px|&#8220; global_colors_info=&#8220;{}&#8220;]<\/p>\n<h3><strong>Jetzt Zugang zu Premium-Inhalten erhalten!<\/strong><\/h3>\n<h3><span class=\"TextRun SCXW4257484 BCX8\" lang=\"EN-US\" xml:lang=\"EN-US\" data-contrast=\"auto\"><span class=\"NormalTextRun SCXW4257484 BCX8\">Als <\/span><span class=\"NormalTextRun SpellingErrorV2Themed SCXW4257484 BCX8\">Abonnent<\/span> <span class=\"NormalTextRun SpellingErrorV2Themed SCXW4257484 BCX8\">erhalten<\/span><span class=\"NormalTextRun SCXW4257484 BCX8\"> Sie alle <\/span><span class=\"NormalTextRun SpellingErrorV2Themed SCXW4257484 BCX8\">zwei<\/span> <span class=\"NormalTextRun SpellingErrorV2Themed SCXW4257484 BCX8\">Monate<\/span> <span class=\"NormalTextRun SpellingErrorV2Themed SCXW4257484 BCX8\">Experteninhalte<\/span> <span class=\"NormalTextRun SpellingErrorV2Themed SCXW4257484 BCX8\">aus<\/span><span class=\"NormalTextRun SCXW4257484 BCX8\"> dem <\/span><span class=\"NormalTextRun SpellingErrorV2Themed SCXW4257484 BCX8\">Bereich<\/span><span class=\"NormalTextRun SCXW4257484 BCX8\"> der <\/span><span class=\"NormalTextRun SpellingErrorV2Themed SCXW4257484 BCX8\">Metallw\u00e4rmebehandlung<\/span><span class=\"NormalTextRun SCXW4257484 BCX8\"> und <\/span><span class=\"NormalTextRun SpellingErrorV2Themed SCXW4257484 BCX8\">Metallurgie<\/span><span class=\"NormalTextRun SCXW4257484 BCX8\">. So <\/span><span class=\"NormalTextRun SpellingErrorV2Themed SCXW4257484 BCX8\">erhalten<\/span><span class=\"NormalTextRun SCXW4257484 BCX8\"> Sie <\/span><span class=\"NormalTextRun SpellingErrorV2Themed SCXW4257484 BCX8\">als<\/span> <span class=\"NormalTextRun SpellingErrorV2Themed SCXW4257484 BCX8\">Erster<\/span> <span class=\"NormalTextRun SpellingErrorV2Themed SCXW4257484 BCX8\">technische<\/span><span class=\"NormalTextRun SCXW4257484 BCX8\"> Artikel, <\/span><span class=\"NormalTextRun SpellingErrorV2Themed SCXW4257484 BCX8\">wissenschaftliches<\/span><span class=\"NormalTextRun SCXW4257484 BCX8\"> Material von <\/span><span class=\"NormalTextRun SpellingErrorV2Themed SCXW4257484 BCX8\">unseren<\/span> <span class=\"NormalTextRun SpellingErrorV2Themed SCXW4257484 BCX8\">Experten<\/span><span class=\"NormalTextRun SCXW4257484 BCX8\">, E-Books, <\/span><span class=\"NormalTextRun SpellingErrorV2Themed SCXW4257484 BCX8\">Einladungen<\/span> <span class=\"NormalTextRun SpellingErrorV2Themed SCXW4257484 BCX8\">zu<\/span> <span class=\"NormalTextRun SpellingErrorV2Themed SCXW4257484 BCX8\">Webinaren<\/span><span class=\"NormalTextRun SCXW4257484 BCX8\"> und <\/span><span class=\"NormalTextRun SpellingErrorV2Themed SCXW4257484 BCX8\">mehr<\/span><span class=\"NormalTextRun SCXW4257484 BCX8\">. <\/span><span class=\"NormalTextRun SpellingErrorV2Themed SCXW4257484 BCX8\">Verpassen<\/span><span class=\"NormalTextRun SCXW4257484 BCX8\"> Sie <\/span><span class=\"NormalTextRun SpellingErrorV2Themed SCXW4257484 BCX8\">nicht<\/span><span class=\"NormalTextRun SCXW4257484 BCX8\"> die <\/span><span class=\"NormalTextRun SpellingErrorV2Themed SCXW4257484 BCX8\">Gelegenheit<\/span><span class=\"NormalTextRun SCXW4257484 BCX8\">, <\/span><span class=\"NormalTextRun SpellingErrorV2Themed SCXW4257484 BCX8\">Ihr<\/span><span class=\"NormalTextRun SCXW4257484 BCX8\"> Wissen und <\/span><span class=\"NormalTextRun SpellingErrorV2Themed SCXW4257484 BCX8\">Ihre<\/span> <span class=\"NormalTextRun SpellingErrorV2Themed SCXW4257484 BCX8\">F\u00e4higkeiten<\/span> <span class=\"NormalTextRun SpellingErrorV2Themed SCXW4257484 BCX8\">zu<\/span> <span class=\"NormalTextRun SpellingErrorV2Themed SCXW4257484 BCX8\">erweitern<\/span><span class=\"NormalTextRun SCXW4257484 BCX8\"> &#8211; <\/span><span class=\"NormalTextRun SpellingErrorV2Themed SCXW4257484 BCX8\">melden<\/span><span class=\"NormalTextRun SCXW4257484 BCX8\"> Sie <\/span><span class=\"NormalTextRun SpellingErrorV2Themed SCXW4257484 BCX8\">sich<\/span> <span class=\"NormalTextRun SpellingErrorV2Themed SCXW4257484 BCX8\">noch<\/span> <span class=\"NormalTextRun SpellingErrorV2Themed SCXW4257484 BCX8\">heute<\/span><span class=\"NormalTextRun SCXW4257484 BCX8\"> an!<\/span><\/span><span class=\"EOP SCXW4257484 BCX8\" data-ccp-props=\"{&quot;201341983&quot;:0,&quot;335559739&quot;:160,&quot;335559740&quot;:259}\">\u00a0<\/span><\/h3>\n<p>&nbsp;<\/p>\n<p>[\/et_pb_text][et_pb_image src=&#8220;https:\/\/www.secowarwick.com\/wp-content\/uploads\/2018\/10\/newsletter-get-start.jpg&#8220; show_bottom_space=&#8220;off&#8220; align=&#8220;center&#8220; align_tablet=&#8220;center&#8220; align_phone=&#8220;&#8220; align_last_edited=&#8220;on|desktop&#8220; disabled_on=&#8220;on|on|on&#8220; _builder_version=&#8220;4.16&#8243; disabled=&#8220;on&#8220; global_colors_info=&#8220;{}&#8220;][\/et_pb_image][\/et_pb_column][\/et_pb_row][\/et_pb_section][et_pb_section fb_built=&#8220;1&#8243; _builder_version=&#8220;4.16&#8243; custom_margin=&#8220;0px|||&#8220; custom_padding=&#8220;0px|||&#8220; global_colors_info=&#8220;{}&#8220;][et_pb_row _builder_version=&#8220;4.16&#8243; custom_margin=&#8220;0px|||&#8220; custom_padding=&#8220;40px|||&#8220; global_colors_info=&#8220;{}&#8220;][et_pb_column type=&#8220;4_4&#8243; _builder_version=&#8220;4.16&#8243; custom_padding=&#8220;|||&#8220; global_colors_info=&#8220;{}&#8220; custom_padding__hover=&#8220;|||&#8220;][et_pb_code _builder_version=&#8220;4.23.1&#8243; _module_preset=&#8220;default&#8220; hover_enabled=&#8220;0&#8243; global_colors_info=&#8220;{}&#8220; sticky_enabled=&#8220;0&#8243;]<\/p>\n<div data-form-id='a759cbd5-3c7c-f011-b4cb-7c1e5251a249' data-form-api-url='https:\/\/public-eur.mkt.dynamics.com\/api\/v1.0\/orgs\/afa6d5de-7242-4074-afa8-04f7e5f4e5bd\/landingpageforms' data-cached-form-url='https:\/\/assets-eur.mkt.dynamics.com\/afa6d5de-7242-4074-afa8-04f7e5f4e5bd\/digitalassets\/forms\/a759cbd5-3c7c-f011-b4cb-7c1e5251a249' ><\/div>\n<p> <script src = 'https:\/\/cxppusa1formui01cdnsa01-endpoint.azureedge.net\/eur\/FormLoader\/FormLoader.bundle.js' ><\/script>[\/et_pb_code][\/et_pb_column][\/et_pb_row][\/et_pb_section]<\/p>\n","protected":false},"excerpt":{"rendered":"<p>[et_pb_breadcrumbs _builder_version=&#8220;3.6&#8243; global_colors_info=&#8220;{}&#8220;][\/et_pb_breadcrumbs]NEWSLETTER SIGNUP FORMJetzt Zugang zu Premium-Inhalten erhalten! Als Abonnent erhalten Sie alle zwei Monate Experteninhalte aus dem Bereich der Metallw\u00e4rmebehandlung und Metallurgie. So erhalten Sie als Erster technische Artikel, wissenschaftliches Material von unseren Experten, E-Books, Einladungen zu Webinaren und mehr. Verpassen Sie nicht die Gelegenheit, Ihr Wissen und Ihre F\u00e4higkeiten zu erweitern &#8211; [&hellip;]<\/p>\n","protected":false},"author":2,"featured_media":134989,"parent":7296,"menu_order":0,"comment_status":"closed","ping_status":"closed","template":"","meta":{"_acf_changed":false,"_et_pb_use_builder":"on","_et_pb_old_content":"<!-- Begin MailChimp Signup Form -->\r\n<link href=\"\/\/cdn-images.mailchimp.com\/embedcode\/classic-10_7.css\" rel=\"stylesheet\" type=\"text\/css\">\r\n<style type=\"text\/css\">\r\n\t#mc_embed_signup{background:#fff; clear:left; font:14px Helvetica,Arial,sans-serif; }\r\n\t\/* Add your own MailChimp form style overrides in your site stylesheet or in this style block.\r\n\t   We recommend moving this block and the preceding CSS link to the HEAD of your HTML file. *\/\r\n<\/style>\r\n<div id=\"mc_embed_signup\">\r\n<h5>Gain access to premium content now! Receive in-depth case-study articles, maintenance tips on heat treating equipment, the latest news and magazine articles at no extra cost!<\/h5>\r\n<form action=\"https:\/\/secowarwick.us1.list-manage.com\/subscribe\/post?u=4ac1fae8cced70504ae9df1b1&id=1f6b18bca4\" method=\"post\" id=\"mc-embedded-subscribe-form\" name=\"mc-embedded-subscribe-form\" class=\"validate\" target=\"_blank\" novalidate>\r\n    <div id=\"mc_embed_signup_scroll\">\r\n\t<h2>Subscribe to our mailing list<\/h2>\r\n<div class=\"indicates-required\"><span class=\"asterisk\">*<\/span> indicates required<\/div>\r\n<div class=\"mc-field-group\">\r\n\t<label for=\"mce-FNAME\">First Name  <span class=\"asterisk\">*<\/span>\r\n<\/label>\r\n\t<input type=\"text\" value=\"\" name=\"FNAME\" class=\"required\" id=\"mce-FNAME\">\r\n<\/div>\r\n<div class=\"mc-field-group\">\r\n\t<label for=\"mce-LNAME\">Last Name  <span class=\"asterisk\">*<\/span>\r\n<\/label>\r\n\t<input type=\"text\" value=\"\" name=\"LNAME\" class=\"required\" id=\"mce-LNAME\">\r\n<\/div>\r\n<div class=\"mc-field-group\">\r\n\t<label for=\"mce-EMAIL\">Email Address  <span class=\"asterisk\">*<\/span>\r\n<\/label>\r\n\t<input type=\"email\" value=\"\" name=\"EMAIL\" class=\"required email\" id=\"mce-EMAIL\">\r\n<\/div>\r\n<div class=\"mc-field-group\">\r\n\t<label for=\"mce-COMPANY\">Company  <span class=\"asterisk\">*<\/span>\r\n<\/label>\r\n\t<input type=\"text\" value=\"\" name=\"COMPANY\" class=\"required\" id=\"mce-COMPANY\">\r\n<\/div>\r\n<div class=\"mc-field-group\">\r\n\t<label for=\"mce-COUNTRY\">Country  <span class=\"asterisk\">*<\/span>\r\n<\/label>\r\n\t<input type=\"text\" value=\"\" name=\"COUNTRY\" class=\"required\" id=\"mce-COUNTRY\">\r\n<\/div>\r\n<div class=\"mc-field-group\">\r\n\t<label for=\"mce-MOBILE\">Mobile <\/label>\r\n\t<input type=\"text\" value=\"\" name=\"MOBILE\" class=\"\" id=\"mce-MOBILE\">\r\n<\/div>\r\n<div class=\"mc-field-group\">\r\n\t<label for=\"mce-INDUSTRY\">Industry <\/label>\r\n\t<input type=\"text\" value=\"\" name=\"INDUSTRY\" class=\"\" id=\"mce-INDUSTRY\">\r\n<\/div>\r\n\r\n<strong>Please read the below information before subscribing:<\/strong>\r\n\r\nThe data controller is SECO\/WARWICK S.A, with headquarters in \u015awiebodzin, ul. Sobieskiego 8. Personal data is collected by SECO\/WARWICK solely for the purpose of processing services for the implementation of the \u201cNewsletter\u201d. Collected information will not be shared with any third party. The data subject has the right to access their data and the possibility of correcting or deleting it. The data are given by the person concerned voluntarily, but without their giving, it is not possible to receive the Metal Minutes Newsletter by SECO\/WARWICK.\r\n\r\n\r\n<div class=\"mc-field-group input-group\">\r\n    <ul><li><input type=\"checkbox\" value=\"1\" name=\"group[6989][1]\" id=\"mce-group[6989]-6989-0\" class=\"required\"><label for=\"mce-group[6989]-6989-0\"><span class=\"asterisk\">*<\/span> I accept SECO\/WARWICK S.A. <a href=\"http:\/\/www.secowarwick.com\/en\/data-privacy\/\">Privacy Policy rules<\/a><\/label><\/li>\r\n<\/ul>\r\n<\/div>\r\n<div class=\"mc-field-group input-group\">\r\n  \r\n    <ul><li><input type=\"checkbox\" value=\"2\" name=\"group[6997][2]\" id=\"mce-group[6997]-6997-0\" class=\"required\"><label for=\"mce-group[6997]-6997-0\"><span class=\"asterisk\">*<\/span> I hereby give consent for my personal data included in the application form to be processed by SECO\/WARWICK, in order to receive the \u201cMetal Minutes Newsletter\u201d.<\/label><\/li>\r\n<\/ul>\r\n<\/div>\r\n<div class=\"mc-field-group input-group\">\r\n   \r\n    <ul><li><input type=\"checkbox\" value=\"4\" name=\"group[7001][4]\" id=\"mce-group[7001]-7001-0\" class=\"required\"><label for=\"mce-group[7001]-7001-0\"><span class=\"asterisk\">*<\/span> I am aware that my consent may be revoked at any time, which will result in the removal of my e-mail address from the \"Metal Minutes Newsletter\" distribution list, and that I have the right to access my data and the possibility of correcting them.<\/label><\/li>\r\n<\/ul>\r\n<\/div>\r\n\t<div id=\"mce-responses\" class=\"clear\">\r\n\t\t<div class=\"response\" id=\"mce-error-response\" style=\"display:none\"><\/div>\r\n\t\t<div class=\"response\" id=\"mce-success-response\" style=\"display:none\"><\/div>\r\n\t<\/div>    <!-- real people should not fill this in and expect good things - do not remove this or risk form bot signups-->\r\n    <div style=\"position: absolute; left: -5000px;\" aria-hidden=\"true\"><input type=\"text\" name=\"b_4ac1fae8cced70504ae9df1b1_1f6b18bca4\" tabindex=\"-1\" value=\"\"><\/div>\r\n    <div class=\"clear\"><input type=\"submit\" value=\"Subscribe\" name=\"subscribe\" id=\"mc-embedded-subscribe\" class=\"button\"><\/div>\r\n    <\/div>\r\n<\/form>\r\n<\/div>\r\n<script type='text\/javascript' src='\/\/s3.amazonaws.com\/downloads.mailchimp.com\/js\/mc-validate.js'><\/script><script type='text\/javascript'>(function($) {window.fnames = new Array(); window.ftypes = new Array();fnames[1]='FNAME';ftypes[1]='text';fnames[2]='LNAME';ftypes[2]='text';fnames[0]='EMAIL';ftypes[0]='email';fnames[3]='COMPANY';ftypes[3]='text';fnames[4]='COUNTRY';ftypes[4]='text';fnames[6]='MOBILE';ftypes[6]='text';fnames[7]='INDUSTRY';ftypes[7]='text'; \/*\r\n * Translated default messages for the $ validation plugin.\r\n * Locale: PL\r\n *\/\r\n$.extend($.validator.messages, {\r\n\trequired: \"This field is required.\",\r\n\tremote: \"Prosz\u0119 o wype\u0142nienie tego pola.\",\r\n\temail: \"Prosz\u0119 o podanie prawid\u0142owego adresu email.\",\r\n\turl: \"Prosz\u0119 o podanie prawid\u0142owego URL.\",\r\n\tdate: \"Prosz\u0119 o podanie prawid\u0142owej daty.\",\r\n\tdateISO: \"Prosz\u0119 o podanie prawid\u0142owej daty (ISO).\",\r\n\tnumber: \"Prosz\u0119 o podanie prawid\u0142owej liczby.\",\r\n\tdigits: \"Prosz\u0119 o podanie samych cyfr.\",\r\n\tcreditcard: \"Prosz\u0119 o podanie prawid\u0142owej karty kredytowej.\",\r\n\tequalTo: \"Prosz\u0119 o podanie tej samej warto\u015bci ponownie.\",\r\n\taccept: \"Prosz\u0119 o podanie warto\u015bci z prawid\u0142owym rozszerzeniem.\",\r\n\tmaxlength: $.validator.format(\"Prosz\u0119 o podanie nie wi\u0119cej ni\u017c {0} znak\u00f3w.\"),\r\n\tminlength: $.validator.format(\"Prosz\u0119 o podanie przynajmniej {0} znak\u00f3w.\"),\r\n\trangelength: $.validator.format(\"Prosz\u0119 o podanie warto\u015bci o d\u0142ugo\u015bci od {0} do {1} znak\u00f3w.\"),\r\n\trange: $.validator.format(\"Prosz\u0119 o podanie warto\u015bci z przedzia\u0142u od {0} do {1}.\"),\r\n\tmax: $.validator.format(\"Prosz\u0119 o podanie warto\u015bci mniejszej b\u0105d\u017a r\u00f3wnej {0}.\"),\r\n\tmin: $.validator.format(\"Prosz\u0119 o podanie warto\u015bci wi\u0119kszej b\u0105d\u017a r\u00f3wnej {0}.\")\r\n});}(jQuery));var $mcj = jQuery.noConflict(true);<\/script>\r\n<!--End mc_embed_signup-->","_et_gb_content_width":"","footnotes":""},"class_list":["post-64498","page","type-page","status-publish","has-post-thumbnail"],"acf":[],"_links":{"self":[{"href":"https:\/\/www.secowarwick.com\/de\/wp-json\/wp\/v2\/pages\/64498","targetHints":{"allow":["GET"]}}],"collection":[{"href":"https:\/\/www.secowarwick.com\/de\/wp-json\/wp\/v2\/pages"}],"about":[{"href":"https:\/\/www.secowarwick.com\/de\/wp-json\/wp\/v2\/types\/page"}],"author":[{"embeddable":true,"href":"https:\/\/www.secowarwick.com\/de\/wp-json\/wp\/v2\/users\/2"}],"replies":[{"embeddable":true,"href":"https:\/\/www.secowarwick.com\/de\/wp-json\/wp\/v2\/comments?post=64498"}],"version-history":[{"count":7,"href":"https:\/\/www.secowarwick.com\/de\/wp-json\/wp\/v2\/pages\/64498\/revisions"}],"predecessor-version":[{"id":184194,"href":"https:\/\/www.secowarwick.com\/de\/wp-json\/wp\/v2\/pages\/64498\/revisions\/184194"}],"up":[{"embeddable":true,"href":"https:\/\/www.secowarwick.com\/de\/wp-json\/wp\/v2\/pages\/7296"}],"wp:featuredmedia":[{"embeddable":true,"href":"https:\/\/www.secowarwick.com\/de\/wp-json\/wp\/v2\/media\/134989"}],"wp:attachment":[{"href":"https:\/\/www.secowarwick.com\/de\/wp-json\/wp\/v2\/media?parent=64498"}],"curies":[{"name":"wp","href":"https:\/\/api.w.org\/{rel}","templated":true}]}}