{"id":65266,"date":"2018-05-25T15:16:36","date_gmt":"2018-05-25T13:16:36","guid":{"rendered":"http:\/\/www.secowarwick.com\/informacja-o-przetwarzaniu-danych-osobowych\/"},"modified":"2020-07-27T14:03:19","modified_gmt":"2020-07-27T12:03:19","slug":"information-ueber-die-verarbeitung-personenbezogener-daten-der-kunden-und-kontrahenten","status":"publish","type":"page","link":"https:\/\/www.secowarwick.com\/de\/information-ueber-die-verarbeitung-personenbezogener-daten-der-kunden-und-kontrahenten\/","title":{"rendered":"INFORMATION \u00dcBER DIE VERARBEITUNG PERSONENBEZOGENER DATEN\u00a0DER KUNDEN UND KONTRAHENTEN"},"content":{"rendered":"<p>&nbsp;<\/p>\n<p>Aufgrund der Verabschiedung der Verordnung (EU) 2016\/679 des Europ\u00e4ischen Parlaments und des Rates vom 27. April 2016 zum Schutz nat\u00fcrlicher Personen bei der Verarbeitung personenbezogener Daten, zum freien Datenverkehr und zur Aufhebung der Richtlinie 95\/46\/EG (Datenschutz-Grundverordnung) teilen wir hiermit, dass wir Ihre personenbezogene Daten verarbeiten.<\/p>\n<p>Der Verantwortliche f\u00fcr die Verarbeitung von personenbezogenen Daten ist die Firma SECO\/WARWICK S.A, mit dem Sitz in \u015awiebodzin,\u00a0 ul. Sobieskiego 8, eingetragen in das Unternehmensregister des Landesgerichtsregisters, das durch das Amtsgericht in Zielona G\u00f3ra, Wirtschaftsabteilung des Landesgerichtsregisters (KRS) unter der Nummer KRS: KRS 00000271014, NIP 927-010-07-56 gef\u00fchrt wird.<\/p>\n<p>Ihre personenbezogenen Daten werden verarbeitet anhand:<\/p>\n<ol>\n<li>6 Abs. 1 Pkt. b der EU-DSGVO, um die Pflichten aus dem uns bindenden Vertrag erf\u00fcllen zu k\u00f6nnen, darunter f\u00fcr den laufenden Kontakt und auch bez\u00fcglich der eventuellen Geltendmachung eines Anspruchs nach dem Ablauf des Vertrags oder nach der Abwicklung der Dienstleistung,<\/li>\n<li>im \u00fcbrigen Umfang anhand Art. 6 Abs. 1 Pkt a) der EU-DSGVO, d.h. anhand und im Umfang der von Ihnen gegebenen Einwilligung zu der Verarbeitung der Sie betreffenden personenbezogenen Daten.<\/li>\n<\/ol>\n<p>Wir werden insbesondere folgende Kategorien personenbezogener Daten verarbeitet:<\/p>\n<ul>\n<li>Vor- und Nachname,<\/li>\n<li>Wohnanschrift,<\/li>\n<li>Korrespondenzadresse,<\/li>\n<li>E-Mail-Adresse,<\/li>\n<li>Telefonnummer,<\/li>\n<li>Personenkennzahl PESEL,<\/li>\n<li>NIP (Ust-IdNr.),<\/li>\n<li><\/li>\n<\/ul>\n<p>Ihre personenbezogenen Daten k\u00f6nnen unseren Auftragsverarbeitern zur Verf\u00fcgung gestellt werden, d.h. folgenden Kategorien von Auftragsverarbeitern:<\/p>\n<ul>\n<li>Rechtskanzlei unseres Unternehmens,<\/li>\n<li>Notare,<\/li>\n<li>Finanz- und Buchhaltungsb\u00fcro unseres Unternehmens,<\/li>\n<li>Lieferanten der IT-L\u00f6sungen.<\/li>\n<\/ul>\n<p>Ihre Daten werden nicht \u00fcber den Europ\u00e4ischen Wirtschaftsraum hinaus \u00fcbermittelt.<\/p>\n<p>Ihre personenbezogenen Daten werden im Laufe der Erf\u00fcllung eines Vertrags sowie nach dem Ablauf des Vertrags bis zur Verj\u00e4hrung der eventuellen Geltendmachung der Anspr\u00fcche aus dem Vertrag verarbeitet.\u00a0 Im Falle von personenbezogenen Daten, die anhand einer Einwilligung erteilt wurden &#8211; werden sie bis zur Einstellung der gesch\u00e4ftlichen Gr\u00fcnde sowie bis zum Widerruf der Einwilligung verarbeitet.<\/p>\n<p>Sie haben das Recht, von dem Verantwortlichen zu verlangen, dass Sie insbesondere Zugang zu personenbezogenen Daten und deren Berichtigung oder L\u00f6schung erhalten oder die personenbezogenen Daten beschr\u00e4nken k\u00f6nnen sowie von Ihrem Widerspruchsrecht Gebrauch machen k\u00f6nnen und Sie haben das Recht auf Daten\u00fcbertragbarkeit.<\/p>\n<p>Die Angabe der Personalangaben ist freiwillig, jedoch f\u00fcr die Realisierung der o.g. Ziele unabdingbar.<\/p>\n<p>Sie haben das Recht auf Beschwerde bei einer Aufsichtsbeh\u00f6rde &#8211; bei dem Vorsitzenden der Beh\u00f6rde f\u00fcr Datenschutz oder bei einer anderen zust\u00e4ndigen Aufsichtsbeh\u00f6rde, wenn Sie meinen, dass wir Ihre personenbezogenen Daten rechtswidrig verarbeiten.<\/p>\n<p>&nbsp;<\/p>\n<p>Falls Sie Fragen haben, nehmen Sie mit uns Kontakt auf unter der E-Mail-Adresse: <a href=\"mailto:RODO@secowarwick.com\">RODO@secowarwick.com<\/a><\/p>\n","protected":false},"excerpt":{"rendered":"<p>&nbsp; Aufgrund der Verabschiedung der Verordnung (EU) 2016\/679 des Europ\u00e4ischen Parlaments und des Rates vom 27. April 2016 zum Schutz nat\u00fcrlicher Personen bei der Verarbeitung personenbezogener Daten, zum freien Datenverkehr und zur Aufhebung der Richtlinie 95\/46\/EG (Datenschutz-Grundverordnung) teilen wir hiermit, dass wir Ihre personenbezogene Daten verarbeiten. Der Verantwortliche f\u00fcr die Verarbeitung von personenbezogenen Daten ist [&hellip;]<\/p>\n","protected":false},"author":2,"featured_media":0,"parent":0,"menu_order":0,"comment_status":"closed","ping_status":"closed","template":"","meta":{"_acf_changed":false,"_et_pb_use_builder":"","_et_pb_old_content":"","_et_gb_content_width":"","footnotes":""},"class_list":["post-65266","page","type-page","status-publish"],"acf":[],"_links":{"self":[{"href":"https:\/\/www.secowarwick.com\/de\/wp-json\/wp\/v2\/pages\/65266","targetHints":{"allow":["GET"]}}],"collection":[{"href":"https:\/\/www.secowarwick.com\/de\/wp-json\/wp\/v2\/pages"}],"about":[{"href":"https:\/\/www.secowarwick.com\/de\/wp-json\/wp\/v2\/types\/page"}],"author":[{"embeddable":true,"href":"https:\/\/www.secowarwick.com\/de\/wp-json\/wp\/v2\/users\/2"}],"replies":[{"embeddable":true,"href":"https:\/\/www.secowarwick.com\/de\/wp-json\/wp\/v2\/comments?post=65266"}],"version-history":[{"count":0,"href":"https:\/\/www.secowarwick.com\/de\/wp-json\/wp\/v2\/pages\/65266\/revisions"}],"wp:attachment":[{"href":"https:\/\/www.secowarwick.com\/de\/wp-json\/wp\/v2\/media?parent=65266"}],"curies":[{"name":"wp","href":"https:\/\/api.w.org\/{rel}","templated":true}]}}