{"id":65621,"date":"2018-05-11T13:37:47","date_gmt":"2018-05-11T11:37:47","guid":{"rendered":"http:\/\/www.secowarwick.com\/info-center\/seminar-2018\/regulamin-zwiedzania-zakladu-produkcyjnego-seco-warwick-s-a\/"},"modified":"2018-06-06T11:47:03","modified_gmt":"2018-06-06T09:47:03","slug":"regeln-fuer-die-besichtigung-des-produktionsbetriebes-seco-warwick-s-a-in-swiebodzin","status":"publish","type":"page","link":"https:\/\/www.secowarwick.com\/de\/info-center\/seminar-2018\/regeln-fuer-die-besichtigung-des-produktionsbetriebes-seco-warwick-s-a-in-swiebodzin\/","title":{"rendered":"REGELN F\u00dcR DIE BESICHTIGUNG DES PRODUKTIONSBETRIEBES\u00a0SECO\/WARWICK S.A. IN \u015aWIEBODZIN"},"content":{"rendered":"<p>[et_pb_section bb_built=&#8220;1&#8243;][et_pb_row][et_pb_column type=&#8220;4_4&#8243;][et_pb_text _builder_version=&#8220;3.5.1&#8243;]<\/p>\n<h2 style=\"text-align: center;\">REGELN F\u00dcR DIE BESICHTIGUNG DES PRODUKTIONSBETRIEBES&nbsp;SECO\/WARWICK S.A. IN \u015aWIEBODZIN<\/h2>\n<p>&nbsp;<\/p>\n<ol>\n<li>Die Besichtigung des Betriebes SECO\/WARWICK S.A. (nachfolgend \u201eBesichtigung\u201c) ist im Rahmen des von SECO\/WARWICK S.A. veranstalteten Schulungsseminars \u201eW\u00e4rmebehandlung 4.0\u201c, nachfolgend \u201eSeminar\u201c genannt, m\u00f6glich. Teilnehmer der Besichtigung k\u00f6nnen daher ausschlie\u00dflich Teilnehmer des Seminars sein. Die Besichtigung ist Teil des Seminars.<\/li>\n<li>An der Besichtigung d\u00fcrfen ausschlie\u00dflich Personen teilnehmen, die das 18. Lebensjahr abgeschlossen haben. Die Teilnehmer des Ausflugs k\u00f6nnen gebeten werden, ihren Personalausweis vorzulegen, um ihre Identit\u00e4t und ihr Alter zu best\u00e4tigen.<\/li>\n<li>Die Besichtigung erfolgt ausschlie\u00dflich in organisierten Gruppen entlang der vom Veranstalter \u2212 SECO\/WARWICK S.A. \u2013 bestimmten Route. Es ist verboten, sich eigenwillig von der Gruppe zu entfernen, sich an unzul\u00e4ssigen Orten aufzuhalten und die Ger\u00e4te anzufassen.<\/li>\n<li>Jeder Teilnehmer des Seminars und der Besichtigung ist verpflichtet, sich mit dem Inhalt dieser Regeln vertraut zu machen, ihn zu akzeptieren und zu befolgen.<\/li>\n<li>Auf das Betriebsgel\u00e4nde werden keine Personen zugelassen, bei denen ein Verdacht besteht, dass sie unter dem Einfluss von Alkohol oder einem Rauschmittel stehen.<\/li>\n<li>Es ist verboten, Tiere, gef\u00e4hrliche Gegenst\u00e4nde und Chemikalien, Alkohol und Rauschmittel auf das Betriebsgel\u00e4nde mitzubringen.<\/li>\n<li>W\u00e4hrend der Besichtigung sind die Bestimmungen dieser Regeln, allgemeine Sicherheitsvorschriften, einschlie\u00dflich der in SECO\/WARWICK S.A. geltenden Sicherheitsvorschriften, sowie die Anweisungen des Mitarbeiters von SECO\/WARWICK S.A. (des Gruppenbetreuers) zu befolgen. Auf dem Betriebsgel\u00e4nde ist besondere Vorsicht vor dem intensiven Verkehr von Lastkraftwagen, Gabelstaplern, Ladungen bef\u00f6rdernden Laufkr\u00e4nen und anderen Fahrzeugen zu \u00fcben. W\u00e4hrend man sich zwischen Maschinen und Ger\u00e4ten bewegt, ist auch besondere Vorsicht zu \u00fcben. Im Fall eines Feueralarms sind die Anweisungen des Mitarbeiters von SECO\/WARWICK S.A. (des Gruppenbetreuers) zu befolgen.<\/li>\n<li>Im Fall einer Verletzung der Sicherheitsvorschriften kann die Besichtigung unterbrochen werden. Dabei kann der Teilnehmer oder eine bestimmte Gruppe der Teilnehmer, die die Sicherheitsvorschriften verletzt haben, oder die gesamte Gruppe der Besucher verpflichtet werden, das Betriebsgel\u00e4nde sofort zu verlassen.<\/li>\n<li>Auf dem Betriebsgel\u00e4nde von SECO\/WARWICK S.A. ist Fotografieren oder das Aufnehmen von Bild und\/oder Ton auf eine andere Art und Weise streng verboten. Im Fall einer Verletzung dieses Verbots wird der Teilnehmer, der die Verletzung begangen hat, verpflichtet, die Fotos oder Aufnahmen zu l\u00f6schen und dem Gruppenbetreuer nachzuweisen, dass sie dauerhaft gel\u00f6scht worden sind. Gegen solchen Teilnehmer werden auch weitere rechtliche Konsequenzen gezogen.<\/li>\n<li>W\u00e4hrend der Besichtigung des Betriebes von SECO\/WARWICK S.A. ist es verboten, folgende Ger\u00e4te zu benutzen:\n<ol style=\"list-style-type: lower-alpha;\">\n<li>Fotokameras,<\/li>\n<li>Diktierger\u00e4te,<\/li>\n<li>Videokameras<\/li>\n<li>Drohnen,<\/li>\n<li>andere elektronische Ger\u00e4te f\u00fcr das Aufnehmen von Bild und\/oder Ton.<\/li>\n<\/ol>\n<\/li>\n<li>W\u00e4hrend der Besichtigung des Betriebes ist es verboten, Zigaretten (einschlie\u00dflich der sog. elektronischen Zigaretten) zu rauchen und Alkoholgetr\u00e4nke zu konsumieren.<\/li>\n<li>W\u00e4hrend der Besichtigung sind gute Umgangsformen angesagt. Die Gruppe soll kompakt und diszipliniert bleiben. Es ist unzul\u00e4ssig, L\u00e4rm zu machen, die Ordnung auf dem Betriebsgel\u00e4nde zu st\u00f6ren und jegliche T\u00e4tigkeiten aufzunehmen, die das Leben und die Gesundheit der sich auf dem Betriebsgel\u00e4nde aufhaltenden Personen gef\u00e4hrden k\u00f6nnten. Die Anweisungen des Gruppenbetreuers sind zu befolgen.<\/li>\n<li>Nichtbefolgung der geltenden Regeln w\u00e4hrend der Besichtigung hat den Ausschluss aus weiterer Besichtigung zur Folge. Eine aus weiterer Besichtigung ausgeschlossene Person ist verpflichtet, das Betriebsgel\u00e4nde unverz\u00fcglich zu verlassen.<\/li>\n<li>Alle Informationen, insbesondere technische Angaben der von SECO\/WARWICK S.A. hergestellten Ger\u00e4te, die w\u00e4hrend der Besichtigung erteilt werden, sind vertraulich.<\/li>\n<li>SECO\/WARWICK S.A. \u00fcbernimmt keine Haftung f\u00fcr:\n<ol style=\"list-style-type: lower-alpha;\">\n<li>die Zerst\u00f6rung oder den Verlust von jeglichen Gegenst\u00e4nden (einschlie\u00dflich Wertsachen), die von den Besuchern auf dem Betriebsgel\u00e4nde gelassen werden,<\/li>\n<li>Sch\u00e4den der Besucher, die auf Nichteinhaltung dieser Regeln und der allgemeinen in SECO\/WARWICK S.A. geltenden Sicherheitsvorschriften zur\u00fcckzuf\u00fchren sind.<\/li>\n<\/ol>\n<\/li>\n<\/ol>\n<p>Diese Regeln f\u00fcr die Besichtigung sind auf der Website <u>www.secowarwick.com<\/u> unter dem Tab \u201eSeminar\u201c zug\u00e4nglich.<\/p>\n<p>&nbsp;<\/p>\n<p>&nbsp;<\/p>\n<p>[\/et_pb_text][\/et_pb_column][\/et_pb_row][\/et_pb_section]<\/p>\n","protected":false},"excerpt":{"rendered":"<p><div class=\"et_pb_row et_pb_row_0 et_pb_row_empty\">\n\t\t\t\t\n\t\t\t\t\n\t\t\t\t\n\t\t\t\t\n\t\t\t\t\n\t\t\t<\/div> REGELN F\u00dcR DIE BESICHTIGUNG DES PRODUKTIONSBETRIEBES&nbsp;SECO\/WARWICK S.A. IN \u015aWIEBODZIN &nbsp; Die Besichtigung des Betriebes SECO\/WARWICK S.A. (nachfolgend \u201eBesichtigung\u201c) ist im Rahmen des von SECO\/WARWICK S.A. veranstalteten Schulungsseminars \u201eW\u00e4rmebehandlung 4.0\u201c, nachfolgend \u201eSeminar\u201c genannt, m\u00f6glich. Teilnehmer der Besichtigung k\u00f6nnen daher ausschlie\u00dflich Teilnehmer des Seminars sein. Die Besichtigung ist Teil des Seminars. An der Besichtigung d\u00fcrfen ausschlie\u00dflich [&hellip;]<\/p>\n","protected":false},"author":2,"featured_media":0,"parent":59356,"menu_order":0,"comment_status":"closed","ping_status":"closed","template":"","meta":{"_acf_changed":false,"_et_pb_use_builder":"on","_et_pb_old_content":"<p style=\"text-align: center;\">\u00a0<\/p><h2 style=\"text-align: center;\">Regulamin zwiedzania Zak\u0142adu produkcyjnego<br> SECO\/WARWICK S.A. w \u015awiebodzinie<\/h2><ol><li>Zwiedzanie Zak\u0142adu SECO\/WARWICK S.A. (dalej \u201eZwiedzanie\u201d) mo\u017cliwe jest w ramach organizowanego przez SECO\/WARWICK S.A. Seminarium Szkoleniowego \u201eObr\u00f3bka Cieplna 4.0\u201d firmy SECO\/WARWICK S.A., zwanego dalej \u201eSeminarium\u201d. Uczestnikami Zwiedzania mog\u0105 by\u0107 zatem wy\u0142\u0105cznie uczestnicy Seminarium. Mo\u017cliwo\u015b\u0107 uczestniczenia w Zwiedzaniu jest zagwarantowana w przypadku uczestnictwa w Seminarium<\/li><li>W zwiedzaniu mog\u0105 bra\u0107 udzia\u0142 wy\u0142\u0105cznie osoby, kt\u00f3re uko\u0144czy\u0142y 18 lat. Uczestnicy wycieczki mog\u0105 zosta\u0107 poproszeni o okazanie dowodu to\u017csamo\u015bci celem potwierdzenia to\u017csamo\u015bci<br> i wieku Uczestnika.<\/li><li>Zwiedzanie odbywa si\u0119 wy\u0142\u0105cznie w grupach zorganizowanych, na trasie wyznaczonej przez Organizatora \u2013 SECO\/WARWICK S.A. Zabrania si\u0119 samowolnego oddalania si\u0119 od grupy, przebywania w miejscach niedozwolonych oraz dotykania urz\u0105dze\u0144.<\/li><li>Ka\u017cdy z uczestnik\u00f3w Seminarium oraz Zwiedzania zobowi\u0105zany jest do zapoznania si\u0119<br> z tre\u015bci\u0105 niniejszego regulaminu, jego zaakceptowania i przestrzegania.\u00a0\u00a0<\/li><li>Na teren Zak\u0142adu nie zostan\u0105 wpuszczone osoby w stosunku do kt\u00f3rych istnieje podejrzenie, i\u017c s\u0105 pod wp\u0142ywem alkoholu lub znajduj\u0105 si\u0119 pod wp\u0142ywem \u015brodk\u00f3w odurzaj\u0105cych.<\/li><li>Na teren Zak\u0142adu zabrania si\u0119 wnoszenia zwierz\u0105t, niebezpiecznych przedmiot\u00f3w oraz chemikali\u00f3w, alkoholu i \u015brodk\u00f3w odurzaj\u0105cych.<\/li><li>W trakcie zwiedzania Zak\u0142adu nale\u017cy stosowa\u0107 si\u0119 do postanowie\u0144 niniejszego Regulaminu, og\u00f3lnych zasad bezpiecze\u0144stwa, w tym zasad bezpiecze\u0144stwa obowi\u0105zuj\u0105cych<br> w SECO\/WARWICK S.A. oraz zalece\u0144 pracownika (Opiekuna grupy) SECO\/WARWICK S.A. Nale\u017cy zachowa\u0107 szczeg\u00f3ln\u0105 ostro\u017cno\u015b\u0107 z uwagi na wzmo\u017cony ruch samochod\u00f3w, w tym ci\u0119\u017carowych, w\u00f3zk\u00f3w wid\u0142owych, \u0142adunk\u00f3w przenoszonych suwnicami i innych pojazd\u00f3w na terenie zak\u0142adu produkcyjnego. Nale\u017cy zachowa\u0107 szczeg\u00f3ln\u0105 ostro\u017cno\u015b\u0107 podczas poruszania si\u0119 mi\u0119dzy maszynami i urz\u0105dzeniami. W razie alarmu przeciwpo\u017carowego nale\u017cy stosowa\u0107 si\u0119 do instrukcji wydawanych przez pracownika (Opiekuna grupy) SECO\/WARWICK S.A.<\/li><li>W przypadku naruszenia zasad bezpiecze\u0144stwa zastrzega si\u0119 mo\u017cliwo\u015b\u0107 przerwania Zwiedzania i zobowi\u0105zania: wy\u0142\u0105cznie Uczestnika naruszaj\u0105cego zasady bezpiecze\u0144stwa, okre\u015blonej grupy uczestnik\u00f3w Zwiedzania, b\u0105d\u017a ca\u0142ej grupy uczestnik\u00f3w Zwiedzania, do natychmiastowego opuszczenia Zak\u0142adu.<\/li><li>Na terenie SECO\/WARWICK S.A. obowi\u0105zuje kategoryczny zakaz fotografowania lub te\u017c<br> w inny spos\u00f3b utrwalania obrazu i\/lub d\u017awi\u0119ku. W przypadku naruszenia tego zakazu, Uczestnik dopuszczaj\u0105cy si\u0119 naruszenia zobowi\u0105zany b\u0119dzie do usuni\u0119cia zdj\u0119\u0107 lub nagra\u0144 po czym udowodni Opiekunowi grupy, \u017ce zdj\u0119cia lub nagrania zosta\u0142y trwale usuni\u0119te. Wzgl\u0119dem takiego uczestnika zostan\u0105 tak\u017ce wyci\u0105gni\u0119te dalsze konsekwencje prawne.<\/li><li>W trakcie zwiedzania Zak\u0142adu SECO\/WARWICK S.A., zabrania si\u0119 korzystania z:<\/li><li>aparat\u00f3w fotograficznych,<\/li><li>dyktafon\u00f3w,<\/li><li>kamer video,<\/li><li>dron\u00f3w,<\/li><li>innych sprz\u0119t\u00f3w elektronicznych rejestruj\u0105cych d\u017awi\u0119k i\/lub obraz.<\/li><li>Podczas Zwiedzania Zak\u0142adu obowi\u0105zuje zakaz palenia papieros\u00f3w (w tym tzw. papieros\u00f3w elektronicznych) oraz spo\u017cywania napoi alkoholowych.<\/li><li>Podczas Zwiedzania nale\u017cy przestrzega\u0107 zasad kultury osobistej, trzyma\u0107 si\u0119 w zwartej, zdyscyplinowanej grupie. Niedopuszczalne jest ha\u0142asowanie i zak\u0142\u00f3canie porz\u0105dku panuj\u0105cego na terenie Zak\u0142adu oraz wykonywanie jakichkolwiek czynno\u015bci mog\u0105cych stanowi\u0107 zagro\u017cenie dla \u017cycia i zdrowia os\u00f3b przebywaj\u0105cych na terenie Zak\u0142adu. Nale\u017cy stosowa\u0107 si\u0119 do zalece\u0144 Opiekuna grupy.<\/li><li>Niestosowanie si\u0119 do obowi\u0105zuj\u0105cych zasad podczas Zwiedzania, skutkuje wykluczeniem osoby z dalszego Zwiedzania . Osoba wykluczona z dalszego Zwiedzania zobowi\u0105zana jest do niezw\u0142ocznego opuszczenia terenu Zak\u0142adu.<\/li><li>Wszelkie informacje, zw\u0142aszcza dane techniczne dotycz\u0105ce urz\u0105dze\u0144 produkowanych przez SECO\/WARWICK S.A., uzyskane podczas wizyty s\u0105 poufne.<\/li><li>SECO\/WARWICK S.A. nie ponosi odpowiedzialno\u015bci za:<\/li><li>zniszczenie lub utrat\u0119 wszelkich przedmiot\u00f3w pozostawionych przez zwiedzaj\u0105cych na terenie Zak\u0142adu (w tym r\u00f3wnie\u017c za przedmioty warto\u015bciowe),<\/li><li>szkody poniesione przez zwiedzaj\u0105cych na skutek nieprzestrzegania Regulaminu<br> i og\u00f3lnych zasad bezpiecze\u0144stwa w SECO\/WARWICK S.A.<\/li><\/ol><p>Regulamin Zwiedzania dost\u0119pny jest na stronie <a href=\"https:\/\/www.secowarwick.com\">www.secowarwick.com<\/a> w zak\u0142adce Seminarium<\/p>","_et_gb_content_width":"","footnotes":""},"class_list":["post-65621","page","type-page","status-publish"],"acf":[],"_links":{"self":[{"href":"https:\/\/www.secowarwick.com\/de\/wp-json\/wp\/v2\/pages\/65621","targetHints":{"allow":["GET"]}}],"collection":[{"href":"https:\/\/www.secowarwick.com\/de\/wp-json\/wp\/v2\/pages"}],"about":[{"href":"https:\/\/www.secowarwick.com\/de\/wp-json\/wp\/v2\/types\/page"}],"author":[{"embeddable":true,"href":"https:\/\/www.secowarwick.com\/de\/wp-json\/wp\/v2\/users\/2"}],"replies":[{"embeddable":true,"href":"https:\/\/www.secowarwick.com\/de\/wp-json\/wp\/v2\/comments?post=65621"}],"version-history":[{"count":0,"href":"https:\/\/www.secowarwick.com\/de\/wp-json\/wp\/v2\/pages\/65621\/revisions"}],"up":[{"embeddable":true,"href":"https:\/\/www.secowarwick.com\/de\/wp-json\/wp\/v2\/pages\/59356"}],"wp:attachment":[{"href":"https:\/\/www.secowarwick.com\/de\/wp-json\/wp\/v2\/media?parent=65621"}],"curies":[{"name":"wp","href":"https:\/\/api.w.org\/{rel}","templated":true}]}}