{"id":65654,"date":"2018-05-11T08:27:39","date_gmt":"2018-05-11T06:27:39","guid":{"rendered":"http:\/\/www.secowarwick.com\/info-center\/seminar-2018\/piotr-skarbinski\/"},"modified":"2025-02-05T12:38:04","modified_gmt":"2025-02-05T11:38:04","slug":"piotr-skarbinski","status":"publish","type":"page","link":"https:\/\/www.secowarwick.com\/de\/piotr-skarbinski\/","title":{"rendered":"Piotr Skarbi\u0144ski"},"content":{"rendered":"<p>[et_pb_section fb_built=&#8220;1&#8243; admin_label=&#8220;section&#8220; _builder_version=&#8220;4.16&#8243; custom_padding=&#8220;0px|||&#8220; transparent_background=&#8220;off&#8220; make_fullwidth=&#8220;off&#8220; use_custom_width=&#8220;off&#8220; width_unit=&#8220;on&#8220; global_colors_info=&#8220;{}&#8220;][et_pb_row admin_label=&#8220;row&#8220; _builder_version=&#8220;4.16&#8243; background_color=&#8220;#f8f8f8&#8243; background_size=&#8220;initial&#8220; background_position=&#8220;top_left&#8220; background_repeat=&#8220;repeat&#8220; custom_margin=&#8220;||45px|&#8220; custom_padding=&#8220;|||25px&#8220; make_fullwidth=&#8220;off&#8220; use_custom_width=&#8220;off&#8220; width_unit=&#8220;on&#8220; global_colors_info=&#8220;{}&#8220;][et_pb_column type=&#8220;4_4&#8243; _builder_version=&#8220;4.16&#8243; custom_padding=&#8220;|||&#8220; global_colors_info=&#8220;{}&#8220; custom_padding__hover=&#8220;|||&#8220;][et_pb_breadcrumbs _builder_version=&#8220;3.0.47&#8243; global_colors_info=&#8220;{}&#8220;][\/et_pb_breadcrumbs][et_pb_text _builder_version=&#8220;4.16&#8243; background_size=&#8220;initial&#8220; background_position=&#8220;top_left&#8220; background_repeat=&#8220;repeat&#8220; use_border_color=&#8220;off&#8220; global_colors_info=&#8220;{}&#8220;]<\/p>\n<h1>PRELEGENT<\/h1>\n<p>[\/et_pb_text][\/et_pb_column][\/et_pb_row][et_pb_row admin_label=&#8220;row&#8220; _builder_version=&#8220;4.16&#8243; background_size=&#8220;initial&#8220; background_position=&#8220;top_left&#8220; background_repeat=&#8220;repeat&#8220; global_colors_info=&#8220;{}&#8220; column_structure=&#8220;1_3,2_3&#8243;][et_pb_column type=&#8220;1_3&#8243; _builder_version=&#8220;4.16&#8243; custom_padding=&#8220;|||&#8220; global_colors_info=&#8220;{}&#8220; custom_padding__hover=&#8220;|||&#8220;][et_pb_image src=&#8220;https:\/\/www.secowarwick.com\/wp-content\/uploads\/2018\/05\/skarbinski-szary-1.jpg&#8220; align_tablet=&#8220;center&#8220; align_last_edited=&#8220;on|desktop&#8220; _builder_version=&#8220;4.23.1&#8243; hover_enabled=&#8220;0&#8243; use_border_color=&#8220;off&#8220; border_color=&#8220;#ffffff&#8220; border_style=&#8220;solid&#8220; animation=&#8220;left&#8220; sticky=&#8220;off&#8220; global_colors_info=&#8220;{}&#8220; alt=&#8220; PIOTR SKARBI\u0143SKI&#8220; sticky_enabled=&#8220;0&#8243; align_phone=&#8220;center&#8220;][\/et_pb_image][\/et_pb_column][et_pb_column type=&#8220;2_3&#8243; _builder_version=&#8220;4.16&#8243; custom_padding=&#8220;|||&#8220; global_colors_info=&#8220;{}&#8220; custom_padding__hover=&#8220;|||&#8220;][et_pb_text _builder_version=&#8220;4.16&#8243; use_border_color=&#8220;off&#8220; border_color=&#8220;#ffffff&#8220; border_style=&#8220;solid&#8220; global_colors_info=&#8220;{}&#8220;]<span style=\"font-size: 14pt;\"><strong><span style=\"color: #dc291e;\">PIOTR SKARBI\u0143SKI<\/span><\/strong><\/span><br \/>\n<span style=\"font-size: 14pt;\">SECO\/WARWICK, Stellvertretender Pr\u00e4sident, Segment f\u00fcr Aluminiumprodukte und CAB<\/span><\/p>\n<p>Sein Magisterdiplom erlangte er an der Mechanischen Fakult\u00e4t der jetzigen Universit\u00e4t Zielona G\u00f3ra, indem er sich auf Fein- und biomedizinische Instrumente spezialisierte. Seine ganze Karriere ist mit den Ger\u00e4ten f\u00fcr die W\u00e4rmebehandlung verbunden. Er begann im Jahre 1988 bei Elterma als Projektingenieur zu arbeiten. Seit 1990 bei SECO\/WARWICK t\u00e4tig, wieder als Projektingenieur und dann als Verkaufsingenieur von atmosph\u00e4rischen \u00d6fen. Seit 1995 Leiter des Teams atmosph\u00e4rische \u00d6fen. Seit 2000 verantwortlich f\u00fcr die Produktionslinie CAB bei SW Polska als Direktor des Teams. Seit 2006 verwaltet er das Produkt CAB an anderen Standorten von SECO\/WARWICK als Globaler Produkt-Leader. Vorstandsmitglied Cuprobraze Alliance.<br \/>\n[\/et_pb_text][\/et_pb_column][\/et_pb_row][\/et_pb_section]<\/p>\n","protected":false},"excerpt":{"rendered":"<p>[et_pb_breadcrumbs _builder_version=&#8220;3.0.47&#8243; global_colors_info=&#8220;{}&#8220;][\/et_pb_breadcrumbs]PRELEGENT PIOTR SKARBI\u0143SKI SECO\/WARWICK, Stellvertretender Pr\u00e4sident, Segment f\u00fcr Aluminiumprodukte und CAB Sein Magisterdiplom erlangte er an der Mechanischen Fakult\u00e4t der jetzigen Universit\u00e4t Zielona G\u00f3ra, indem er sich auf Fein- und biomedizinische Instrumente spezialisierte. Seine ganze Karriere ist mit den Ger\u00e4ten f\u00fcr die W\u00e4rmebehandlung verbunden. Er begann im Jahre 1988 bei Elterma als Projektingenieur [&hellip;]<\/p>\n","protected":false},"author":2,"featured_media":0,"parent":0,"menu_order":0,"comment_status":"closed","ping_status":"closed","template":"","meta":{"_acf_changed":false,"_et_pb_use_builder":"on","_et_pb_old_content":"","_et_gb_content_width":"","footnotes":""},"class_list":["post-65654","page","type-page","status-publish"],"acf":[],"_links":{"self":[{"href":"https:\/\/www.secowarwick.com\/de\/wp-json\/wp\/v2\/pages\/65654","targetHints":{"allow":["GET"]}}],"collection":[{"href":"https:\/\/www.secowarwick.com\/de\/wp-json\/wp\/v2\/pages"}],"about":[{"href":"https:\/\/www.secowarwick.com\/de\/wp-json\/wp\/v2\/types\/page"}],"author":[{"embeddable":true,"href":"https:\/\/www.secowarwick.com\/de\/wp-json\/wp\/v2\/users\/2"}],"replies":[{"embeddable":true,"href":"https:\/\/www.secowarwick.com\/de\/wp-json\/wp\/v2\/comments?post=65654"}],"version-history":[{"count":1,"href":"https:\/\/www.secowarwick.com\/de\/wp-json\/wp\/v2\/pages\/65654\/revisions"}],"predecessor-version":[{"id":170504,"href":"https:\/\/www.secowarwick.com\/de\/wp-json\/wp\/v2\/pages\/65654\/revisions\/170504"}],"wp:attachment":[{"href":"https:\/\/www.secowarwick.com\/de\/wp-json\/wp\/v2\/media?parent=65654"}],"curies":[{"name":"wp","href":"https:\/\/api.w.org\/{rel}","templated":true}]}}