{"id":66009,"date":"2018-06-15T15:46:39","date_gmt":"2018-06-15T13:46:39","guid":{"rendered":"http:\/\/www.secowarwick.com\/?page_id=66009"},"modified":"2025-06-11T10:58:31","modified_gmt":"2025-06-11T08:58:31","slug":"seco-predictive","status":"publish","type":"page","link":"https:\/\/www.secowarwick.com\/de\/professionelle-service-dienstleistungen\/seco-predictive\/","title":{"rendered":"SECO PREDICTIVE"},"content":{"rendered":"<p>[et_pb_section fb_built=&#8220;1&#8243; admin_label=&#8220;section&#8220; _builder_version=&#8220;4.16&#8243; background_color=&#8220;#f8f8f8&#8243; custom_padding=&#8220;0px|||&#8220; global_colors_info=&#8220;{}&#8220;][et_pb_row column_structure=&#8220;3_4,1_4&#8243; admin_label=&#8220;row&#8220; _builder_version=&#8220;4.23.1&#8243; background_size=&#8220;initial&#8220; background_position=&#8220;top_left&#8220; background_repeat=&#8220;repeat&#8220; global_colors_info=&#8220;{}&#8220;][et_pb_column type=&#8220;3_4&#8243; _builder_version=&#8220;4.16&#8243; custom_padding=&#8220;|||&#8220; global_colors_info=&#8220;{}&#8220; custom_padding__hover=&#8220;|||&#8220;][et_pb_code module_class=&#8220;custom-bread&#8220; _builder_version=&#8220;4.23.1&#8243; _module_preset=&#8220;default&#8220; global_colors_info=&#8220;{}&#8220;]<\/p>\n<div class=\"et_pb_module et_pb_breadcrumbs   et_pb_breadcrumbs_0\"><!-- [et_pb_line_break_holder] -->\t\t\t\t<pee id=\"breadcrumbs\"><span><span><a href=\"https:\/\/www.secowarwick.com\/de\/\">HOME<\/a><\/span> \/ <span><a href=\"https:\/\/www.secowarwick.com\/de\/service\/automatisierung\/\">AUTOMATISIERUNG<\/a><\/span> \/ <span class=\"breadcrumb_last\" aria-current=\"page\">SECO\/PREDICTIVE<\/span><\/span><\/pee><!-- [et_pb_line_break_holder] -->\t\t\t<\/div>\n<p>[\/et_pb_code][et_pb_text module_class=&#8220;podtytuly&#8220; _builder_version=&#8220;4.23.1&#8243; background_size=&#8220;initial&#8220; background_position=&#8220;top_left&#8220; background_repeat=&#8220;repeat&#8220; use_border_color=&#8220;off&#8220; global_colors_info=&#8220;{}&#8220;]<\/p>\n<h1>SECO\/PREDICTIVE &#8211; moderne \u00dcberwachung und Diagnose von Ger\u00e4ten<\/h1>\n<p>&nbsp;<\/p>\n<h2 style=\"text-align: justify;\"><img decoding=\"async\" class=\"alignleft wp-image-158448\" src=\"https:\/\/www.secowarwick.com\/wp-content\/uploads\/2024\/05\/sw-predictive-icon_2.svg\" alt=\"SECO\/PREDICTIVE\" width=\"80\" \/>Das Ausfallrisiko beschr\u00e4nkt sich auf das Minimum und die Zuverl\u00e4ssigkeit der Arbeit Ihrer Ger\u00e4te. Wir wissen, wie wichtig dies ist, wenn Sie ein Unternehmen f\u00fchren.<\/h2>\n<p>&nbsp;<\/p>\n<p style=\"text-align: justify;\">Angesichts der Anzahl der Gesch\u00e4ftsentscheidungen, die Sie t\u00e4glich treffen m\u00fcssen und der Notwendigkeit einer ununterbrochenen Verf\u00fcgbarkeit Ihrer Ger\u00e4te, haben wir das urspr\u00fcngliche SECO\/PREDICTIVE-System in\u00a0unser Angebot aufgenommen.<\/p>\n<p style=\"text-align: justify;\">SECO\/PREDICTIVE ist ein fortschrittliches, intelligentes Ger\u00e4testeuerungssystem, das m\u00f6gliche Fehler erkennen kann, bevor sie auftreten. SECO\/PREDICTIVE garantiert eine hohe Effizienz bei der Unterst\u00fctzung von Wartungsprozessen und gew\u00e4hrleistet maximalen Bedienkomfort.<\/p>\n<p>[\/et_pb_text][\/et_pb_column][et_pb_column type=&#8220;1_4&#8243; _builder_version=&#8220;4.23.1&#8243; custom_padding=&#8220;75px||||false|false&#8220; custom_padding_tablet=&#8220;0px||||false|false&#8220; custom_padding_phone=&#8220;0px||||false|false&#8220; custom_padding_last_edited=&#8220;on|tablet&#8220; global_colors_info=&#8220;{}&#8220; custom_padding__hover=&#8220;|||&#8220;][et_pb_text admin_label=&#8220;btn_de_premiumlibrary&#8220; module_class=&#8220;premium-library-button&#8220; _builder_version=&#8220;4.23.1&#8243; _module_preset=&#8220;default&#8220; text_orientation=&#8220;center&#8220; global_module=&#8220;157246&#8243; global_colors_info=&#8220;{}&#8220;]<\/p>\n<a href='https:\/\/www.secowarwick.com\/de\/premiuminhalte\/' class='small-button smallred'><span>PREMIUMINHALTE<\/span><\/a>\n<p>[\/et_pb_text][et_pb_text admin_label=&#8220;R&#038;D de&#8220; module_class=&#8220;product_widget_wrap_rd&#8220; _builder_version=&#8220;4.23.1&#8243; _module_preset=&#8220;default&#8220; text_orientation=&#8220;center&#8220; global_module=&#8220;167836&#8243; saved_tabs=&#8220;all&#8220; locked=&#8220;off&#8220; global_colors_info=&#8220;{}&#8220;]<\/p>\n<p><a href=\"https:\/\/www.secowarwick.com\/de\/rd\/\"><span class=\"product_wigtet_name\">R&amp;D<\/span><\/a><\/p>\n<p>[\/et_pb_text][et_pb_text admin_label=&#8220;Producte de&#8220; module_class=&#8220;product_widget_wrap_products &#8220; _builder_version=&#8220;4.23.1&#8243; _module_preset=&#8220;default&#8220; global_module=&#8220;179193&#8243; saved_tabs=&#8220;all&#8220; locked=&#8220;off&#8220; global_colors_info=&#8220;{}&#8220;]<\/p>\n<p><a href=\"https:\/\/www.secowarwick.com\/de\/produkte\/\" target=\"_blank\" rel=\"noopener\"><span class=\"product_wigtet_name\">PRODUKTE<\/span><\/a><\/p>\n<p>[\/et_pb_text][et_pb_text admin_label=&#8220;SERVICE de&#8220; module_class=&#8220;product_widget_wrap_service&#8220; _builder_version=&#8220;4.23.1&#8243; _module_preset=&#8220;default&#8220; global_module=&#8220;167860&#8243; saved_tabs=&#8220;all&#8220; locked=&#8220;off&#8220; global_colors_info=&#8220;{}&#8220;]<\/p>\n<p><a href=\"https:\/\/www.secowarwick.com\/de\/professionelle-service-dienstleistungen\/\"><span class=\"product_wigtet_name\">SERVICE<\/span><\/a><\/p>\n<p>[\/et_pb_text][et_pb_text admin_label=&#8220;SUPLEMENTALS de&#8220; module_class=&#8220;product_widget_wrap_supleme&#8220; _builder_version=&#8220;4.23.1&#8243; _module_preset=&#8220;default&#8220; global_module=&#8220;167915&#8243; saved_tabs=&#8220;all&#8220; locked=&#8220;off&#8220; global_colors_info=&#8220;{}&#8220;]<\/p>\n<p><span class=\"product_wigtet_name\">ZUSATZSTOFFE:<\/span><\/p>\n<p>[\/et_pb_text][et_pb_text admin_label=&#8220;dnabook-de&#8220; module_class=&#8220;suplementals_product_dna suplementals_wrap&#8220; _builder_version=&#8220;4.23.1&#8243; _module_preset=&#8220;default&#8220; global_module=&#8220;167874&#8243; saved_tabs=&#8220;all&#8220; locked=&#8220;off&#8220; global_colors_info=&#8220;{}&#8220;]<\/p>\n<p><a href=\"https:\/\/www.secowarwick.com\/wp-content\/uploads\/2024\/02\/2024_SECO_WARWICK_Catalog_DNA_EN_SECOLOGY.pdf\" target=\"_blank\" rel=\"noopener\">DNA\/BOOK<\/a><\/p>\n<p>[\/et_pb_text][et_pb_text admin_label=&#8220;ECO\/BOOK-de&#8220; module_class=&#8220;suplementals_product_eco suplementals_wrap&#8220; _builder_version=&#8220;4.23.1&#8243; _module_preset=&#8220;default&#8220; global_module=&#8220;167797&#8243; locked=&#8220;off&#8220; global_colors_info=&#8220;{}&#8220;]<\/p>\n<p><a href=\"https:\/\/www.secowarwick.com\/wp-content\/uploads\/2023\/06\/ECOBOOK.pdf\" target=\"_blank\" rel=\"noopener\">ECO\/BOOK<\/a><\/p>\n<p>[\/et_pb_text][\/et_pb_column][\/et_pb_row][\/et_pb_section][et_pb_section fb_built=&#8220;1&#8243; admin_label=&#8220;section&#8220; _builder_version=&#8220;4.23.1&#8243; custom_padding=&#8220;||||false|false&#8220; hover_enabled=&#8220;0&#8243; global_colors_info=&#8220;{}&#8220; sticky_enabled=&#8220;0&#8243;][et_pb_row column_structure=&#8220;3_4,1_4&#8243; admin_label=&#8220;row&#8220; _builder_version=&#8220;4.16&#8243; background_size=&#8220;initial&#8220; background_position=&#8220;top_left&#8220; background_repeat=&#8220;repeat&#8220; custom_padding=&#8220;||0px|&#8220; global_colors_info=&#8220;{}&#8220;][et_pb_column type=&#8220;3_4&#8243; _builder_version=&#8220;4.16&#8243; custom_padding=&#8220;|||&#8220; global_colors_info=&#8220;{}&#8220; custom_padding__hover=&#8220;|||&#8220;][et_pb_tabs module_class=&#8220;red-tabs&#8220; _builder_version=&#8220;4.23.1&#8243; global_colors_info=&#8220;{}&#8220;][et_pb_tab title=&#8220;\u00dcberblick&#8220; _builder_version=&#8220;4.23.1&#8243; global_colors_info=&#8220;{}&#8220;]<\/p>\n<h2>SECO<span style=\"color: #dc291e;\">\/<\/span>PREDICTIVE:<\/h2>\n<ul>\n<li>intelligentes, fortschrittliches und vollst\u00e4ndig gesch\u00fctztes Ger\u00e4testeuerungssystem,<\/li>\n<li>die F\u00e4higkeit, Fehler zu erkennen, bevor sie auftreten,<\/li>\n<li>Minimierung ungeplanter Ausfallzeiten von Ger\u00e4ten,<\/li>\n<li>Kompatibilit\u00e4t mit Ger\u00e4ten zur W\u00e4rmebehandlung von Metallen und Vakuum-Metallurgie,<\/li>\n<li>ein interaktiver Zeitplan f\u00fcr Inspektionen und Wartungsarbeiten,<\/li>\n<li>Funktion von Berichten und Analysen,<\/li>\n<li>Fernzugriffssystem.<\/li>\n<\/ul>\n<p style=\"text-align: justify;\">SECO\/PREDICTIVE ist eine L\u00f6sung, um Daten von intelligenten Sensoren zu sammeln und in&nbsp;der SECO\/WARWICK Cloud zu speichern. Die gewonnenen Informationen und Optimierungsvorschl\u00e4ge, die nach dem Audit in&nbsp;das Ger\u00e4t implementiert werden k\u00f6nnen, werden analysiert. Die L\u00f6sung wird durch ein Fernzugriffs- und Benachrichtigungssystem, eine Berichts- und Analysefunktion, sowie einen interaktiven Kalender erg\u00e4nzt, der \u00fcber erforderliche Inspektionen und Wartungsarbeiten informiert.<\/p>\n<p>[\/et_pb_tab][et_pb_tab title=&#8220;Funktionen&#8220; _builder_version=&#8220;4.23.1&#8243; global_colors_info=&#8220;{}&#8220;]<\/p>\n<h2>SECO<span style=\"color: #dc291e;\">\/<\/span>PREDICTIVE bietet unter anderem:<\/h2>\n<ul>\n<li>Online-Ger\u00e4te\u00fcberwachung,<\/li>\n<li>zusammengefasste Historie von Ereignissen und Alarmen vom Ger\u00e4t,<\/li>\n<li>die mobile App SECO\/PREDICTIVE, die bei Google Play und im&nbsp;App Store verf\u00fcgbar ist,<\/li>\n<li>Archivierung von Daten in&nbsp;der Cloud oder an einem anderen angegebenen Ort,<\/li>\n<li>Werkzeuge zur Datenanalyse zusammen mit einem Expertensystem,<\/li>\n<li>Pr\u00e4sentation und Analyse von OEE-Indikatoren (Dashboard),<\/li>\n<li>Analyse und Berichterstattung des Medienkonsums (Energieprofile, Kostenbericht)<\/li>\n<li>System\u00fcberwachungssystem, einschlie\u00dflich:\n<ul>\n<li>Heizung (Heizelemente, Arbeitsbedingungen, Zustand der Heizkammer usw.), f\u00fcr die Pumpe (die Arbeit der Pumpen, die Undichtigkeiten, die Systemleistung),<\/li>\n<li>Wasser (Hinderniserkennung, Durchflussregelung, K\u00fchlmitteltemperatur),<\/li>\n<li>Kontrollautomatisierung (vollst\u00e4ndige Systemdiagnose, Statistikwechsel, Analyse und \u00dcberwachung des Verbindungsnetzes usw.)<\/li>\n<li>Transport (Infrastruktur der Vibrationsdiagnostik von Motorlagern und Antrieben, \u00fcber Kollisionskontrolle, Warteschlangenoptimierung) Medien (Bilanzierung, Versorgung, Verbrauchskontrolle) etc.<\/li>\n<\/ul>\n<\/li>\n<\/ul>\n<p>&nbsp;<\/p>\n<p>[\/et_pb_tab][et_pb_tab title=&#8220;Cloud&#8220; _builder_version=&#8220;4.16&#8243; global_colors_info=&#8220;{}&#8220;]<\/p>\n<h2>SECO<span style=\"color: #dc291e;\">\/<\/span>PREDICTIVE CLOUD<\/h2>\n<p style=\"text-align: justify;\">Die version basierend auf der Microsoft Azure Cloud &#8211; garantiert die schnellste Amortisation aufgrund der Anzahl der angeschlossenen Ger\u00e4te und der damit verbundenen Dienste. Die St\u00e4rke des Systems ist eine gro\u00dfe Datenbank verschiedener Ger\u00e4te. Fortschrittliche Datenanalysealgorithmen gew\u00e4hrleisten die gr\u00f6\u00dfte Effektivit\u00e4t bei der Erkennung potenzieller Fehler.<br \/>\nDie Verbindung mit dem Service-Aktivit\u00e4ts-Monitoring-System erm\u00f6glicht es&nbsp;Ihnen auch, Ressourcen und relevante Materialien in&nbsp;den SECO\/WARWICK-Warehouse-Staaten oder beim Kunden vorzuhalten, um die Ausfallzeit weiter zu reduzieren. Die Sicherheit wird durch eingebaute Datenverschl\u00fcsselungsmechanismen sowohl bei der \u00dcbertragung als auch bei der Speicherung der Daten gew\u00e4hrleistet und das Zugriffssicherheitssystem online aktualisiert.<\/p>\n<p>[\/et_pb_tab][\/et_pb_tabs][\/et_pb_column][et_pb_column type=&#8220;1_4&#8243; _builder_version=&#8220;4.16&#8243; custom_padding=&#8220;|||&#8220; global_colors_info=&#8220;{}&#8220; custom_padding__hover=&#8220;|||&#8220;][et_pb_image src=&#8220;https:\/\/www.secowarwick.com\/wp-content\/uploads\/2018\/10\/2018_SECOPREDICTIVE_AlCircle_225x450.gif&#8220; alt=&#8220;SECO\/PREDICTIVE Schauen Sie sich an, was unser System leisten kann&#8220; title_text=&#8220;SECO\/PREDICTIVE von SECO\/WARWICK&#8220; align_tablet=&#8220;center&#8220; align_phone=&#8220;center&#8220; align_last_edited=&#8220;on|desktop&#8220; _builder_version=&#8220;4.16&#8243; global_colors_info=&#8220;{}&#8220;][\/et_pb_image][\/et_pb_column][\/et_pb_row][\/et_pb_section][et_pb_section fb_built=&#8220;1&#8243; _builder_version=&#8220;4.16&#8243; custom_margin=&#8220;0px||0px|&#8220; custom_padding=&#8220;0px||0px|&#8220; global_colors_info=&#8220;{}&#8220;][et_pb_row _builder_version=&#8220;4.23.1&#8243; custom_margin=&#8220;0px||0px|&#8220; custom_padding=&#8220;||0px||false|false&#8220; global_colors_info=&#8220;{}&#8220;][et_pb_column type=&#8220;4_4&#8243; _builder_version=&#8220;4.16&#8243; custom_padding=&#8220;|||&#8220; global_colors_info=&#8220;{}&#8220; custom_padding__hover=&#8220;|||&#8220;][et_pb_text _builder_version=&#8220;4.23.1&#8243; custom_margin=&#8220;0px||0px|&#8220; custom_padding=&#8220;0px||0px|&#8220; global_colors_info=&#8220;{}&#8220;]<\/p>\n<p><iframe loading=\"lazy\" title=\"SECO\/PREDICTIVE | Predict what\u2019s unpredictable with an intelligent device control system\" width=\"1080\" height=\"608\" src=\"https:\/\/www.youtube.com\/embed\/XRjlijDtdq0?feature=oembed\"  allow=\"accelerometer; autoplay; clipboard-write; encrypted-media; gyroscope; picture-in-picture; web-share\" referrerpolicy=\"strict-origin-when-cross-origin\" allowfullscreen><\/iframe><\/p>\n<p>[\/et_pb_text][\/et_pb_column][\/et_pb_row][\/et_pb_section][et_pb_section fb_built=&#8220;1&#8243; _builder_version=&#8220;4.16&#8243; custom_padding=&#8220;0px||0px|&#8220; transparent_background=&#8220;off&#8220; make_fullwidth=&#8220;off&#8220; use_custom_width=&#8220;off&#8220; width_unit=&#8220;on&#8220; global_colors_info=&#8220;{}&#8220;][et_pb_row _builder_version=&#8220;4.16&#8243; background_size=&#8220;initial&#8220; background_position=&#8220;top_left&#8220; background_repeat=&#8220;repeat&#8220; global_colors_info=&#8220;{}&#8220;][et_pb_column type=&#8220;4_4&#8243; _builder_version=&#8220;4.16&#8243; custom_padding=&#8220;|||&#8220; global_colors_info=&#8220;{}&#8220; custom_padding__hover=&#8220;|||&#8220;][\/et_pb_column][\/et_pb_row][et_pb_row column_structure=&#8220;3_4,1_4&#8243; use_custom_gutter=&#8220;on&#8220; gutter_width=&#8220;2&#8243; module_class=&#8220;automatycy-wiersz-korzysci&#8220; _builder_version=&#8220;4.23.1&#8243; _module_preset=&#8220;default&#8220; locked=&#8220;off&#8220; global_colors_info=&#8220;{}&#8220;][et_pb_column type=&#8220;3_4&#8243; _builder_version=&#8220;4.23.1&#8243; _module_preset=&#8220;default&#8220; global_colors_info=&#8220;{}&#8220;][et_pb_text module_class=&#8220;przecinek-tlo-nizej&#8220; _builder_version=&#8220;4.23.1&#8243; text_text_color=&#8220;#000000&#8243; background_size=&#8220;initial&#8220; background_position=&#8220;top_left&#8220; background_repeat=&#8220;repeat&#8220; use_border_color=&#8220;off&#8220; global_colors_info=&#8220;{}&#8220;]SECO\/PREDICTIVE &#8211; VORTEILE[\/et_pb_text][et_pb_text module_class=&#8220;opis-korzysci&#8220; _builder_version=&#8220;4.23.1&#8243; _module_preset=&#8220;default&#8220; custom_margin=&#8220;20px||||false|false&#8220; global_colors_info=&#8220;{}&#8220;]<\/p>\n<p><strong><span style=\"color: #dc291e;\">\/<\/span><\/strong><strong>\u00a0Aufrechterhaltung der Produktionskontinuit\u00e4t <\/strong>und Erkennung potenzieller Ausf\u00e4lle, bevor sie auftreten.<br \/><strong><span style=\"color: #dc291e;\">\/<\/span>\u00a0Ausfall- und Stillstandpr\u00e4vention<\/strong>, anstatt deren Folgen zu bek\u00e4mpfen.<br \/><strong><span style=\"color: #dc291e;\">\/<\/span>\u00a0Effektive und effiziente Planung der Produktion<\/strong>, der Stillst\u00e4nden und der periodischen Wartung, denn wir wissen, wie wichtig es&nbsp;ist, in&nbsp;der Produktion effizient und effektiv zu sein und die Arbeit der Wartungsabteilung zu optimieren.<\/p>\n<p>[\/et_pb_text][\/et_pb_column][et_pb_column type=&#8220;1_4&#8243; _builder_version=&#8220;4.23.1&#8243; _module_preset=&#8220;default&#8220; global_colors_info=&#8220;{}&#8220;][et_pb_image src=&#8220;https:\/\/www.secowarwick.com\/wp-content\/uploads\/2024\/05\/korzysci.png&#8220; alt=&#8220;korzy\u015bci&#8220; align=&#8220;center&#8220; module_class=&#8220;obraz-korzysci&#8220; _builder_version=&#8220;4.23.1&#8243; _module_preset=&#8220;default&#8220; global_colors_info=&#8220;{}&#8220;][\/et_pb_image][\/et_pb_column][\/et_pb_row][et_pb_row _builder_version=&#8220;4.23.1&#8243; _module_preset=&#8220;default&#8220; global_colors_info=&#8220;{}&#8220;][et_pb_column type=&#8220;4_4&#8243; _builder_version=&#8220;4.23.1&#8243; _module_preset=&#8220;default&#8220; global_colors_info=&#8220;{}&#8220;][\/et_pb_column][\/et_pb_row][\/et_pb_section]<\/p>\n","protected":false},"excerpt":{"rendered":"<p>SECO\/PREDICTIVE &#8211; moderne \u00dcberwachung und Diagnose von Ger\u00e4ten &nbsp; Das Ausfallrisiko beschr\u00e4nkt sich auf das Minimum und die Zuverl\u00e4ssigkeit der Arbeit Ihrer Ger\u00e4te. Wir wissen, wie wichtig dies ist, wenn Sie ein Unternehmen f\u00fchren. &nbsp; Angesichts der Anzahl der Gesch\u00e4ftsentscheidungen, die Sie t\u00e4glich treffen m\u00fcssen und der Notwendigkeit einer ununterbrochenen Verf\u00fcgbarkeit Ihrer Ger\u00e4te, haben wir [&hellip;]<\/p>\n","protected":false},"author":9,"featured_media":0,"parent":56996,"menu_order":0,"comment_status":"closed","ping_status":"closed","template":"","meta":{"_acf_changed":false,"_et_pb_use_builder":"on","_et_pb_old_content":"","_et_gb_content_width":"","footnotes":""},"class_list":["post-66009","page","type-page","status-publish"],"acf":[],"_links":{"self":[{"href":"https:\/\/www.secowarwick.com\/de\/wp-json\/wp\/v2\/pages\/66009","targetHints":{"allow":["GET"]}}],"collection":[{"href":"https:\/\/www.secowarwick.com\/de\/wp-json\/wp\/v2\/pages"}],"about":[{"href":"https:\/\/www.secowarwick.com\/de\/wp-json\/wp\/v2\/types\/page"}],"author":[{"embeddable":true,"href":"https:\/\/www.secowarwick.com\/de\/wp-json\/wp\/v2\/users\/9"}],"replies":[{"embeddable":true,"href":"https:\/\/www.secowarwick.com\/de\/wp-json\/wp\/v2\/comments?post=66009"}],"version-history":[{"count":9,"href":"https:\/\/www.secowarwick.com\/de\/wp-json\/wp\/v2\/pages\/66009\/revisions"}],"predecessor-version":[{"id":179303,"href":"https:\/\/www.secowarwick.com\/de\/wp-json\/wp\/v2\/pages\/66009\/revisions\/179303"}],"up":[{"embeddable":true,"href":"https:\/\/www.secowarwick.com\/de\/wp-json\/wp\/v2\/pages\/56996"}],"wp:attachment":[{"href":"https:\/\/www.secowarwick.com\/de\/wp-json\/wp\/v2\/media?parent=66009"}],"curies":[{"name":"wp","href":"https:\/\/api.w.org\/{rel}","templated":true}]}}